{"id":1077,"date":"2019-02-15T14:30:20","date_gmt":"2019-02-15T14:30:20","guid":{"rendered":"https:\/\/www.fire-testing.com\/?page_id=1077"},"modified":"2022-08-08T08:31:59","modified_gmt":"2022-08-08T08:31:59","slug":"oxygen-bomb-calorimeter","status":"publish","type":"page","link":"https:\/\/fire-testing.com\/de\/oxygen-bomb-calorimeter\/","title":{"rendered":"Bombenkalorimeter"},"content":{"rendered":"<div data-elementor-type=\"wp-page\" data-elementor-id=\"1077\" class=\"elementor elementor-1077\" data-elementor-post-type=\"page\">\n\t\t\t\t\t\t<section data-particle_enable=\"false\" data-particle-mobile-disabled=\"false\" class=\"elementor-section elementor-top-section elementor-element elementor-element-8c54e24 elementor-section-boxed elementor-section-height-default elementor-section-height-default\" data-id=\"8c54e24\" data-element_type=\"section\" data-e-type=\"section\">\n\t\t\t\t\t\t<div class=\"elementor-container elementor-column-gap-default\">\n\t\t\t\t\t<div class=\"elementor-column elementor-col-50 elementor-top-column elementor-element elementor-element-dedf5ef\" data-id=\"dedf5ef\" data-element_type=\"column\" data-e-type=\"column\">\n\t\t\t<div class=\"elementor-widget-wrap elementor-element-populated\">\n\t\t\t\t\t\t<div class=\"elementor-element elementor-element-6cf27ed elementor-widget elementor-widget-heading\" data-id=\"6cf27ed\" data-element_type=\"widget\" data-e-type=\"widget\" data-widget_type=\"heading.default\">\n\t\t\t\t<div class=\"elementor-widget-container\">\n\t\t\t\t\t<h1 class=\"elementor-heading-title elementor-size-default\">Bombenkalorimeter<\/h1>\t\t\t\t<\/div>\n\t\t\t\t<\/div>\n\t\t\t\t<div class=\"elementor-element elementor-element-162767e elementor-widget elementor-widget-heading\" data-id=\"162767e\" data-element_type=\"widget\" data-e-type=\"widget\" data-widget_type=\"heading.default\">\n\t\t\t\t<div class=\"elementor-widget-container\">\n\t\t\t\t\t<h2 class=\"elementor-heading-title elementor-size-default\">EN ISO 1716<\/h2>\t\t\t\t<\/div>\n\t\t\t\t<\/div>\n\t\t\t\t<div class=\"elementor-element elementor-element-45bfbc1e elementor-widget elementor-widget-text-editor\" data-id=\"45bfbc1e\" data-element_type=\"widget\" data-e-type=\"widget\" data-widget_type=\"text-editor.default\">\n\t\t\t\t<div class=\"elementor-widget-container\">\n\t\t\t\t\t\t\t\t\t<p class=\"translation-block\">Das EN ISO 1716 Bombenkalorimeter ist ein preisg\u00fcnstiges hochempfindliches Sauerstoff-Bombenkalorimeter mit einer isoperibolen Temperaturregelung und eingebautem Steuerungscomputer.<\/p>\n<p>Das Bombenkalorimeter ist die am h\u00e4ufigsten verwendete Methode f\u00fcr die Bestimmung der Verbrennungsw\u00e4rme oder des Brennwertes eines Materials. Bei diesem Pr\u00fcfger\u00e4t wird ein Pr\u00fcfmuster von bekannter Masse unter genormten Bedingungen verbrannt. Die unter diesen Bedingungen bestimmte Verbrennungsw\u00e4rme wird auf Grundlage des beobachteten Temperaturanstiegs und unter Ber\u00fccksichtigung der W\u00e4rmeabgabe berechnet. Der Verbrennungsprozess erfolgt in einer Sauerstoffatmosph\u00e4re in einem Beh\u00e4lter mit konstantem Volumen, der Bombe, einem speziell f\u00fcr hohen Druck gebauten Kessel. Er wird in ein Wasserbad mit R\u00fchrwerk getaucht und das komplette Ger\u00e4t ist der Kalorimeterkessel. Der Kalorimeterkessel selber wird wiederum in ein \u00e4u\u00dferes Wasserbad getaucht. Die Wassertemperatur im Kalorimeterkessel und des \u00e4u\u00dferen Wasserbades werden \u00fcberwacht.<\/p>\n<p>Das Sauerstoff-Bombenkalorimeter kann f\u00fcr die Messung der erzeugten W\u00e4rme von verschiedenen Anwendungen verwendet werden und erf\u00fcllt die zurzeit geltenden internationalen Normen ASTM, ISO, EN, BS und DIN. Der Brennwert kann von folgenden Materialgruppen gemessen werden: -<\/p>\n<ul>\n<li>Baustoffe (z. B. <a href=\"https:\/\/www.iso.org\/standard\/70177.html\" target=\"_blank\" rel=\"noopener\">EN ISO 1716<\/a>)<\/li>\n<li>Kohle, Koks (z. B. <a href=\"https:\/\/www.astm.org\/Standards\/D5865.htm\" target=\"_blank\" rel=\"noopener\">ASTM D5865<\/a>)<\/li>\n<li>Kraftstoffe (Benzin, Kerosin, Heiz\u00f6l, No.s 1-D und 2-D Diesel und No.s 0-GT, 1-GT, und 2-GT Gasturbinen-Treibstoffe) (z. B. <a href=\"https:\/\/www.astm.org\/DATABASE.CART\/HISTORICAL\/D240-92R97E2.htm\" target=\"_blank\" rel=\"noopener\">ASTM D240-92<\/a>)<\/li>\n<li>Kohlenwasserstoffe (z. B. ASTM D 4809-90)<\/li>\n<li>Lebensmittel, Zusatzstoffe, Fr\u00fcchte<\/li>\n<li>Abf\u00e4lle und M\u00fcll<\/li>\n<li>Verbrennungsmaterialien, usw.<\/li>\n<\/ul>\n<p class=\"translation-block\">Isoperibolischer Betriebsmodus\nEin isoperibolisches Bombenkalorimeter ist ein Kalorimeter, bei dem die Ummantelungstemperatur auf einer konstanten Temperatur gehalten wird, w\u00e4hrend die Temperatur des Kalorimeterkessels (Bombe und Ummantelung) ansteigt, wenn W\u00e4rme bei der Verbrennung eines Pr\u00fcfmusters freigesetzt wird. Beide Temperaturen werden kontinuierlich gemessen und erm\u00f6glichen die Korrektur der W\u00e4rmeabgabe nach Testende.<\/p>\n<p>Ein eingebauter Computer mit Tastatur und LCD-Anzeige erm\u00f6glicht die Instrumentenautomatisierung, Datenerfassung und Analyse mittels einer bedienerfreundlichen Software.<\/p>\n<p><strong>Automatische Temperatursteuerung des \u00e4u\u00dferen Wasserbades<br \/><\/strong>Der eingebaute Computer stellt die Temperatur des \u00e4u\u00dferen Wasserbades automatisch ein. Die Temperatur wird mit zwei hochempfindlichen, hochaufl\u00f6senden Platinwiderstandsthermometern gemessen. Ein angeschlossener Thermostatregler, ein Wasserbad, eine Umw\u00e4lzpumpe und eine K\u00fchlung wird zusammen mit einer Pipette f\u00fcr das temperatur\u00fcberwachte Bef\u00fcllen des Kalorimeterkessels werden selbstverst\u00e4ndlich mitgeliefert. Dies reduziert die Messfehler durch den Anwender und erh\u00f6ht damit die Reproduzierbarkeit, wobei sich die Vorbereitungszeit zwischen den Experimenten merklich verk\u00fcrzt.<\/p>\n<p><strong>Sauerstoff-Bef\u00fcllungssystem<br \/><\/strong>Um die Bedienung Bombenkalorimeters zu erleichtern, wurde es mit einem halbautomatischen Bef\u00fcllungssystem ausgestattet. Der Anwender verbindet nur den Anschlussstutzen und bet\u00e4tigt einen Knopf, um die Bombe mit Sauerstoff zu bef\u00fcllen. Die Bombe wird dann bis zum gew\u00fcnschten Druck bef\u00fcllt und schaltet sich dann automatisch ab. Sollte dieser Druck nicht erreicht werden, wird eine Fehlermeldung ausgegeben.<\/p>\n<p><strong>Automatische Z\u00fcndung<br \/><\/strong>Der eingebaute Computer \u00fcberpr\u00fcft die Temperatur des \u00e4u\u00dferen Wasserbades und zeigt an, wenn die Temperatur des Kalorimeterkessels konstant ist. In diesem Moment wird die Bombe automatisch gez\u00fcndet.<\/p>\n<p><strong>Kalibrierung<br \/><\/strong>Das Bombenkalorimeter wird mit einer zertifizierten Benzoes\u00e4ure geeicht, um eine Konstante, das sogenannte \u201eWasser\u00e4quivalent\u201c zu bestimmen. Das Instrument kann mehrere Wasser\u00e4quivalentwerte f\u00fcr die Kombination Bombe\/Ummantelungsbeh\u00e4lter aufzeichnen. F\u00fcr jede dieser Kombinationen k\u00f6nnen f\u00fcnf Kalibrierungen durchgef\u00fchrt werden. Von der Software wird ein Mittelwert dieser f\u00fcnf Kalibrierungen errechnet, der anschlie\u00dfend als Wert f\u00fcr das Wasser\u00e4quivalent bei der Messung von Proben angewendet wird.<\/p>\n<p><strong>Bestellanleitung<br \/><\/strong><strong>Das Bombenkalorimeter besteht aus: <\/strong><\/p>\n<ul>\n<li>Bombenkalorimeter mit eingebautem Computer, bedienerfreundlicher Tastatur, LCD-Anzeige, hochaufl\u00f6sende Pt-Widerstandsthermometer, 2 RS232 Schnittstellen, parallele Schnittstelle f\u00fcr Drucker.<\/li>\n<li>Sauerstoffbombe und Kalorimeterkessel<\/li>\n<li>Thermostat f\u00fcr Wasserbad, R\u00fchrwerk, K\u00fchlung, 2L-Pipette<\/li>\n<li>EN ISO 1716 Probenvorbereitungsger\u00e4t, Z\u00fcnddraht und Z\u00fcndschnur, Zigarettenpapier<\/li>\n<li>Installationszubeh\u00f6r<\/li>\n<\/ul>\n<p><strong>Optionale Komponenten:<\/strong><\/p>\n<ul>\n<li>Ersatz-Sauerstoffbombe<\/li>\n<li>Korrosionsbest\u00e4ndige Sauerstoffbombe f\u00fcr die Verwendung von Halogengasen<\/li>\n<li>Drucker<\/li>\n<li>Ummantelungsbeh\u00e4lter<\/li>\n<li>Benzoes\u00e4ure, 100 g<\/li>\n<li>Nickel-Chrom-Probenhalter<\/li>\n<li>Nickel-Chrom-Z\u00fcnddraht, 25 m L\u00e4nge<\/li>\n<li>Analysenwaage<\/li>\n<\/ul>\n<p class=\"translation-block\"><strong>Abmessungen (L \u00d7 B \u00d7 H): <\/strong><\/p>\n<ul>\n<li>Bombenkalorimeter: 420 mm \u00d7 360 mm \u00d7 540 mm<\/li>\n<\/ul>\t\t\t\t\t\t\t\t<\/div>\n\t\t\t\t<\/div>\n\t\t\t\t\t<\/div>\n\t\t<\/div>\n\t\t\t\t<div class=\"elementor-column elementor-col-50 elementor-top-column elementor-element elementor-element-fd4c4d8\" data-id=\"fd4c4d8\" data-element_type=\"column\" data-e-type=\"column\">\n\t\t\t<div class=\"elementor-widget-wrap elementor-element-populated\">\n\t\t\t\t\t\t<div class=\"elementor-element elementor-element-c7793e6 elementor-widget elementor-widget-image\" data-id=\"c7793e6\" data-element_type=\"widget\" data-e-type=\"widget\" data-widget_type=\"image.default\">\n\t\t\t\t<div class=\"elementor-widget-container\">\n\t\t\t\t\t\t\t\t\t\t\t\t\t\t\t<img fetchpriority=\"high\" decoding=\"async\" width=\"768\" height=\"768\" src=\"https:\/\/fire-testing-com-fcqy.stagingplatform.co.uk\/wp-content\/uploads\/2019\/06\/05-Bomb-Calorimeter_PIXEL-768x768.jpg\" class=\"attachment-medium_large size-medium_large wp-image-4243\" alt=\"Bombenkalorimeter\" srcset=\"https:\/\/fire-testing-com-fcqy.stagingplatform.co.uk\/wp-content\/uploads\/2019\/06\/05-Bomb-Calorimeter_PIXEL-768x768.jpg 768w, https:\/\/fire-testing-com-fcqy.stagingplatform.co.uk\/wp-content\/uploads\/2019\/06\/05-Bomb-Calorimeter_PIXEL-150x150.jpg 150w, https:\/\/fire-testing-com-fcqy.stagingplatform.co.uk\/wp-content\/uploads\/2019\/06\/05-Bomb-Calorimeter_PIXEL-300x300.jpg 300w, https:\/\/fire-testing-com-fcqy.stagingplatform.co.uk\/wp-content\/uploads\/2019\/06\/05-Bomb-Calorimeter_PIXEL.jpg 800w\" sizes=\"(max-width: 768px) 100vw, 768px\" \/>\t\t\t\t\t\t\t\t\t\t\t\t\t\t\t<\/div>\n\t\t\t\t<\/div>\n\t\t\t\t<div class=\"elementor-element elementor-element-8e21fb0 elementor-widget elementor-widget-heading\" data-id=\"8e21fb0\" data-element_type=\"widget\" data-e-type=\"widget\" data-widget_type=\"heading.default\">\n\t\t\t\t<div class=\"elementor-widget-container\">\n\t\t\t\t\t<p class=\"elementor-heading-title elementor-size-default\">Bombenkalorimeter<\/p>\t\t\t\t<\/div>\n\t\t\t\t<\/div>\n\t\t\t\t\t<\/div>\n\t\t<\/div>\n\t\t\t\t\t<\/div>\n\t\t<\/section>\n\t\t\t\t<section data-particle_enable=\"false\" data-particle-mobile-disabled=\"false\" class=\"elementor-section elementor-top-section elementor-element elementor-element-db65547 elementor-section-boxed elementor-section-height-default elementor-section-height-default\" data-id=\"db65547\" data-element_type=\"section\" data-e-type=\"section\">\n\t\t\t\t\t\t<div class=\"elementor-container elementor-column-gap-default\">\n\t\t\t\t\t<div class=\"elementor-column elementor-col-100 elementor-top-column elementor-element elementor-element-0f71602\" data-id=\"0f71602\" data-element_type=\"column\" data-e-type=\"column\">\n\t\t\t<div class=\"elementor-widget-wrap elementor-element-populated\">\n\t\t\t\t\t\t<div class=\"dce-visibility-event elementor-element elementor-element-f8ef199 elementor-widget elementor-widget-button\" data-id=\"f8ef199\" data-element_type=\"widget\" data-e-type=\"widget\" data-settings=\"{&quot;enabled_visibility&quot;:&quot;yes&quot;,&quot;dce_visibility_selected&quot;:&quot;yes&quot;}\" data-widget_type=\"button.default\">\n\t\t\t\t<div class=\"elementor-widget-container\">\n\t\t\t\t\t\t\t\t\t<div class=\"elementor-button-wrapper\">\n\t\t\t\t\t<a class=\"elementor-button elementor-button-link elementor-size-sm\" href=\"https:\/\/fire-testing.com\/de\/login\/\">\n\t\t\t\t\t\t<span class=\"elementor-button-content-wrapper\">\n\t\t\t\t\t\t\t\t\t<span class=\"elementor-button-text\">ANMELDEN\/REGISTRIEREN ZUM HERUNTERLADEN DIESER BROSCH\u00dcRE<\/span>\n\t\t\t\t\t<\/span>\n\t\t\t\t\t<\/a>\n\t\t\t\t<\/div>\n\t\t\t\t\t\t\t\t<\/div>\n\t\t\t\t<\/div>\n\t\t\t\t<div class=\"dce-visibility-event elementor-element elementor-element-0612589 elementor-widget elementor-widget-button\" data-id=\"0612589\" data-element_type=\"widget\" data-e-type=\"widget\" data-settings=\"{&quot;enabled_visibility&quot;:&quot;yes&quot;,&quot;dce_visibility_selected&quot;:&quot;yes&quot;}\" data-widget_type=\"button.default\">\n\t\t\t\t<div class=\"elementor-widget-container\">\n\t\t\t\t\t\t\t\t\t<div class=\"elementor-button-wrapper\">\n\t\t\t\t\t<a class=\"elementor-button elementor-button-link elementor-size-sm\" href=\"https:\/\/fire-testing.com\/de\/request-a-brochure\/\">\n\t\t\t\t\t\t<span class=\"elementor-button-content-wrapper\">\n\t\t\t\t\t\t\t\t\t<span class=\"elementor-button-text\">REQUEST TECHNICAL SPECIFICATION<\/span>\n\t\t\t\t\t<\/span>\n\t\t\t\t\t<\/a>\n\t\t\t\t<\/div>\n\t\t\t\t\t\t\t\t<\/div>\n\t\t\t\t<\/div>\n\t\t<!-- dce invisible element 38e0cf6 -->\t\t\t<\/div>\n\t\t<\/div>\n\t\t\t\t\t<\/div>\n\t\t<\/section>\n\t\t\t\t<\/div>","protected":false},"excerpt":{"rendered":"<p>Bomb Calorimeter EN ISO 1716 The EN ISO 1716 Bomb Calorimeter is an affordable high resolution isoperibolic temperature regulated oxygen bomb calorimeter with embedded control computer. The bomb calorimeter is the most common device for measuring the heat of combustion or calorific value of a material. With this apparatus a test specimen of specified mass [&hellip;]<\/p>\n","protected":false},"author":142,"featured_media":0,"parent":0,"menu_order":0,"comment_status":"closed","ping_status":"closed","template":"","meta":{"_acf_changed":false,"footnotes":""},"class_list":["post-1077","page","type-page","status-publish","hentry"],"acf":[],"_links":{"self":[{"href":"https:\/\/fire-testing.com\/de\/wp-json\/wp\/v2\/pages\/1077","targetHints":{"allow":["GET"]}}],"collection":[{"href":"https:\/\/fire-testing.com\/de\/wp-json\/wp\/v2\/pages"}],"about":[{"href":"https:\/\/fire-testing.com\/de\/wp-json\/wp\/v2\/types\/page"}],"author":[{"embeddable":true,"href":"https:\/\/fire-testing.com\/de\/wp-json\/wp\/v2\/users\/142"}],"replies":[{"embeddable":true,"href":"https:\/\/fire-testing.com\/de\/wp-json\/wp\/v2\/comments?post=1077"}],"version-history":[{"count":0,"href":"https:\/\/fire-testing.com\/de\/wp-json\/wp\/v2\/pages\/1077\/revisions"}],"wp:attachment":[{"href":"https:\/\/fire-testing.com\/de\/wp-json\/wp\/v2\/media?parent=1077"}],"curies":[{"name":"wp","href":"https:\/\/api.w.org\/{rel}","templated":true}]}}