{"id":1114,"date":"2019-02-15T17:09:11","date_gmt":"2019-02-15T17:09:11","guid":{"rendered":"https:\/\/www.fire-testing.com\/?page_id=1114"},"modified":"2022-08-05T12:44:37","modified_gmt":"2022-08-05T12:44:37","slug":"roofing-test-with-burning-brands-wind-and-supplementary-radiant-heat-env-1187-test-3","status":"publish","type":"page","link":"https:\/\/fire-testing.com\/de\/roofing-test-with-burning-brands-wind-and-supplementary-radiant-heat-env-1187-test-3\/","title":{"rendered":"Roofing Test with Burning Brands, Wind and Supplementary Radiant Heat ENV 1187 Test 3"},"content":{"rendered":"<div data-elementor-type=\"wp-page\" data-elementor-id=\"1114\" class=\"elementor elementor-1114\" data-elementor-post-type=\"page\">\n\t\t\t\t\t\t<section data-particle_enable=\"false\" data-particle-mobile-disabled=\"false\" class=\"elementor-section elementor-top-section elementor-element elementor-element-8d23a3c elementor-section-boxed elementor-section-height-default elementor-section-height-default\" data-id=\"8d23a3c\" data-element_type=\"section\" data-e-type=\"section\">\n\t\t\t\t\t\t<div class=\"elementor-container elementor-column-gap-default\">\n\t\t\t\t\t<div class=\"elementor-column elementor-col-50 elementor-top-column elementor-element elementor-element-f08f9c0\" data-id=\"f08f9c0\" data-element_type=\"column\" data-e-type=\"column\">\n\t\t\t<div class=\"elementor-widget-wrap elementor-element-populated\">\n\t\t\t\t\t\t<div class=\"elementor-element elementor-element-5ecec5c elementor-widget elementor-widget-heading\" data-id=\"5ecec5c\" data-element_type=\"widget\" data-e-type=\"widget\" data-widget_type=\"heading.default\">\n\t\t\t\t<div class=\"elementor-widget-container\">\n\t\t\t\t\t<h1 class=\"elementor-heading-title elementor-size-default\">Pr\u00fcfung von Dacheindeckungen mit Brands\u00e4tzen, Wind und zus\u00e4tzlicher Strahlungsw\u00e4rme<\/h1>\t\t\t\t<\/div>\n\t\t\t\t<\/div>\n\t\t\t\t<div class=\"elementor-element elementor-element-2ab1cf1 elementor-widget elementor-widget-heading\" data-id=\"2ab1cf1\" data-element_type=\"widget\" data-e-type=\"widget\" data-widget_type=\"heading.default\">\n\t\t\t\t<div class=\"elementor-widget-container\">\n\t\t\t\t\t<h2 class=\"elementor-heading-title elementor-size-default\">ENV 1187 Test 3<\/h2>\t\t\t\t<\/div>\n\t\t\t\t<\/div>\n\t\t\t\t<div class=\"elementor-element elementor-element-34793b09 elementor-widget elementor-widget-text-editor\" data-id=\"34793b09\" data-element_type=\"widget\" data-e-type=\"widget\" data-widget_type=\"text-editor.default\">\n\t\t\t\t<div class=\"elementor-widget-container\">\n\t\t\t\t\t\t\t\t\t\n<p>Das Pr\u00fcfverfahren ENV1187 - 3 dient zur Einsch\u00e4tzung der Leistungsf\u00e4higkeit von D\u00e4chern, wenn sie externen Feuerquellen ausgesetzt werden. Das Pr\u00fcfverfahren beinhaltet Brands\u00e4tze, Wind und zus\u00e4tzliche Strahlungsw\u00e4rme.<\/p>\n<p>Der Hauptrahmen auf der linken Seite enth\u00e4lt eine Strahlungsplatte, 4 flexible Gasbrennerschl\u00e4uche, Z\u00fcndkammer, F\u00fchrungsschienen und Verl\u00e4ngerungen der F\u00fchrungsschienen. Auf der rechten Seite befindet sich ein doppeltes Ableitblech und ein Schaltkasten.<\/p>\n<p><strong>Zur\u00fcck zu:<\/strong><\/p>\n<p><strong>Pr\u00fcfverfahren 1<\/strong> mit Brands\u00e4tzen <a href=\"https:\/\/fire-testing.com\/de\/roofing-test-with-burning-brands-en-1187-test-1\/\">(besuchen Sie die Seite)<\/a><br \/><strong>Pr\u00fcfverfahren 2<\/strong> mit Brands\u00e4tzen und Wind <a href=\"https:\/\/fire-testing.com\/de\/roofing-test-with-burning-brands-and-wind-en-1187-test-2\/\">(besuchen Sie die Seite)<\/a><br \/><strong>Pr\u00fcfverfahren 3<\/strong> mit Brands\u00e4tzen, Wind und zus\u00e4tzlicher Strahlungsw\u00e4rme<br \/><strong>Pr\u00fcfverfahren 4<\/strong> Zweistufiges Pr\u00fcfverfahren mit Brands\u00e4tzen, Wind und zus\u00e4tzlicher Strahlungsw\u00e4rme\u00a0<a href=\"https:\/\/fire-testing.com\/de\/roofing-test-with-two-stages-incorporating-burning-brands-wind-and-supplementary-radiant-heat-en-1187-test-4\/\">(besuchen Sie die Seite)<\/a><\/p>\n\t\t\t\t\t\t\t\t<\/div>\n\t\t\t\t<\/div>\n\t\t\t\t\t<\/div>\n\t\t<\/div>\n\t\t\t\t<div class=\"elementor-column elementor-col-50 elementor-top-column elementor-element elementor-element-2c89d26\" data-id=\"2c89d26\" data-element_type=\"column\" data-e-type=\"column\">\n\t\t\t<div class=\"elementor-widget-wrap elementor-element-populated\">\n\t\t\t\t\t\t<div class=\"elementor-element elementor-element-c9d5e25 elementor-widget elementor-widget-image\" data-id=\"c9d5e25\" data-element_type=\"widget\" data-e-type=\"widget\" data-widget_type=\"image.default\">\n\t\t\t\t<div class=\"elementor-widget-container\">\n\t\t\t\t\t\t\t\t\t\t\t\t\t\t\t<img fetchpriority=\"high\" decoding=\"async\" width=\"768\" height=\"768\" src=\"https:\/\/fire-testing.com\/wp-content\/uploads\/2019\/07\/15-ENV-1187-roof-test-3-768x768.jpg\" class=\"attachment-medium_large size-medium_large wp-image-4728\" alt=\"Roofing Test with Burning Brands, Wind and Supplementary Radiant Heat \u2013 EN 1187 Test 3\" srcset=\"https:\/\/fire-testing.com\/wp-content\/uploads\/2019\/07\/15-ENV-1187-roof-test-3-768x768.jpg 768w, https:\/\/fire-testing.com\/wp-content\/uploads\/2019\/07\/15-ENV-1187-roof-test-3-150x150.jpg 150w, https:\/\/fire-testing.com\/wp-content\/uploads\/2019\/07\/15-ENV-1187-roof-test-3-300x300.jpg 300w, https:\/\/fire-testing.com\/wp-content\/uploads\/2019\/07\/15-ENV-1187-roof-test-3.jpg 800w\" sizes=\"(max-width: 768px) 100vw, 768px\" \/>\t\t\t\t\t\t\t\t\t\t\t\t\t\t\t<\/div>\n\t\t\t\t<\/div>\n\t\t\t\t<div class=\"elementor-element elementor-element-c86cd55 elementor-widget elementor-widget-heading\" data-id=\"c86cd55\" data-element_type=\"widget\" data-e-type=\"widget\" data-widget_type=\"heading.default\">\n\t\t\t\t<div class=\"elementor-widget-container\">\n\t\t\t\t\t<p class=\"elementor-heading-title elementor-size-default\">Pr\u00fcfung von Dacheindeckungen mit Brands\u00e4tzen, Wind und zus\u00e4tzlicher Strahlungsw\u00e4rme<\/p>\t\t\t\t<\/div>\n\t\t\t\t<\/div>\n\t\t\t\t\t<\/div>\n\t\t<\/div>\n\t\t\t\t\t<\/div>\n\t\t<\/section>\n\t\t\t\t<section data-particle_enable=\"false\" data-particle-mobile-disabled=\"false\" class=\"elementor-section elementor-top-section elementor-element elementor-element-af95017 elementor-section-boxed elementor-section-height-default elementor-section-height-default\" data-id=\"af95017\" data-element_type=\"section\" data-e-type=\"section\">\n\t\t\t\t\t\t<div class=\"elementor-container elementor-column-gap-default\">\n\t\t\t\t\t<div class=\"elementor-column elementor-col-100 elementor-top-column elementor-element elementor-element-9640053\" data-id=\"9640053\" data-element_type=\"column\" data-e-type=\"column\">\n\t\t\t<div class=\"elementor-widget-wrap elementor-element-populated\">\n\t\t\t\t\t\t<div class=\"dce-visibility-event elementor-element elementor-element-1b9dbce elementor-widget elementor-widget-button\" data-id=\"1b9dbce\" data-element_type=\"widget\" data-e-type=\"widget\" data-settings=\"{&quot;enabled_visibility&quot;:&quot;yes&quot;,&quot;dce_visibility_selected&quot;:&quot;yes&quot;}\" data-widget_type=\"button.default\">\n\t\t\t\t<div class=\"elementor-widget-container\">\n\t\t\t\t\t\t\t\t\t<div class=\"elementor-button-wrapper\">\n\t\t\t\t\t<a class=\"elementor-button elementor-button-link elementor-size-sm\" href=\"https:\/\/fire-testing.com\/de\/login\/\">\n\t\t\t\t\t\t<span class=\"elementor-button-content-wrapper\">\n\t\t\t\t\t\t\t\t\t<span class=\"elementor-button-text\">ANMELDEN\/REGISTRIEREN ZUM HERUNTERLADEN DIESER BROSCH\u00dcRE<\/span>\n\t\t\t\t\t<\/span>\n\t\t\t\t\t<\/a>\n\t\t\t\t<\/div>\n\t\t\t\t\t\t\t\t<\/div>\n\t\t\t\t<\/div>\n\t\t\t\t<div class=\"dce-visibility-event elementor-element elementor-element-af1d096 elementor-widget elementor-widget-button\" data-id=\"af1d096\" data-element_type=\"widget\" data-e-type=\"widget\" data-settings=\"{&quot;enabled_visibility&quot;:&quot;yes&quot;,&quot;dce_visibility_selected&quot;:&quot;yes&quot;}\" data-widget_type=\"button.default\">\n\t\t\t\t<div class=\"elementor-widget-container\">\n\t\t\t\t\t\t\t\t\t<div class=\"elementor-button-wrapper\">\n\t\t\t\t\t<a class=\"elementor-button elementor-button-link elementor-size-sm\" href=\"https:\/\/fire-testing.com\/de\/request-a-brochure\/\">\n\t\t\t\t\t\t<span class=\"elementor-button-content-wrapper\">\n\t\t\t\t\t\t\t\t\t<span class=\"elementor-button-text\">REQUEST TECHNICAL SPECIFICATION<\/span>\n\t\t\t\t\t<\/span>\n\t\t\t\t\t<\/a>\n\t\t\t\t<\/div>\n\t\t\t\t\t\t\t\t<\/div>\n\t\t\t\t<\/div>\n\t\t<!-- dce invisible element 4129626 -->\t\t\t<\/div>\n\t\t<\/div>\n\t\t\t\t\t<\/div>\n\t\t<\/section>\n\t\t\t\t<\/div>","protected":false},"excerpt":{"rendered":"<p>Roofing Test with Burning Brands, Wind and Supplementary Radiant Heat ENV 1187 Test 3 Roofing Test with Burning Brands, Wind and Supplementary Radiant Heat \u2013 ENV 1187 Test 3 LOGIN \/ REGISTER TO DOWNLOAD THIS BROCHURE REQUEST TECHNICAL SPECIFICATION DOWNLOAD THE BROCHURE<\/p>","protected":false},"author":142,"featured_media":0,"parent":0,"menu_order":0,"comment_status":"closed","ping_status":"closed","template":"","meta":{"_acf_changed":false,"footnotes":""},"class_list":["post-1114","page","type-page","status-publish","hentry"],"acf":[],"_links":{"self":[{"href":"https:\/\/fire-testing.com\/de\/wp-json\/wp\/v2\/pages\/1114","targetHints":{"allow":["GET"]}}],"collection":[{"href":"https:\/\/fire-testing.com\/de\/wp-json\/wp\/v2\/pages"}],"about":[{"href":"https:\/\/fire-testing.com\/de\/wp-json\/wp\/v2\/types\/page"}],"author":[{"embeddable":true,"href":"https:\/\/fire-testing.com\/de\/wp-json\/wp\/v2\/users\/142"}],"replies":[{"embeddable":true,"href":"https:\/\/fire-testing.com\/de\/wp-json\/wp\/v2\/comments?post=1114"}],"version-history":[{"count":0,"href":"https:\/\/fire-testing.com\/de\/wp-json\/wp\/v2\/pages\/1114\/revisions"}],"wp:attachment":[{"href":"https:\/\/fire-testing.com\/de\/wp-json\/wp\/v2\/media?parent=1114"}],"curies":[{"name":"wp","href":"https:\/\/api.w.org\/{rel}","templated":true}]}}