{"id":1307,"date":"2019-02-17T13:43:09","date_gmt":"2019-02-17T13:43:09","guid":{"rendered":"https:\/\/www.fire-testing.com\/?page_id=1307"},"modified":"2022-08-05T12:22:03","modified_gmt":"2022-08-05T12:22:03","slug":"flame-propagation-test-for-a-single-insulated-cable","status":"publish","type":"page","link":"https:\/\/fire-testing.com\/de\/flame-propagation-test-for-a-single-insulated-cable\/","title":{"rendered":"Flammenausbreitungstest f\u00fcr ein einzelnes isoliertes Kabel"},"content":{"rendered":"<div data-elementor-type=\"wp-page\" data-elementor-id=\"1307\" class=\"elementor elementor-1307\" data-elementor-post-type=\"page\">\n\t\t\t\t\t\t<section data-particle_enable=\"false\" data-particle-mobile-disabled=\"false\" class=\"elementor-section elementor-top-section elementor-element elementor-element-0e3c60e elementor-section-boxed elementor-section-height-default elementor-section-height-default\" data-id=\"0e3c60e\" data-element_type=\"section\" data-e-type=\"section\">\n\t\t\t\t\t\t<div class=\"elementor-container elementor-column-gap-default\">\n\t\t\t\t\t<div class=\"elementor-column elementor-col-50 elementor-top-column elementor-element elementor-element-2d5468f\" data-id=\"2d5468f\" data-element_type=\"column\" data-e-type=\"column\">\n\t\t\t<div class=\"elementor-widget-wrap elementor-element-populated\">\n\t\t\t\t\t\t<div class=\"elementor-element elementor-element-82af27e elementor-widget elementor-widget-heading\" data-id=\"82af27e\" data-element_type=\"widget\" data-e-type=\"widget\" data-widget_type=\"heading.default\">\n\t\t\t\t<div class=\"elementor-widget-container\">\n\t\t\t\t\t<h1 class=\"elementor-heading-title elementor-size-default\">Flammenausbreitungstest f\u00fcr ein einzelnes isoliertes Kabel<\/h1>\t\t\t\t<\/div>\n\t\t\t\t<\/div>\n\t\t\t\t<div class=\"elementor-element elementor-element-cfba1a4 elementor-widget elementor-widget-heading\" data-id=\"cfba1a4\" data-element_type=\"widget\" data-e-type=\"widget\" data-widget_type=\"heading.default\">\n\t\t\t\t<div class=\"elementor-widget-container\">\n\t\t\t\t\t<h2 class=\"elementor-heading-title elementor-size-default\">IEC \/ EN 60332-1-2<\/h2>\t\t\t\t<\/div>\n\t\t\t\t<\/div>\n\t\t\t\t<div class=\"elementor-element elementor-element-2f6f2b93 elementor-widget elementor-widget-text-editor\" data-id=\"2f6f2b93\" data-element_type=\"widget\" data-e-type=\"widget\" data-widget_type=\"text-editor.default\">\n\t\t\t\t<div class=\"elementor-widget-container\">\n\t\t\t\t\t\t\t\t\t<p class=\"translation-block\">Bei den <span class=\"s1\"><span style=\"color: #f05e23\"><strong>FTT<\/strong><\/span><\/span>-Tests nach EN 603321 und IEC 603321 f\u00fcr die vertikale Flammenausbreitung eines einzelnen isolierten Drahtes oder Kabels handelt es sich um einen Test im Laborma\u00dfstab zur Bestimmung des Widerstands eines einzelnen Kabels gegen eine Flammenanwendung mit 1 kW. Das Ger\u00e4t wird als Komplettsystem geliefert, das alle f\u00fcr Benutzerfreundlichkeit und Sicherheit erforderlichen Merkmale aufweist. Dies entspricht IEC\/EN 60332-1-2 (Flammenausbreitung) und IEC\/EN 60332-1-3 (Pr\u00fcfung auf Flammentropfen).<\/p>\n<p class=\"translation-block\">Die IEC\/EN 60332-1 verwendet eine Test\ufb02amme vorgegebener H\u00f6he und Farbe, die mit Gas mit vorgeschlagenem Gegendruck und Durchfluss erzeugt wurde. Da mit diesem <span class=\"s1\"><span style=\"color: #f05e23\"><strong>FTT<\/strong><\/span><\/span>-Ger\u00e4t Massenflussregler verwendet werden, ist kein spezi\ufb01scher Gegendruck erforderlich. \u00dcber der Flamme ist ein thermischer Sensor positioniert, und es wird die Zeit f\u00fcr den Temperaturanstieg des Sensors von 100 \u00b0C auf 700 \u00b0C bestimmt. Die Zeit wird genutzt, um die W\u00e4rmeentwicklung der Testflamme von 1 kW zu best\u00e4tigen.<\/p>\n<p class=\"translation-block\">Der <span class=\"s1\"><span style=\"color: #f05e23\"><strong>FTT<\/strong><\/span><\/span>-Apparat nach IEC\/EN 60332-1 besteht aus einem auf einem Tisch montierten offenen Rost mit einem elektrisch gez\u00fcndeten Brenner, einem Steuerger\u00e4t mit Sicherheitsverriegelungen und Einstellung f\u00fcr Gas- und Luftdurchfluss sowie einem Umlenk-Panel mit Durchflussregler f\u00fcr Gas- und Luftmasse. \n<br>\n<br>\n<strong>Die Funktionen umfassen:<\/strong><\/p>\n<ul>\n<li>Horizontale Probenauflagen<\/li>\n<li>Ein Brenner gem\u00e4\u00df EN 60695-11-2, mit einfacher Winkelverstellung von 90 \u00b0 bis 45 \u00b0 und einem Gassicherheitssystem, das Gas nur dann flie\u00dfen l\u00e4sst, wenn eine Flamme erkannt wird.<\/li>\n<li>Offene vordere Metallkammer 1200 mm hoch, 300 mm breit und 450 mm tief<\/li>\n<li>Massenflussregler f\u00fcr genaue und stabile Durchflussregelung zum Brenner<\/li>\n<li>Elektronische Funkenz\u00fcndung<\/li>\n<li>Kalibrierungsthermoelement gem\u00e4\u00df EN 60695\u00ad11\u00ad2<\/li>\n<li>Optionale zugfreie Kammer<\/li>\n<\/ul>\t\t\t\t\t\t\t\t<\/div>\n\t\t\t\t<\/div>\n\t\t\t\t\t<\/div>\n\t\t<\/div>\n\t\t\t\t<div class=\"elementor-column elementor-col-50 elementor-top-column elementor-element elementor-element-467e41c\" data-id=\"467e41c\" data-element_type=\"column\" data-e-type=\"column\">\n\t\t\t<div class=\"elementor-widget-wrap elementor-element-populated\">\n\t\t\t\t\t\t<div class=\"elementor-element elementor-element-69498e3 elementor-widget elementor-widget-image\" data-id=\"69498e3\" data-element_type=\"widget\" data-e-type=\"widget\" data-widget_type=\"image.default\">\n\t\t\t\t<div class=\"elementor-widget-container\">\n\t\t\t\t\t\t\t\t\t\t\t\t\t\t\t<img fetchpriority=\"high\" decoding=\"async\" width=\"768\" height=\"768\" src=\"https:\/\/www.fire-testing.com\/wp-content\/uploads\/2019\/06\/08-Flame-Progation-Single-Wire_PIXEL-768x768.jpg\" class=\"attachment-medium_large size-medium_large wp-image-4194\" alt=\"Flammenausbreitungstest f\u00fcr ein einzelnes isoliertes Kabel\" srcset=\"https:\/\/www.fire-testing.com\/wp-content\/uploads\/2019\/06\/08-Flame-Progation-Single-Wire_PIXEL-768x768.jpg 768w, https:\/\/www.fire-testing.com\/wp-content\/uploads\/2019\/06\/08-Flame-Progation-Single-Wire_PIXEL-150x150.jpg 150w, https:\/\/www.fire-testing.com\/wp-content\/uploads\/2019\/06\/08-Flame-Progation-Single-Wire_PIXEL-300x300.jpg 300w, https:\/\/www.fire-testing.com\/wp-content\/uploads\/2019\/06\/08-Flame-Progation-Single-Wire_PIXEL.jpg 800w\" sizes=\"(max-width: 768px) 100vw, 768px\" \/>\t\t\t\t\t\t\t\t\t\t\t\t\t\t\t<\/div>\n\t\t\t\t<\/div>\n\t\t\t\t<div class=\"elementor-element elementor-element-840e81b elementor-widget elementor-widget-heading\" data-id=\"840e81b\" data-element_type=\"widget\" data-e-type=\"widget\" data-widget_type=\"heading.default\">\n\t\t\t\t<div class=\"elementor-widget-container\">\n\t\t\t\t\t<p class=\"elementor-heading-title elementor-size-default\">Flammenausbreitungstest f\u00fcr ein einzelnes isoliertes Kabel<\/p>\t\t\t\t<\/div>\n\t\t\t\t<\/div>\n\t\t\t\t\t<\/div>\n\t\t<\/div>\n\t\t\t\t\t<\/div>\n\t\t<\/section>\n\t\t\t\t<section data-particle_enable=\"false\" data-particle-mobile-disabled=\"false\" class=\"elementor-section elementor-top-section elementor-element elementor-element-0432fba elementor-section-boxed elementor-section-height-default elementor-section-height-default\" data-id=\"0432fba\" data-element_type=\"section\" data-e-type=\"section\">\n\t\t\t\t\t\t<div class=\"elementor-container elementor-column-gap-default\">\n\t\t\t\t\t<div class=\"elementor-column elementor-col-100 elementor-top-column elementor-element elementor-element-1d3f4f7\" data-id=\"1d3f4f7\" data-element_type=\"column\" data-e-type=\"column\">\n\t\t\t<div class=\"elementor-widget-wrap elementor-element-populated\">\n\t\t\t\t\t\t<div class=\"dce-visibility-event elementor-element elementor-element-2d9e2f5 elementor-widget elementor-widget-button\" data-id=\"2d9e2f5\" data-element_type=\"widget\" data-e-type=\"widget\" data-settings=\"{&quot;enabled_visibility&quot;:&quot;yes&quot;,&quot;dce_visibility_selected&quot;:&quot;yes&quot;}\" data-widget_type=\"button.default\">\n\t\t\t\t<div class=\"elementor-widget-container\">\n\t\t\t\t\t\t\t\t\t<div class=\"elementor-button-wrapper\">\n\t\t\t\t\t<a class=\"elementor-button elementor-button-link elementor-size-sm\" href=\"https:\/\/fire-testing.com\/de\/login\/\">\n\t\t\t\t\t\t<span class=\"elementor-button-content-wrapper\">\n\t\t\t\t\t\t\t\t\t<span class=\"elementor-button-text\">ANMELDEN\/REGISTRIEREN ZUM HERUNTERLADEN DIESER BROSCH\u00dcRE<\/span>\n\t\t\t\t\t<\/span>\n\t\t\t\t\t<\/a>\n\t\t\t\t<\/div>\n\t\t\t\t\t\t\t\t<\/div>\n\t\t\t\t<\/div>\n\t\t\t\t<div class=\"dce-visibility-event elementor-element elementor-element-d0964b5 elementor-widget elementor-widget-button\" data-id=\"d0964b5\" data-element_type=\"widget\" data-e-type=\"widget\" data-settings=\"{&quot;enabled_visibility&quot;:&quot;yes&quot;,&quot;dce_visibility_selected&quot;:&quot;yes&quot;}\" data-widget_type=\"button.default\">\n\t\t\t\t<div class=\"elementor-widget-container\">\n\t\t\t\t\t\t\t\t\t<div class=\"elementor-button-wrapper\">\n\t\t\t\t\t<a class=\"elementor-button elementor-button-link elementor-size-sm\" href=\"https:\/\/fire-testing.com\/de\/request-a-brochure\/\">\n\t\t\t\t\t\t<span class=\"elementor-button-content-wrapper\">\n\t\t\t\t\t\t\t\t\t<span class=\"elementor-button-text\">REQUEST TECHNICAL SPECIFICATION<\/span>\n\t\t\t\t\t<\/span>\n\t\t\t\t\t<\/a>\n\t\t\t\t<\/div>\n\t\t\t\t\t\t\t\t<\/div>\n\t\t\t\t<\/div>\n\t\t<!-- dce invisible element d74478d -->\t\t\t<\/div>\n\t\t<\/div>\n\t\t\t\t\t<\/div>\n\t\t<\/section>\n\t\t\t\t<\/div>","protected":false},"excerpt":{"rendered":"<p>Flame Propagation Test for a Single Insulated Cable IEC \/ EN 60332-1-2 The FTT EN 60332-1 and IEC 60332-1 tests for the vertical flame propagation of a single insulated wire or cable is a bench scale test to determine the resistance of a single cable to a 1kW flame application. The apparatus is supplied as [&hellip;]<\/p>\n","protected":false},"author":142,"featured_media":0,"parent":0,"menu_order":0,"comment_status":"closed","ping_status":"closed","template":"","meta":{"_acf_changed":false,"footnotes":""},"class_list":["post-1307","page","type-page","status-publish","hentry"],"acf":[],"_links":{"self":[{"href":"https:\/\/fire-testing.com\/de\/wp-json\/wp\/v2\/pages\/1307","targetHints":{"allow":["GET"]}}],"collection":[{"href":"https:\/\/fire-testing.com\/de\/wp-json\/wp\/v2\/pages"}],"about":[{"href":"https:\/\/fire-testing.com\/de\/wp-json\/wp\/v2\/types\/page"}],"author":[{"embeddable":true,"href":"https:\/\/fire-testing.com\/de\/wp-json\/wp\/v2\/users\/142"}],"replies":[{"embeddable":true,"href":"https:\/\/fire-testing.com\/de\/wp-json\/wp\/v2\/comments?post=1307"}],"version-history":[{"count":0,"href":"https:\/\/fire-testing.com\/de\/wp-json\/wp\/v2\/pages\/1307\/revisions"}],"wp:attachment":[{"href":"https:\/\/fire-testing.com\/de\/wp-json\/wp\/v2\/media?parent=1307"}],"curies":[{"name":"wp","href":"https:\/\/api.w.org\/{rel}","templated":true}]}}