{"id":1338,"date":"2019-02-17T17:06:52","date_gmt":"2019-02-17T17:06:52","guid":{"rendered":"https:\/\/www.fire-testing.com\/?page_id=1338"},"modified":"2022-08-05T12:25:01","modified_gmt":"2022-08-05T12:25:01","slug":"lift-imo-spread-of-flame-apparatus","status":"publish","type":"page","link":"https:\/\/fire-testing.com\/de\/lift-imo-spread-of-flame-apparatus\/","title":{"rendered":"LIFT, IMO Flammenausbreitungspr\u00fcfger\u00e4t"},"content":{"rendered":"<div data-elementor-type=\"wp-page\" data-elementor-id=\"1338\" class=\"elementor elementor-1338\" data-elementor-post-type=\"page\">\n\t\t\t\t\t\t<section data-particle_enable=\"false\" data-particle-mobile-disabled=\"false\" class=\"elementor-section elementor-top-section elementor-element elementor-element-c0f369d elementor-section-boxed elementor-section-height-default elementor-section-height-default\" data-id=\"c0f369d\" data-element_type=\"section\" data-e-type=\"section\">\n\t\t\t\t\t\t<div class=\"elementor-container elementor-column-gap-default\">\n\t\t\t\t\t<div class=\"elementor-column elementor-col-50 elementor-top-column elementor-element elementor-element-7f8eb99\" data-id=\"7f8eb99\" data-element_type=\"column\" data-e-type=\"column\">\n\t\t\t<div class=\"elementor-widget-wrap elementor-element-populated\">\n\t\t\t\t\t\t<div class=\"elementor-element elementor-element-cd7c4bb elementor-widget elementor-widget-heading\" data-id=\"cd7c4bb\" data-element_type=\"widget\" data-e-type=\"widget\" data-widget_type=\"heading.default\">\n\t\t\t\t<div class=\"elementor-widget-container\">\n\t\t\t\t\t<h1 class=\"elementor-heading-title elementor-size-default\">LIFT, IMO Flammenausbreitungspr\u00fcfger\u00e4t<\/h1>\t\t\t\t<\/div>\n\t\t\t\t<\/div>\n\t\t\t\t<div class=\"elementor-element elementor-element-dfe5a30 elementor-widget elementor-widget-heading\" data-id=\"dfe5a30\" data-element_type=\"widget\" data-e-type=\"widget\" data-widget_type=\"heading.default\">\n\t\t\t\t<div class=\"elementor-widget-container\">\n\t\t\t\t\t<h2 class=\"elementor-heading-title elementor-size-default\">ISO 5658-2; IMO FTP Code Part 5; ASTM E1317; ASTM E1321<\/h2>\t\t\t\t<\/div>\n\t\t\t\t<\/div>\n\t\t\t\t<div class=\"elementor-element elementor-element-21135f0d elementor-widget elementor-widget-text-editor\" data-id=\"21135f0d\" data-element_type=\"widget\" data-e-type=\"widget\" data-widget_type=\"text-editor.default\">\n\t\t\t\t<div class=\"elementor-widget-container\">\n\t\t\t\t\t\t\t\t\t<p>Dieses Instrument verwendet eine gasbefeuerte W\u00e4rmestrahlungsplatte mit Z\u00fcndflammenentz\u00fcndung, um ein Pr\u00fcfmuster zu entz\u00fcnden.<\/p>\n<p>Nach der Entz\u00fcndung wird jede sich entwickelnde Flammenfront erkannt und es erfolgt eine Aufzeichnung des horizontalen Fortschritts der Flammenfront \u00fcber die L\u00e4nge des Pr\u00fcfmusters in Abh\u00e4ngigkeit von der Zeit, die erforderlich ist, um sich \u00fcber verschiedene Entfernungen zu bewegen.<\/p>\n<p>Die Ergebnisse werden in Form der Flammenausbreitungsentfernung\/ Zeiteinheit, Flammenfrontgeschwindigkeit versus W\u00e4rmestrom, kritischer W\u00e4rmestrom beim Erl\u00f6schen und der durchschnittlichen W\u00e4rme f\u00fcr nachhaltiges Brennen ausgedr\u00fcckt.<\/p>\n<p>Um die IMO-Spezifikation zu erf\u00fcllen, wird ein Kamin vollst\u00e4ndig in die Thermos\u00e4ule gesetzt, um den W\u00e4rmeabgabekoeffizienten einzusch\u00e4tzen.<\/p>\n<p>Das Messger\u00e4t wird mit allen erforderlichen Steuerungen, Str\u00f6mungsmessger\u00e4t und Pr\u00fcfmusterhalter geliefert.<\/p>\n<p>Das komplette Messger\u00e4t besteht im Wesentlichen aus drei Hauptkomponenten, einem Halterahmen f\u00fcr die Strahlungsplatte und Pr\u00fcfmusterhalterahmen, die miteinander verbunden sind, um das Pr\u00fcfmuster in die erforderliche Konfiguration in Bezug auf die Strahlungsplatte zu bringen, und dem Pr\u00fcfmusterhalter, der das Pr\u00fcfmuster tr\u00e4gt.<\/p>\n<p>Das Strahlungsbrennersystem arbeitet voll automatisch mit Z\u00fcndfunken und Sicherheitssperren.<\/p>\n<p><strong>Software:<\/strong><\/p>\n<p>Instrument Supplied with Software at no extra charge. Software updates provided free of charge.<\/p>\t\t\t\t\t\t\t\t<\/div>\n\t\t\t\t<\/div>\n\t\t\t\t\t<\/div>\n\t\t<\/div>\n\t\t\t\t<div class=\"elementor-column elementor-col-50 elementor-top-column elementor-element elementor-element-28f584c\" data-id=\"28f584c\" data-element_type=\"column\" data-e-type=\"column\">\n\t\t\t<div class=\"elementor-widget-wrap elementor-element-populated\">\n\t\t\t\t\t\t<div class=\"elementor-element elementor-element-301a6fa elementor-widget elementor-widget-image\" data-id=\"301a6fa\" data-element_type=\"widget\" data-e-type=\"widget\" data-widget_type=\"image.default\">\n\t\t\t\t<div class=\"elementor-widget-container\">\n\t\t\t\t\t\t\t\t\t\t\t\t\t\t\t<img fetchpriority=\"high\" decoding=\"async\" width=\"768\" height=\"768\" src=\"https:\/\/www.fire-testing.com\/wp-content\/uploads\/2019\/06\/21-LIFT_PIXEL-768x768.jpg\" class=\"attachment-medium_large size-medium_large wp-image-4200\" alt=\"LIFT, IMO Flammenausbreitungspr\u00fcfger\u00e4t\" srcset=\"https:\/\/www.fire-testing.com\/wp-content\/uploads\/2019\/06\/21-LIFT_PIXEL-768x768.jpg 768w, https:\/\/www.fire-testing.com\/wp-content\/uploads\/2019\/06\/21-LIFT_PIXEL-150x150.jpg 150w, https:\/\/www.fire-testing.com\/wp-content\/uploads\/2019\/06\/21-LIFT_PIXEL-300x300.jpg 300w, https:\/\/www.fire-testing.com\/wp-content\/uploads\/2019\/06\/21-LIFT_PIXEL.jpg 800w\" sizes=\"(max-width: 768px) 100vw, 768px\" \/>\t\t\t\t\t\t\t\t\t\t\t\t\t\t\t<\/div>\n\t\t\t\t<\/div>\n\t\t\t\t<div class=\"elementor-element elementor-element-8451ae0 elementor-widget elementor-widget-heading\" data-id=\"8451ae0\" data-element_type=\"widget\" data-e-type=\"widget\" data-widget_type=\"heading.default\">\n\t\t\t\t<div class=\"elementor-widget-container\">\n\t\t\t\t\t<p class=\"elementor-heading-title elementor-size-default\">LIFT, IMO Flammenausbreitungspr\u00fcfger\u00e4t<\/p>\t\t\t\t<\/div>\n\t\t\t\t<\/div>\n\t\t\t\t\t<\/div>\n\t\t<\/div>\n\t\t\t\t\t<\/div>\n\t\t<\/section>\n\t\t\t\t<section data-particle_enable=\"false\" data-particle-mobile-disabled=\"false\" class=\"elementor-section elementor-top-section elementor-element elementor-element-ba9adf8 elementor-section-boxed elementor-section-height-default elementor-section-height-default\" data-id=\"ba9adf8\" data-element_type=\"section\" data-e-type=\"section\">\n\t\t\t\t\t\t<div class=\"elementor-container elementor-column-gap-default\">\n\t\t\t\t\t<div class=\"elementor-column elementor-col-100 elementor-top-column elementor-element elementor-element-19f579b\" data-id=\"19f579b\" data-element_type=\"column\" data-e-type=\"column\">\n\t\t\t<div class=\"elementor-widget-wrap elementor-element-populated\">\n\t\t\t\t\t\t<div class=\"dce-visibility-event elementor-element elementor-element-992f805 elementor-widget elementor-widget-button\" data-id=\"992f805\" data-element_type=\"widget\" data-e-type=\"widget\" data-settings=\"{&quot;enabled_visibility&quot;:&quot;yes&quot;,&quot;dce_visibility_selected&quot;:&quot;yes&quot;}\" data-widget_type=\"button.default\">\n\t\t\t\t<div class=\"elementor-widget-container\">\n\t\t\t\t\t\t\t\t\t<div class=\"elementor-button-wrapper\">\n\t\t\t\t\t<a class=\"elementor-button elementor-button-link elementor-size-sm\" href=\"https:\/\/fire-testing.com\/de\/login\/\">\n\t\t\t\t\t\t<span class=\"elementor-button-content-wrapper\">\n\t\t\t\t\t\t\t\t\t<span class=\"elementor-button-text\">ANMELDEN\/REGISTRIEREN ZUM HERUNTERLADEN DIESER BROSCH\u00dcRE<\/span>\n\t\t\t\t\t<\/span>\n\t\t\t\t\t<\/a>\n\t\t\t\t<\/div>\n\t\t\t\t\t\t\t\t<\/div>\n\t\t\t\t<\/div>\n\t\t\t\t<div class=\"dce-visibility-event elementor-element elementor-element-d619ed7 elementor-widget elementor-widget-button\" data-id=\"d619ed7\" data-element_type=\"widget\" data-e-type=\"widget\" data-settings=\"{&quot;enabled_visibility&quot;:&quot;yes&quot;,&quot;dce_visibility_selected&quot;:&quot;yes&quot;}\" data-widget_type=\"button.default\">\n\t\t\t\t<div class=\"elementor-widget-container\">\n\t\t\t\t\t\t\t\t\t<div class=\"elementor-button-wrapper\">\n\t\t\t\t\t<a class=\"elementor-button elementor-button-link elementor-size-sm\" href=\"https:\/\/fire-testing.com\/de\/request-a-brochure\/\">\n\t\t\t\t\t\t<span class=\"elementor-button-content-wrapper\">\n\t\t\t\t\t\t\t\t\t<span class=\"elementor-button-text\">REQUEST TECHNICAL SPECIFICATION<\/span>\n\t\t\t\t\t<\/span>\n\t\t\t\t\t<\/a>\n\t\t\t\t<\/div>\n\t\t\t\t\t\t\t\t<\/div>\n\t\t\t\t<\/div>\n\t\t<!-- dce invisible element 6a2f36f -->\t\t\t<\/div>\n\t\t<\/div>\n\t\t\t\t\t<\/div>\n\t\t<\/section>\n\t\t\t\t<\/div>","protected":false},"excerpt":{"rendered":"<p>LIFT, IMO Spread of Flame Apparatus ISO 5658-2; IMO FTP Code Part 5; ASTM E1317; ASTM E1321 This instrument uses a gas-fired radiant heat panel with pilot flame ignition to ignite a test specimen. Following ignition, any flame front which develops is noted and a record is made of the progression of the flame front [&hellip;]<\/p>\n","protected":false},"author":142,"featured_media":0,"parent":0,"menu_order":0,"comment_status":"closed","ping_status":"closed","template":"","meta":{"_acf_changed":false,"footnotes":""},"class_list":["post-1338","page","type-page","status-publish","hentry"],"acf":[],"_links":{"self":[{"href":"https:\/\/fire-testing.com\/de\/wp-json\/wp\/v2\/pages\/1338","targetHints":{"allow":["GET"]}}],"collection":[{"href":"https:\/\/fire-testing.com\/de\/wp-json\/wp\/v2\/pages"}],"about":[{"href":"https:\/\/fire-testing.com\/de\/wp-json\/wp\/v2\/types\/page"}],"author":[{"embeddable":true,"href":"https:\/\/fire-testing.com\/de\/wp-json\/wp\/v2\/users\/142"}],"replies":[{"embeddable":true,"href":"https:\/\/fire-testing.com\/de\/wp-json\/wp\/v2\/comments?post=1338"}],"version-history":[{"count":0,"href":"https:\/\/fire-testing.com\/de\/wp-json\/wp\/v2\/pages\/1338\/revisions"}],"wp:attachment":[{"href":"https:\/\/fire-testing.com\/de\/wp-json\/wp\/v2\/media?parent=1338"}],"curies":[{"name":"wp","href":"https:\/\/api.w.org\/{rel}","templated":true}]}}