{"id":1358,"date":"2019-02-18T10:13:39","date_gmt":"2019-02-18T10:13:39","guid":{"rendered":"https:\/\/www.fire-testing.com\/?page_id=1358"},"modified":"2022-11-08T12:12:29","modified_gmt":"2022-11-08T12:12:29","slug":"mass-loss-calorimeter","status":"publish","type":"page","link":"https:\/\/fire-testing.com\/de\/mass-loss-calorimeter\/","title":{"rendered":"Massenverlust-Kalorimeter"},"content":{"rendered":"<div data-elementor-type=\"wp-page\" data-elementor-id=\"1358\" class=\"elementor elementor-1358\" data-elementor-post-type=\"page\">\n\t\t\t\t\t\t<section data-particle_enable=\"false\" data-particle-mobile-disabled=\"false\" class=\"elementor-section elementor-top-section elementor-element elementor-element-1cea5d4 elementor-section-boxed elementor-section-height-default elementor-section-height-default\" data-id=\"1cea5d4\" data-element_type=\"section\" data-e-type=\"section\">\n\t\t\t\t\t\t<div class=\"elementor-container elementor-column-gap-default\">\n\t\t\t\t\t<div class=\"elementor-column elementor-col-50 elementor-top-column elementor-element elementor-element-bb04a56\" data-id=\"bb04a56\" data-element_type=\"column\" data-e-type=\"column\">\n\t\t\t<div class=\"elementor-widget-wrap elementor-element-populated\">\n\t\t\t\t\t\t<div class=\"elementor-element elementor-element-7235020 elementor-widget elementor-widget-heading\" data-id=\"7235020\" data-element_type=\"widget\" data-e-type=\"widget\" data-widget_type=\"heading.default\">\n\t\t\t\t<div class=\"elementor-widget-container\">\n\t\t\t\t\t<h1 class=\"elementor-heading-title elementor-size-default\">Massenverlust-Kalorimeter<\/h1>\t\t\t\t<\/div>\n\t\t\t\t<\/div>\n\t\t\t\t<div class=\"elementor-element elementor-element-e6efe6a elementor-widget elementor-widget-heading\" data-id=\"e6efe6a\" data-element_type=\"widget\" data-e-type=\"widget\" data-widget_type=\"heading.default\">\n\t\t\t\t<div class=\"elementor-widget-container\">\n\t\t\t\t\t<h2 class=\"elementor-heading-title elementor-size-default\">EN ISO 13927; ISO 17554<\/h2>\t\t\t\t<\/div>\n\t\t\t\t<\/div>\n\t\t\t\t<div class=\"elementor-element elementor-element-47e30fa3 elementor-widget elementor-widget-text-editor\" data-id=\"47e30fa3\" data-element_type=\"widget\" data-e-type=\"widget\" data-widget_type=\"text-editor.default\">\n\t\t\t\t<div class=\"elementor-widget-container\">\n\t\t\t\t\t\t\t\t\t<p><b>Welche Beziehung besteht zwischen W\u00e4rmeabgabe und Massenverlust?<br \/><\/b>Die W\u00e4rme bei der Verbrennung ist die W\u00e4rmemenge, die bei der vollst\u00e4ndigen Oxidation einer Mengeneinheit von Treibstoff abgegeben wird. Diese wird mithilfe eines Sauerstoff-Bombenkalorimeters bestimmt und in Handb\u00fcchern ausf\u00fchrlich beschrieben. Wenn s\u00e4mtliche beteiligten Br\u00e4nde die Oxidation abschlie\u00dfen, kann die freigesetzte W\u00e4rme einfach durch Wiegen des Pr\u00fcfmusters bei der Verbrennung und der Multiplikation des Massenverlustes, bedingt durch die Verbrennungsw\u00e4rme, bestimmt werden. Eigentlich erfolgt bei der Verbrennung nicht die vollst\u00e4ndige Oxidation, aber die effektive W\u00e4rme der Verbrennung von einem vorgegebenen Material ist bei einem vorgegebenen W\u00e4rmestrom und konstanter Ventilation konstant. Instrumente, wie das Cone-Calorimeter und das OSU, bestimmen die effektive Verbrennungsw\u00e4rme.<\/p>\n<p class=\"translation-block\">Danach wird die W\u00e4rmeabgabe als Produkt aus der effektiven Verbrennungsw\u00e4rme und dem Massenverlustkoeffizienten bestimmt. Nachdem die effektiven Verbrennungsw\u00e4rmen eines Materials \u00fcber eine Reihe von Bedingungen bekannt sind, kann der W\u00e4rmeabgabekoeffizient mit den Massenverlustdaten berechnet werden. Hierf\u00fcr wurde das Massenverlust-Kalorimeter von <span class=\"s1\"><span style=\"color: #f05e23\"><strong>FTT<\/strong><\/span><\/span>\n entwickelt.<\/p>\n<p class=\"translation-block\"><strong>Das Massenverlust-Kalorimeter von <span class=\"s1\"><span style=\"color: #f05e23\"><strong>FTT<\/strong><\/span><\/span>\n wurde entwickelt, um:<\/strong><\/p>\n<ul>\n<li>Ein kosteng\u00fcnstiges, unabh\u00e4ngiges Messinstrument zu liefern, das es erm\u00f6glicht, Massenverlustkoeffizienten bei einem beliebigen W\u00e4rmestrom im Bereich des Cone-Calorimeters gem\u00e4\u00df ISO 5660 zu bestimmen. <a href=\"https:\/\/www.iso.org\/standard\/57957.html\" target=\"_blank\" rel=\"noopener\">ISO 5660<\/a><\/li>\n<li>Eine Einheit zu liefern, die zu kommerziellen Cone-Calorimetern hinzugef\u00fcgt werden kann, um sie in langsam str\u00f6menden Atmosph\u00e4ren mit abgebautem Sauerstoff verwenden zu k\u00f6nnen.<\/li>\n<li>Betriebsfertig an vorhandene oder zuk\u00fcnftige Sauerstoffabbausysteme angeschlossen werden zu k\u00f6nnen.<\/li>\n<li>Betriebsfertig f\u00fcr dynamische Rauch-, Korrosions- und Toxizit\u00e4tsuntersuchungen konvertierbar zu sein.<\/li>\n<\/ul>\n<p><b>Die Einheit wird geliefert mit:<\/b><\/p>\n<ul>\n<li>Konuserhitzer mit einer Nennleistung f\u00fcr einen W\u00e4rmefluss bis zu 100 kW\/m2 bei 230 V.<\/li>\n<li>W\u00e4gezelle f\u00fcr Pr\u00fcfmuster von bis zu 500 g.<\/li>\n<li>Horizontale Pr\u00fcfmusterrahmen f\u00fcr Pr\u00fcfmuster von bis zu 50 mm Dicke.<\/li>\n<li>Klappe, um das einfache Laden von Pr\u00fcfmustern oder der Kammer\u00e4quilibrierung zu erm\u00f6glichen, falls die Verschlussoption verwendet wird.<\/li>\n<li>W\u00e4rmeflussmessger\u00e4t und Geh\u00e4use f\u00fcr feste Position des Messger\u00e4tes exakt 25 mm unterhalb der Konusbasis.<\/li>\n<li>Edelstahlkonstruktion f\u00fcr gute Korrosionsbest\u00e4ndigkeit.<\/li>\n<\/ul>\n<p><b>Optionen:<\/b><\/p>\n<ul>\n<li>Kapselung und Gasversorgungsleitungen, um die Verwendung bei Cone-Calorimeter-Untersuchungen in Atmosph\u00e4ren mit niedriger Sauerstoffkonzentration zu erm\u00f6glichen.<\/li>\n<li>Thermos\u00e4ule und Kamin f\u00fcr W\u00e4rmeabgabemessung.<\/li>\n<li>Korrosimeter f\u00fcr Korrosivit\u00e4tsanalysen.<\/li>\n<\/ul>\n<p><strong>Software:<\/strong><\/p>\n<p>Instrument Supplied with Software at no extra charge. Software updates provided free of charge.<\/p>\t\t\t\t\t\t\t\t<\/div>\n\t\t\t\t<\/div>\n\t\t\t\t\t<\/div>\n\t\t<\/div>\n\t\t\t\t<div class=\"elementor-column elementor-col-50 elementor-top-column elementor-element elementor-element-544164a\" data-id=\"544164a\" data-element_type=\"column\" data-e-type=\"column\">\n\t\t\t<div class=\"elementor-widget-wrap elementor-element-populated\">\n\t\t\t\t\t\t<div class=\"elementor-element elementor-element-df13589 elementor-widget elementor-widget-image\" data-id=\"df13589\" data-element_type=\"widget\" data-e-type=\"widget\" data-widget_type=\"image.default\">\n\t\t\t\t<div class=\"elementor-widget-container\">\n\t\t\t\t\t\t\t\t\t\t\t\t\t\t\t<img fetchpriority=\"high\" decoding=\"async\" width=\"768\" height=\"768\" src=\"https:\/\/www.fire-testing.com\/wp-content\/uploads\/2019\/06\/91-mass-loss-calirometer_PIXEL-768x768.jpg\" class=\"attachment-medium_large size-medium_large wp-image-4221\" alt=\"Massenverlust-Kalorimeter\" srcset=\"https:\/\/www.fire-testing.com\/wp-content\/uploads\/2019\/06\/91-mass-loss-calirometer_PIXEL-768x768.jpg 768w, https:\/\/www.fire-testing.com\/wp-content\/uploads\/2019\/06\/91-mass-loss-calirometer_PIXEL-150x150.jpg 150w, https:\/\/www.fire-testing.com\/wp-content\/uploads\/2019\/06\/91-mass-loss-calirometer_PIXEL-300x300.jpg 300w, https:\/\/www.fire-testing.com\/wp-content\/uploads\/2019\/06\/91-mass-loss-calirometer_PIXEL.jpg 800w\" sizes=\"(max-width: 768px) 100vw, 768px\" \/>\t\t\t\t\t\t\t\t\t\t\t\t\t\t\t<\/div>\n\t\t\t\t<\/div>\n\t\t\t\t<div class=\"elementor-element elementor-element-b73449e elementor-widget elementor-widget-heading\" data-id=\"b73449e\" data-element_type=\"widget\" data-e-type=\"widget\" data-widget_type=\"heading.default\">\n\t\t\t\t<div class=\"elementor-widget-container\">\n\t\t\t\t\t<p class=\"elementor-heading-title elementor-size-default\">Massenverlust-Kalorimeter <\/p>\t\t\t\t<\/div>\n\t\t\t\t<\/div>\n\t\t\t\t\t<\/div>\n\t\t<\/div>\n\t\t\t\t\t<\/div>\n\t\t<\/section>\n\t\t\t\t<section data-particle_enable=\"false\" data-particle-mobile-disabled=\"false\" class=\"elementor-section elementor-top-section elementor-element elementor-element-47ac906 elementor-section-boxed elementor-section-height-default elementor-section-height-default\" data-id=\"47ac906\" data-element_type=\"section\" data-e-type=\"section\">\n\t\t\t\t\t\t<div class=\"elementor-container elementor-column-gap-default\">\n\t\t\t\t\t<div class=\"elementor-column elementor-col-100 elementor-top-column elementor-element elementor-element-29cdc46\" data-id=\"29cdc46\" data-element_type=\"column\" data-e-type=\"column\">\n\t\t\t<div class=\"elementor-widget-wrap elementor-element-populated\">\n\t\t\t\t\t\t<div class=\"dce-visibility-event elementor-element elementor-element-1289b19 elementor-widget elementor-widget-button\" data-id=\"1289b19\" data-element_type=\"widget\" data-e-type=\"widget\" data-settings=\"{&quot;enabled_visibility&quot;:&quot;yes&quot;,&quot;dce_visibility_selected&quot;:&quot;yes&quot;}\" data-widget_type=\"button.default\">\n\t\t\t\t<div class=\"elementor-widget-container\">\n\t\t\t\t\t\t\t\t\t<div class=\"elementor-button-wrapper\">\n\t\t\t\t\t<a class=\"elementor-button elementor-button-link elementor-size-sm\" href=\"https:\/\/fire-testing.com\/de\/login\/\">\n\t\t\t\t\t\t<span class=\"elementor-button-content-wrapper\">\n\t\t\t\t\t\t\t\t\t<span class=\"elementor-button-text\">ANMELDEN\/REGISTRIEREN ZUM HERUNTERLADEN DIESER BROSCH\u00dcRE<\/span>\n\t\t\t\t\t<\/span>\n\t\t\t\t\t<\/a>\n\t\t\t\t<\/div>\n\t\t\t\t\t\t\t\t<\/div>\n\t\t\t\t<\/div>\n\t\t\t\t<div class=\"dce-visibility-event elementor-element elementor-element-1cb752b elementor-widget elementor-widget-button\" data-id=\"1cb752b\" data-element_type=\"widget\" data-e-type=\"widget\" data-settings=\"{&quot;enabled_visibility&quot;:&quot;yes&quot;,&quot;dce_visibility_selected&quot;:&quot;yes&quot;}\" data-widget_type=\"button.default\">\n\t\t\t\t<div class=\"elementor-widget-container\">\n\t\t\t\t\t\t\t\t\t<div class=\"elementor-button-wrapper\">\n\t\t\t\t\t<a class=\"elementor-button elementor-button-link elementor-size-sm\" href=\"https:\/\/fire-testing.com\/de\/request-a-brochure\/\">\n\t\t\t\t\t\t<span class=\"elementor-button-content-wrapper\">\n\t\t\t\t\t\t\t\t\t<span class=\"elementor-button-text\">REQUEST TECHNICAL SPECIFICATION<\/span>\n\t\t\t\t\t<\/span>\n\t\t\t\t\t<\/a>\n\t\t\t\t<\/div>\n\t\t\t\t\t\t\t\t<\/div>\n\t\t\t\t<\/div>\n\t\t<!-- dce invisible element d4bd788 -->\t\t\t<\/div>\n\t\t<\/div>\n\t\t\t\t\t<\/div>\n\t\t<\/section>\n\t\t\t\t<\/div>","protected":false},"excerpt":{"rendered":"<p>Mass Loss Calorimeter EN ISO 13927; ISO 17554 What is the relationship between heat release and mass loss? The heat of combustion is the quantity of heat released when unit quantity of a fuel is fully oxidised. These are determined using an oxygen bomb calorimeter and are well reported in handbooks. If all fires involved [&hellip;]<\/p>\n","protected":false},"author":142,"featured_media":0,"parent":0,"menu_order":0,"comment_status":"closed","ping_status":"closed","template":"","meta":{"_acf_changed":false,"footnotes":""},"class_list":["post-1358","page","type-page","status-publish","hentry"],"acf":[],"_links":{"self":[{"href":"https:\/\/fire-testing.com\/de\/wp-json\/wp\/v2\/pages\/1358","targetHints":{"allow":["GET"]}}],"collection":[{"href":"https:\/\/fire-testing.com\/de\/wp-json\/wp\/v2\/pages"}],"about":[{"href":"https:\/\/fire-testing.com\/de\/wp-json\/wp\/v2\/types\/page"}],"author":[{"embeddable":true,"href":"https:\/\/fire-testing.com\/de\/wp-json\/wp\/v2\/users\/142"}],"replies":[{"embeddable":true,"href":"https:\/\/fire-testing.com\/de\/wp-json\/wp\/v2\/comments?post=1358"}],"version-history":[{"count":0,"href":"https:\/\/fire-testing.com\/de\/wp-json\/wp\/v2\/pages\/1358\/revisions"}],"wp:attachment":[{"href":"https:\/\/fire-testing.com\/de\/wp-json\/wp\/v2\/media?parent=1358"}],"curies":[{"name":"wp","href":"https:\/\/api.w.org\/{rel}","templated":true}]}}