{"id":1380,"date":"2019-02-18T10:56:26","date_gmt":"2019-02-18T10:56:26","guid":{"rendered":"https:\/\/www.fire-testing.com\/?page_id=1380"},"modified":"2022-08-08T08:44:51","modified_gmt":"2022-08-08T08:44:51","slug":"temperature-oxygen-index-apparatus","status":"publish","type":"page","link":"https:\/\/fire-testing.com\/de\/temperature-oxygen-index-apparatus\/","title":{"rendered":"Temperatur-Sauerstoffindex-Messger\u00e4t"},"content":{"rendered":"<div data-elementor-type=\"wp-page\" data-elementor-id=\"1380\" class=\"elementor elementor-1380\" data-elementor-post-type=\"page\">\n\t\t\t\t\t\t<section data-particle_enable=\"false\" data-particle-mobile-disabled=\"false\" class=\"elementor-section elementor-top-section elementor-element elementor-element-659fe4e elementor-section-boxed elementor-section-height-default elementor-section-height-default\" data-id=\"659fe4e\" data-element_type=\"section\" data-e-type=\"section\">\n\t\t\t\t\t\t<div class=\"elementor-container elementor-column-gap-default\">\n\t\t\t\t\t<div class=\"elementor-column elementor-col-50 elementor-top-column elementor-element elementor-element-feed878\" data-id=\"feed878\" data-element_type=\"column\" data-e-type=\"column\">\n\t\t\t<div class=\"elementor-widget-wrap elementor-element-populated\">\n\t\t\t\t\t\t<div class=\"elementor-element elementor-element-2535f5a elementor-widget elementor-widget-heading\" data-id=\"2535f5a\" data-element_type=\"widget\" data-e-type=\"widget\" data-widget_type=\"heading.default\">\n\t\t\t\t<div class=\"elementor-widget-container\">\n\t\t\t\t\t<h1 class=\"elementor-heading-title elementor-size-default\">Temperatur-Sauerstoffindex-Messger\u00e4t<\/h1>\t\t\t\t<\/div>\n\t\t\t\t<\/div>\n\t\t\t\t<div class=\"elementor-element elementor-element-e0e45fe elementor-widget elementor-widget-heading\" data-id=\"e0e45fe\" data-element_type=\"widget\" data-e-type=\"widget\" data-widget_type=\"heading.default\">\n\t\t\t\t<div class=\"elementor-widget-container\">\n\t\t\t\t\t<h2 class=\"elementor-heading-title elementor-size-default\">ISO 4589-3; NES 715<\/h2>\t\t\t\t<\/div>\n\t\t\t\t<\/div>\n\t\t\t\t<div class=\"elementor-element elementor-element-276a6908 elementor-widget elementor-widget-text-editor\" data-id=\"276a6908\" data-element_type=\"widget\" data-e-type=\"widget\" data-widget_type=\"text-editor.default\">\n\t\t\t\t<div class=\"elementor-widget-container\">\n\t\t\t\t\t\t\t\t\t<p class=\"translation-block\">Das Sauerstoffindex-Messger\u00e4t (OI) und Temperatur-Sauerstoffindex-Messger\u00e4t (TOI) von <span class=\"s1\"><span style=\"color: #f05e23\"><strong>FTT<\/strong><\/span><\/span>\n, welche das Stanton Redcroft FTA und HFTA ersetzen, bieten viele Verbesserungen.<\/p>\n<p>Neueste Sauerstoff-Analysetechnolgie f\u00fcr hohe Genauigkeit, Zuverl\u00e4ssigkeit und lange Lebensdauer.<\/p>\n<p><strong>Bestimmung des Brennverhaltens durch Sauerstoffindex<br \/><\/strong>Der Sauerstoffindex ist m\u00f6glicherweise der wirtschaftlichste pr\u00e4zise Qualit\u00e4tskontrolltest f\u00fcr brennbare Materialien. Er ist einfach anzuwenden und zusammen mit einem hohen Genauigkeitsgrad wurde diese Technik zu einem wichtigen Pr\u00fcfger\u00e4t f\u00fcr Eigenschaften und Qualit\u00e4tskontrolle in den Kunststoff- und Elektrokabelbranchen. Er wird von vielen Verteidigungsministerien und Transportunternehmen. gefordert. Die Technik misst den Mindestprozentsatz von Sauerstoff in der Untersuchungsatmosph\u00e4re, der erforderlich ist, um die Verbrennung geringf\u00fcgig zu unterst\u00fctzen.<\/p>\n<p class=\"translation-block\">Das Sauerstoffindex-Temperaturmodul (TOI) muss entweder mit dem neuen Sauerstoffindex-Messger\u00e4t von <span class=\"s1\"><span style=\"color: #f05e23\"><strong>FTT<\/strong><\/span><\/span>\n oder einem herk\u00f6mmlichen Ger\u00e4t verwendet werden, um den Sauerstoffindex bei Temperaturen von bis zu 125\u00b0C messen zu k\u00f6nnen. Forschungen haben ergeben, dass wenn Materialien in der Luft bei erh\u00f6hter Temperatur verbrennen, sich die Brennbarkeit besser bestimmen l\u00e4sst als mit herk\u00f6mmlichen Sauerstoffindex-Messger\u00e4ten. Die Sauerstoffindexwerte nehmen mit h\u00f6heren Gastemperaturen ab. Das Pr\u00fcfger\u00e4t von <span class=\"s1\"><span style=\"color: #f05e23\"><strong>FTT<\/strong><\/span><\/span>\n erm\u00f6glicht die Bestimmung des Temperatur-Sauerstoffindexes gem\u00e4\u00df ISO 4589 Teil 3 oder der UK Schiffsbaunorm der Marine (Naval Engineering Standard) NES 715. Erh\u00f6hte Untersuchungstemperaturen werden durch die Einstellung der voreingestellten Gastemperatur und der Einstellung der Glasofenwandtemperatur erzielt. Die Temperaturen von beiden erw\u00e4rmten Sektionen werden kontinuierlich auf der Temperaturindex-Steuereinheit angezeigt. Wenn Untersuchungen mit verschiedenen Sauerstoffgehalten durchgef\u00fchrt werden, wird die Gaserhaltung durch Verwendung von Luft mit einer integrierten, ruhig laufendem Pumpe zwischen den Untersuchungen sichergestellt. Dem Untersuchungssystem werden nur Stickstoff und Sauerstoff aus Flaschen zugef\u00fchrt.<\/p>\n<p class=\"translation-block\">Die <span class=\"s1\"><span style=\"color: #f05e23\"><strong>FTT<\/strong><\/span><\/span>\n-Einheit wurde als kompakte Einheit f\u00fcr einen effizienten Einsatz in einem standardm\u00e4\u00dfigen Abzug entwickelt (oder unter einer einfachen Abzugshaube, die wir ebenfalls liefern k\u00f6nnen, sofern angefordert). Die Sauerstoffindex-Einheit liefert einen kontinuierlichen digitalen Messwert der Sauerstoffkonzentration in der Untersuchungsatmosph\u00e4re, um eine schnelle Einstellung der Versuchskonzentration zu erm\u00f6glichen. Stabilisierte Sauerstoff-Prozentwerte werden von der digitalen Ausgabe gelesen, wodurch keine weiteren Str\u00f6mungseinstellungen erforderlich werden. Dies ist eine bedeutende Verbesserung gegen\u00fcber Systemen mit analogen Messger\u00e4ten oder erforderlichen Str\u00f6mungsanpassungen und der Verwendung von Diagrammen oder Tabellen zur Berechnung des Sauerstoffgehalts. Dadurch kann die Einheit soweit als m\u00f6glich automatisch arbeiten.<\/p>\n<p><strong>Merkmale:<\/strong><\/p>\n<ul>\n<li>Untersuchungstemperatur bis 400 \u00b0C.<\/li>\n<li>Digitale Anzeige der Pr\u00fcfmustertemperatur.<\/li>\n<li>Digitale Anzeige von S\u00e4ulen- und Vorerhitzertemperaturen.<\/li>\n<li>Transparente Tests\u00e4ule erhitzt durch Strahler.<\/li>\n<li>Hocheffiziente Gasvorw\u00e4rmung.<\/li>\n<li>Luftpumpe zur Konservierung der Sauerstoff- und Stickstoffzufuhr w\u00e4hrend einer Standby-Phase.<\/li>\n<\/ul>\n<p><strong>Technische Daten:<\/strong><\/p>\n<ul>\n<li>Digitale Ausgabe des Sauerstoffgehalts: +\/- 0.1%<\/li>\n<li>Abmessungen (mm): 350 (B) \u00d7 370 (T) \u00d7 280 (H)<\/li>\n<li>S\u00e4ulenabmessungen (mm): 160 (max. Durchm.) \u00d7 75 (Innendurchm.) \u00d7 570 (H)<\/li>\n<li>Gewicht (kg): 17<\/li>\n<li>Stromversorgung: 230 V 50 Hz 10,25 A oder 110 V 60 Hz 20,5<\/li>\n<li>Bedienungshandbuch: Beiliegend<\/li>\n<li>Sonstige Betriebsanforderungen: O2\/N2 in Flaschen, Propan<sub>2<\/sub>\/N<sub>2<\/sub>, Propane, Requires <a href=\"https:\/\/fire-testing.com\/de\/oxygen-index\/\">Sauerstoffindex-Messger\u00e4t<\/a><\/li>\n<\/ul>\t\t\t\t\t\t\t\t<\/div>\n\t\t\t\t<\/div>\n\t\t\t\t\t<\/div>\n\t\t<\/div>\n\t\t\t\t<div class=\"elementor-column elementor-col-50 elementor-top-column elementor-element elementor-element-cc526d0\" data-id=\"cc526d0\" data-element_type=\"column\" data-e-type=\"column\">\n\t\t\t<div class=\"elementor-widget-wrap elementor-element-populated\">\n\t\t\t\t\t\t<div class=\"elementor-element elementor-element-93d7974 elementor-widget elementor-widget-image\" data-id=\"93d7974\" data-element_type=\"widget\" data-e-type=\"widget\" data-widget_type=\"image.default\">\n\t\t\t\t<div class=\"elementor-widget-container\">\n\t\t\t\t\t\t\t\t\t\t\t\t\t\t\t<img fetchpriority=\"high\" decoding=\"async\" width=\"768\" height=\"768\" src=\"https:\/\/www.fire-testing.com\/wp-content\/uploads\/2019\/06\/76-Temperature-Oxygen_PIXEL-768x768.jpg\" class=\"attachment-medium_large size-medium_large wp-image-4252\" alt=\"Temperatur-Sauerstoffindex-Messger\u00e4t\" srcset=\"https:\/\/www.fire-testing.com\/wp-content\/uploads\/2019\/06\/76-Temperature-Oxygen_PIXEL-768x768.jpg 768w, https:\/\/www.fire-testing.com\/wp-content\/uploads\/2019\/06\/76-Temperature-Oxygen_PIXEL-150x150.jpg 150w, https:\/\/www.fire-testing.com\/wp-content\/uploads\/2019\/06\/76-Temperature-Oxygen_PIXEL-300x300.jpg 300w, https:\/\/www.fire-testing.com\/wp-content\/uploads\/2019\/06\/76-Temperature-Oxygen_PIXEL.jpg 800w\" sizes=\"(max-width: 768px) 100vw, 768px\" \/>\t\t\t\t\t\t\t\t\t\t\t\t\t\t\t<\/div>\n\t\t\t\t<\/div>\n\t\t\t\t<div class=\"elementor-element elementor-element-4e7ad5e elementor-widget elementor-widget-heading\" data-id=\"4e7ad5e\" data-element_type=\"widget\" data-e-type=\"widget\" data-widget_type=\"heading.default\">\n\t\t\t\t<div class=\"elementor-widget-container\">\n\t\t\t\t\t<p class=\"elementor-heading-title elementor-size-default\">Temperatur-Sauerstoffindex-Messger\u00e4t<\/p>\t\t\t\t<\/div>\n\t\t\t\t<\/div>\n\t\t\t\t\t<\/div>\n\t\t<\/div>\n\t\t\t\t\t<\/div>\n\t\t<\/section>\n\t\t\t\t<section data-particle_enable=\"false\" data-particle-mobile-disabled=\"false\" class=\"elementor-section elementor-top-section elementor-element elementor-element-c443260 elementor-section-boxed elementor-section-height-default elementor-section-height-default\" data-id=\"c443260\" data-element_type=\"section\" data-e-type=\"section\">\n\t\t\t\t\t\t<div class=\"elementor-container elementor-column-gap-default\">\n\t\t\t\t\t<div class=\"elementor-column elementor-col-100 elementor-top-column elementor-element elementor-element-5e1e57b\" data-id=\"5e1e57b\" data-element_type=\"column\" data-e-type=\"column\">\n\t\t\t<div class=\"elementor-widget-wrap elementor-element-populated\">\n\t\t\t\t\t\t<div class=\"dce-visibility-event elementor-element elementor-element-9410f57 elementor-widget elementor-widget-button\" data-id=\"9410f57\" data-element_type=\"widget\" data-e-type=\"widget\" data-settings=\"{&quot;enabled_visibility&quot;:&quot;yes&quot;,&quot;dce_visibility_selected&quot;:&quot;yes&quot;}\" data-widget_type=\"button.default\">\n\t\t\t\t<div class=\"elementor-widget-container\">\n\t\t\t\t\t\t\t\t\t<div class=\"elementor-button-wrapper\">\n\t\t\t\t\t<a class=\"elementor-button elementor-button-link elementor-size-sm\" href=\"https:\/\/fire-testing.com\/de\/login\/\">\n\t\t\t\t\t\t<span class=\"elementor-button-content-wrapper\">\n\t\t\t\t\t\t\t\t\t<span class=\"elementor-button-text\">ANMELDEN\/REGISTRIEREN ZUM HERUNTERLADEN DIESER BROSCH\u00dcRE<\/span>\n\t\t\t\t\t<\/span>\n\t\t\t\t\t<\/a>\n\t\t\t\t<\/div>\n\t\t\t\t\t\t\t\t<\/div>\n\t\t\t\t<\/div>\n\t\t\t\t<div class=\"dce-visibility-event elementor-element elementor-element-9857d2f elementor-widget elementor-widget-button\" data-id=\"9857d2f\" data-element_type=\"widget\" data-e-type=\"widget\" data-settings=\"{&quot;enabled_visibility&quot;:&quot;yes&quot;,&quot;dce_visibility_selected&quot;:&quot;yes&quot;}\" data-widget_type=\"button.default\">\n\t\t\t\t<div class=\"elementor-widget-container\">\n\t\t\t\t\t\t\t\t\t<div class=\"elementor-button-wrapper\">\n\t\t\t\t\t<a class=\"elementor-button elementor-button-link elementor-size-sm\" href=\"https:\/\/fire-testing.com\/de\/request-a-brochure\/\">\n\t\t\t\t\t\t<span class=\"elementor-button-content-wrapper\">\n\t\t\t\t\t\t\t\t\t<span class=\"elementor-button-text\">REQUEST TECHNICAL SPECIFICATION<\/span>\n\t\t\t\t\t<\/span>\n\t\t\t\t\t<\/a>\n\t\t\t\t<\/div>\n\t\t\t\t\t\t\t\t<\/div>\n\t\t\t\t<\/div>\n\t\t<!-- dce invisible element 39c9a5e -->\t\t\t<\/div>\n\t\t<\/div>\n\t\t\t\t\t<\/div>\n\t\t<\/section>\n\t\t\t\t<\/div>","protected":false},"excerpt":{"rendered":"<p>Temperature Oxygen Index Apparatus ISO 4589-3; NES 715 The FTT Oxygen Index (OI) and Temperature Oxygen Index (TOI), which replace the Stanton Redcroft FTA and HFTA, offer many improvements. The latest oxygen analyser technology for high accuracy, reliability and long operating life. Determination of Flammability by Oxygen IndexOxygen Index is, perhaps, the most economical and [&hellip;]<\/p>\n","protected":false},"author":142,"featured_media":0,"parent":0,"menu_order":0,"comment_status":"closed","ping_status":"closed","template":"","meta":{"_acf_changed":false,"footnotes":""},"class_list":["post-1380","page","type-page","status-publish","hentry"],"acf":[],"_links":{"self":[{"href":"https:\/\/fire-testing.com\/de\/wp-json\/wp\/v2\/pages\/1380","targetHints":{"allow":["GET"]}}],"collection":[{"href":"https:\/\/fire-testing.com\/de\/wp-json\/wp\/v2\/pages"}],"about":[{"href":"https:\/\/fire-testing.com\/de\/wp-json\/wp\/v2\/types\/page"}],"author":[{"embeddable":true,"href":"https:\/\/fire-testing.com\/de\/wp-json\/wp\/v2\/users\/142"}],"replies":[{"embeddable":true,"href":"https:\/\/fire-testing.com\/de\/wp-json\/wp\/v2\/comments?post=1380"}],"version-history":[{"count":0,"href":"https:\/\/fire-testing.com\/de\/wp-json\/wp\/v2\/pages\/1380\/revisions"}],"wp:attachment":[{"href":"https:\/\/fire-testing.com\/de\/wp-json\/wp\/v2\/media?parent=1380"}],"curies":[{"name":"wp","href":"https:\/\/api.w.org\/{rel}","templated":true}]}}