{"id":1390,"date":"2019-02-18T12:06:06","date_gmt":"2019-02-18T12:06:06","guid":{"rendered":"https:\/\/www.fire-testing.com\/?page_id=1390"},"modified":"2022-08-05T08:57:01","modified_gmt":"2022-08-05T08:57:01","slug":"nbs-smoke-density-chamber","status":"publish","type":"page","link":"https:\/\/fire-testing.com\/de\/nbs-smoke-density-chamber\/","title":{"rendered":"NBS Rauchidichtekammer"},"content":{"rendered":"<div data-elementor-type=\"wp-page\" data-elementor-id=\"1390\" class=\"elementor elementor-1390\" data-elementor-post-type=\"page\">\n\t\t\t\t\t\t<section data-particle_enable=\"false\" data-particle-mobile-disabled=\"false\" class=\"elementor-section elementor-top-section elementor-element elementor-element-bc8edf5 elementor-section-boxed elementor-section-height-default elementor-section-height-default\" data-id=\"bc8edf5\" data-element_type=\"section\" data-e-type=\"section\">\n\t\t\t\t\t\t<div class=\"elementor-container elementor-column-gap-default\">\n\t\t\t\t\t<div class=\"elementor-column elementor-col-50 elementor-top-column elementor-element elementor-element-f902a15\" data-id=\"f902a15\" data-element_type=\"column\" data-e-type=\"column\">\n\t\t\t<div class=\"elementor-widget-wrap elementor-element-populated\">\n\t\t\t\t\t\t<div class=\"elementor-element elementor-element-a1dc13e elementor-widget elementor-widget-heading\" data-id=\"a1dc13e\" data-element_type=\"widget\" data-e-type=\"widget\" data-widget_type=\"heading.default\">\n\t\t\t\t<div class=\"elementor-widget-container\">\n\t\t\t\t\t<h1 class=\"elementor-heading-title elementor-size-default\">NBS Rauchidichtekammer<\/h1>\t\t\t\t<\/div>\n\t\t\t\t<\/div>\n\t\t\t\t<div class=\"elementor-element elementor-element-ba8e11e elementor-widget elementor-widget-heading\" data-id=\"ba8e11e\" data-element_type=\"widget\" data-e-type=\"widget\" data-widget_type=\"heading.default\">\n\t\t\t\t<div class=\"elementor-widget-container\">\n\t\t\t\t\t<h2 class=\"elementor-heading-title elementor-size-default\">BS 6401; ASTM E662; NFPA 258 Options: ISO 5659\/IMO FTP Code Part 2; ATS 1000.001\/ABD0031; NES 711<\/h2>\t\t\t\t<\/div>\n\t\t\t\t<\/div>\n\t\t\t\t<div class=\"elementor-element elementor-element-3bc4760b elementor-widget elementor-widget-text-editor\" data-id=\"3bc4760b\" data-element_type=\"widget\" data-e-type=\"widget\" data-widget_type=\"text-editor.default\">\n\t\t\t\t<div class=\"elementor-widget-container\">\n\t\t\t\t\t\t\t\t\t<p>Dieses Messinstrument wurde vor vielen Jahren entwickelt und wird in allen Industriesektoren f\u00fcr die Bestimmung der Rauchentwicklung von festen Materialien und Baugruppen in vertikaler Position in einer geschlossenen Kammer verwendet.<\/p>\n<p>Dieses weit verbreitete Messinstrument misst die optische Dichte von Rauch, der von Materialien erzeugt wird, wenn ein flaches Pr\u00fcfmuster mit bis zu 25 mm Dicke vertikal einer Strahlungsquelle von 25 kW\/m\u00b2 in einer geschlossenen Kammer mit oder ohne Z\u00fcndflamme ausgesetzt wird.<\/p>\n<ul>\n<li>Die Untersuchungskammer verf\u00fcgt \u00fcber eine weit zu \u00f6ffnende T\u00fcr, erm\u00f6glicht den leichten Zugang mit Pr\u00fcfmustertr\u00e4gern oder bei der Reinigung.<\/li>\n<li>F\u00fcr einen komfortablen Betrieb sind die Steuerungen neben der Kammer montiert. Bei ge\u00f6ffneter T\u00fcr bestehen keine Hindernisse.<\/li>\n<li>Rauchdichte und Temperatur werden f\u00fcr einfachere Nutzung und h\u00f6herer Genauigkeit digital angezeigt.<\/li>\n<li>Kammerw\u00e4nde werden vorgeheizt, um die Untersuchung zur vereinfachen und den Betrieb des Ger\u00e4tes komfortabler zu gestalten.<\/li>\n<li>Eine Sicherheitswand, die einfach zu ersetzen ist, sorgt bei Verpuffungen f\u00fcr einen sicheren Betrieb.<\/li>\n<li>Schrank mit standardm\u00e4\u00dfiger 19-Zoll-Ablage, um einfach<\/li>\n<li>Cabinet designed with a standard 19&#8243; rack, for simple addition of gas analysers and chart recorder and other control units<\/li>\n<li>Computersoftware ist optional erh\u00e4ltlich.<\/li>\n<\/ul>\n<p class=\"translation-block\">Die Rauchkammer von <span class=\"s1\"><span style=\"color: #f05e23\"><strong>FTT<\/strong><\/span><\/span>\n wurde speziell f\u00fcr m\u00f6gliche \u00c4nderungen entwickelt, um den konischen Strahlungsofen gem\u00e4\u00df ISO 5659 aufnehmen zu k\u00f6nnen, wodurch das Potenzial der NBS Rauchkammer durch variable W\u00e4rmefl\u00fcsse (bis zu 50 kW\/m\u00b2), horizontale Ausrichtung der Pr\u00fcfmuster und der Messung von Massenverlusten der Pr\u00fcfmuster, erweitert werden kann. Dadurch werden ebenfalls die neuesten IMO-Pr\u00fcfprotokolle erf\u00fcllt.<\/p>\n<p><strong>Technische Daten:<\/strong><\/p>\n<p>Abmessungen (m): 1,90 (H) \u00d7 1,63 (B) \u00d7 0,66 (T)<br \/>Power Supply: 110\/230 V &#8211; 50\/60 Hz &#8211; 16A<br \/>Abmessungen der Kammer: 914 mm \u00d7 914 mm \u00d7 610 mm<\/p>\n<p><strong>Software:<\/strong><\/p>\n<p>Instrument Supplied with Software at no extra charge. Software updates provided free of charge.<\/p>\t\t\t\t\t\t\t\t<\/div>\n\t\t\t\t<\/div>\n\t\t\t\t\t<\/div>\n\t\t<\/div>\n\t\t\t\t<div class=\"elementor-column elementor-col-50 elementor-top-column elementor-element elementor-element-a5fb8a2\" data-id=\"a5fb8a2\" data-element_type=\"column\" data-e-type=\"column\">\n\t\t\t<div class=\"elementor-widget-wrap elementor-element-populated\">\n\t\t\t\t\t\t<div class=\"elementor-element elementor-element-66c9a85 elementor-widget elementor-widget-image\" data-id=\"66c9a85\" data-element_type=\"widget\" data-e-type=\"widget\" data-widget_type=\"image.default\">\n\t\t\t\t<div class=\"elementor-widget-container\">\n\t\t\t\t\t\t\t\t\t\t\t\t\t\t\t<img fetchpriority=\"high\" decoding=\"async\" width=\"768\" height=\"857\" src=\"https:\/\/www.fire-testing.com\/wp-content\/uploads\/2020\/09\/Smoke-Density-Chamber-Copy-768x857.jpg\" class=\"attachment-medium_large size-medium_large wp-image-6464\" alt=\"Smoke density chamber for the determination of smoke generated by solid materials.\" srcset=\"https:\/\/www.fire-testing.com\/wp-content\/uploads\/2020\/09\/Smoke-Density-Chamber-Copy-768x857.jpg 768w, https:\/\/www.fire-testing.com\/wp-content\/uploads\/2020\/09\/Smoke-Density-Chamber-Copy-269x300.jpg 269w, https:\/\/www.fire-testing.com\/wp-content\/uploads\/2020\/09\/Smoke-Density-Chamber-Copy-918x1024.jpg 918w, https:\/\/www.fire-testing.com\/wp-content\/uploads\/2020\/09\/Smoke-Density-Chamber-Copy-1377x1536.jpg 1377w, https:\/\/www.fire-testing.com\/wp-content\/uploads\/2020\/09\/Smoke-Density-Chamber-Copy-1836x2048.jpg 1836w\" sizes=\"(max-width: 768px) 100vw, 768px\" \/>\t\t\t\t\t\t\t\t\t\t\t\t\t\t\t<\/div>\n\t\t\t\t<\/div>\n\t\t\t\t<div class=\"elementor-element elementor-element-b641abe elementor-widget elementor-widget-heading\" data-id=\"b641abe\" data-element_type=\"widget\" data-e-type=\"widget\" data-widget_type=\"heading.default\">\n\t\t\t\t<div class=\"elementor-widget-container\">\n\t\t\t\t\t<p class=\"elementor-heading-title elementor-size-default\">Smoke Density Chamber<\/p>\t\t\t\t<\/div>\n\t\t\t\t<\/div>\n\t\t\t\t<div class=\"elementor-element elementor-element-e12d202 elementor-widget elementor-widget-image\" data-id=\"e12d202\" data-element_type=\"widget\" data-e-type=\"widget\" data-widget_type=\"image.default\">\n\t\t\t\t<div class=\"elementor-widget-container\">\n\t\t\t\t\t\t\t\t\t\t\t\t\t\t\t<img decoding=\"async\" width=\"705\" height=\"877\" src=\"https:\/\/www.fire-testing.com\/wp-content\/uploads\/2019\/02\/92-ISO-5659.jpg\" class=\"attachment-medium_large size-medium_large wp-image-1395\" alt=\"ISO 5659\/IMO\" srcset=\"https:\/\/www.fire-testing.com\/wp-content\/uploads\/2019\/02\/92-ISO-5659.jpg 705w, https:\/\/www.fire-testing.com\/wp-content\/uploads\/2019\/02\/92-ISO-5659-600x746.jpg 600w, https:\/\/www.fire-testing.com\/wp-content\/uploads\/2019\/02\/92-ISO-5659-241x300.jpg 241w\" sizes=\"(max-width: 705px) 100vw, 705px\" \/>\t\t\t\t\t\t\t\t\t\t\t\t\t\t\t<\/div>\n\t\t\t\t<\/div>\n\t\t\t\t<div class=\"elementor-element elementor-element-e86da6b elementor-widget elementor-widget-heading\" data-id=\"e86da6b\" data-element_type=\"widget\" data-e-type=\"widget\" data-widget_type=\"heading.default\">\n\t\t\t\t<div class=\"elementor-widget-container\">\n\t\t\t\t\t<p class=\"elementor-heading-title elementor-size-default\">Rauchdichtekammer (horizontaler Test):<br>Ofen mit konischem Heizk\u00f6rper nach (ISO\u00a05659)<\/p>\t\t\t\t<\/div>\n\t\t\t\t<\/div>\n\t\t\t\t<div class=\"elementor-element elementor-element-39bde88 elementor-widget elementor-widget-image\" data-id=\"39bde88\" data-element_type=\"widget\" data-e-type=\"widget\" data-widget_type=\"image.default\">\n\t\t\t\t<div class=\"elementor-widget-container\">\n\t\t\t\t\t\t\t\t\t\t\t\t\t\t\t<img decoding=\"async\" width=\"705\" height=\"877\" src=\"https:\/\/www.fire-testing.com\/wp-content\/uploads\/2019\/02\/92-ASTM-E-662.jpg\" class=\"attachment-medium_large size-medium_large wp-image-1396\" alt=\"ASTM E662 Smoke density chamber FTT\" srcset=\"https:\/\/www.fire-testing.com\/wp-content\/uploads\/2019\/02\/92-ASTM-E-662.jpg 705w, https:\/\/www.fire-testing.com\/wp-content\/uploads\/2019\/02\/92-ASTM-E-662-600x746.jpg 600w, https:\/\/www.fire-testing.com\/wp-content\/uploads\/2019\/02\/92-ASTM-E-662-241x300.jpg 241w\" sizes=\"(max-width: 705px) 100vw, 705px\" \/>\t\t\t\t\t\t\t\t\t\t\t\t\t\t\t<\/div>\n\t\t\t\t<\/div>\n\t\t\t\t<div class=\"elementor-element elementor-element-f1234aa elementor-widget elementor-widget-heading\" data-id=\"f1234aa\" data-element_type=\"widget\" data-e-type=\"widget\" data-widget_type=\"heading.default\">\n\t\t\t\t<div class=\"elementor-widget-container\">\n\t\t\t\t\t<p class=\"elementor-heading-title elementor-size-default\">ASTM E662<\/p>\t\t\t\t<\/div>\n\t\t\t\t<\/div>\n\t\t\t\t\t<\/div>\n\t\t<\/div>\n\t\t\t\t\t<\/div>\n\t\t<\/section>\n\t\t\t\t<section data-particle_enable=\"false\" data-particle-mobile-disabled=\"false\" class=\"elementor-section elementor-top-section elementor-element elementor-element-1072826 elementor-section-boxed elementor-section-height-default elementor-section-height-default\" data-id=\"1072826\" data-element_type=\"section\" data-e-type=\"section\">\n\t\t\t\t\t\t<div class=\"elementor-container elementor-column-gap-default\">\n\t\t\t\t\t<div class=\"elementor-column elementor-col-100 elementor-top-column elementor-element elementor-element-682d8ec\" data-id=\"682d8ec\" data-element_type=\"column\" data-e-type=\"column\">\n\t\t\t<div class=\"elementor-widget-wrap elementor-element-populated\">\n\t\t\t\t\t\t<div class=\"dce-visibility-event elementor-element elementor-element-28a129b elementor-widget elementor-widget-button\" data-id=\"28a129b\" data-element_type=\"widget\" data-e-type=\"widget\" data-settings=\"{&quot;enabled_visibility&quot;:&quot;yes&quot;,&quot;dce_visibility_selected&quot;:&quot;yes&quot;}\" data-widget_type=\"button.default\">\n\t\t\t\t<div class=\"elementor-widget-container\">\n\t\t\t\t\t\t\t\t\t<div class=\"elementor-button-wrapper\">\n\t\t\t\t\t<a class=\"elementor-button elementor-button-link elementor-size-sm\" href=\"https:\/\/fire-testing.com\/de\/login\/\">\n\t\t\t\t\t\t<span class=\"elementor-button-content-wrapper\">\n\t\t\t\t\t\t\t\t\t<span class=\"elementor-button-text\">ANMELDEN\/REGISTRIEREN ZUM HERUNTERLADEN DIESER BROSCH\u00dcRE<\/span>\n\t\t\t\t\t<\/span>\n\t\t\t\t\t<\/a>\n\t\t\t\t<\/div>\n\t\t\t\t\t\t\t\t<\/div>\n\t\t\t\t<\/div>\n\t\t\t\t<div class=\"dce-visibility-event elementor-element elementor-element-21ee640 elementor-widget elementor-widget-button\" data-id=\"21ee640\" data-element_type=\"widget\" data-e-type=\"widget\" data-settings=\"{&quot;enabled_visibility&quot;:&quot;yes&quot;,&quot;dce_visibility_selected&quot;:&quot;yes&quot;}\" data-widget_type=\"button.default\">\n\t\t\t\t<div class=\"elementor-widget-container\">\n\t\t\t\t\t\t\t\t\t<div class=\"elementor-button-wrapper\">\n\t\t\t\t\t<a class=\"elementor-button elementor-button-link elementor-size-sm\" href=\"https:\/\/fire-testing.com\/de\/request-a-brochure\/\">\n\t\t\t\t\t\t<span class=\"elementor-button-content-wrapper\">\n\t\t\t\t\t\t\t\t\t<span class=\"elementor-button-text\">REQUEST TECHNICAL SPECIFICATION<\/span>\n\t\t\t\t\t<\/span>\n\t\t\t\t\t<\/a>\n\t\t\t\t<\/div>\n\t\t\t\t\t\t\t\t<\/div>\n\t\t\t\t<\/div>\n\t\t<!-- dce invisible element e45d6bb -->\t\t\t<\/div>\n\t\t<\/div>\n\t\t\t\t\t<\/div>\n\t\t<\/section>\n\t\t\t\t<\/div>","protected":false},"excerpt":{"rendered":"<p>NBS Smoke Density Chamber BS 6401; ASTM E662; NFPA 258 Options: ISO 5659\/IMO FTP Code Part 2; ATS 1000.001\/ABD0031; NES 711 The Smoke Density Chamber has been established for many years and is used widely in all industrial sectors for the determination of smoke generated by solid materials and assemblies mounted in the vertical position [&hellip;]<\/p>\n","protected":false},"author":142,"featured_media":0,"parent":0,"menu_order":0,"comment_status":"closed","ping_status":"closed","template":"","meta":{"_acf_changed":false,"footnotes":""},"class_list":["post-1390","page","type-page","status-publish","hentry"],"acf":[],"_links":{"self":[{"href":"https:\/\/fire-testing.com\/de\/wp-json\/wp\/v2\/pages\/1390","targetHints":{"allow":["GET"]}}],"collection":[{"href":"https:\/\/fire-testing.com\/de\/wp-json\/wp\/v2\/pages"}],"about":[{"href":"https:\/\/fire-testing.com\/de\/wp-json\/wp\/v2\/types\/page"}],"author":[{"embeddable":true,"href":"https:\/\/fire-testing.com\/de\/wp-json\/wp\/v2\/users\/142"}],"replies":[{"embeddable":true,"href":"https:\/\/fire-testing.com\/de\/wp-json\/wp\/v2\/comments?post=1390"}],"version-history":[{"count":0,"href":"https:\/\/fire-testing.com\/de\/wp-json\/wp\/v2\/pages\/1390\/revisions"}],"wp:attachment":[{"href":"https:\/\/fire-testing.com\/de\/wp-json\/wp\/v2\/media?parent=1390"}],"curies":[{"name":"wp","href":"https:\/\/api.w.org\/{rel}","templated":true}]}}