{"id":1401,"date":"2019-02-18T15:10:00","date_gmt":"2019-02-18T15:10:00","guid":{"rendered":"https:\/\/www.fire-testing.com\/?page_id=1401"},"modified":"2022-08-22T09:24:29","modified_gmt":"2022-08-22T09:24:29","slug":"3-metre-cube","status":"publish","type":"page","link":"https:\/\/fire-testing.com\/de\/3-metre-cube\/","title":{"rendered":"3 Meter Cube-Rauchpr\u00fcfger\u00e4t"},"content":{"rendered":"<div data-elementor-type=\"wp-page\" data-elementor-id=\"1401\" class=\"elementor elementor-1401\" data-elementor-post-type=\"page\">\n\t\t\t\t\t\t<section data-particle_enable=\"false\" data-particle-mobile-disabled=\"false\" class=\"elementor-section elementor-top-section elementor-element elementor-element-bbe12b1 elementor-section-boxed elementor-section-height-default elementor-section-height-default\" data-id=\"bbe12b1\" data-element_type=\"section\" data-e-type=\"section\">\n\t\t\t\t\t\t<div class=\"elementor-container elementor-column-gap-default\">\n\t\t\t\t\t<div class=\"elementor-column elementor-col-50 elementor-top-column elementor-element elementor-element-3ebbac8\" data-id=\"3ebbac8\" data-element_type=\"column\" data-e-type=\"column\">\n\t\t\t<div class=\"elementor-widget-wrap elementor-element-populated\">\n\t\t\t\t\t\t<div class=\"elementor-element elementor-element-fa276b2 elementor-widget elementor-widget-heading\" data-id=\"fa276b2\" data-element_type=\"widget\" data-e-type=\"widget\" data-widget_type=\"heading.default\">\n\t\t\t\t<div class=\"elementor-widget-container\">\n\t\t\t\t\t<h1 class=\"elementor-heading-title elementor-size-default\">3 Meter Cube-Rauchpr\u00fcfger\u00e4t<\/h1>\t\t\t\t<\/div>\n\t\t\t\t<\/div>\n\t\t\t\t<div class=\"elementor-element elementor-element-8435f3e elementor-widget elementor-widget-heading\" data-id=\"8435f3e\" data-element_type=\"widget\" data-e-type=\"widget\" data-widget_type=\"heading.default\">\n\t\t\t\t<div class=\"elementor-widget-container\">\n\t\t\t\t\t<h2 class=\"elementor-heading-title elementor-size-default\">IEC 61034; BS 6853; BS 6724; BS 7622<\/h2>\t\t\t\t<\/div>\n\t\t\t\t<\/div>\n\t\t\t\t<div class=\"elementor-element elementor-element-72e14f3b elementor-widget elementor-widget-text-editor\" data-id=\"72e14f3b\" data-element_type=\"widget\" data-e-type=\"widget\" data-widget_type=\"text-editor.default\">\n\t\t\t\t<div class=\"elementor-widget-container\">\n\t\t\t\t\t\t\t\t\t<p class=\"translation-block\">Der 3 Meter Cube dient zur Messung der Rauchemission beim Brand von Elektrokabeln unter definierten Bedingungen ((EC 61034; BS 6853, BS 6724; BS 7622), z. B. wenige brennende horizontal verlegte Kabel. Das Ger\u00e4t besteht aus einem kubischen Geh\u00e4use und einem photometrischen System.<\/p>\n<p class=\"translation-block\">Diese Einheit wurde erstmals von Londoner Transportwissenschaftlern in England entwickelt. Im Jahr 1990 verwendeten sie einen <span class=\"s1\"><span style=\"color: #f05e23\"><strong>FTT<\/strong><\/span><\/span>\n 3 Meter Cube. Diese Einheiten werden hergestellt, um die bei vielen Elektrokabelpr\u00fcfungen angewendeten Spezifikationen zu erf\u00fcllen. Die Einheit kann als Baukasten f\u00fcr den eigenen Zusammenbau oder vollst\u00e4ndig von <span class=\"s1\"><span style=\"color: #f05e23\"><strong>FTT<\/strong><\/span><\/span>\n-Technikern aufgestellt geliefert werden. Sie wird aus Stahlblech von Zintec hergestellt und kann mit kundenspezifischen Abzugseinrichtungen und vollst\u00e4ndiger Instrumentierung, Gebl\u00e4sen, Gestellen und Muster-Auflagerahmen geliefert werden. Das photometrische System kann separat geliefert werden.<\/p>\n<p><b>Die Einheit besteht aus:<\/b><\/p>\n<ul>\n<li>3 Meter Cube-Bausatz<\/li>\n<li>Photometrisches System, Gestelle und Muster-Auflagerahmen<\/li>\n<li>Abzugsgebl\u00e4se und -kan\u00e4le<\/li>\n<li>Aufzeichnungsger\u00e4t oder Windows Software<\/li>\n<\/ul>\n<p><strong>Funktionen und Vorteile:<\/strong><\/p>\n<ul>\n<li>Das Geh\u00e4use besteht aus Zintec-Stahl mit einer Dicke von 0,8 mm. Der Stahl ist an einem Rahmen befestigt, um die Einheit zu umschlie\u00dfen. Eine T\u00fcr mit einem Fenster, das die Beobachtung erm\u00f6glicht, befindet sich an der Vorderseite des W\u00fcrfels und ist an allen geeigneten Fugen abgedichtet.<\/li>\n<li class=\"translation-block\">In den beiden seitlich gegen\u00fcberliegenden Fl\u00e4chen sind versiegelte Fenster (100 mm x 100 mm) f\u00fcr die \u00dcbertragung des Lichts vom horizontalen photometrischen System (Quelle und Empf\u00e4nger) vorgesehen. Die Fenstermitten befinden sich in einer H\u00f6he von 2,15 m auf dem W\u00fcrfel.<\/li>\n<li>The signal from the photocell is proportional to the transmission of light and is recorded continuously, throughout the test, using a chart recorder or data acquisition system.\u00a0<\/li>\n<li>Die W\u00e4nde des W\u00fcrfels in Bodenn\u00e4he haben \u00d6ffnungen zum atmosph\u00e4rischen Druckausgleich. Um eine Schichtung des Rauchs zu vermeiden, wird die Homogenisierung erreicht, indem auf dem Boden des W\u00fcrfels ein Ventilator angebracht wird, der w\u00e4hrend des gesamten Versuchsverlaufs horizontal bl\u00e4st.<\/li>\n<li>Diese Methode wurde f\u00fcr Elektrokabel entwickelt, kann aber auch an Materialien, Ger\u00e4te und Komponenten angepasst werden.\u00a0\u00a0<\/li>\n<\/ul>\n<p><strong>Software:<\/strong><\/p>\n<p>Instrument Supplied with Software at no extra charge. Software updates provided free of charge.<\/p>\t\t\t\t\t\t\t\t<\/div>\n\t\t\t\t<\/div>\n\t\t\t\t\t<\/div>\n\t\t<\/div>\n\t\t\t\t<div class=\"elementor-column elementor-col-50 elementor-top-column elementor-element elementor-element-7bd85f2\" data-id=\"7bd85f2\" data-element_type=\"column\" data-e-type=\"column\">\n\t\t\t<div class=\"elementor-widget-wrap elementor-element-populated\">\n\t\t\t\t\t\t<div class=\"elementor-element elementor-element-7bce75a elementor-widget elementor-widget-image\" data-id=\"7bce75a\" data-element_type=\"widget\" data-e-type=\"widget\" data-widget_type=\"image.default\">\n\t\t\t\t<div class=\"elementor-widget-container\">\n\t\t\t\t\t\t\t\t\t\t\t\t\t\t\t<img fetchpriority=\"high\" decoding=\"async\" width=\"768\" height=\"768\" src=\"https:\/\/fire-testing.com\/wp-content\/uploads\/2019\/06\/10-3-metre-cube_PIXEL-768x768.jpg\" class=\"attachment-medium_large size-medium_large wp-image-4187\" alt=\"3 Meter Cube-Rauchpr\u00fcfger\u00e4t\" srcset=\"https:\/\/fire-testing.com\/wp-content\/uploads\/2019\/06\/10-3-metre-cube_PIXEL-768x768.jpg 768w, https:\/\/fire-testing.com\/wp-content\/uploads\/2019\/06\/10-3-metre-cube_PIXEL-150x150.jpg 150w, https:\/\/fire-testing.com\/wp-content\/uploads\/2019\/06\/10-3-metre-cube_PIXEL-300x300.jpg 300w, https:\/\/fire-testing.com\/wp-content\/uploads\/2019\/06\/10-3-metre-cube_PIXEL.jpg 800w\" sizes=\"(max-width: 768px) 100vw, 768px\" \/>\t\t\t\t\t\t\t\t\t\t\t\t\t\t\t<\/div>\n\t\t\t\t<\/div>\n\t\t\t\t<div class=\"elementor-element elementor-element-9cd937f elementor-widget elementor-widget-heading\" data-id=\"9cd937f\" data-element_type=\"widget\" data-e-type=\"widget\" data-widget_type=\"heading.default\">\n\t\t\t\t<div class=\"elementor-widget-container\">\n\t\t\t\t\t<p class=\"elementor-heading-title elementor-size-default\">3 Meter Cube-Rauchpr\u00fcfger\u00e4t<\/p>\t\t\t\t<\/div>\n\t\t\t\t<\/div>\n\t\t\t\t\t<\/div>\n\t\t<\/div>\n\t\t\t\t\t<\/div>\n\t\t<\/section>\n\t\t\t\t<section data-particle_enable=\"false\" data-particle-mobile-disabled=\"false\" class=\"elementor-section elementor-top-section elementor-element elementor-element-23347de elementor-section-boxed elementor-section-height-default elementor-section-height-default\" data-id=\"23347de\" data-element_type=\"section\" data-e-type=\"section\">\n\t\t\t\t\t\t<div class=\"elementor-container elementor-column-gap-default\">\n\t\t\t\t\t<div class=\"elementor-column elementor-col-100 elementor-top-column elementor-element elementor-element-e8ada76\" data-id=\"e8ada76\" data-element_type=\"column\" data-e-type=\"column\">\n\t\t\t<div class=\"elementor-widget-wrap elementor-element-populated\">\n\t\t\t\t\t\t<div class=\"dce-visibility-event elementor-element elementor-element-bfae436 elementor-widget elementor-widget-button\" data-id=\"bfae436\" data-element_type=\"widget\" data-e-type=\"widget\" data-settings=\"{&quot;enabled_visibility&quot;:&quot;yes&quot;,&quot;dce_visibility_selected&quot;:&quot;yes&quot;}\" data-widget_type=\"button.default\">\n\t\t\t\t<div class=\"elementor-widget-container\">\n\t\t\t\t\t\t\t\t\t<div class=\"elementor-button-wrapper\">\n\t\t\t\t\t<a class=\"elementor-button elementor-button-link elementor-size-sm\" href=\"https:\/\/fire-testing.com\/de\/login\/\">\n\t\t\t\t\t\t<span class=\"elementor-button-content-wrapper\">\n\t\t\t\t\t\t\t\t\t<span class=\"elementor-button-text\">ANMELDEN\/REGISTRIEREN ZUM HERUNTERLADEN DIESER BROSCH\u00dcRE<\/span>\n\t\t\t\t\t<\/span>\n\t\t\t\t\t<\/a>\n\t\t\t\t<\/div>\n\t\t\t\t\t\t\t\t<\/div>\n\t\t\t\t<\/div>\n\t\t\t\t<div class=\"dce-visibility-event elementor-element elementor-element-a073a8d elementor-widget elementor-widget-button\" data-id=\"a073a8d\" data-element_type=\"widget\" data-e-type=\"widget\" data-settings=\"{&quot;enabled_visibility&quot;:&quot;yes&quot;,&quot;dce_visibility_selected&quot;:&quot;yes&quot;}\" data-widget_type=\"button.default\">\n\t\t\t\t<div class=\"elementor-widget-container\">\n\t\t\t\t\t\t\t\t\t<div class=\"elementor-button-wrapper\">\n\t\t\t\t\t<a class=\"elementor-button elementor-button-link elementor-size-sm\" href=\"https:\/\/fire-testing.com\/de\/request-a-brochure\/\">\n\t\t\t\t\t\t<span class=\"elementor-button-content-wrapper\">\n\t\t\t\t\t\t\t\t\t<span class=\"elementor-button-text\">REQUEST TECHNICAL SPECIFICATION<\/span>\n\t\t\t\t\t<\/span>\n\t\t\t\t\t<\/a>\n\t\t\t\t<\/div>\n\t\t\t\t\t\t\t\t<\/div>\n\t\t\t\t<\/div>\n\t\t<!-- dce invisible element 735c848 -->\t\t\t<\/div>\n\t\t<\/div>\n\t\t\t\t\t<\/div>\n\t\t<\/section>\n\t\t\t\t<\/div>","protected":false},"excerpt":{"rendered":"<p>3 Metre Cube Smoke Density Apparatus IEC 61034; BS 6853; BS 6724; BS 7622 The 3 Metre Cube is used for measuring smoke emission when electric cables are burned under defined conditions (IEC 61034; BS 6853, BS 6724; BS 7622). An example would be a few cables burned horizontally. These units are produced to meet [&hellip;]<\/p>\n","protected":false},"author":142,"featured_media":0,"parent":0,"menu_order":0,"comment_status":"closed","ping_status":"closed","template":"","meta":{"_acf_changed":false,"footnotes":""},"class_list":["post-1401","page","type-page","status-publish","hentry"],"acf":[],"_links":{"self":[{"href":"https:\/\/fire-testing.com\/de\/wp-json\/wp\/v2\/pages\/1401","targetHints":{"allow":["GET"]}}],"collection":[{"href":"https:\/\/fire-testing.com\/de\/wp-json\/wp\/v2\/pages"}],"about":[{"href":"https:\/\/fire-testing.com\/de\/wp-json\/wp\/v2\/types\/page"}],"author":[{"embeddable":true,"href":"https:\/\/fire-testing.com\/de\/wp-json\/wp\/v2\/users\/142"}],"replies":[{"embeddable":true,"href":"https:\/\/fire-testing.com\/de\/wp-json\/wp\/v2\/comments?post=1401"}],"version-history":[{"count":0,"href":"https:\/\/fire-testing.com\/de\/wp-json\/wp\/v2\/pages\/1401\/revisions"}],"wp:attachment":[{"href":"https:\/\/fire-testing.com\/de\/wp-json\/wp\/v2\/media?parent=1401"}],"curies":[{"name":"wp","href":"https:\/\/api.w.org\/{rel}","templated":true}]}}