{"id":1406,"date":"2019-02-18T15:14:31","date_gmt":"2019-02-18T15:14:31","guid":{"rendered":"https:\/\/www.fire-testing.com\/?page_id=1406"},"modified":"2022-10-26T10:13:10","modified_gmt":"2022-10-26T09:13:10","slug":"thermal-acoustic-insulation-flame-propagation-apparatus","status":"publish","type":"page","link":"https:\/\/fire-testing.com\/de\/thermal-acoustic-insulation-flame-propagation-apparatus\/","title":{"rendered":"Flammenausbreitungsapparat mit thermischer\/akustischer Isolierung"},"content":{"rendered":"<div data-elementor-type=\"wp-page\" data-elementor-id=\"1406\" class=\"elementor elementor-1406\" data-elementor-post-type=\"page\">\n\t\t\t\t\t\t<section data-particle_enable=\"false\" data-particle-mobile-disabled=\"false\" class=\"elementor-section elementor-top-section elementor-element elementor-element-b600a4a elementor-section-boxed elementor-section-height-default elementor-section-height-default\" data-id=\"b600a4a\" data-element_type=\"section\" data-e-type=\"section\">\n\t\t\t\t\t\t<div class=\"elementor-container elementor-column-gap-default\">\n\t\t\t\t\t<div class=\"elementor-column elementor-col-50 elementor-top-column elementor-element elementor-element-8135c16\" data-id=\"8135c16\" data-element_type=\"column\" data-e-type=\"column\">\n\t\t\t<div class=\"elementor-widget-wrap elementor-element-populated\">\n\t\t\t\t\t\t<div class=\"elementor-element elementor-element-7a5990a elementor-widget elementor-widget-heading\" data-id=\"7a5990a\" data-element_type=\"widget\" data-e-type=\"widget\" data-widget_type=\"heading.default\">\n\t\t\t\t<div class=\"elementor-widget-container\">\n\t\t\t\t\t<h1 class=\"elementor-heading-title elementor-size-default\">Flammenausbreitungsapparat mit thermischer\/akustischer Isolierung<\/h1>\t\t\t\t<\/div>\n\t\t\t\t<\/div>\n\t\t\t\t<div class=\"elementor-element elementor-element-3a8b3ad elementor-widget elementor-widget-heading\" data-id=\"3a8b3ad\" data-element_type=\"widget\" data-e-type=\"widget\" data-widget_type=\"heading.default\">\n\t\t\t\t<div class=\"elementor-widget-container\">\n\t\t\t\t\t<h2 class=\"elementor-heading-title elementor-size-default\">FAA Aircraft Materials Fire Test Handbook Chapter 23; FAR Part 25 Appendix F Part VI; Airbus AITM 2.0053; Boeing BSS 7365<\/h2>\t\t\t\t<\/div>\n\t\t\t\t<\/div>\n\t\t\t\t<div class=\"elementor-element elementor-element-5f235dbf elementor-widget elementor-widget-text-editor\" data-id=\"5f235dbf\" data-element_type=\"widget\" data-e-type=\"widget\" data-widget_type=\"text-editor.default\">\n\t\t\t\t<div class=\"elementor-widget-container\">\n\t\t\t\t\t\t\t\t\t<p>Diese Pr\u00fcfmethode wird zur Bewertung der Entflammbarkeit und Flammenausbreitungseigenschaften thermischer\/akustischer Isolierung verwendet, wenn sie sowohl einer W\u00e4rmestrahlungsquelle als auch einer Flamme in einer Pr\u00fcfkammer ausgesetzt ist. Die Strahlungsw\u00e4rme wird mit Hilfe eines geneigten elektrischen Panels aufgebracht und auf eine horizontal montierte Probe gerichtet. Das elektrische Panel und der Z\u00fcndbrenner befinden sich in einer Testkammer. Die Seiten, die Enden und die Oberseite der Kammer sind mit einer faserigen Keramikisolierung isoliert. Die Vorderseite besitzt ein zugluftfreies Beobachtungsfenster f\u00fcr hohe Temperaturen.<\/p>\n<p>Unterhalb des Fensters befindet sich eine Schiebeplattform, die es dem Benutzer erm\u00f6glicht, entweder den Kalorimeter-Halterahmen oder das Probenhaltesystem (Halte- und Sicherungsrahmen) einfach einzuf\u00fchren. Die Kammertemperatur wird mit einem Thermoelement \u00fcberwacht und auf einem programmierbaren Messger\u00e4te-LCD angezeigt. Die Testdauer wird mit einem programmierbaren elektronischen LCD-Timer gemessen.<\/p>\t\t\t\t\t\t\t\t<\/div>\n\t\t\t\t<\/div>\n\t\t\t\t\t<\/div>\n\t\t<\/div>\n\t\t\t\t<div class=\"elementor-column elementor-col-50 elementor-top-column elementor-element elementor-element-70cf1a2\" data-id=\"70cf1a2\" data-element_type=\"column\" data-e-type=\"column\">\n\t\t\t<div class=\"elementor-widget-wrap elementor-element-populated\">\n\t\t\t\t\t\t<div class=\"elementor-element elementor-element-98d005c elementor-widget elementor-widget-image\" data-id=\"98d005c\" data-element_type=\"widget\" data-e-type=\"widget\" data-widget_type=\"image.default\">\n\t\t\t\t<div class=\"elementor-widget-container\">\n\t\t\t\t\t\t\t\t\t\t\t\t\t\t\t<img fetchpriority=\"high\" decoding=\"async\" width=\"768\" height=\"768\" src=\"https:\/\/www.fire-testing.com\/wp-content\/uploads\/2019\/02\/33-Thermal-Acoustic-Insulation-Flame-Propagation-Apparatus-FAR-25.856-768x768.jpg\" class=\"attachment-medium_large size-medium_large wp-image-568\" alt=\"Evaluate the flammability and flame propagation characteristics of thermal insulation when exposed to a radiant heat source\" srcset=\"https:\/\/www.fire-testing.com\/wp-content\/uploads\/2019\/02\/33-Thermal-Acoustic-Insulation-Flame-Propagation-Apparatus-FAR-25.856-768x768.jpg 768w, https:\/\/www.fire-testing.com\/wp-content\/uploads\/2019\/02\/33-Thermal-Acoustic-Insulation-Flame-Propagation-Apparatus-FAR-25.856-300x300.jpg 300w, https:\/\/www.fire-testing.com\/wp-content\/uploads\/2019\/02\/33-Thermal-Acoustic-Insulation-Flame-Propagation-Apparatus-FAR-25.856-100x100.jpg 100w, https:\/\/www.fire-testing.com\/wp-content\/uploads\/2019\/02\/33-Thermal-Acoustic-Insulation-Flame-Propagation-Apparatus-FAR-25.856-600x600.jpg 600w, https:\/\/www.fire-testing.com\/wp-content\/uploads\/2019\/02\/33-Thermal-Acoustic-Insulation-Flame-Propagation-Apparatus-FAR-25.856-150x150.jpg 150w, https:\/\/www.fire-testing.com\/wp-content\/uploads\/2019\/02\/33-Thermal-Acoustic-Insulation-Flame-Propagation-Apparatus-FAR-25.856.jpg 800w\" sizes=\"(max-width: 768px) 100vw, 768px\" \/>\t\t\t\t\t\t\t\t\t\t\t\t\t\t\t<\/div>\n\t\t\t\t<\/div>\n\t\t\t\t<div class=\"elementor-element elementor-element-181d8ba elementor-widget elementor-widget-heading\" data-id=\"181d8ba\" data-element_type=\"widget\" data-e-type=\"widget\" data-widget_type=\"heading.default\">\n\t\t\t\t<div class=\"elementor-widget-container\">\n\t\t\t\t\t<p class=\"elementor-heading-title elementor-size-default\">Flammenausbreitungsapparat mit thermischer\/akustischer Isolierung<\/p>\t\t\t\t<\/div>\n\t\t\t\t<\/div>\n\t\t\t\t<div class=\"elementor-element elementor-element-67b56c6 elementor-widget elementor-widget-image\" data-id=\"67b56c6\" data-element_type=\"widget\" data-e-type=\"widget\" data-widget_type=\"image.default\">\n\t\t\t\t<div class=\"elementor-widget-container\">\n\t\t\t\t\t\t\t\t\t\t\t\t\t\t\t<img decoding=\"async\" width=\"768\" height=\"554\" src=\"https:\/\/www.fire-testing.com\/wp-content\/uploads\/2019\/02\/03-support-image-768x554.jpg\" class=\"attachment-medium_large size-medium_large wp-image-1091\" alt=\"flooring radiant panel fire testing test\" srcset=\"https:\/\/www.fire-testing.com\/wp-content\/uploads\/2019\/02\/03-support-image-768x554.jpg 768w, https:\/\/www.fire-testing.com\/wp-content\/uploads\/2019\/02\/03-support-image-600x432.jpg 600w, https:\/\/www.fire-testing.com\/wp-content\/uploads\/2019\/02\/03-support-image-300x216.jpg 300w, https:\/\/www.fire-testing.com\/wp-content\/uploads\/2019\/02\/03-support-image-1024x738.jpg 1024w, https:\/\/www.fire-testing.com\/wp-content\/uploads\/2019\/02\/03-support-image.jpg 1289w\" sizes=\"(max-width: 768px) 100vw, 768px\" \/>\t\t\t\t\t\t\t\t\t\t\t\t\t\t\t<\/div>\n\t\t\t\t<\/div>\n\t\t\t\t<div class=\"elementor-element elementor-element-e0f0a28 elementor-widget elementor-widget-heading\" data-id=\"e0f0a28\" data-element_type=\"widget\" data-e-type=\"widget\" data-widget_type=\"heading.default\">\n\t\t\t\t<div class=\"elementor-widget-container\">\n\t\t\t\t\t<p class=\"elementor-heading-title elementor-size-default\">Schwenkbarer Zugang zum Pr\u00fcfbereich \u00fcber eine T\u00fcr mit 2 Positionen, Beobachtungsfenster und Schiebeplattform<\/p>\t\t\t\t<\/div>\n\t\t\t\t<\/div>\n\t\t\t\t\t<\/div>\n\t\t<\/div>\n\t\t\t\t\t<\/div>\n\t\t<\/section>\n\t\t\t\t<section data-particle_enable=\"false\" data-particle-mobile-disabled=\"false\" class=\"elementor-section elementor-top-section elementor-element elementor-element-5023585 elementor-section-boxed elementor-section-height-default elementor-section-height-default\" data-id=\"5023585\" data-element_type=\"section\" data-e-type=\"section\">\n\t\t\t\t\t\t<div class=\"elementor-container elementor-column-gap-default\">\n\t\t\t\t\t<div class=\"elementor-column elementor-col-100 elementor-top-column elementor-element elementor-element-36fbcee\" data-id=\"36fbcee\" data-element_type=\"column\" data-e-type=\"column\">\n\t\t\t<div class=\"elementor-widget-wrap elementor-element-populated\">\n\t\t\t\t\t\t<div class=\"dce-visibility-event elementor-element elementor-element-3a76915 elementor-widget elementor-widget-button\" data-id=\"3a76915\" data-element_type=\"widget\" data-e-type=\"widget\" data-settings=\"{&quot;enabled_visibility&quot;:&quot;yes&quot;,&quot;dce_visibility_selected&quot;:&quot;yes&quot;}\" data-widget_type=\"button.default\">\n\t\t\t\t<div class=\"elementor-widget-container\">\n\t\t\t\t\t\t\t\t\t<div class=\"elementor-button-wrapper\">\n\t\t\t\t\t<a class=\"elementor-button elementor-button-link elementor-size-sm\" href=\"https:\/\/fire-testing.com\/de\/login\/\">\n\t\t\t\t\t\t<span class=\"elementor-button-content-wrapper\">\n\t\t\t\t\t\t\t\t\t<span class=\"elementor-button-text\">ANMELDEN\/REGISTRIEREN ZUM HERUNTERLADEN DIESER BROSCH\u00dcRE<\/span>\n\t\t\t\t\t<\/span>\n\t\t\t\t\t<\/a>\n\t\t\t\t<\/div>\n\t\t\t\t\t\t\t\t<\/div>\n\t\t\t\t<\/div>\n\t\t\t\t<div class=\"dce-visibility-event elementor-element elementor-element-7699b38 elementor-widget elementor-widget-button\" data-id=\"7699b38\" data-element_type=\"widget\" data-e-type=\"widget\" data-settings=\"{&quot;enabled_visibility&quot;:&quot;yes&quot;,&quot;dce_visibility_selected&quot;:&quot;yes&quot;}\" data-widget_type=\"button.default\">\n\t\t\t\t<div class=\"elementor-widget-container\">\n\t\t\t\t\t\t\t\t\t<div class=\"elementor-button-wrapper\">\n\t\t\t\t\t<a class=\"elementor-button elementor-button-link elementor-size-sm\" href=\"https:\/\/fire-testing.com\/de\/request-a-brochure\/\">\n\t\t\t\t\t\t<span class=\"elementor-button-content-wrapper\">\n\t\t\t\t\t\t\t\t\t<span class=\"elementor-button-text\">REQUEST TECHNICAL SPECIFICATION<\/span>\n\t\t\t\t\t<\/span>\n\t\t\t\t\t<\/a>\n\t\t\t\t<\/div>\n\t\t\t\t\t\t\t\t<\/div>\n\t\t\t\t<\/div>\n\t\t<!-- dce invisible element 8e6d8ab -->\t\t\t<\/div>\n\t\t<\/div>\n\t\t\t\t\t<\/div>\n\t\t<\/section>\n\t\t\t\t<\/div>","protected":false},"excerpt":{"rendered":"<p>Thermal\/Acoustic Insulation Flame Propagation Apparatus FAA Aircraft Materials Fire Test Handbook Chapter 23; FAR Part 25 Appendix F Part VI; Airbus AITM 2.0053; Boeing BSS 7365 This test method is used to evaluate the flammability and flame propagation characteristics of thermal\/acoustic insulation when exposed to both a radiant heat source and flame in a test [&hellip;]<\/p>\n","protected":false},"author":142,"featured_media":0,"parent":0,"menu_order":0,"comment_status":"closed","ping_status":"closed","template":"","meta":{"_acf_changed":false,"footnotes":""},"class_list":["post-1406","page","type-page","status-publish","hentry"],"acf":[],"_links":{"self":[{"href":"https:\/\/fire-testing.com\/de\/wp-json\/wp\/v2\/pages\/1406","targetHints":{"allow":["GET"]}}],"collection":[{"href":"https:\/\/fire-testing.com\/de\/wp-json\/wp\/v2\/pages"}],"about":[{"href":"https:\/\/fire-testing.com\/de\/wp-json\/wp\/v2\/types\/page"}],"author":[{"embeddable":true,"href":"https:\/\/fire-testing.com\/de\/wp-json\/wp\/v2\/users\/142"}],"replies":[{"embeddable":true,"href":"https:\/\/fire-testing.com\/de\/wp-json\/wp\/v2\/comments?post=1406"}],"version-history":[{"count":0,"href":"https:\/\/fire-testing.com\/de\/wp-json\/wp\/v2\/pages\/1406\/revisions"}],"wp:attachment":[{"href":"https:\/\/fire-testing.com\/de\/wp-json\/wp\/v2\/media?parent=1406"}],"curies":[{"name":"wp","href":"https:\/\/api.w.org\/{rel}","templated":true}]}}