{"id":1423,"date":"2019-02-18T16:18:03","date_gmt":"2019-02-18T16:18:03","guid":{"rendered":"https:\/\/www.fire-testing.com\/?page_id=1423"},"modified":"2022-08-08T09:10:46","modified_gmt":"2022-08-08T09:10:46","slug":"horizontal-vertical-flame-chamber","status":"publish","type":"page","link":"https:\/\/fire-testing.com\/de\/horizontal-vertical-flame-chamber\/","title":{"rendered":"Horizontal\/Vertical Flame Chamber UL 94"},"content":{"rendered":"<div data-elementor-type=\"wp-page\" data-elementor-id=\"1423\" class=\"elementor elementor-1423\" data-elementor-post-type=\"page\">\n\t\t\t\t\t\t<section data-particle_enable=\"false\" data-particle-mobile-disabled=\"false\" class=\"elementor-section elementor-top-section elementor-element elementor-element-1dd8051 elementor-section-boxed elementor-section-height-default elementor-section-height-default\" data-id=\"1dd8051\" data-element_type=\"section\" data-e-type=\"section\">\n\t\t\t\t\t\t<div class=\"elementor-container elementor-column-gap-default\">\n\t\t\t\t\t<div class=\"elementor-column elementor-col-50 elementor-top-column elementor-element elementor-element-aebef81\" data-id=\"aebef81\" data-element_type=\"column\" data-e-type=\"column\">\n\t\t\t<div class=\"elementor-widget-wrap elementor-element-populated\">\n\t\t\t\t\t\t<div class=\"elementor-element elementor-element-1f4acad elementor-widget elementor-widget-heading\" data-id=\"1f4acad\" data-element_type=\"widget\" data-e-type=\"widget\" data-widget_type=\"heading.default\">\n\t\t\t\t<div class=\"elementor-widget-container\">\n\t\t\t\t\t<h1 class=\"elementor-heading-title elementor-size-default\">Horizontale\/Vertikale Flammkammer<\/h1>\t\t\t\t<\/div>\n\t\t\t\t<\/div>\n\t\t\t\t<div class=\"elementor-element elementor-element-a3be6fb elementor-widget elementor-widget-heading\" data-id=\"a3be6fb\" data-element_type=\"widget\" data-e-type=\"widget\" data-widget_type=\"heading.default\">\n\t\t\t\t<div class=\"elementor-widget-container\">\n\t\t\t\t\t<h2 class=\"elementor-heading-title elementor-size-default\">UL 94 Chamber<\/h2>\t\t\t\t<\/div>\n\t\t\t\t<\/div>\n\t\t\t\t<div class=\"elementor-element elementor-element-25960216 elementor-widget elementor-widget-text-editor\" data-id=\"25960216\" data-element_type=\"widget\" data-e-type=\"widget\" data-widget_type=\"text-editor.default\">\n\t\t\t\t<div class=\"elementor-widget-container\">\n\t\t\t\t\t\t\t\t\t<p>The <strong>FTT<\/strong> UL 94 Chamber tests are conducted on plastic materials to measure flammability characteristics, giving a preliminary indication of their suitability for a particular application. The apparatus is supplied as a complete system incorporating all the features necessary for ease of use and safety.\u00a0<\/p>\n<p>Alle f\u00fcnf horizontalen und vertikalen Brennertests erfolgen gem\u00e4\u00df UL 94 und den damit in Verbindung stehenden internationalen ASTM-Normen. Diese sind:<\/p>\n<ul>\n<li class=\"translation-block\">Horizontaler Brandversuch; UL 94HB (ASTM D 635, IEC 60695-11-10, IEC 60707, ISO 1210).<\/li>\n<li class=\"translation-block\">Vertikaler Brandversuch: UL 94 V-0, V-1, oder V-2 (ASTM D 3801, IEC 60695-11-10, IEC 60707, ISO 1210).<\/li>\n<li class=\"translation-block\">500 W (125mm) Vertikaler Brandversuch:: 5VA oder 5VB (ASTM D 5048, IEC 60695-11-20, IEC 60707, ISO 9772).<\/li>\n<li class=\"translation-block\">IEC 60707, ISO 9772).\nVertikaler Brandversuch mit d\u00fcnnem Material: VTM-0, VTM-1, oder VTM-2 (ASTM D 4804, ISO 9773).<\/li>\n<li class=\"translation-block\">Vertikaler Schaumstoff-Brandversuch: HF- 1, HF-2 oder HBF (ASTM D 4986, ISO 9772).<\/li>\n<li class=\"translation-block\">Brenner (ASTM D 5025, ASTM D 5207, ISO 10093, ISO 103351)<\/li>\n<\/ul>\n<p><b>Merkmale:<\/b><\/p>\n<ul>\n<li class=\"translation-block\">Eine auf einer Bank montierte zugfreie Verbrennungskammer mit einem Innenvolumen von 1,0 m\u00b3 und ausgestattet mit Innenbeleuchtung und Abzugsgebl\u00e4se, um ein einfaches Absaugen der Verbrennungsprodukte zu erm\u00f6glichen.<\/li>\n<li>Gr\u00f6\u00dfe T\u00fcr und Fenster aus geh\u00e4rtetem Sicherheitsglas gew\u00e4hrt eine gro\u00dfz\u00fcgige Sicht auf die Pr\u00fcfmuster w\u00e4hrend der Untersuchung.<\/li>\n<li>Pr\u00fcfmusterhalter.<\/li>\n<li>Voll einstellbare horizontale und vertikale Pr\u00fcfmusterhalter.<\/li>\n<li class=\"translation-block\">Zwei Zug\u00e4nge erm\u00f6glichen den einfachen Zugang zur Kammer, um Brenner und Pr\u00fcfmuster zu bewegen<\/li>\n<li>Eine Brennerfl\u00fcgelspitze.<\/li>\n<li>Drei digitale Versuchszeitentimer f\u00fcr genauen, aber vereinfachten Betrieb.<\/li>\n<\/ul>\n<p class=\"translation-block\"><span class=\"s1\"><b>Option:<br><\/b><\/span><span class=\"s1\">Burner calibration kit, conforming to <a href=\"https:\/\/www.astm.org\/Standards\/D5207.htm\" target=\"_self\">ASTM D5207<\/a>.<\/span><\/p>\t\t\t\t\t\t\t\t<\/div>\n\t\t\t\t<\/div>\n\t\t\t\t\t<\/div>\n\t\t<\/div>\n\t\t\t\t<div class=\"elementor-column elementor-col-50 elementor-top-column elementor-element elementor-element-919abdc\" data-id=\"919abdc\" data-element_type=\"column\" data-e-type=\"column\">\n\t\t\t<div class=\"elementor-widget-wrap elementor-element-populated\">\n\t\t\t\t\t\t<div class=\"elementor-element elementor-element-51d3623 elementor-widget elementor-widget-image\" data-id=\"51d3623\" data-element_type=\"widget\" data-e-type=\"widget\" data-widget_type=\"image.default\">\n\t\t\t\t<div class=\"elementor-widget-container\">\n\t\t\t\t\t\t\t\t\t\t\t\t\t\t\t<img fetchpriority=\"high\" decoding=\"async\" width=\"768\" height=\"768\" src=\"https:\/\/www.fire-testing.com\/wp-content\/uploads\/2019\/06\/77-UL-94-new-version_ANALOGUE_PIXEL-768x768.jpg\" class=\"attachment-medium_large size-medium_large wp-image-4256\" alt=\"Horizontale\/Vertikale Flammkammer\" srcset=\"https:\/\/www.fire-testing.com\/wp-content\/uploads\/2019\/06\/77-UL-94-new-version_ANALOGUE_PIXEL-768x768.jpg 768w, https:\/\/www.fire-testing.com\/wp-content\/uploads\/2019\/06\/77-UL-94-new-version_ANALOGUE_PIXEL-150x150.jpg 150w, https:\/\/www.fire-testing.com\/wp-content\/uploads\/2019\/06\/77-UL-94-new-version_ANALOGUE_PIXEL-300x300.jpg 300w, https:\/\/www.fire-testing.com\/wp-content\/uploads\/2019\/06\/77-UL-94-new-version_ANALOGUE_PIXEL.jpg 800w\" sizes=\"(max-width: 768px) 100vw, 768px\" \/>\t\t\t\t\t\t\t\t\t\t\t\t\t\t\t<\/div>\n\t\t\t\t<\/div>\n\t\t\t\t<div class=\"elementor-element elementor-element-e10799f elementor-widget elementor-widget-heading\" data-id=\"e10799f\" data-element_type=\"widget\" data-e-type=\"widget\" data-widget_type=\"heading.default\">\n\t\t\t\t<div class=\"elementor-widget-container\">\n\t\t\t\t\t<p class=\"elementor-heading-title elementor-size-default\">Horizontale\/Vertikale Flammkammer<\/p>\t\t\t\t<\/div>\n\t\t\t\t<\/div>\n\t\t\t\t\t<\/div>\n\t\t<\/div>\n\t\t\t\t\t<\/div>\n\t\t<\/section>\n\t\t\t\t<section data-particle_enable=\"false\" data-particle-mobile-disabled=\"false\" class=\"elementor-section elementor-top-section elementor-element elementor-element-e2eadd1 elementor-section-boxed elementor-section-height-default elementor-section-height-default\" data-id=\"e2eadd1\" data-element_type=\"section\" data-e-type=\"section\">\n\t\t\t\t\t\t<div class=\"elementor-container elementor-column-gap-default\">\n\t\t\t\t\t<div class=\"elementor-column elementor-col-100 elementor-top-column elementor-element elementor-element-9f9d963\" data-id=\"9f9d963\" data-element_type=\"column\" data-e-type=\"column\">\n\t\t\t<div class=\"elementor-widget-wrap elementor-element-populated\">\n\t\t\t\t\t\t<div class=\"dce-visibility-event elementor-element elementor-element-37944d6 elementor-widget elementor-widget-button\" data-id=\"37944d6\" data-element_type=\"widget\" data-e-type=\"widget\" data-settings=\"{&quot;enabled_visibility&quot;:&quot;yes&quot;,&quot;dce_visibility_selected&quot;:&quot;yes&quot;}\" data-widget_type=\"button.default\">\n\t\t\t\t<div class=\"elementor-widget-container\">\n\t\t\t\t\t\t\t\t\t<div class=\"elementor-button-wrapper\">\n\t\t\t\t\t<a class=\"elementor-button elementor-button-link elementor-size-sm\" href=\"https:\/\/fire-testing.com\/de\/login\/\">\n\t\t\t\t\t\t<span class=\"elementor-button-content-wrapper\">\n\t\t\t\t\t\t\t\t\t<span class=\"elementor-button-text\">ANMELDEN\/REGISTRIEREN ZUM HERUNTERLADEN DIESER BROSCH\u00dcRE<\/span>\n\t\t\t\t\t<\/span>\n\t\t\t\t\t<\/a>\n\t\t\t\t<\/div>\n\t\t\t\t\t\t\t\t<\/div>\n\t\t\t\t<\/div>\n\t\t\t\t<div class=\"dce-visibility-event elementor-element elementor-element-71d84e4 elementor-widget elementor-widget-button\" data-id=\"71d84e4\" data-element_type=\"widget\" data-e-type=\"widget\" data-settings=\"{&quot;enabled_visibility&quot;:&quot;yes&quot;,&quot;dce_visibility_selected&quot;:&quot;yes&quot;}\" data-widget_type=\"button.default\">\n\t\t\t\t<div class=\"elementor-widget-container\">\n\t\t\t\t\t\t\t\t\t<div class=\"elementor-button-wrapper\">\n\t\t\t\t\t<a class=\"elementor-button elementor-button-link elementor-size-sm\" href=\"https:\/\/fire-testing.com\/de\/request-a-brochure\/\">\n\t\t\t\t\t\t<span class=\"elementor-button-content-wrapper\">\n\t\t\t\t\t\t\t\t\t<span class=\"elementor-button-text\">REQUEST TECHNICAL SPECIFICATION<\/span>\n\t\t\t\t\t<\/span>\n\t\t\t\t\t<\/a>\n\t\t\t\t<\/div>\n\t\t\t\t\t\t\t\t<\/div>\n\t\t\t\t<\/div>\n\t\t<!-- dce invisible element 6cf8dc7 -->\t\t\t<\/div>\n\t\t<\/div>\n\t\t\t\t\t<\/div>\n\t\t<\/section>\n\t\t\t\t<\/div>","protected":false},"excerpt":{"rendered":"<p>Horizontal\/Vertical Flame Chamber UL 94 Chamber The FTT UL 94 Chamber tests are conducted on plastic materials to measure flammability characteristics, giving a preliminary indication of their suitability for a particular application. The apparatus is supplied as a complete system incorporating all the features necessary for ease of use and safety.\u00a0 It also conforms to [&hellip;]<\/p>\n","protected":false},"author":142,"featured_media":0,"parent":0,"menu_order":0,"comment_status":"closed","ping_status":"closed","template":"","meta":{"_acf_changed":false,"footnotes":""},"class_list":["post-1423","page","type-page","status-publish","hentry"],"acf":[],"_links":{"self":[{"href":"https:\/\/fire-testing.com\/de\/wp-json\/wp\/v2\/pages\/1423","targetHints":{"allow":["GET"]}}],"collection":[{"href":"https:\/\/fire-testing.com\/de\/wp-json\/wp\/v2\/pages"}],"about":[{"href":"https:\/\/fire-testing.com\/de\/wp-json\/wp\/v2\/types\/page"}],"author":[{"embeddable":true,"href":"https:\/\/fire-testing.com\/de\/wp-json\/wp\/v2\/users\/142"}],"replies":[{"embeddable":true,"href":"https:\/\/fire-testing.com\/de\/wp-json\/wp\/v2\/comments?post=1423"}],"version-history":[{"count":0,"href":"https:\/\/fire-testing.com\/de\/wp-json\/wp\/v2\/pages\/1423\/revisions"}],"wp:attachment":[{"href":"https:\/\/fire-testing.com\/de\/wp-json\/wp\/v2\/media?parent=1423"}],"curies":[{"name":"wp","href":"https:\/\/api.w.org\/{rel}","templated":true}]}}