{"id":2002,"date":"2019-04-24T18:58:58","date_gmt":"2019-04-24T18:58:58","guid":{"rendered":"https:\/\/www.fire-testing.com\/?page_id=2002"},"modified":"2025-05-22T14:45:34","modified_gmt":"2025-05-22T13:45:34","slug":"contact","status":"publish","type":"page","link":"https:\/\/fire-testing.com\/de\/contact\/","title":{"rendered":"Contact"},"content":{"rendered":"<div data-elementor-type=\"wp-page\" data-elementor-id=\"2002\" class=\"elementor elementor-2002\" data-elementor-post-type=\"page\">\n\t\t\t\t\t\t<section data-particle_enable=\"false\" data-particle-mobile-disabled=\"false\" class=\"elementor-section elementor-top-section elementor-element elementor-element-0e8f39d elementor-section-boxed elementor-section-height-default elementor-section-height-default\" data-id=\"0e8f39d\" data-element_type=\"section\" data-e-type=\"section\">\n\t\t\t\t\t\t<div class=\"elementor-container elementor-column-gap-default\">\n\t\t\t\t\t<div class=\"elementor-column elementor-col-100 elementor-top-column elementor-element elementor-element-7219c84\" data-id=\"7219c84\" data-element_type=\"column\" data-e-type=\"column\">\n\t\t\t<div class=\"elementor-widget-wrap elementor-element-populated\">\n\t\t\t\t\t\t<div class=\"elementor-element elementor-element-06e0657 elementor-widget elementor-widget-heading\" data-id=\"06e0657\" data-element_type=\"widget\" data-e-type=\"widget\" data-widget_type=\"heading.default\">\n\t\t\t\t<div class=\"elementor-widget-container\">\n\t\t\t\t\t<h1 class=\"elementor-heading-title elementor-size-default\">Kontakt<\/h1>\t\t\t\t<\/div>\n\t\t\t\t<\/div>\n\t\t\t\t<div class=\"elementor-element elementor-element-b82eb0a elementor-widget elementor-widget-text-editor\" data-id=\"b82eb0a\" data-element_type=\"widget\" data-e-type=\"widget\" data-widget_type=\"text-editor.default\">\n\t\t\t\t<div class=\"elementor-widget-container\">\n\t\t\t\t\t\t\t\t\tKontaktieren Sie uns jetzt, um uns Ihr Feedback zu unseren Produkten mitzuteilen oder wenn wir etwas f\u00fcr Sie tun k\u00f6nnen. Rufen Sie uns unter den unten auf dieser Seite angegebenen Nummern an, oder f\u00fcllen Sie das Kontaktformular aus. Besuchen Sie f\u00fcr alle aktuellen Nachrichten unsere Social Media Links.\t\t\t\t\t\t\t\t<\/div>\n\t\t\t\t<\/div>\n\t\t\t\t<div class=\"elementor-element elementor-element-9e7c1c4 elementor-shape-circle elementor-grid-0 e-grid-align-center elementor-widget elementor-widget-social-icons\" data-id=\"9e7c1c4\" data-element_type=\"widget\" data-e-type=\"widget\" data-widget_type=\"social-icons.default\">\n\t\t\t\t<div class=\"elementor-widget-container\">\n\t\t\t\t\t\t\t<div class=\"elementor-social-icons-wrapper elementor-grid\">\n\t\t\t\t\t\t\t<span class=\"elementor-grid-item\">\n\t\t\t\t\t<a class=\"elementor-icon elementor-social-icon elementor-social-icon-linkedin-in elementor-repeater-item-9304290\" href=\"https:\/\/www.linkedin.com\/company\/fire-testing-technology\/\" target=\"_blank\" rel=\"noopener\">\n\t\t\t\t\t\t<span class=\"elementor-screen-only\">Linkedin-in<\/span>\n\t\t\t\t\t\t<svg aria-hidden=\"true\" class=\"e-font-icon-svg e-fab-linkedin-in\" viewbox=\"0 0 448 512\" xmlns=\"http:\/\/www.w3.org\/2000\/svg\"><path d=\"M100.28 448H7.4V148.9h92.88zM53.79 108.1C24.09 108.1 0 83.5 0 53.8a53.79 53.79 0 0 1 107.58 0c0 29.7-24.1 54.3-53.79 54.3zM447.9 448h-92.68V302.4c0-34.7-.7-79.2-48.29-79.2-48.29 0-55.69 37.7-55.69 76.7V448h-92.78V148.9h89.08v40.8h1.3c12.4-23.5 42.69-48.3 87.88-48.3 94 0 111.28 61.9 111.28 142.3V448z\"><\/path><\/svg>\t\t\t\t\t<\/a>\n\t\t\t\t<\/span>\n\t\t\t\t\t<\/div>\n\t\t\t\t\t\t<\/div>\n\t\t\t\t<\/div>\n\t\t\t\t\t<\/div>\n\t\t<\/div>\n\t\t\t\t\t<\/div>\n\t\t<\/section>\n\t\t\t\t<section data-particle_enable=\"false\" data-particle-mobile-disabled=\"false\" class=\"elementor-section elementor-top-section elementor-element elementor-element-51b3436 elementor-section-full_width elementor-section-height-min-height elementor-section-height-default elementor-section-items-middle\" data-id=\"51b3436\" data-element_type=\"section\" data-e-type=\"section\">\n\t\t\t\t\t\t<div class=\"elementor-container elementor-column-gap-no\">\n\t\t\t\t\t<div class=\"elementor-column elementor-col-100 elementor-top-column elementor-element elementor-element-299c639\" data-id=\"299c639\" data-element_type=\"column\" data-e-type=\"column\">\n\t\t\t<div class=\"elementor-widget-wrap elementor-element-populated\">\n\t\t\t\t\t\t<div class=\"elementor-element elementor-element-c159afc elementor-widget elementor-widget-google_maps\" data-id=\"c159afc\" data-element_type=\"widget\" data-e-type=\"widget\" data-widget_type=\"google_maps.default\">\n\t\t\t\t<div class=\"elementor-widget-container\">\n\t\t\t\t\t\t\t<div class=\"elementor-custom-embed\">\n\t\t\t<iframe loading=\"lazy\"\n\t\t\t\t\tsrc=\"https:\/\/maps.google.com\/maps?q=Fire%20Testing%20Technology%2C%20Unit%2019%2C%20Charlwoods%20Road%2C%20East%20Grinstead%2C%20West%20Sussex%2C%20RH19%202HL&#038;t=m&#038;z=16&#038;output=embed&#038;iwloc=near\"\n\t\t\t\t\ttitle=\"Fire Testing Technology, Unit 19, Charlwoods Road, East Grinstead, West Sussex, RH19 2HL\"\n\t\t\t\t\taria-label=\"Fire Testing Technology, Unit 19, Charlwoods Road, East Grinstead, West Sussex, RH19 2HL\"\n\t\t\t><\/iframe>\n\t\t<\/div>\n\t\t\t\t\t\t<\/div>\n\t\t\t\t<\/div>\n\t\t\t\t\t<\/div>\n\t\t<\/div>\n\t\t\t\t\t<\/div>\n\t\t<\/section>\n\t\t\t\t<\/div>","protected":false},"excerpt":{"rendered":"<p>Contact us Contact us now to share your feedback on our products or if there is anything we could do for you. Call us on the numbers shown at the bottom of this page, or complete the contact form. For all our latest news visit our social media links. Linkedin-in<\/p>","protected":false},"author":142,"featured_media":0,"parent":0,"menu_order":0,"comment_status":"closed","ping_status":"closed","template":"","meta":{"_acf_changed":false,"footnotes":""},"class_list":["post-2002","page","type-page","status-publish","hentry"],"acf":[],"_links":{"self":[{"href":"https:\/\/fire-testing.com\/de\/wp-json\/wp\/v2\/pages\/2002","targetHints":{"allow":["GET"]}}],"collection":[{"href":"https:\/\/fire-testing.com\/de\/wp-json\/wp\/v2\/pages"}],"about":[{"href":"https:\/\/fire-testing.com\/de\/wp-json\/wp\/v2\/types\/page"}],"author":[{"embeddable":true,"href":"https:\/\/fire-testing.com\/de\/wp-json\/wp\/v2\/users\/142"}],"replies":[{"embeddable":true,"href":"https:\/\/fire-testing.com\/de\/wp-json\/wp\/v2\/comments?post=2002"}],"version-history":[{"count":0,"href":"https:\/\/fire-testing.com\/de\/wp-json\/wp\/v2\/pages\/2002\/revisions"}],"wp:attachment":[{"href":"https:\/\/fire-testing.com\/de\/wp-json\/wp\/v2\/media?parent=2002"}],"curies":[{"name":"wp","href":"https:\/\/api.w.org\/{rel}","templated":true}]}}