{"id":2316,"date":"2019-05-03T14:52:23","date_gmt":"2019-05-03T14:52:23","guid":{"rendered":"https:\/\/www.fire-testing.com\/?page_id=2316"},"modified":"2021-02-02T11:05:23","modified_gmt":"2021-02-02T11:05:23","slug":"bs","status":"publish","type":"page","link":"https:\/\/fire-testing.com\/de\/bs\/","title":{"rendered":"BS"},"content":{"rendered":"<h2>\n\t\t\tNach Industriestandard ausw\u00e4hlen\n\t\t<\/h2>\n\t   \t<ul id=\"menu-industry-standard\"><li id=\"menu-item-2312\"><a href=\"https:\/\/fire-testing.com\/de\/astm-fire-standards\/\" tabindex=\"0\" role=\"link\">ASTM<\/a><\/li>\n<li id=\"menu-item-2318\"><a href=\"https:\/\/fire-testing.com\/de\/bs\/\" aria-current=\"page\" tabindex=\"0\" role=\"link\">BS<\/a><\/li>\n<li id=\"menu-item-2324\"><a href=\"https:\/\/www.fire-testing.com\/en\/\" tabindex=\"0\" role=\"link\">EN<\/a><\/li>\n<li id=\"menu-item-2328\"><a href=\"https:\/\/fire-testing.com\/de\/iec\/\" tabindex=\"0\" role=\"link\">IEC<\/a><\/li>\n<li id=\"menu-item-2332\"><a href=\"https:\/\/fire-testing.com\/de\/iso\/\" tabindex=\"0\" role=\"link\">ISO<\/a><\/li>\n<li id=\"menu-item-2336\"><a href=\"https:\/\/fire-testing.com\/de\/ul\/\" tabindex=\"0\" role=\"link\">UL<\/a><\/li>\n<li id=\"menu-item-2340\"><a href=\"https:\/\/fire-testing.com\/de\/other\/\" tabindex=\"0\" role=\"link\">Other<\/a><\/li>\n<\/ul>\n\t\t\t\t\t\t\t\t\t<a href=\"https:\/\/fire-testing.com\/de\/the-cone-calorimeter-icone-2-plus\/\" target=\"_self\" itemprop=\"url\" rel=\"noopener noreferrer\">\n\t\t\t\t\t\t\t\t\t\t<img decoding=\"async\" src=\"https:\/\/www.fire-testing.com\/wp-content\/uploads\/2019\/06\/18-iCone2_rebrand.jpg\" alt=\"icone 2 plus by ftt\" itemprop=\"image\">\n\t\t\t\t\t\t\t\t\t\t\t\t\t\t\t<\/a>\n\t\t\t\t\t\t\t\t\t\t\t\t\t\t\t\t\t\t\t\t\t\t\t<a href=\"https:\/\/fire-testing.com\/de\/the-cone-calorimeter-icone-2-plus\/\" target=\"_self\" itemprop=\"url\" rel=\"noopener noreferrer\">\n\t\t\t\t\t\t\t\t\t\t<em><strong>i<\/strong><\/em>Cone<em>\u00b2\u207a<\/em> Kalorimeter\n\t\t\t\t\t\t\t\t\t\t\t<\/a>\n\t\t\t\t\t\t\t\t\t<a href=\"https:\/\/fire-testing.com\/de\/icone-mini-and-icone-classic-calorimeters\/\" target=\"_self\" itemprop=\"url\" rel=\"noopener noreferrer\">\n\t\t\t\t\t\t\t\t\t\t<img decoding=\"async\" src=\"https:\/\/www.fire-testing.com\/wp-content\/uploads\/2019\/06\/18-iCone-Mini_rebrand_PIXEL.jpg\" alt=\"iCone mini Calorimeter\" itemprop=\"image\">\n\t\t\t\t\t\t\t\t\t\t\t\t\t\t\t<\/a>\n\t\t\t\t\t\t\t\t\t\t\t\t\t\t\t\t\t\t\t\t\t\t\t<a href=\"https:\/\/fire-testing.com\/de\/icone-mini-and-icone-classic-calorimeters\/\" target=\"_self\" itemprop=\"url\" rel=\"noopener noreferrer\">\n\t\t\t\t\t\t\t\t\t\t<em><strong>i<\/strong><\/em>Cone\u202f<em>mini<\/em>\n\t\t\t\t\t\t\t\t\t\t\t<\/a>\n\t\t\t\t\t\t\t\t\t<a href=\"https:\/\/fire-testing.com\/de\/icone-mini-and-icone-classic-calorimeters\/\" target=\"_self\" itemprop=\"url\" rel=\"noopener noreferrer\">\n\t\t\t\t\t\t\t\t\t\t<img decoding=\"async\" src=\"https:\/\/www.fire-testing.com\/wp-content\/uploads\/2019\/06\/18-iCone-Classic_rebrand_PIXEL.jpg\" alt=\"iCone classic Calorimeter\" itemprop=\"image\">\n\t\t\t\t\t\t\t\t\t\t\t\t\t\t\t<\/a>\n\t\t\t\t\t\t\t\t\t\t\t\t\t\t\t\t\t\t\t\t\t\t\t<a href=\"https:\/\/fire-testing.com\/de\/icone-mini-and-icone-classic-calorimeters\/\" target=\"_self\" itemprop=\"url\" rel=\"noopener noreferrer\">\n\t\t\t\t\t\t\t\t\t\t<em><strong>i<\/strong><\/em>Cone\u202f<em>classic<\/em>\n\t\t\t\t\t\t\t\t\t\t\t<\/a>\n\t\t\t\t\t\t\t\t\t<a href=\"https:\/\/fire-testing.com\/de\/oxygen-index\/\" target=\"_self\" itemprop=\"url\" rel=\"noopener noreferrer\">\n\t\t\t\t\t\t\t\t\t\t<img decoding=\"async\" src=\"https:\/\/www.fire-testing.com\/wp-content\/uploads\/2019\/04\/20-oxygen-index-new.jpg\" alt=\"Determination of flammability by oxygen index\" itemprop=\"image\">\n\t\t\t\t\t\t\t\t\t\t\t\t\t\t\t<\/a>\n\t\t\t\t\t\t\t\t\t\t\t\t\t\t\t\t\t\t\t\t\t\t\t<a href=\"https:\/\/fire-testing.com\/de\/oxygen-index\/\" target=\"_self\" itemprop=\"url\" rel=\"noopener noreferrer\">\n\t\t\t\t\t\t\t\t\t\tSauerstoffindex-Messger\u00e4t\n\t\t\t\t\t\t\t\t\t\t\t<\/a>\n\t\t\t\t\t\t\t\t\t<a href=\"https:\/\/fire-testing.com\/de\/horizontal-fire-resistance-test-furnace\/\" target=\"_self\" itemprop=\"url\" rel=\"noopener noreferrer\">\n\t\t\t\t\t\t\t\t\t\t<img decoding=\"async\" src=\"https:\/\/www.fire-testing.com\/wp-content\/uploads\/2019\/06\/86-Horizontal-Fire-Resistance-Test-Furnace_PIXEL_LINK.jpg\" alt=\"horizontal fire resistance test furnace\" itemprop=\"image\">\n\t\t\t\t\t\t\t\t\t\t\t\t\t\t\t<\/a>\n\t\t\t\t\t\t\t\t\t\t\t\t\t\t\t\t\t\t\t\t\t\t\t<a href=\"https:\/\/fire-testing.com\/de\/horizontal-fire-resistance-test-furnace\/\" target=\"_self\" itemprop=\"url\" rel=\"noopener noreferrer\">\n\t\t\t\t\t\t\t\t\t\tDeckenpr\u00fcfofen\n\t\t\t\t\t\t\t\t\t\t\t<\/a>\n\t\t\t\t\t\t\t\t\t<a href=\"https:\/\/fire-testing.com\/de\/ignitability-apparatus\/\" target=\"_self\" itemprop=\"url\" rel=\"noopener noreferrer\">\n\t\t\t\t\t\t\t\t\t\t<img decoding=\"async\" src=\"https:\/\/www.fire-testing.com\/wp-content\/uploads\/2019\/06\/79-Ignitability-Apparatus_PIXEL_LINK.jpg\" alt=\"ignitability apparatus iso 5657\" itemprop=\"image\">\n\t\t\t\t\t\t\t\t\t\t\t\t\t\t\t<\/a>\n\t\t\t\t\t\t\t\t\t\t\t\t\t\t\t\t\t\t\t\t\t\t\t<a href=\"https:\/\/fire-testing.com\/de\/ignitability-apparatus\/\" target=\"_self\" itemprop=\"url\" rel=\"noopener noreferrer\">\n\t\t\t\t\t\t\t\t\t\tApparat zur Pr\u00fcfung der Entz\u00fcndbarkeit\n\t\t\t\t\t\t\t\t\t\t\t<\/a>\n\t\t\t\t\t\t\t\t\t<a href=\"https:\/\/fire-testing.com\/de\/nbs-smoke-density-chamber\/\" target=\"_self\" itemprop=\"url\" rel=\"noopener noreferrer\">\n\t\t\t\t\t\t\t\t\t\t<img decoding=\"async\" src=\"https:\/\/www.fire-testing.com\/wp-content\/uploads\/2019\/06\/92-NBS-Smoke-Density-Chamber_PIXEL.jpg\" alt=\"NBS Rauchidichtekammer\" itemprop=\"image\">\n\t\t\t\t\t\t\t\t\t\t\t\t\t\t\t<\/a>\n\t\t\t\t\t\t\t\t\t\t\t\t\t\t\t\t\t\t\t\t\t\t\t<a href=\"https:\/\/fire-testing.com\/de\/nbs-smoke-density-chamber\/\" target=\"_self\" itemprop=\"url\" rel=\"noopener noreferrer\">\n\t\t\t\t\t\t\t\t\t\tNBS Rauchidichtekammer\n\t\t\t\t\t\t\t\t\t\t\t<\/a>\n\t\t\t\t\t\t\t\t\t<a href=\"https:\/\/fire-testing.com\/de\/92-smoke-density-chamber-horizontal-test\/\" target=\"_self\" itemprop=\"url\" rel=\"noopener noreferrer\">\n\t\t\t\t\t\t\t\t\t\t<img decoding=\"async\" src=\"https:\/\/www.fire-testing.com\/wp-content\/uploads\/2019\/05\/92-ISO-5659_product.jpg\" alt=\"Rauchdichtekammer (Horizontaler Test) \u2013 Konischer Heizofen\" itemprop=\"image\">\n\t\t\t\t\t\t\t\t\t\t\t\t\t\t\t<\/a>\n\t\t\t\t\t\t\t\t\t\t\t\t\t\t\t\t\t\t\t\t\t\t\t<a href=\"https:\/\/fire-testing.com\/de\/92-smoke-density-chamber-horizontal-test\/\" target=\"_self\" itemprop=\"url\" rel=\"noopener noreferrer\">\n\t\t\t\t\t\t\t\t\t\tRauchdichtekammer (Horizontaler Test) \u2013 Konischer Heizofen\n\t\t\t\t\t\t\t\t\t\t\t<\/a>\n\t\t\t\t\t\t\t\t\t<a href=\"https:\/\/fire-testing.com\/de\/large-scale-vertical-fire-resistance-test-furnace\/\" target=\"_self\" itemprop=\"url\" rel=\"noopener noreferrer\">\n\t\t\t\t\t\t\t\t\t\t<img decoding=\"async\" src=\"https:\/\/www.fire-testing.com\/wp-content\/uploads\/2019\/06\/88-Large-Scale-Vertical-Fire-Resistance_PIXEL_LINK.jpg\" alt=\"Vertical fire resistance test furnace\" itemprop=\"image\">\n\t\t\t\t\t\t\t\t\t\t\t\t\t\t\t<\/a>\n\t\t\t\t\t\t\t\t\t\t\t\t\t\t\t\t\t\t\t\t\t\t\t<a href=\"https:\/\/fire-testing.com\/de\/large-scale-vertical-fire-resistance-test-furnace\/\" target=\"_self\" itemprop=\"url\" rel=\"noopener noreferrer\">\n\t\t\t\t\t\t\t\t\t\tGro\u00dfvolumiger, hydraulisch kippbarer Feuerwiderstandsversuchsofen f\u00fcr vertikale und horizontale Pr\u00fcfmuster\n\t\t\t\t\t\t\t\t\t\t\t<\/a>\n\t\t\t\t\t\t\t\t\t<a href=\"https:\/\/fire-testing.com\/de\/3-metre-cube-smoke-density-apparatus\/\" target=\"_self\" itemprop=\"url\" rel=\"noopener noreferrer\">\n\t\t\t\t\t\t\t\t\t\t<img decoding=\"async\" src=\"https:\/\/www.fire-testing.com\/wp-content\/uploads\/2019\/06\/10-3-metre-cube_PIXEL.jpg\" alt=\"3 Meter Cube-Rauchpr\u00fcfger\u00e4t\" itemprop=\"image\">\n\t\t\t\t\t\t\t\t\t\t\t\t\t\t\t<\/a>\n\t\t\t\t\t\t\t\t\t\t\t\t\t\t\t\t\t\t\t\t\t\t\t<a href=\"https:\/\/fire-testing.com\/de\/3-metre-cube-smoke-density-apparatus\/\" target=\"_self\" itemprop=\"url\" rel=\"noopener noreferrer\">\n\t\t\t\t\t\t\t\t\t\t3 Meter Cube-Rauchpr\u00fcfger\u00e4t\n\t\t\t\t\t\t\t\t\t\t\t<\/a>\n\t\t\t\t\t\t\t\t\t<a href=\"https:\/\/fire-testing.com\/de\/circuit-integrity-under-fire-conditions-apparatus\/\" target=\"_self\" itemprop=\"url\" rel=\"noopener noreferrer\">\n\t\t\t\t\t\t\t\t\t\t<img decoding=\"async\" src=\"https:\/\/www.fire-testing.com\/wp-content\/uploads\/2019\/06\/12-BS-6387-LOWER.jpg\" alt=\"Apparat f\u00fcr Integrit\u00e4t von Schaltkreisen unter Brandbedingungen\" itemprop=\"image\">\n\t\t\t\t\t\t\t\t\t\t\t\t\t\t\t<\/a>\n\t\t\t\t\t\t\t\t\t\t\t\t\t\t\t\t\t\t\t\t\t\t\t<a href=\"https:\/\/fire-testing.com\/de\/circuit-integrity-under-fire-conditions-apparatus\/\" target=\"_self\" itemprop=\"url\" rel=\"noopener noreferrer\">\n\t\t\t\t\t\t\t\t\t\tApparat f\u00fcr Integrit\u00e4t von Schaltkreisen unter Brandbedingungen\n\t\t\t\t\t\t\t\t\t\t\t<\/a>\n\t\t\t\t\t\t\t\t\t<a href=\"https:\/\/fire-testing.com\/de\/room-corner-test\/\" target=\"_self\" itemprop=\"url\" rel=\"noopener noreferrer\">\n\t\t\t\t\t\t\t\t\t\t<img decoding=\"async\" src=\"https:\/\/www.fire-testing.com\/wp-content\/uploads\/2019\/06\/22-room-corner-test_link_PIXEL_LINK.jpg\" alt=\"Gro\u00dfkalium Sauerstoffverbrauch Kalorimetrie\" itemprop=\"image\">\n\t\t\t\t\t\t\t\t\t\t\t\t\t\t\t<\/a>\n\t\t\t\t\t\t\t\t\t\t\t\t\t\t\t\t\t\t\t\t\t\t\t<a href=\"https:\/\/fire-testing.com\/de\/room-corner-test\/\" target=\"_self\" itemprop=\"url\" rel=\"noopener noreferrer\">\n\t\t\t\t\t\t\t\t\t\tGro\u00dfkalium Sauerstoffverbrauch Kalorimetrie\n\t\t\t\t\t\t\t\t\t\t\t<\/a>\n\t\t\t\t\t\t\t\t\t<a href=\"https:\/\/fire-testing.com\/de\/furniture-calorimeter\/\" target=\"_self\" itemprop=\"url\" rel=\"noopener noreferrer\">\n\t\t\t\t\t\t\t\t\t\t<img decoding=\"async\" src=\"https:\/\/www.fire-testing.com\/wp-content\/uploads\/2019\/06\/22-furniture-calirometer_PIXEL_LINK.jpg\" alt=\"M\u00f6belkalorimeter\" itemprop=\"image\">\n\t\t\t\t\t\t\t\t\t\t\t\t\t\t\t<\/a>\n\t\t\t\t\t\t\t\t\t\t\t\t\t\t\t\t\t\t\t\t\t\t\t<a href=\"https:\/\/fire-testing.com\/de\/furniture-calorimeter\/\" target=\"_self\" itemprop=\"url\" rel=\"noopener noreferrer\">\n\t\t\t\t\t\t\t\t\t\tM\u00f6belkalorimeter\n\t\t\t\t\t\t\t\t\t\t\t<\/a>","protected":false},"excerpt":{"rendered":"","protected":false},"author":142,"featured_media":0,"parent":0,"menu_order":0,"comment_status":"closed","ping_status":"closed","template":"","meta":{"_acf_changed":false,"footnotes":""},"class_list":["post-2316","page","type-page","status-publish","hentry"],"acf":[],"_links":{"self":[{"href":"https:\/\/fire-testing.com\/de\/wp-json\/wp\/v2\/pages\/2316","targetHints":{"allow":["GET"]}}],"collection":[{"href":"https:\/\/fire-testing.com\/de\/wp-json\/wp\/v2\/pages"}],"about":[{"href":"https:\/\/fire-testing.com\/de\/wp-json\/wp\/v2\/types\/page"}],"author":[{"embeddable":true,"href":"https:\/\/fire-testing.com\/de\/wp-json\/wp\/v2\/users\/142"}],"replies":[{"embeddable":true,"href":"https:\/\/fire-testing.com\/de\/wp-json\/wp\/v2\/comments?post=2316"}],"version-history":[{"count":0,"href":"https:\/\/fire-testing.com\/de\/wp-json\/wp\/v2\/pages\/2316\/revisions"}],"wp:attachment":[{"href":"https:\/\/fire-testing.com\/de\/wp-json\/wp\/v2\/media?parent=2316"}],"curies":[{"name":"wp","href":"https:\/\/api.w.org\/{rel}","templated":true}]}}