{"id":2325,"date":"2019-05-03T14:58:07","date_gmt":"2019-05-03T14:58:07","guid":{"rendered":"https:\/\/www.fire-testing.com\/?page_id=2325"},"modified":"2019-11-02T20:07:15","modified_gmt":"2019-11-02T20:07:15","slug":"iec","status":"publish","type":"page","link":"https:\/\/fire-testing.com\/de\/iec\/","title":{"rendered":"IEC"},"content":{"rendered":"<h2>\n\t\t\tNach Industriestandard ausw\u00e4hlen\n\t\t<\/h2>\n\t   \t<ul id=\"menu-industry-standard\"><li id=\"menu-item-2312\"><a href=\"https:\/\/fire-testing.com\/de\/astm-fire-standards\/\" tabindex=\"0\" role=\"link\">ASTM<\/a><\/li>\n<li id=\"menu-item-2318\"><a href=\"https:\/\/fire-testing.com\/de\/bs\/\" tabindex=\"0\" role=\"link\">BS<\/a><\/li>\n<li id=\"menu-item-2324\"><a href=\"https:\/\/www.fire-testing.com\/en\/\" tabindex=\"0\" role=\"link\">EN<\/a><\/li>\n<li id=\"menu-item-2328\"><a href=\"https:\/\/fire-testing.com\/de\/iec\/\" tabindex=\"0\" role=\"link\">IEC<\/a><\/li>\n<li id=\"menu-item-2332\"><a href=\"https:\/\/fire-testing.com\/de\/iso\/\" tabindex=\"0\" role=\"link\">ISO<\/a><\/li>\n<li id=\"menu-item-2336\"><a href=\"https:\/\/fire-testing.com\/de\/ul\/\" tabindex=\"0\" role=\"link\">UL<\/a><\/li>\n<li id=\"menu-item-2340\"><a href=\"https:\/\/fire-testing.com\/de\/other\/\" tabindex=\"0\" role=\"link\">Other<\/a><\/li>\n<\/ul>\n\t\t\t\t\t\t\t\t\t<a href=\"https:\/\/fire-testing.com\/de\/3-metre-cube-smoke-density-apparatus\/\" target=\"_self\" itemprop=\"url\" rel=\"noopener noreferrer\">\n\t\t\t\t\t\t\t\t\t\t<img decoding=\"async\" src=\"https:\/\/www.fire-testing.com\/wp-content\/uploads\/2019\/06\/10-3-metre-cube_PIXEL_LINK.jpg\" alt=\"3 Meter Cube-Rauchpr\u00fcfger\u00e4t\" itemprop=\"image\"  \/>\n\t\t\t\t\t\t\t\t\t\t\t\t\t\t\t<\/a>\n\t\t\t\t\t\t\t\t\t\t\t\t\t\t\t\t\t\t\t\t\t\t\t<a href=\"https:\/\/fire-testing.com\/de\/3-metre-cube-smoke-density-apparatus\/\" target=\"_self\" itemprop=\"url\" rel=\"noopener noreferrer\">\n\t\t\t\t\t\t\t\t\t\t3 Meter Cube-Rauchpr\u00fcfger\u00e4t\n\t\t\t\t\t\t\t\t\t\t\t<\/a>\n\t\t\t\t\t\t\t\t\t<a href=\"https:\/\/fire-testing.com\/de\/corrosion-test-apparatus\/\" target=\"_self\" itemprop=\"url\" rel=\"noopener noreferrer\">\n\t\t\t\t\t\t\t\t\t\t<img decoding=\"async\" src=\"https:\/\/www.fire-testing.com\/wp-content\/uploads\/2019\/06\/11-EN-61034IEC-60754-Part-1-2-PIXEL_LINK.jpg\" alt=\"Korrosionspr\u00fcfger\u00e4t\" itemprop=\"image\"  \/>\n\t\t\t\t\t\t\t\t\t\t\t\t\t\t\t<\/a>\n\t\t\t\t\t\t\t\t\t\t\t\t\t\t\t\t\t\t\t\t\t\t\t<a href=\"https:\/\/fire-testing.com\/de\/corrosion-test-apparatus\/\" target=\"_self\" itemprop=\"url\" rel=\"noopener noreferrer\">\n\t\t\t\t\t\t\t\t\t\tKorrosionspr\u00fcfger\u00e4t\n\t\t\t\t\t\t\t\t\t\t\t<\/a>\n\t\t\t\t\t\t\t\t\t<a href=\"https:\/\/fire-testing.com\/de\/fire-resisting-characteristics-of-electrical-cables-apparatus\/\" target=\"_self\" itemprop=\"url\" rel=\"noopener noreferrer\">\n\t\t\t\t\t\t\t\t\t\t<img decoding=\"async\" src=\"https:\/\/www.fire-testing.com\/wp-content\/uploads\/2019\/06\/12B-Fire-Resisting-Characteristics-of-Electrical-Cables-Apparatus-IEC-60331_PIXEL_LINK.jpg\" alt=\"Pr\u00fcfger\u00e4t f\u00fcr Feuerwiderstandseigenschaften von Elektrokabeln\" itemprop=\"image\"  \/>\n\t\t\t\t\t\t\t\t\t\t\t\t\t\t\t<\/a>\n\t\t\t\t\t\t\t\t\t\t\t\t\t\t\t\t\t\t\t\t\t\t\t<a href=\"https:\/\/fire-testing.com\/de\/fire-resisting-characteristics-of-electrical-cables-apparatus\/\" target=\"_self\" itemprop=\"url\" rel=\"noopener noreferrer\">\n\t\t\t\t\t\t\t\t\t\tPr\u00fcfger\u00e4t f\u00fcr Feuerwiderstandseigenschaften von Elektrokabeln\n\t\t\t\t\t\t\t\t\t\t\t<\/a>\n\t\t\t\t\t\t\t\t\t<a href=\"https:\/\/fire-testing.com\/de\/flame-propagation-test-for-a-single-insulated-cable\/\" target=\"_self\" itemprop=\"url\" rel=\"noopener noreferrer\">\n\t\t\t\t\t\t\t\t\t\t<img decoding=\"async\" src=\"https:\/\/www.fire-testing.com\/wp-content\/uploads\/2019\/06\/08-Flame-Progation-Single-Wire_PIXEL_LINK.jpg\" alt=\"Flammenausbreitungstest f\u00fcr ein einzelnes isoliertes Kabel\" itemprop=\"image\"  \/>\n\t\t\t\t\t\t\t\t\t\t\t\t\t\t\t<\/a>\n\t\t\t\t\t\t\t\t\t\t\t\t\t\t\t\t\t\t\t\t\t\t\t<a href=\"https:\/\/fire-testing.com\/de\/flame-propagation-test-for-a-single-insulated-cable\/\" target=\"_self\" itemprop=\"url\" rel=\"noopener noreferrer\">\n\t\t\t\t\t\t\t\t\t\tFlammenausbreitungstest f\u00fcr ein einzelnes isoliertes Kabel\n\t\t\t\t\t\t\t\t\t\t\t<\/a>\n\t\t\t\t\t\t\t\t\t<a href=\"https:\/\/fire-testing.com\/de\/burning-behaviour-of-bunched-cables\/\" target=\"_self\" itemprop=\"url\" rel=\"noopener noreferrer\">\n\t\t\t\t\t\t\t\t\t\t<img decoding=\"async\" src=\"https:\/\/www.fire-testing.com\/wp-content\/uploads\/2019\/06\/07-EN-60332-3_PIXEL_LINK.jpg\" alt=\"Brandverhalten von Kabelb\u00fcndeln\" itemprop=\"image\"  \/>\n\t\t\t\t\t\t\t\t\t\t\t\t\t\t\t<\/a>\n\t\t\t\t\t\t\t\t\t\t\t\t\t\t\t\t\t\t\t\t\t\t\t<a href=\"https:\/\/fire-testing.com\/de\/burning-behaviour-of-bunched-cables\/\" target=\"_self\" itemprop=\"url\" rel=\"noopener noreferrer\">\n\t\t\t\t\t\t\t\t\t\tBrandverhalten von Kabelb\u00fcndeln\n\t\t\t\t\t\t\t\t\t\t\t<\/a>","protected":false},"excerpt":{"rendered":"","protected":false},"author":142,"featured_media":0,"parent":0,"menu_order":0,"comment_status":"closed","ping_status":"closed","template":"","meta":{"_acf_changed":false,"footnotes":""},"class_list":["post-2325","page","type-page","status-publish","hentry"],"acf":[],"_links":{"self":[{"href":"https:\/\/fire-testing.com\/de\/wp-json\/wp\/v2\/pages\/2325","targetHints":{"allow":["GET"]}}],"collection":[{"href":"https:\/\/fire-testing.com\/de\/wp-json\/wp\/v2\/pages"}],"about":[{"href":"https:\/\/fire-testing.com\/de\/wp-json\/wp\/v2\/types\/page"}],"author":[{"embeddable":true,"href":"https:\/\/fire-testing.com\/de\/wp-json\/wp\/v2\/users\/142"}],"replies":[{"embeddable":true,"href":"https:\/\/fire-testing.com\/de\/wp-json\/wp\/v2\/comments?post=2325"}],"version-history":[{"count":0,"href":"https:\/\/fire-testing.com\/de\/wp-json\/wp\/v2\/pages\/2325\/revisions"}],"wp:attachment":[{"href":"https:\/\/fire-testing.com\/de\/wp-json\/wp\/v2\/media?parent=2325"}],"curies":[{"name":"wp","href":"https:\/\/api.w.org\/{rel}","templated":true}]}}