{"id":4018,"date":"2019-06-17T13:27:26","date_gmt":"2019-06-17T13:27:26","guid":{"rendered":"https:\/\/www.fire-testing.com\/?page_id=4018"},"modified":"2022-08-02T14:48:57","modified_gmt":"2022-08-02T14:48:57","slug":"spares","status":"publish","type":"page","link":"https:\/\/fire-testing.com\/de\/spares\/","title":{"rendered":"SPARES"},"content":{"rendered":"<div data-elementor-type=\"wp-page\" data-elementor-id=\"4018\" class=\"elementor elementor-4018\" data-elementor-post-type=\"page\">\n\t\t\t\t\t\t<section data-particle_enable=\"false\" data-particle-mobile-disabled=\"false\" class=\"elementor-section elementor-top-section elementor-element elementor-element-aa71fe0 elementor-section-boxed elementor-section-height-default elementor-section-height-default\" data-id=\"aa71fe0\" data-element_type=\"section\" data-e-type=\"section\">\n\t\t\t\t\t\t<div class=\"elementor-container elementor-column-gap-default\">\n\t\t\t\t\t<div class=\"elementor-column elementor-col-100 elementor-top-column elementor-element elementor-element-d693502\" data-id=\"d693502\" data-element_type=\"column\" data-e-type=\"column\">\n\t\t\t<div class=\"elementor-widget-wrap elementor-element-populated\">\n\t\t\t\t\t\t<div class=\"elementor-element elementor-element-312fd86 elementor-widget elementor-widget-heading\" data-id=\"312fd86\" data-element_type=\"widget\" data-e-type=\"widget\" data-widget_type=\"heading.default\">\n\t\t\t\t<div class=\"elementor-widget-container\">\n\t\t\t\t\t<h1 class=\"elementor-heading-title elementor-size-default\">Ersatzteile<\/h1>\t\t\t\t<\/div>\n\t\t\t\t<\/div>\n\t\t\t\t<div class=\"elementor-element elementor-element-5e05dab elementor-widget elementor-widget-text-editor\" data-id=\"5e05dab\" data-element_type=\"widget\" data-e-type=\"widget\" data-widget_type=\"text-editor.default\">\n\t\t\t\t<div class=\"elementor-widget-container\">\n\t\t\t\t\t\t\t\t\t<p class=\"translation-block\">Um schnelle und e\ufb03ziente Wartung und Instandhaltung zu gew\u00e4hrleisten, halten wir ein gro\u00dfes Ersatzteillager f\u00fcr alle Produkte des <span style=\"color: #f05e23\"><strong>FTT<\/strong><\/span>-Sortiments vorr\u00e4tig. Viele Ersatzteile k\u00f6nnen auch mit anderen Designs verwendet werden, einschlie\u00dflich derer, die Forscher selbst entwickelt haben. Diese k\u00f6nnen von unseren Technikern installiert oder an Kunden f\u00fcr deren eigene Anwendung geliefert werden.<\/p>\t\t\t\t\t\t\t\t<\/div>\n\t\t\t\t<\/div>\n\t\t\t\t<div class=\"elementor-element elementor-element-0c99040 eael-table-align-center eael-dt-th-align-left elementor-widget elementor-widget-eael-data-table\" data-id=\"0c99040\" data-element_type=\"widget\" data-e-type=\"widget\" data-widget_type=\"eael-data-table.default\">\n\t\t\t\t<div class=\"elementor-widget-container\">\n\t\t\t\t\t<div class=\"eael-protected-content\"><div class=\"eael-protected-content-message\"><style>.elementor-8453 .elementor-element.elementor-element-62643132{margin-top:10px;margin-bottom:10px;}.elementor-8453 .elementor-element.elementor-element-2b90893d .elementor-button{background-color:var( --e-global-color-2297df3 );font-family:\"Barlow\", Sans-serif;font-weight:400;text-transform:uppercase;fill:var( --e-global-color-text );color:var( --e-global-color-text );border-style:solid;border-width:1px 1px 1px 1px;border-color:var( --e-global-color-text );}.elementor-8453 .elementor-element.elementor-element-2b90893d .elementor-button:hover, .elementor-8453 .elementor-element.elementor-element-2b90893d .elementor-button:focus{background-color:var( --e-global-color-primary );color:var( --e-global-color-2297df3 );border-color:var( --e-global-color-primary );}.elementor-8453 .elementor-element.elementor-element-2b90893d .elementor-button:hover svg, .elementor-8453 .elementor-element.elementor-element-2b90893d .elementor-button:focus svg{fill:var( --e-global-color-2297df3 );}<\/style>\t\t<div data-elementor-type=\"section\" data-elementor-id=\"8453\" class=\"elementor elementor-8453\" data-elementor-post-type=\"elementor_library\">\n\t\t\t\t\t<section data-particle_enable=\"false\" data-particle-mobile-disabled=\"false\" class=\"elementor-section elementor-top-section elementor-element elementor-element-62643132 elementor-section-boxed elementor-section-height-default elementor-section-height-default\" data-id=\"62643132\" data-element_type=\"section\" data-e-type=\"section\">\n\t\t\t\t\t\t<div class=\"elementor-container elementor-column-gap-default\">\n\t\t\t\t\t<div class=\"elementor-column elementor-col-100 elementor-top-column elementor-element elementor-element-57b08486\" data-id=\"57b08486\" data-element_type=\"column\" data-e-type=\"column\">\n\t\t\t<div class=\"elementor-widget-wrap elementor-element-populated\">\n\t\t\t\t\t\t<div class=\"elementor-element elementor-element-2b90893d elementor-widget elementor-widget-button\" data-id=\"2b90893d\" data-element_type=\"widget\" data-e-type=\"widget\" data-widget_type=\"button.default\">\n\t\t\t\t<div class=\"elementor-widget-container\">\n\t\t\t\t\t\t\t\t\t<div class=\"elementor-button-wrapper\">\n\t\t\t\t\t<a class=\"elementor-button elementor-button-link elementor-size-sm\" href=\"https:\/\/www.fire-testing.com\/de\/login\/\">\n\t\t\t\t\t\t<span class=\"elementor-button-content-wrapper\">\n\t\t\t\t\t\t\t\t\t<span class=\"elementor-button-text\">Login \/Register To Download  Spares PDF<\/span>\n\t\t\t\t\t<\/span>\n\t\t\t\t\t<\/a>\n\t\t\t\t<\/div>\n\t\t\t\t\t\t\t\t<\/div>\n\t\t\t\t<\/div>\n\t\t\t\t\t<\/div>\n\t\t<\/div>\n\t\t\t\t\t<\/div>\n\t\t<\/section>\n\t\t\t\t<\/div>\n\t\t<\/div><\/div>\t\t\t\t<\/div>\n\t\t\t\t<\/div>\n\t\t\t\t\t<\/div>\n\t\t<\/div>\n\t\t\t\t\t<\/div>\n\t\t<\/section>\n\t\t\t\t<\/div>","protected":false},"excerpt":{"rendered":"<p>Spares In order to provide fast and efficient servicing and maintenance we hold a large stock of spare parts for all products in the FTT range. Many of these can also be used with other designs including those that some researchers have developed in house. These can be fitted by our engineers or mailed to [&hellip;]<\/p>\n","protected":false},"author":142,"featured_media":0,"parent":0,"menu_order":0,"comment_status":"closed","ping_status":"closed","template":"","meta":{"_acf_changed":false,"footnotes":""},"class_list":["post-4018","page","type-page","status-publish","hentry"],"acf":[],"_links":{"self":[{"href":"https:\/\/fire-testing.com\/de\/wp-json\/wp\/v2\/pages\/4018","targetHints":{"allow":["GET"]}}],"collection":[{"href":"https:\/\/fire-testing.com\/de\/wp-json\/wp\/v2\/pages"}],"about":[{"href":"https:\/\/fire-testing.com\/de\/wp-json\/wp\/v2\/types\/page"}],"author":[{"embeddable":true,"href":"https:\/\/fire-testing.com\/de\/wp-json\/wp\/v2\/users\/142"}],"replies":[{"embeddable":true,"href":"https:\/\/fire-testing.com\/de\/wp-json\/wp\/v2\/comments?post=4018"}],"version-history":[{"count":0,"href":"https:\/\/fire-testing.com\/de\/wp-json\/wp\/v2\/pages\/4018\/revisions"}],"wp:attachment":[{"href":"https:\/\/fire-testing.com\/de\/wp-json\/wp\/v2\/media?parent=4018"}],"curies":[{"name":"wp","href":"https:\/\/api.w.org\/{rel}","templated":true}]}}