{"id":5545,"date":"2019-11-08T11:26:04","date_gmt":"2019-11-08T11:26:04","guid":{"rendered":"https:\/\/www.fire-testing.com\/?page_id=5545"},"modified":"2022-08-23T08:19:58","modified_gmt":"2022-08-23T08:19:58","slug":"iso-6944-1-2-products","status":"publish","type":"page","link":"https:\/\/fire-testing.com\/de\/iso-6944-1-2-products\/","title":{"rendered":"ISO 6944 (1-2) Products"},"content":{"rendered":"<div data-elementor-type=\"wp-page\" data-elementor-id=\"5545\" class=\"elementor elementor-5545\" data-elementor-post-type=\"page\">\n\t\t\t\t\t\t<section data-particle_enable=\"false\" data-particle-mobile-disabled=\"false\" class=\"elementor-section elementor-top-section elementor-element elementor-element-ead85ba elementor-section-boxed elementor-section-height-default elementor-section-height-default\" data-id=\"ead85ba\" data-element_type=\"section\" data-e-type=\"section\">\n\t\t\t\t\t\t<div class=\"elementor-container elementor-column-gap-default\">\n\t\t\t\t\t<div class=\"elementor-column elementor-col-100 elementor-top-column elementor-element elementor-element-bd6841b\" data-id=\"bd6841b\" data-element_type=\"column\" data-e-type=\"column\">\n\t\t\t<div class=\"elementor-widget-wrap elementor-element-populated\">\n\t\t\t\t\t\t<div class=\"elementor-element elementor-element-7df283c elementor-widget elementor-widget-heading\" data-id=\"7df283c\" data-element_type=\"widget\" data-e-type=\"widget\" data-widget_type=\"heading.default\">\n\t\t\t\t<div class=\"elementor-widget-container\">\n\t\t\t\t\t<h1 class=\"elementor-heading-title elementor-size-default\">Select by Standard<\/h1>\t\t\t\t<\/div>\n\t\t\t\t<\/div>\n\t\t\t\t\t<\/div>\n\t\t<\/div>\n\t\t\t\t\t<\/div>\n\t\t<\/section>\n\t\t\t\t<section data-particle_enable=\"false\" data-particle-mobile-disabled=\"false\" class=\"elementor-section elementor-top-section elementor-element elementor-element-c99b750 elementor-section-boxed elementor-section-height-default elementor-section-height-default\" data-id=\"c99b750\" data-element_type=\"section\" data-e-type=\"section\">\n\t\t\t\t\t\t<div class=\"elementor-container elementor-column-gap-default\">\n\t\t\t\t\t<div class=\"elementor-column elementor-col-100 elementor-top-column elementor-element elementor-element-65fb202\" data-id=\"65fb202\" data-element_type=\"column\" data-e-type=\"column\">\n\t\t\t<div class=\"elementor-widget-wrap elementor-element-populated\">\n\t\t\t\t\t\t<div class=\"elementor-element elementor-element-1f15d8c elementor-widget__width-auto elementor-widget-divider--view-line elementor-widget elementor-widget-divider\" data-id=\"1f15d8c\" data-element_type=\"widget\" data-e-type=\"widget\" data-widget_type=\"divider.default\">\n\t\t\t\t<div class=\"elementor-widget-container\">\n\t\t\t\t\t\t\t<div class=\"elementor-divider\">\n\t\t\t<span class=\"elementor-divider-separator\">\n\t\t\t\t\t\t<\/span>\n\t\t<\/div>\n\t\t\t\t\t\t<\/div>\n\t\t\t\t<\/div>\n\t\t\t\t\t<\/div>\n\t\t<\/div>\n\t\t\t\t\t<\/div>\n\t\t<\/section>\n\t\t\t\t<section data-particle_enable=\"false\" data-particle-mobile-disabled=\"false\" class=\"elementor-section elementor-top-section elementor-element elementor-element-b6c665d elementor-section-boxed elementor-section-height-default elementor-section-height-default\" data-id=\"b6c665d\" data-element_type=\"section\" data-e-type=\"section\">\n\t\t\t\t\t\t<div class=\"elementor-container elementor-column-gap-default\">\n\t\t\t\t\t<div class=\"elementor-column elementor-col-16 elementor-top-column elementor-element elementor-element-f4d687e\" data-id=\"f4d687e\" data-element_type=\"column\" data-e-type=\"column\">\n\t\t\t<div class=\"elementor-widget-wrap elementor-element-populated\">\n\t\t\t\t\t\t<div class=\"elementor-element elementor-element-6977e2a elementor-widget elementor-widget-image\" data-id=\"6977e2a\" data-element_type=\"widget\" data-e-type=\"widget\" data-widget_type=\"image.default\">\n\t\t\t\t<div class=\"elementor-widget-container\">\n\t\t\t\t\t\t\t\t\t\t\t\t\t\t\t\t<a href=\"https:\/\/fire-testing.com\/de\/horizontal-fire-resistance-test-furnace\/\">\n\t\t\t\t\t\t\t<img decoding=\"async\" width=\"170\" height=\"170\" src=\"https:\/\/www.fire-testing.com\/wp-content\/uploads\/2020\/10\/86-Horizontal-Fire-Resistance-Test-Furnace_PIXEL_LINK.jpg\" class=\"attachment-medium size-medium wp-image-6546\" alt=\"\" srcset=\"https:\/\/www.fire-testing.com\/wp-content\/uploads\/2020\/10\/86-Horizontal-Fire-Resistance-Test-Furnace_PIXEL_LINK.jpg 170w, https:\/\/www.fire-testing.com\/wp-content\/uploads\/2020\/10\/86-Horizontal-Fire-Resistance-Test-Furnace_PIXEL_LINK-150x150.jpg 150w, https:\/\/www.fire-testing.com\/wp-content\/uploads\/2020\/10\/86-Horizontal-Fire-Resistance-Test-Furnace_PIXEL_LINK-12x12.jpg 12w\" sizes=\"(max-width: 170px) 100vw, 170px\">\t\t\t\t\t\t\t\t<\/a>\n\t\t\t\t\t\t\t\t\t\t\t\t\t\t\t<\/div>\n\t\t\t\t<\/div>\n\t\t\t\t<div class=\"elementor-element elementor-element-6b08ed4 elementor-widget elementor-widget-text-editor\" data-id=\"6b08ed4\" data-element_type=\"widget\" data-e-type=\"widget\" data-widget_type=\"text-editor.default\">\n\t\t\t\t<div class=\"elementor-widget-container\">\n\t\t\t\t\t\t\t\t\t<p><a href=\"https:\/\/fire-testing.com\/de\/horizontal-fire-resistance-test-furnace\/\"><span style=\"color: #000000;\">Deckenpr\u00fcfofen<\/span><\/a><\/p>\t\t\t\t\t\t\t\t<\/div>\n\t\t\t\t<\/div>\n\t\t\t\t\t<\/div>\n\t\t<\/div>\n\t\t\t\t<div class=\"elementor-column elementor-col-16 elementor-top-column elementor-element elementor-element-f81bd77\" data-id=\"f81bd77\" data-element_type=\"column\" data-e-type=\"column\">\n\t\t\t<div class=\"elementor-widget-wrap elementor-element-populated\">\n\t\t\t\t\t\t<div class=\"elementor-element elementor-element-4eabd5e elementor-widget elementor-widget-image\" data-id=\"4eabd5e\" data-element_type=\"widget\" data-e-type=\"widget\" data-widget_type=\"image.default\">\n\t\t\t\t<div class=\"elementor-widget-container\">\n\t\t\t\t\t\t\t\t\t\t\t\t\t\t\t\t<a href=\"https:\/\/fire-testing.com\/de\/fire-resistance-test-furnace\/\">\n\t\t\t\t\t\t\t<img decoding=\"async\" width=\"170\" height=\"170\" src=\"https:\/\/www.fire-testing.com\/wp-content\/uploads\/2020\/10\/87-Hydraulic-Tilting-Fire-Resistance_PIXEL_LINK.jpg\" class=\"attachment-medium size-medium wp-image-6547\" alt=\"\" srcset=\"https:\/\/www.fire-testing.com\/wp-content\/uploads\/2020\/10\/87-Hydraulic-Tilting-Fire-Resistance_PIXEL_LINK.jpg 170w, https:\/\/www.fire-testing.com\/wp-content\/uploads\/2020\/10\/87-Hydraulic-Tilting-Fire-Resistance_PIXEL_LINK-150x150.jpg 150w, https:\/\/www.fire-testing.com\/wp-content\/uploads\/2020\/10\/87-Hydraulic-Tilting-Fire-Resistance_PIXEL_LINK-12x12.jpg 12w\" sizes=\"(max-width: 170px) 100vw, 170px\">\t\t\t\t\t\t\t\t<\/a>\n\t\t\t\t\t\t\t\t\t\t\t\t\t\t\t<\/div>\n\t\t\t\t<\/div>\n\t\t\t\t<div class=\"elementor-element elementor-element-1747f9a elementor-widget elementor-widget-text-editor\" data-id=\"1747f9a\" data-element_type=\"widget\" data-e-type=\"widget\" data-widget_type=\"text-editor.default\">\n\t\t\t\t<div class=\"elementor-widget-container\">\n\t\t\t\t\t\t\t\t\t<p><a href=\"https:\/\/fire-testing.com\/de\/fire-resistance-test-furnace\/\"><span style=\"color: #000000;\">Gro\u00dfvolumiger, hydraulisch kippbarer Feuerwiderstandsversuchsofen f\u00fcr vertikale und horizontale Pr\u00fcfmuster<\/span><\/a><\/p>\t\t\t\t\t\t\t\t<\/div>\n\t\t\t\t<\/div>\n\t\t\t\t\t<\/div>\n\t\t<\/div>\n\t\t\t\t<div class=\"elementor-column elementor-col-16 elementor-top-column elementor-element elementor-element-e12a65a\" data-id=\"e12a65a\" data-element_type=\"column\" data-e-type=\"column\">\n\t\t\t<div class=\"elementor-widget-wrap\">\n\t\t\t\t\t\t\t<\/div>\n\t\t<\/div>\n\t\t\t\t<div class=\"elementor-column elementor-col-16 elementor-top-column elementor-element elementor-element-04a759a\" data-id=\"04a759a\" data-element_type=\"column\" data-e-type=\"column\">\n\t\t\t<div class=\"elementor-widget-wrap\">\n\t\t\t\t\t\t\t<\/div>\n\t\t<\/div>\n\t\t\t\t<div class=\"elementor-column elementor-col-16 elementor-top-column elementor-element elementor-element-bb221ec\" data-id=\"bb221ec\" data-element_type=\"column\" data-e-type=\"column\">\n\t\t\t<div class=\"elementor-widget-wrap\">\n\t\t\t\t\t\t\t<\/div>\n\t\t<\/div>\n\t\t\t\t<div class=\"elementor-column elementor-col-16 elementor-top-column elementor-element elementor-element-aaac6ec\" data-id=\"aaac6ec\" data-element_type=\"column\" data-e-type=\"column\">\n\t\t\t<div class=\"elementor-widget-wrap\">\n\t\t\t\t\t\t\t<\/div>\n\t\t<\/div>\n\t\t\t\t\t<\/div>\n\t\t<\/section>\n\t\t\t\t<\/div>","protected":false},"excerpt":{"rendered":"<p>Select by Standard Horizontal Fire Resistance Test Furnace Hydraulic Tilting Fire Resistance Test Furnace<\/p>","protected":false},"author":142,"featured_media":0,"parent":0,"menu_order":0,"comment_status":"closed","ping_status":"closed","template":"","meta":{"_acf_changed":false,"footnotes":""},"class_list":["post-5545","page","type-page","status-publish","hentry"],"acf":[],"_links":{"self":[{"href":"https:\/\/fire-testing.com\/de\/wp-json\/wp\/v2\/pages\/5545","targetHints":{"allow":["GET"]}}],"collection":[{"href":"https:\/\/fire-testing.com\/de\/wp-json\/wp\/v2\/pages"}],"about":[{"href":"https:\/\/fire-testing.com\/de\/wp-json\/wp\/v2\/types\/page"}],"author":[{"embeddable":true,"href":"https:\/\/fire-testing.com\/de\/wp-json\/wp\/v2\/users\/142"}],"replies":[{"embeddable":true,"href":"https:\/\/fire-testing.com\/de\/wp-json\/wp\/v2\/comments?post=5545"}],"version-history":[{"count":0,"href":"https:\/\/fire-testing.com\/de\/wp-json\/wp\/v2\/pages\/5545\/revisions"}],"wp:attachment":[{"href":"https:\/\/fire-testing.com\/de\/wp-json\/wp\/v2\/media?parent=5545"}],"curies":[{"name":"wp","href":"https:\/\/api.w.org\/{rel}","templated":true}]}}