{"id":6479,"date":"2020-10-12T09:30:00","date_gmt":"2020-10-12T09:30:00","guid":{"rendered":"https:\/\/www.fire-testing.com\/?page_id=6479"},"modified":"2020-10-12T09:32:52","modified_gmt":"2020-10-12T09:32:52","slug":"icone-mini-and-icone-classic-calorimeters-2","status":"publish","type":"page","link":"https:\/\/fire-testing.com\/de\/icone-mini-and-icone-classic-calorimeters-2\/","title":{"rendered":"iCone Mini and iCone Classic Calorimeters"},"content":{"rendered":"<h5 class=\"translation-block\"><span class=\"s1\"> Kalorimeter<\/span> <span style=\"color: #f05e23\"><em><strong><span style=\"font-family: Times\">i<\/span><\/strong><\/em><\/span>Cone<span style=\"color: #f05e23\">\u202f<em>mini<\/em><\/span><span class=\"s1\"> und <span style=\"color: #f05e23\"><em><strong><span style=\"font-family: Times\">i<\/span><\/strong><\/em><\/span>Cone<span style=\"color: #f05e23\">\u202f<em>classic<\/em><\/span><\/span><\/h5><h2>ISO 5660; ASTM E1354; ASTM E1474; ASTM E1740; ASTM F1550; ASTM D6113; CAN ULC 135; BS 476 Part 15<\/h2>\t\t\t\n\t\t\t\t<p class=\"translation-block\">Die Kegelkalorimetrie (ISO 5660, ASTM E1354) ist das wichtigste in der Brandfeldmessung verwendete Tischger\u00e4t.<\/p>\n<p class=\"translation-block\">Die <span class=\"s1\"><span style=\"color: #f05e23\"><strong>FTT<\/strong><\/span><\/span>-Kalorimeter des Typs <span style=\"color: #f05e23\"><em><strong><span style=\"font-family: times\">i<\/span><\/strong><\/em><\/span>Cone<span class=\"s1\">\n sind so knstruiert, dass sie alle bestehenden Standards (einschlie\u00dflich ISO 5660, ASTM E1354, ASTM E1474, ASTM E1740, ASTM F1550, ASTM D6113, CAN ULC 135 and BS 476 Part 15) erf\u00fcllen.<\/p>\n<p class=\"translation-block\">Das <span style=\"color: #f05e23\"><em><strong><span style=\"font-family: times\">i<\/span><\/strong><\/em><\/span>Cone<span class=\"s1\">-Kalorimeter war das erste in der neuen interaktiven Reihe von Kalorimetern von <span class=\"s1\"><span style=\"color: #f05e23\"><strong>FTT<\/strong><\/span><\/span>, der sogenannten i-Serie. Es verf\u00fcgt \u00fcber die neueste Steuerungs- und Automatisierungstechnologie, die es zum fortschrittlichsten, zuverl\u00e4ssigsten und benutzerfreundlichsten Kegelkalorimeter der Welt macht. Das iCone wurde 2013 eingef\u00fchrt. Die <span style=\"color: #f05e23\"><em><strong><span style=\"font-family: times\">i<\/span><\/strong><\/em><\/span>Cone<span class=\"s1\">-Serie wird nun durch zwei halbautomatische Modelle vervollst\u00e4ndigt \u2013 das <span style=\"color: #f05e23\"><em><span style=\"font-family: times\">i<\/span><\/em><\/span><\/strong>Cone<em><span style=\"color: #f05e23\"> mini<\/span> <span style=\"color: #f05e23\"> <\/span> <\/em> mit einem separaten Gasanalyse-Rack und das  <span style=\"color: #f05e23\"><em><span style=\"font-family: times\">i<\/span><\/em><\/span><\/span><\/strong><span class=\"s1\">Cone<\/span><em><span class=\"s1\"><span style=\"color: #f05e23\"> classic<\/span><\/strong><\/em><\/span> mit einer fest am Hauptrahmen des Instruments montierten Gasanalysekonsole. Diese haben den <span class=\"s1\"><span style=\"color: #f05e23\"><strong>FTT<\/strong><\/span><\/span>-Doppelkegel bzw. den Standardkegel ersetzt. Das <span style=\"color: #f05e23\"><em><span style=\"font-family: times\">i<\/span><\/em><\/span><\/strong>Cone<em><span style=\"color: #f05e23\"><\/span> <span style=\"color: #f05e23\"> <\/span> <\/em>  wurde hinsichtlich seines Brandmodells und Glasschutzschirms weiter modifiziert. Diese Upgrade-Version wird nun als <\/span><\/span><\/span><\/span><\/span><span class=\"s1\">the <span style=\"color: #f05e23\"><em><strong><span style=\"font-family: times\">i<\/span><\/strong><\/em><\/span>Cone<em><span style=\"color: #f05e23\">\u00b2\u207a<\/span><\/em><\/span><span class=\"s1\"> , bezeichnet, auch weil es das fortschrittlichste Modell der Reihe ist. Die  <span style=\"color: #f05e23\"><em><strong><span style=\"font-family: times\">i<\/span><\/strong><\/em><\/span>Cone<span class=\"s1\">-Serie bringt die Kalorimetrie auf eine neue Stufe der Automatisierung und macht sie f\u00fcr unterschiedliche Budgets verf\u00fcgbar.<\/p>\n<p class=\"translation-block\"><strong>Ein vollst\u00e4ndiges System auf dem <span style=\"color: #f05e23\"><em><span style=\"font-family: Times\">i<\/span><\/em><\/span><\/strong>Cone<em><span style=\"color: #f05e23\"> mini<\/span><\/em><strong><span class=\"s1\">  und dem <span style=\"color: #f05e23\"><em><span style=\"font-family: Times\">i<\/span><\/em><\/span><\/span><\/strong><span class=\"s1\">Cone<\/span><em><span class=\"s1\"><span style=\"color: #f05e23\"> classic<\/span><\/span><\/em><strong>  besteht aus:<\/strong><\/p>\n<ul>\n<li>Temperaturregler<\/li>\n<li>Motorisiertes Hitzeschild<\/li>\n<li>Funkenz\u00fcndung<\/li>\n<li>Probenhalter<\/li>\n<li>Probenabstandhalter<\/li>\n<li>Schutzschirm aus hitzebest\u00e4ndigem Glas<\/li>\n<li>W\u00e4gezelle<\/li>\n<li>Gasprobenahme<\/li>\n<li>Analyse von Verbrennungsgasen<\/li>\n<li>Messung der Rauchverdunkelung<\/li>\n<li>Abgassystem<\/li>\n<li>W\u00e4rmefluss-Messger\u00e4t<\/li>\n<li>Kalibrierungsbrenner<\/li>\n<li>Datenerfassung<\/li>\n<li>ConeCalc Software \u2013 Diese ist in mehreren Sprachen erh\u00e4ltlich, darunter Englisch, Franz\u00f6sisch, Deutsch, Spanisch und Japanisch. Die Benutzerschnittstelle ist ein Windows-basiertes System mit \u201ebenutzerfreundlichen\u201c Schaltfl\u00e4chen-Aktionen und Standard-Windows-Dateneingabefeldern, Drop-Down-Selektoren, Kontrollk\u00e4stchen und Schaltern, die Folgendes k\u00f6nnen:<br>\u2022Instrumentensteuerung und Anzeige des Status des Instruments<br>\u2022Kalibrierung von Gasanalyseger\u00e4ten und Speicherung der Kalibrierungsergebnisse<br>\u2022C-Faktor-Kalibrierung mit der Verwendung einer Massenflusssteuerung<br>\u2022C-Faktor-Kalibrierung \u00fcber Pool-Brand(Ethanol)-Routine<br>\u2022Sammeln von w\u00e4hrend eines Tests ermittelten Daten<br>\u2022Berechnen der erforderlichen Parameter<br>\u2022Pr\u00e4sentation der Ergebnisse gem\u00e4\u00df ISO 5660-1 und ASTM E1354<br>\u2022Exportieren berechneter Daten in CSV(comma separated values)-Dateien zur schnellen \u00dcbertragung in Tabellenkalkulationen.<\/li>\n<\/ul>\n<p class=\"translation-block\"><strong>Einzigartige Merkmale des <span style=\"color: #f05e23\"><em><strong><span style=\"font-family: Times\">i<\/span><\/strong><\/em><\/span><\/strong>Cone<em><span style=\"color: #f05e23\"> mini<\/span><\/em><strong><span class=\"s1\"> und <span style=\"color: #f05e23\"><em><strong><span style=\"font-family: Times\">i<\/span><\/strong><\/em><\/span><\/span><\/strong><span class=\"s1\">Cone<\/span><em><span class=\"s1\"><span style=\"color: #f05e23\"> classic<\/span><\/span><\/em><strong><span class=\"s1\"><span class=\"s1\"><\/span><\/span> von <span class=\"s1\"><span style=\"color: #f05e23\">FTT<\/span><\/span>:<\/strong><\/p>\n<ul>\n<li>Ferngesteuerte Positionssteuerung der Konusbaugruppe, so dass der Abstand zwischen Heizelement und Probenoberfl\u00e4che vor und w\u00e4hrend der Pr\u00fcfung eingestellt werden kann, um die Pr\u00fcfung von intumeszierenden oder sich thermisch verformenden Proben zu erleichtern<\/li>\n<li>Programmierbare W\u00e4rmestromexposition. Es k\u00f6nnen bis zu 10 aufeinanderfolgende W\u00e4rmestromrampen oder Haltephasen programmiert werden<\/li>\n<li>Motorisierter Hitzeschild zum Schutz der Probe vor W\u00e4rmeeinwirkung vor dem Test<\/li>\n<li>Motorisierte Positionierung und Steuerung des Funkenz\u00fcnders zum Z\u00fcnden der Verbrennungsgase der Probe<\/li>\n<li class=\"translation-block\">Automatische\/halbautomatische\/manuelle Kalibrierung durch ConeCalc-Software. \n<\/br>\nW\u00e4gezellenaufl\u00f6sung von 0,01 g und Lastkapazit\u00e4t bis zu 8,2 kg (Sartorius-Zelle)\n<\/br>\nW\u00e4gezelle ist auf einem unabh\u00e4ngigen Tisch montiert, um Vibrationen des Abluftventilators zu vermeiden<\/li>\n<li>W\u00e4gezellenaufl\u00f6sung von 0,01 g und Lastkapazit\u00e4t bis zu 8,2 kg (Sartorius-Zelle)<\/li>\n<li class=\"translation-block\">Online-Unterst\u00fctzung und Fernsteuerung von Instrumenten von <span class=\"s1\"><span style=\"color: #f05e23\"><strong>FTT<\/strong><\/span><\/span> f\u00fcr internetverbundene Systeme<\/li>\n<li>Optionales gr\u00f6\u00dferes Kegelbrandmodell f\u00fcr die Pr\u00fcfung von Proben mit sehr niedrigen W\u00e4rmefreisetzungsraten. 150 mm \u00d7 150 mm gro\u00dfe Proben werden \u00fcber die gesamte Oberfl\u00e4che gleichm\u00e4\u00dfigem W\u00e4rmefluss ausgesetzt.<\/li>\n<li>Optionales voll integriertes FTIR-Gasanalysesystem mit beheiztem Probenentnahmemodul, beheizten Leitungen\/Sonden und SPS-Steuerung<\/li>\n<\/ul>\n<p><strong>Optionen:<\/strong><\/p>\n<ul>\n<li>Kohlendioxid- und Kohlenmonoxid \u2013 NDIR-Gasanalysatoren optional erh\u00e4ltlich.<\/li>\n<li>Chlorwasserstoff \u2013 Versorgungsleitungen und Gasanalysator beheizt<\/li>\n<li>Anlage f\u00fcr kontrollierte Atmosph\u00e4re \u2013 f\u00fcr sauerstoffarme Probenanalyse<\/li>\n<li>FTIR-Toxizit\u00e4tstestsystem<\/li>\n<\/ul>\n\t\t\t\t\t\t\t\t\t<a href=\"https:\/\/www.fire-testing.com\/wp-content\/uploads\/2019\/06\/18-iCone-Mini_rebrand_PIXEL.jpg\" target=\"_self\" itemprop=\"url\" rel=\"noopener noreferrer\">\n\t\t\t\t\t\t\t\t\t\t<img decoding=\"async\" src=\"https:\/\/www.fire-testing.com\/wp-content\/uploads\/bb-plugin\/cache\/18-iCone-Mini_rebrand_PIXEL-portrait.jpg\" alt=\"iCone mini Calorimeter\" itemprop=\"image\">\n\t\t\t\t\t\t\t\t\t\t\t\t\t\t\t<\/a>\n\t\t\t\t\t\t\t\t\t\t\t\t\t\t\t\t\t\t\t\t\t\t\t<a href=\"https:\/\/www.fire-testing.com\/wp-content\/uploads\/2019\/06\/18-iCone-Mini_rebrand_PIXEL.jpg\" target=\"_self\" itemprop=\"url\" rel=\"noopener noreferrer\">\n\t\t\t\t\t\t\t\t\t\t<em><strong>i<\/strong><\/em>Cone\u202f<em>mini<\/em>\n\t\t\t\t\t\t\t\t\t\t\t<\/a>\n\t\t\t\t\t\t\t\t\t<a href=\"https:\/\/www.fire-testing.com\/wp-content\/uploads\/2019\/06\/18-iCone-Classic_rebrand_PIXEL.jpg\" target=\"_self\" itemprop=\"url\" rel=\"noopener noreferrer\">\n\t\t\t\t\t\t\t\t\t\t<img decoding=\"async\" src=\"https:\/\/www.fire-testing.com\/wp-content\/uploads\/bb-plugin\/cache\/18-iCone-Classic_rebrand_PIXEL-portrait.jpg\" alt=\"iCone classic Calorimeter\" itemprop=\"image\">\n\t\t\t\t\t\t\t\t\t\t\t\t\t\t\t<\/a>\n\t\t\t\t\t\t\t\t\t\t\t\t\t\t\t\t\t\t\t\t\t\t\t<a href=\"https:\/\/www.fire-testing.com\/wp-content\/uploads\/2019\/06\/18-iCone-Classic_rebrand_PIXEL.jpg\" target=\"_self\" itemprop=\"url\" rel=\"noopener noreferrer\">\n\t\t\t\t\t\t\t\t\t\t<em><strong>i<\/strong><\/em>Cone\u202f<em>classic<\/em>\n\t\t\t\t\t\t\t\t\t\t\t<\/a>\n\t\t\t<a href=\"https:\/\/fire-testing.com\/de\/login\/?redirect_to=https%3A%2F%2Fwww.fire-testing.com%2Faccount%2F\" target=\"_self\" role=\"button\" rel=\"noopener noreferrer\">\n\t\t\t\t\t\t\tANMELDEN\/REGISTRIEREN ZUM HERUNTERLADEN DIESER BROSCH\u00dcRE\n\t\t\t\t\t<\/a>\n\t\t\t<a href=\"https:\/\/fire-testing.com\/de\/request-a-brochure\/\" target=\"_self\" role=\"button\" rel=\"noopener noreferrer\">\n\t\t\t\t\t\t\tEine Brosch\u00fcre Anfordern\n\t\t\t\t\t<\/a>","protected":false},"excerpt":{"rendered":"","protected":false},"author":142,"featured_media":0,"parent":0,"menu_order":0,"comment_status":"closed","ping_status":"closed","template":"","meta":{"_acf_changed":false,"footnotes":""},"class_list":["post-6479","page","type-page","status-publish","hentry"],"acf":[],"_links":{"self":[{"href":"https:\/\/fire-testing.com\/de\/wp-json\/wp\/v2\/pages\/6479","targetHints":{"allow":["GET"]}}],"collection":[{"href":"https:\/\/fire-testing.com\/de\/wp-json\/wp\/v2\/pages"}],"about":[{"href":"https:\/\/fire-testing.com\/de\/wp-json\/wp\/v2\/types\/page"}],"author":[{"embeddable":true,"href":"https:\/\/fire-testing.com\/de\/wp-json\/wp\/v2\/users\/142"}],"replies":[{"embeddable":true,"href":"https:\/\/fire-testing.com\/de\/wp-json\/wp\/v2\/comments?post=6479"}],"version-history":[{"count":0,"href":"https:\/\/fire-testing.com\/de\/wp-json\/wp\/v2\/pages\/6479\/revisions"}],"wp:attachment":[{"href":"https:\/\/fire-testing.com\/de\/wp-json\/wp\/v2\/media?parent=6479"}],"curies":[{"name":"wp","href":"https:\/\/api.w.org\/{rel}","templated":true}]}}