{"id":6494,"date":"2020-10-12T15:06:45","date_gmt":"2020-10-12T15:06:45","guid":{"rendered":"https:\/\/www.fire-testing.com\/?page_id=6494"},"modified":"2020-10-12T15:08:48","modified_gmt":"2020-10-12T15:08:48","slug":"icone-mini-and-icone-classic-calorimeters-3","status":"publish","type":"page","link":"https:\/\/fire-testing.com\/de\/icone-mini-and-icone-classic-calorimeters-3\/","title":{"rendered":"iCone Mini and iCone Classic Calorimeters"},"content":{"rendered":"<div data-elementor-type=\"wp-page\" data-elementor-id=\"6494\" class=\"elementor elementor-6494\" data-elementor-post-type=\"page\">\n\t\t\t\t\t\t<section data-particle_enable=\"false\" data-particle-mobile-disabled=\"false\" class=\"elementor-section elementor-top-section elementor-element elementor-element-3389d3fd elementor-section-boxed elementor-section-height-default elementor-section-height-default\" data-id=\"3389d3fd\" data-element_type=\"section\" data-e-type=\"section\">\n\t\t\t\t\t\t<div class=\"elementor-container elementor-column-gap-default\">\n\t\t\t\t\t<div class=\"elementor-column elementor-col-50 elementor-top-column elementor-element elementor-element-3461d218\" data-id=\"3461d218\" data-element_type=\"column\" data-e-type=\"column\">\n\t\t\t<div class=\"elementor-widget-wrap elementor-element-populated\">\n\t\t\t\t\t\t<div class=\"elementor-element elementor-element-1ed889e1 elementor-drop-cap-yes elementor-drop-cap-view-default elementor-widget elementor-widget-text-editor\" data-id=\"1ed889e1\" data-element_type=\"widget\" data-e-type=\"widget\" data-settings=\"{&quot;drop_cap&quot;:&quot;yes&quot;}\" data-widget_type=\"text-editor.default\">\n\t\t\t\t<div class=\"elementor-widget-container\">\n\t\t\t\t\t\t\t\t\t<h2 class=\"translation-block\"><span class=\"s1\"> Kalorimeter<\/span> <span style=\"color: #f05e23\"><em><strong><span style=\"font-family: Times\">i<\/span><\/strong><\/em><\/span>Cone<span style=\"color: #f05e23\">\u202f<em>mini<\/em><\/span><span class=\"s1\"> und <span style=\"color: #f05e23\"><em><strong><span style=\"font-family: Times\">i<\/span><\/strong><\/em><\/span>Cone<span style=\"color: #f05e23\">\u202f<em>classic<\/em><\/span><\/span><\/h2>\t\t\t\t\t\t\t\t<\/div>\n\t\t\t\t<\/div>\n\t\t\t\t<div class=\"elementor-element elementor-element-30e3f4dd elementor-widget elementor-widget-text-editor\" data-id=\"30e3f4dd\" data-element_type=\"widget\" data-e-type=\"widget\" data-widget_type=\"text-editor.default\">\n\t\t\t\t<div class=\"elementor-widget-container\">\n\t\t\t\t\t\t\t\t\t<h3 class=\"uabb-infobox-title\"><span style=\"color: #ff6600;\">ISO 5660; ASTM E1354; ASTM E1474; ASTM E1740; ASTM F1550; ASTM D6113; CAN ULC 135; BS 476 Part 15<\/span><\/h3>\t\t\t\t\t\t\t\t<\/div>\n\t\t\t\t<\/div>\n\t\t\t\t<div class=\"elementor-element elementor-element-4ad27551 elementor-widget elementor-widget-text-editor\" data-id=\"4ad27551\" data-element_type=\"widget\" data-e-type=\"widget\" data-widget_type=\"text-editor.default\">\n\t\t\t\t<div class=\"elementor-widget-container\">\n\t\t\t\t\t\t\t\t\t<p class=\"translation-block\">Die Kegelkalorimetrie (ISO 5660, ASTM E1354) ist das wichtigste in der Brandfeldmessung verwendete Tischger\u00e4t.<\/p>\n<p class=\"translation-block\">Die <span class=\"s1\"><span style=\"color: #f05e23\"><strong>FTT<\/strong><\/span><\/span>-Kalorimeter des Typs <span style=\"color: #f05e23\"><em><strong><span style=\"font-family: times\">i<\/span><\/strong><\/em><\/span>Cone<span class=\"s1\">\n sind so knstruiert, dass sie alle bestehenden Standards (einschlie\u00dflich ISO 5660, ASTM E1354, ASTM E1474, ASTM E1740, ASTM F1550, ASTM D6113, CAN ULC 135 and BS 476 Part 15) erf\u00fcllen.<\/p>\n<p class=\"translation-block\">Das <span style=\"color: #f05e23\"><em><strong><span style=\"font-family: times\">i<\/span><\/strong><\/em><\/span>Cone<span class=\"s1\">-Kalorimeter war das erste in der neuen interaktiven Reihe von Kalorimetern von <span class=\"s1\"><span style=\"color: #f05e23\"><strong>FTT<\/strong><\/span><\/span>, der sogenannten i-Serie. Es verf\u00fcgt \u00fcber die neueste Steuerungs- und Automatisierungstechnologie, die es zum fortschrittlichsten, zuverl\u00e4ssigsten und benutzerfreundlichsten Kegelkalorimeter der Welt macht. Das iCone wurde 2013 eingef\u00fchrt. Die <span style=\"color: #f05e23\"><em><strong><span style=\"font-family: times\">i<\/span><\/strong><\/em><\/span>Cone<span class=\"s1\">-Serie wird nun durch zwei halbautomatische Modelle vervollst\u00e4ndigt \u2013 das <span style=\"color: #f05e23\"><em><span style=\"font-family: times\">i<\/span><\/em><\/span><\/strong>Cone<em><span style=\"color: #f05e23\"> mini<\/span> <span style=\"color: #f05e23\"> <\/span> <\/em> mit einem separaten Gasanalyse-Rack und das  <span style=\"color: #f05e23\"><em><span style=\"font-family: times\">i<\/span><\/em><\/span><\/span><\/strong><span class=\"s1\">Cone<\/span><em><span class=\"s1\"><span style=\"color: #f05e23\"> classic<\/span><\/strong><\/em><\/span> mit einer fest am Hauptrahmen des Instruments montierten Gasanalysekonsole. Diese haben den <span class=\"s1\"><span style=\"color: #f05e23\"><strong>FTT<\/strong><\/span><\/span>-Doppelkegel bzw. den Standardkegel ersetzt. Das <span style=\"color: #f05e23\"><em><span style=\"font-family: times\">i<\/span><\/em><\/span><\/strong>Cone<em><span style=\"color: #f05e23\"><\/span> <span style=\"color: #f05e23\"> <\/span> <\/em>  wurde hinsichtlich seines Brandmodells und Glasschutzschirms weiter modifiziert. Diese Upgrade-Version wird nun als <\/span><\/span><\/span><\/span><\/span><span class=\"s1\">the <span style=\"color: #f05e23\"><em><strong><span style=\"font-family: times\">i<\/span><\/strong><\/em><\/span>Cone<em><span style=\"color: #f05e23\">\u00b2\u207a<\/span><\/em><\/span><span class=\"s1\"> , bezeichnet, auch weil es das fortschrittlichste Modell der Reihe ist. Die  <span style=\"color: #f05e23\"><em><strong><span style=\"font-family: times\">i<\/span><\/strong><\/em><\/span>Cone<span class=\"s1\">-Serie bringt die Kalorimetrie auf eine neue Stufe der Automatisierung und macht sie f\u00fcr unterschiedliche Budgets verf\u00fcgbar.<\/p>\n<p>\u00a0<\/p>\n<p><strong>A full system on the <span style=\"color: #ff6600;\"><em>i<\/em><\/span>Cone <\/strong><em><span style=\"color: #ff6600;\">mini<\/span><\/em><strong> and <span style=\"color: #ff6600;\"><em>i<\/em><\/span>Cone <\/strong><em><span style=\"color: #ff6600;\">classic<\/span><\/em><strong> consists of:<\/strong><\/p>\n<ul>\n<li>Temperaturregler<\/li>\n<li>Motorisiertes Hitzeschild<\/li>\n<li>Funkenz\u00fcndung<\/li>\n<li>Probenhalter<\/li>\n<li>Probenabstandhalter<\/li>\n<li>Schutzschirm aus hitzebest\u00e4ndigem Glas<\/li>\n<li>W\u00e4gezelle<\/li>\n<li>Gasprobenahme<\/li>\n<li>Analyse von Verbrennungsgasen<\/li>\n<li>Messung der Rauchverdunkelung<\/li>\n<li>Abgassystem<\/li>\n<li>W\u00e4rmefluss-Messger\u00e4t<\/li>\n<li>Kalibrierungsbrenner<\/li>\n<li>Datenerfassung<\/li>\n<li>ConeCalc Software \u2013 Diese ist in mehreren Sprachen erh\u00e4ltlich, darunter Englisch, Franz\u00f6sisch, Deutsch, Spanisch und Japanisch. Die Benutzerschnittstelle ist ein Windows-basiertes System mit \u201ebenutzerfreundlichen\u201c Schaltfl\u00e4chen-Aktionen und Standard-Windows-Dateneingabefeldern, Drop-Down-Selektoren, Kontrollk\u00e4stchen und Schaltern, die Folgendes k\u00f6nnen: <br \/>\u2022Instrumentensteuerung und Anzeige des Status des Instruments<br \/>\u2022Kalibrierung von Gasanalyseger\u00e4ten und Speicherung der Kalibrierungsergebnisse <br \/>\u2022C-Faktor-Kalibrierung mit der Verwendung einer Massenflusssteuerung <br \/>\u2022C-Faktor-Kalibrierung \u00fcber Pool-Brand(Ethanol)-Routine <br \/>\u2022Sammeln von w\u00e4hrend eines Tests ermittelten Daten <br \/>\u2022Berechnen der erforderlichen Parameter <br \/>\u2022Pr\u00e4sentation der Ergebnisse gem\u00e4\u00df ISO 5660-1 und ASTM E1354 <br \/>\u2022Exportieren berechneter Daten in CSV(comma separated values)-Dateien zur schnellen \u00dcbertragung in Tabellenkalkulationen.<\/li>\n<\/ul>\n<p><strong>Unique Features of <span style=\"color: #ff6600;\">FTT<\/span>\u2019s <span style=\"color: #ff6600;\"><em>i<\/em><\/span>Cone <\/strong><em><span style=\"color: #ff6600;\">mini<\/span><\/em><strong> and <span style=\"color: #ff6600;\"><em>i<\/em><\/span>Cone <\/strong><em><span style=\"color: #ff6600;\">classic<\/span><\/em><strong>:<\/strong><\/p>\n<ul>\n<li>Ferngesteuerte Positionssteuerung der Konusbaugruppe, so dass der Abstand zwischen Heizelement und Probenoberfl\u00e4che vor und w\u00e4hrend der Pr\u00fcfung eingestellt werden kann, um die Pr\u00fcfung von intumeszierenden oder sich thermisch verformenden Proben zu erleichtern<\/li>\n<li>Programmierbare W\u00e4rmestromexposition. Es k\u00f6nnen bis zu 10 aufeinanderfolgende W\u00e4rmestromrampen oder Haltephasen programmiert werden<\/li>\n<li>Motorisierter Hitzeschild zum Schutz der Probe vor W\u00e4rmeeinwirkung vor dem Test<\/li>\n<li>Motorisierte Positionierung und Steuerung des Funkenz\u00fcnders zum Z\u00fcnden der Verbrennungsgase der Probe<\/li>\n<li>Automatic\/semi\u00ad-automatic\/manual calibration by ConeCalc Software Load cell resolution of 0.01g and load capacity up to 8.2kg (Sartorius cell) Load cell mounted on an independent table to avoid any vibration from exhaust fan<\/li>\n<li>W\u00e4gezellenaufl\u00f6sung von 0,01 g und Lastkapazit\u00e4t bis zu 8,2 kg (Sartorius-Zelle)<\/li>\n<li class=\"translation-block\">Online-Unterst\u00fctzung und Fernsteuerung von Instrumenten von <span class=\"s1\"><span style=\"color: #f05e23\"><strong>FTT<\/strong><\/span><\/span> f\u00fcr internetverbundene Systeme<\/li>\n<li>Optionales gr\u00f6\u00dferes Kegelbrandmodell f\u00fcr die Pr\u00fcfung von Proben mit sehr niedrigen W\u00e4rmefreisetzungsraten. 150 mm \u00d7 150 mm gro\u00dfe Proben werden \u00fcber die gesamte Oberfl\u00e4che gleichm\u00e4\u00dfigem W\u00e4rmefluss ausgesetzt.<\/li>\n<li>Optionales voll integriertes FTIR-Gasanalysesystem mit beheiztem Probenentnahmemodul, beheizten Leitungen\/Sonden und SPS-Steuerung<\/li>\n<\/ul>\n<p><strong>Optionen:<\/strong><\/p>\n<ul>\n<li>Kohlendioxid- und Kohlenmonoxid \u2013 NDIR-Gasanalysatoren optional erh\u00e4ltlich.<\/li>\n<li>Chlorwasserstoff \u2013 Versorgungsleitungen und Gasanalysator beheizt<\/li>\n<li>Anlage f\u00fcr kontrollierte Atmosph\u00e4re \u2013 f\u00fcr sauerstoffarme Probenanalyse<\/li>\n<li>FTIR-Toxizit\u00e4tstestsystem<\/li>\n<\/ul>\t\t\t\t\t\t\t\t<\/div>\n\t\t\t\t<\/div>\n\t\t\t\t\t<\/div>\n\t\t<\/div>\n\t\t\t\t<div class=\"elementor-column elementor-col-50 elementor-top-column elementor-element elementor-element-233d8b98\" data-id=\"233d8b98\" data-element_type=\"column\" data-e-type=\"column\">\n\t\t\t<div class=\"elementor-widget-wrap elementor-element-populated\">\n\t\t\t\t\t\t<div class=\"elementor-element elementor-element-58b40bf6 elementor-widget elementor-widget-image\" data-id=\"58b40bf6\" data-element_type=\"widget\" data-e-type=\"widget\" data-widget_type=\"image.default\">\n\t\t\t\t<div class=\"elementor-widget-container\">\n\t\t\t\t\t\t\t\t\t\t\t\t\t\t\t<img fetchpriority=\"high\" decoding=\"async\" width=\"560\" height=\"800\" src=\"https:\/\/www.fire-testing.com\/wp-content\/uploads\/2020\/10\/18-iCone-Mini_rebrand_PIXEL-portrait.jpg\" class=\"attachment-large size-large wp-image-6484\" alt=\"\" srcset=\"https:\/\/www.fire-testing.com\/wp-content\/uploads\/2020\/10\/18-iCone-Mini_rebrand_PIXEL-portrait.jpg 560w, https:\/\/www.fire-testing.com\/wp-content\/uploads\/2020\/10\/18-iCone-Mini_rebrand_PIXEL-portrait-210x300.jpg 210w, https:\/\/www.fire-testing.com\/wp-content\/uploads\/2020\/10\/18-iCone-Mini_rebrand_PIXEL-portrait-8x12.jpg 8w\" sizes=\"(max-width: 560px) 100vw, 560px\">\t\t\t\t\t\t\t\t\t\t\t\t\t\t\t<\/div>\n\t\t\t\t<\/div>\n\t\t\t\t<div class=\"elementor-element elementor-element-3aeecb94 elementor-widget elementor-widget-text-editor\" data-id=\"3aeecb94\" data-element_type=\"widget\" data-e-type=\"widget\" data-widget_type=\"text-editor.default\">\n\t\t\t\t<div class=\"elementor-widget-container\">\n\t\t\t\t\t\t\t\t\t<p><span style=\"color: #ff6600;\"><em>i<\/em><\/span>Cone <span style=\"color: #ff6600;\">mini<\/span><\/p>\t\t\t\t\t\t\t\t<\/div>\n\t\t\t\t<\/div>\n\t\t\t\t<div class=\"elementor-element elementor-element-535e86c4 elementor-widget elementor-widget-image\" data-id=\"535e86c4\" data-element_type=\"widget\" data-e-type=\"widget\" data-widget_type=\"image.default\">\n\t\t\t\t<div class=\"elementor-widget-container\">\n\t\t\t\t\t\t\t\t\t\t\t\t\t\t\t<img decoding=\"async\" width=\"560\" height=\"800\" src=\"https:\/\/www.fire-testing.com\/wp-content\/uploads\/2020\/10\/18-iCone-Classic_rebrand_PIXEL-portrait.jpg\" class=\"attachment-large size-large wp-image-6485\" alt=\"\" srcset=\"https:\/\/www.fire-testing.com\/wp-content\/uploads\/2020\/10\/18-iCone-Classic_rebrand_PIXEL-portrait.jpg 560w, https:\/\/www.fire-testing.com\/wp-content\/uploads\/2020\/10\/18-iCone-Classic_rebrand_PIXEL-portrait-210x300.jpg 210w, https:\/\/www.fire-testing.com\/wp-content\/uploads\/2020\/10\/18-iCone-Classic_rebrand_PIXEL-portrait-8x12.jpg 8w\" sizes=\"(max-width: 560px) 100vw, 560px\">\t\t\t\t\t\t\t\t\t\t\t\t\t\t\t<\/div>\n\t\t\t\t<\/div>\n\t\t\t\t<div class=\"elementor-element elementor-element-6f12273d elementor-widget elementor-widget-text-editor\" data-id=\"6f12273d\" data-element_type=\"widget\" data-e-type=\"widget\" data-widget_type=\"text-editor.default\">\n\t\t\t\t<div class=\"elementor-widget-container\">\n\t\t\t\t\t\t\t\t\t<p><span style=\"color: #ff6600;\"><em>i<\/em><\/span>Cone <span style=\"color: #ff6600;\">classic<\/span><\/p>\t\t\t\t\t\t\t\t<\/div>\n\t\t\t\t<\/div>\n\t\t\t\t\t<\/div>\n\t\t<\/div>\n\t\t\t\t\t<\/div>\n\t\t<\/section>\n\t\t\t\t<section data-particle_enable=\"false\" data-particle-mobile-disabled=\"false\" class=\"elementor-section elementor-top-section elementor-element elementor-element-75de7eb8 elementor-section-boxed elementor-section-height-default elementor-section-height-default\" data-id=\"75de7eb8\" data-element_type=\"section\" data-e-type=\"section\">\n\t\t\t\t\t\t<div class=\"elementor-container elementor-column-gap-no\">\n\t\t\t\t\t<div class=\"elementor-column elementor-col-100 elementor-top-column elementor-element elementor-element-26698bd0\" data-id=\"26698bd0\" data-element_type=\"column\" data-e-type=\"column\">\n\t\t\t<div class=\"elementor-widget-wrap elementor-element-populated\">\n\t\t\t\t\t\t<section data-particle_enable=\"false\" data-particle-mobile-disabled=\"false\" class=\"elementor-section elementor-inner-section elementor-element elementor-element-5df3cf4 elementor-section-boxed elementor-section-height-default elementor-section-height-default\" data-id=\"5df3cf4\" data-element_type=\"section\" data-e-type=\"section\">\n\t\t\t\t\t\t<div class=\"elementor-container elementor-column-gap-no\">\n\t\t\t\t\t<div class=\"elementor-column elementor-col-100 elementor-inner-column elementor-element elementor-element-50d54c66\" data-id=\"50d54c66\" data-element_type=\"column\" data-e-type=\"column\">\n\t\t\t<div class=\"elementor-widget-wrap elementor-element-populated\">\n\t\t\t\t\t\t<div class=\"elementor-element elementor-element-7e9799ca elementor-widget__width-auto elementor-widget elementor-widget-button\" data-id=\"7e9799ca\" data-element_type=\"widget\" data-e-type=\"widget\" data-widget_type=\"button.default\">\n\t\t\t\t<div class=\"elementor-widget-container\">\n\t\t\t\t\t\t\t\t\t<div class=\"elementor-button-wrapper\">\n\t\t\t\t\t<a class=\"elementor-button elementor-button-link elementor-size-sm\" href=\"https:\/\/fire-testing.com\/de\/login\/?redirect_to=https%3A%2F%2Fwww.fire-testing.com%2Faccount%2F\">\n\t\t\t\t\t\t<span class=\"elementor-button-content-wrapper\">\n\t\t\t\t\t\t\t\t\t<span class=\"elementor-button-text\">ANMELDEN\/REGISTRIEREN ZUM HERUNTERLADEN DIESER BROSCH\u00dcRE<\/span>\n\t\t\t\t\t<\/span>\n\t\t\t\t\t<\/a>\n\t\t\t\t<\/div>\n\t\t\t\t\t\t\t\t<\/div>\n\t\t\t\t<\/div>\n\t\t\t\t<div class=\"elementor-element elementor-element-35830d27 elementor-widget__width-auto elementor-widget elementor-widget-button\" data-id=\"35830d27\" data-element_type=\"widget\" data-e-type=\"widget\" data-widget_type=\"button.default\">\n\t\t\t\t<div class=\"elementor-widget-container\">\n\t\t\t\t\t\t\t\t\t<div class=\"elementor-button-wrapper\">\n\t\t\t\t\t<a class=\"elementor-button elementor-button-link elementor-size-sm\" href=\"https:\/\/fire-testing.com\/de\/request-a-brochure\/\">\n\t\t\t\t\t\t<span class=\"elementor-button-content-wrapper\">\n\t\t\t\t\t\t\t\t\t<span class=\"elementor-button-text\">Eine Brosch\u00fcre Anfordern<\/span>\n\t\t\t\t\t<\/span>\n\t\t\t\t\t<\/a>\n\t\t\t\t<\/div>\n\t\t\t\t\t\t\t\t<\/div>\n\t\t\t\t<\/div>\n\t\t\t\t\t<\/div>\n\t\t<\/div>\n\t\t\t\t\t<\/div>\n\t\t<\/section>\n\t\t\t\t\t<\/div>\n\t\t<\/div>\n\t\t\t\t\t<\/div>\n\t\t<\/section>\n\t\t\t\t<\/div>","protected":false},"excerpt":{"rendered":"<p>iCone\u202fmini and iCone\u202fclassic Calorimeters ISO 5660; ASTM E1354; ASTM E1474; ASTM E1740; ASTM F1550; ASTM D6113; CAN ULC 135; BS 476 Part 15 Cone Calorimetery (ISO 5660; ASTM E1354) is the most significant bench scale instrumentation in the field of fire testing. The FTT iCone Calorimeters have been produced to meet all existing Standards (including [&hellip;]<\/p>\n","protected":false},"author":142,"featured_media":0,"parent":0,"menu_order":0,"comment_status":"closed","ping_status":"closed","template":"","meta":{"_acf_changed":false,"footnotes":""},"class_list":["post-6494","page","type-page","status-publish","hentry"],"acf":[],"_links":{"self":[{"href":"https:\/\/fire-testing.com\/de\/wp-json\/wp\/v2\/pages\/6494","targetHints":{"allow":["GET"]}}],"collection":[{"href":"https:\/\/fire-testing.com\/de\/wp-json\/wp\/v2\/pages"}],"about":[{"href":"https:\/\/fire-testing.com\/de\/wp-json\/wp\/v2\/types\/page"}],"author":[{"embeddable":true,"href":"https:\/\/fire-testing.com\/de\/wp-json\/wp\/v2\/users\/142"}],"replies":[{"embeddable":true,"href":"https:\/\/fire-testing.com\/de\/wp-json\/wp\/v2\/comments?post=6494"}],"version-history":[{"count":0,"href":"https:\/\/fire-testing.com\/de\/wp-json\/wp\/v2\/pages\/6494\/revisions"}],"wp:attachment":[{"href":"https:\/\/fire-testing.com\/de\/wp-json\/wp\/v2\/media?parent=6494"}],"curies":[{"name":"wp","href":"https:\/\/api.w.org\/{rel}","templated":true}]}}