{"id":706,"date":"2019-02-08T10:14:50","date_gmt":"2019-02-08T10:14:50","guid":{"rendered":"https:\/\/www.fire-testing.com\/?page_id=706"},"modified":"2022-08-05T09:06:45","modified_gmt":"2022-08-05T09:06:45","slug":"density-of-smoke-from-the-burning-or-decomposition-of-plastics","status":"publish","type":"page","link":"https:\/\/fire-testing.com\/de\/density-of-smoke-from-the-burning-or-decomposition-of-plastics\/","title":{"rendered":"Dichte des Rauchs aus der Verbrennung oder Zersetzung von Kunststoffen"},"content":{"rendered":"<div data-elementor-type=\"wp-page\" data-elementor-id=\"706\" class=\"elementor elementor-706\" data-elementor-post-type=\"page\">\n\t\t\t\t\t\t<section data-particle_enable=\"false\" data-particle-mobile-disabled=\"false\" class=\"elementor-section elementor-top-section elementor-element elementor-element-2b8b97e elementor-section-boxed elementor-section-height-default elementor-section-height-default\" data-id=\"2b8b97e\" data-element_type=\"section\" data-e-type=\"section\">\n\t\t\t\t\t\t<div class=\"elementor-container elementor-column-gap-default\">\n\t\t\t\t\t<div class=\"elementor-column elementor-col-50 elementor-top-column elementor-element elementor-element-158630f\" data-id=\"158630f\" data-element_type=\"column\" data-e-type=\"column\">\n\t\t\t<div class=\"elementor-widget-wrap elementor-element-populated\">\n\t\t\t\t\t\t<div class=\"elementor-element elementor-element-d99ecac elementor-widget elementor-widget-heading\" data-id=\"d99ecac\" data-element_type=\"widget\" data-e-type=\"widget\" data-widget_type=\"heading.default\">\n\t\t\t\t<div class=\"elementor-widget-container\">\n\t\t\t\t\t<h1 class=\"elementor-heading-title elementor-size-default\">Dichte des Rauchs aus der Verbrennung oder Zersetzung von Kunststoffen<\/h1>\t\t\t\t<\/div>\n\t\t\t\t<\/div>\n\t\t\t\t<div class=\"elementor-element elementor-element-4479728 elementor-widget elementor-widget-heading\" data-id=\"4479728\" data-element_type=\"widget\" data-e-type=\"widget\" data-widget_type=\"heading.default\">\n\t\t\t\t<div class=\"elementor-widget-container\">\n\t\t\t\t\t<h2 class=\"elementor-heading-title elementor-size-default\">ASTM D2843<\/h2>\t\t\t\t<\/div>\n\t\t\t\t<\/div>\n\t\t\t\t<div class=\"elementor-element elementor-element-26581a63 elementor-widget elementor-widget-text-editor\" data-id=\"26581a63\" data-element_type=\"widget\" data-e-type=\"widget\" data-widget_type=\"text-editor.default\">\n\t\t\t\t<div class=\"elementor-widget-container\">\n\t\t\t\t\t\t\t\t\t<p class=\"translation-block\">Der Rauchdichtetest nach ASTM D2843, auch bekannt als Fluchtweg-Rauchtest, ist f\u00fcr die Messung der raucherzeugenden Eigenschaften von Kunststoffen unter kontrollierten Verbrennungs- oder Zersetzungsbedingungen vorgesehen. Die Messungen erfolgen im Hinblick auf den Verlust der Lichtdurchl\u00e4ssigkeit durch ein gesammeltes Rauchvolumen, das unter kontrollierten, standardisierten Bedingungen erzeugt wird. Dieser Test wird von Modellnorm-Organisationen bei der Kontrolle der Verwendung von Kunststoffmaterialien in lichtdurchl\u00e4ssigen Anwendungen verwendet. Er kann als Alternative zum-Rauchmessungstest nach ASTM E84 verwendet werden, da diese Testmethode leicht an thermoplastischen Materialien durchgef\u00fchrt werden kann, die aus dem E84-Testapparat tropfen und herausfallen k\u00f6nnen. Andere Rauchpr\u00fcfger\u00e4te, z. B. Kegelkalorimeter nach ASTM E1354, Rauchdichtekammer nach Rauchdichte-Kammer usw. sind ebenfalls bei <span class=\"s1\"><span style=\"color: #f05e23\"><strong>FTT<\/strong><\/span><\/span> erh\u00e4ltlich.<\/p>\n<h5 class=\"translation-block\"><strong><span class=\"s1\"><span style=\"color: #f05e23\"><strong>FTT<\/strong><\/span><\/span> Testapparat f\u00fcr Fluchtwegschilder: <\/strong><\/h5>\n<p class=\"translation-block\">Der Fluchtwegschild-Test von <span class=\"s1\"><span style=\"color: #f05e23\"><strong>FTT<\/strong><\/span><\/span> dient zur Messung und Beobachtung der raucherzeugenden Eigenschaften von Kunststoffen unter kontrollierten Verbrennungs- oder Zersetzungsbedingungen gem\u00e4\u00df ASTM D284310, darf jedoch nicht zur Messung anderer Eigenschaften der Kunststoffverbrennung verwendet werden.<\/p>\n<p><strong>Der Apparat besteht aus:<\/strong><\/p>\n<ul>\n<li>Verbrennungskammer<\/li>\n<li>Probenhalter<\/li>\n<li>Z\u00fcndsystem<\/li>\n<li>Photometrisches System<\/li>\n<li>Steuerger\u00e4t (inkl. Rauchmelder)<\/li>\n<\/ul>\n<p>Die Testprobe wird f\u00fcr die Dauer des Tests der Flamme ausgesetzt und der Rauch wird im Wesentlichen in der Kammer, in der die Verbrennung stattfindet, eingeschlossen. Eine 25 mm \u00d7 25 mm \u00d7 6 mm gro\u00dfe Probe wird auf einen tragenden Metallrost gelegt und in der Pr\u00fcfkammer unter aktiven Flammenbedingungen mit einem Propanbrenner, der bei einem Druck von 276 kPa (40 psi) arbeitet, verbrannt. Die 300 mm \u00d7 300 mm \u00d7 790 mm gro\u00dfe Pr\u00fcfkammer ist mit einer Lichtquelle, einer Fotozelle und einem Messger\u00e4t ausgestattet, um die Lichtabsorption horizontal \u00fcber den 300 mm Lichtstrahlengang zu messen. Die Kammer ist w\u00e4hrend der 4-min\u00fctigen Testphase geschlossen, mit Ausnahme der 25 mm hohen Bel\u00fcftungs\u00f6ffnung um den Boden der Kammer.\u00a0<\/p>\n<p>Die Messung erfolgt durch die \u00dcbertragung eines Lichtstrahls durch den von der zu pr\u00fcfenden Probe erzeugten Rauch zu einem\nLichtmessempf\u00e4nger. Die Ergebnisse werden in Einheiten der Lichtabsorption (%) angegeben. Die Lichtabsorptionsdaten werden mit einem benutzerfreundlichen Softwaretool erfasst und \u00fcber die Zeit aufgetragen. Zwei Indizes, der maximal erzeugte Rauch und die Bewertung der Rauchdichte, werden zur Bewertung des Materials verwendet. Es ist eine hitzebest\u00e4ndige Glast\u00fcr installiert, um die Beobachtung des Tests w\u00e4hrend der Durchf\u00fchrung zu erm\u00f6glichen.<\/p>\n<p><strong>Software:<\/strong><\/p>\n<p>Instrument Supplied with Software at no extra charge. Software updates provided free of charge.<\/p>\t\t\t\t\t\t\t\t<\/div>\n\t\t\t\t<\/div>\n\t\t\t\t\t<\/div>\n\t\t<\/div>\n\t\t\t\t<div class=\"elementor-column elementor-col-50 elementor-top-column elementor-element elementor-element-7f61e6d\" data-id=\"7f61e6d\" data-element_type=\"column\" data-e-type=\"column\">\n\t\t\t<div class=\"elementor-widget-wrap elementor-element-populated\">\n\t\t\t\t\t\t<div class=\"elementor-element elementor-element-58ad6a6 elementor-widget elementor-widget-image\" data-id=\"58ad6a6\" data-element_type=\"widget\" data-e-type=\"widget\" data-widget_type=\"image.default\">\n\t\t\t\t<div class=\"elementor-widget-container\">\n\t\t\t\t\t\t\t\t\t\t\t\t\t\t\t<img fetchpriority=\"high\" decoding=\"async\" width=\"768\" height=\"768\" src=\"https:\/\/fire-testing.com\/wp-content\/uploads\/2019\/06\/41-Density-of-Smoke-from-the-Burning-or-Decomposition-of-Plastics_PIXEL-768x768.jpg\" class=\"attachment-medium_large size-medium_large wp-image-4191\" alt=\"Density of Smoke from the Burning or Decomposition of Plastics astm d2843\" srcset=\"https:\/\/fire-testing.com\/wp-content\/uploads\/2019\/06\/41-Density-of-Smoke-from-the-Burning-or-Decomposition-of-Plastics_PIXEL-768x768.jpg 768w, https:\/\/fire-testing.com\/wp-content\/uploads\/2019\/06\/41-Density-of-Smoke-from-the-Burning-or-Decomposition-of-Plastics_PIXEL-150x150.jpg 150w, https:\/\/fire-testing.com\/wp-content\/uploads\/2019\/06\/41-Density-of-Smoke-from-the-Burning-or-Decomposition-of-Plastics_PIXEL-300x300.jpg 300w, https:\/\/fire-testing.com\/wp-content\/uploads\/2019\/06\/41-Density-of-Smoke-from-the-Burning-or-Decomposition-of-Plastics_PIXEL.jpg 800w\" sizes=\"(max-width: 768px) 100vw, 768px\" \/>\t\t\t\t\t\t\t\t\t\t\t\t\t\t\t<\/div>\n\t\t\t\t<\/div>\n\t\t\t\t<div class=\"elementor-element elementor-element-ace79a7 elementor-widget elementor-widget-heading\" data-id=\"ace79a7\" data-element_type=\"widget\" data-e-type=\"widget\" data-widget_type=\"heading.default\">\n\t\t\t\t<div class=\"elementor-widget-container\">\n\t\t\t\t\t<p class=\"elementor-heading-title elementor-size-default\">Dichte des Rauchs aus der Verbrennung oder Zersetzung von Kunststoffen<\/p>\t\t\t\t<\/div>\n\t\t\t\t<\/div>\n\t\t\t\t\t<\/div>\n\t\t<\/div>\n\t\t\t\t\t<\/div>\n\t\t<\/section>\n\t\t\t\t<section data-particle_enable=\"false\" data-particle-mobile-disabled=\"false\" class=\"elementor-section elementor-top-section elementor-element elementor-element-23aac33 elementor-section-boxed elementor-section-height-default elementor-section-height-default\" data-id=\"23aac33\" data-element_type=\"section\" data-e-type=\"section\">\n\t\t\t\t\t\t<div class=\"elementor-container elementor-column-gap-default\">\n\t\t\t\t\t<div class=\"elementor-column elementor-col-100 elementor-top-column elementor-element elementor-element-9a83f14\" data-id=\"9a83f14\" data-element_type=\"column\" data-e-type=\"column\">\n\t\t\t<div class=\"elementor-widget-wrap elementor-element-populated\">\n\t\t\t\t\t\t<div class=\"dce-visibility-event elementor-element elementor-element-d56cf06 elementor-widget elementor-widget-button\" data-id=\"d56cf06\" data-element_type=\"widget\" data-e-type=\"widget\" data-settings=\"{&quot;enabled_visibility&quot;:&quot;yes&quot;,&quot;dce_visibility_selected&quot;:&quot;yes&quot;}\" data-widget_type=\"button.default\">\n\t\t\t\t<div class=\"elementor-widget-container\">\n\t\t\t\t\t\t\t\t\t<div class=\"elementor-button-wrapper\">\n\t\t\t\t\t<a class=\"elementor-button elementor-button-link elementor-size-sm\" href=\"https:\/\/fire-testing.com\/de\/login\/\">\n\t\t\t\t\t\t<span class=\"elementor-button-content-wrapper\">\n\t\t\t\t\t\t\t\t\t<span class=\"elementor-button-text\">ANMELDEN\/REGISTRIEREN ZUM HERUNTERLADEN DIESER BROSCH\u00dcRE<\/span>\n\t\t\t\t\t<\/span>\n\t\t\t\t\t<\/a>\n\t\t\t\t<\/div>\n\t\t\t\t\t\t\t\t<\/div>\n\t\t\t\t<\/div>\n\t\t\t\t<div class=\"dce-visibility-event elementor-element elementor-element-9dce697 elementor-widget elementor-widget-button\" data-id=\"9dce697\" data-element_type=\"widget\" data-e-type=\"widget\" data-settings=\"{&quot;enabled_visibility&quot;:&quot;yes&quot;,&quot;dce_visibility_selected&quot;:&quot;yes&quot;}\" data-widget_type=\"button.default\">\n\t\t\t\t<div class=\"elementor-widget-container\">\n\t\t\t\t\t\t\t\t\t<div class=\"elementor-button-wrapper\">\n\t\t\t\t\t<a class=\"elementor-button elementor-button-link elementor-size-sm\" href=\"https:\/\/fire-testing.com\/de\/request-a-brochure\/\">\n\t\t\t\t\t\t<span class=\"elementor-button-content-wrapper\">\n\t\t\t\t\t\t\t\t\t<span class=\"elementor-button-text\">REQUEST TECHNICAL SPECIFICATION<\/span>\n\t\t\t\t\t<\/span>\n\t\t\t\t\t<\/a>\n\t\t\t\t<\/div>\n\t\t\t\t\t\t\t\t<\/div>\n\t\t\t\t<\/div>\n\t\t<!-- dce invisible element 16cff1c -->\t\t\t<\/div>\n\t\t<\/div>\n\t\t\t\t\t<\/div>\n\t\t<\/section>\n\t\t\t\t<\/div>","protected":false},"excerpt":{"rendered":"<p>Density of Smoke from the Burning or Decomposition of Plastics ASTM D2843 ASTM D2843 Smoke Density Test, also known as the Exit Sign Smoke Test, is intended to be used for measuring the smoke-producing characteristics of plastics under controlled conditions of combustion or decomposition. The measurements are made in terms of the loss of light [&hellip;]<\/p>\n","protected":false},"author":142,"featured_media":0,"parent":0,"menu_order":0,"comment_status":"closed","ping_status":"closed","template":"","meta":{"_acf_changed":false,"footnotes":""},"class_list":["post-706","page","type-page","status-publish","hentry"],"acf":[],"_links":{"self":[{"href":"https:\/\/fire-testing.com\/de\/wp-json\/wp\/v2\/pages\/706","targetHints":{"allow":["GET"]}}],"collection":[{"href":"https:\/\/fire-testing.com\/de\/wp-json\/wp\/v2\/pages"}],"about":[{"href":"https:\/\/fire-testing.com\/de\/wp-json\/wp\/v2\/types\/page"}],"author":[{"embeddable":true,"href":"https:\/\/fire-testing.com\/de\/wp-json\/wp\/v2\/users\/142"}],"replies":[{"embeddable":true,"href":"https:\/\/fire-testing.com\/de\/wp-json\/wp\/v2\/comments?post=706"}],"version-history":[{"count":0,"href":"https:\/\/fire-testing.com\/de\/wp-json\/wp\/v2\/pages\/706\/revisions"}],"wp:attachment":[{"href":"https:\/\/fire-testing.com\/de\/wp-json\/wp\/v2\/media?parent=706"}],"curies":[{"name":"wp","href":"https:\/\/api.w.org\/{rel}","templated":true}]}}