{"id":715,"date":"2019-02-08T10:31:24","date_gmt":"2019-02-08T10:31:24","guid":{"rendered":"https:\/\/www.fire-testing.com\/?page_id=715"},"modified":"2022-08-05T12:31:38","modified_gmt":"2022-08-05T12:31:38","slug":"radiant-panel-flame-spread-apparatus","status":"publish","type":"page","link":"https:\/\/fire-testing.com\/de\/radiant-panel-flame-spread-apparatus\/","title":{"rendered":"Strahlungsplatten-Flammenausbreitungspr\u00fcfger\u00e4t"},"content":{"rendered":"<div data-elementor-type=\"wp-page\" data-elementor-id=\"715\" class=\"elementor elementor-715\" data-elementor-post-type=\"page\">\n\t\t\t\t\t\t<section data-particle_enable=\"false\" data-particle-mobile-disabled=\"false\" class=\"elementor-section elementor-top-section elementor-element elementor-element-3c0e1dd elementor-section-boxed elementor-section-height-default elementor-section-height-default\" data-id=\"3c0e1dd\" data-element_type=\"section\" data-e-type=\"section\">\n\t\t\t\t\t\t<div class=\"elementor-container elementor-column-gap-default\">\n\t\t\t\t\t<div class=\"elementor-column elementor-col-50 elementor-top-column elementor-element elementor-element-fef2b1a\" data-id=\"fef2b1a\" data-element_type=\"column\" data-e-type=\"column\">\n\t\t\t<div class=\"elementor-widget-wrap elementor-element-populated\">\n\t\t\t\t\t\t<div class=\"elementor-element elementor-element-d0fb5cb elementor-widget elementor-widget-heading\" data-id=\"d0fb5cb\" data-element_type=\"widget\" data-e-type=\"widget\" data-widget_type=\"heading.default\">\n\t\t\t\t<div class=\"elementor-widget-container\">\n\t\t\t\t\t<h1 class=\"elementor-heading-title elementor-size-default\">Strahlungsplatten-Flammenausbreitungspr\u00fcfger\u00e4t<\/h1>\t\t\t\t<\/div>\n\t\t\t\t<\/div>\n\t\t\t\t<div class=\"elementor-element elementor-element-24033dc elementor-widget elementor-widget-heading\" data-id=\"24033dc\" data-element_type=\"widget\" data-e-type=\"widget\" data-widget_type=\"heading.default\">\n\t\t\t\t<div class=\"elementor-widget-container\">\n\t\t\t\t\t<h2 class=\"elementor-heading-title elementor-size-default\">ASTM E162; ASTM D3675<\/h2>\t\t\t\t<\/div>\n\t\t\t\t<\/div>\n\t\t\t\t<div class=\"elementor-element elementor-element-413767ab elementor-widget elementor-widget-text-editor\" data-id=\"413767ab\" data-element_type=\"widget\" data-e-type=\"widget\" data-widget_type=\"text-editor.default\">\n\t\t\t\t<div class=\"elementor-widget-container\">\n\t\t\t\t\t\t\t\t\t<p class=\"translation-block\">Das Strahlungsplatten-Flammenausbreitungspr\u00fcfger\u00e4t misst die Oberfl\u00e4chenentflammbarkeit von Bauprodukten (ASTM E 162) und Zellkunststoffen (ASTM D3675) durch Verwendung einer gasbefeuerten W\u00e4rmestrahlungsplatte. Das Pr\u00fcfergebnis ist ein Index, der durch die Faktoren Flammenausbreitung und Temperaturentwicklung bestimmt wird. Dieser Index ist in verschiedenen Spezifikationen, speziell f\u00fcr den Massenpersonentransport (Busse und Bahnen) vorgeschrieben.<\/p>\n<p class=\"translation-block\">Das Strahlungsplatten-Flammenausbreitungspr\u00fcfger\u00e4t von <span class=\"s1\"><span style=\"color: #f05e23\"><strong>FTT<\/strong><\/span><\/span>\n wird als komplettes, leicht zu bedienendes System geliefert. \n<br>\n<br>\n<strong>Merkmale:<\/strong><\/p>\n<ul>\n<li>Porous cement and cast iron gas operated radiant panel (12&#8243; \u00d7 18&#8243;) with electric spark igniter and automatic safety flame out detector<\/li>\n<li>Stainless steel specimen holder, with observation marks every 3&#8243;, for assessing the progress of the flame front<\/li>\n<li>Musterhalter aus Edelstahl<\/li>\n<li>Z\u00fcndbrennerbaugruppe aus Edelstahl<\/li>\n<li>Pyrometer zur Bestimmung der Oberfl\u00e4chentemperatur der Strahlungsplatte. Anbauplatte beiliegend<\/li>\n<li>Luftstr\u00f6mungsmesser und Gassteuerungsventil zur Steuerung der Mischung f\u00fcr die Strahlungsplatte<\/li>\n<li>Abgaskamin aus Edelstahl mit abnehmbarer Platte zur einfachen Reinigung der Thermoelemente<\/li>\n<li>Der Kamin wird mit 8 Thermoelementen, wie von den Normen gefordert, geliefert.<\/li>\n<li>Kalibrierter Brenner mit Methangasstr\u00f6mungsmesser<\/li>\n<li>Gassicherheits\u00fcberwachung und -unterbrechungskreis<\/li>\n<\/ul>\n<p><strong>Software:<\/strong><\/p>\n<p>Instrument Supplied with Software at no extra charge. Software updates provided free of charge.<\/p>\t\t\t\t\t\t\t\t<\/div>\n\t\t\t\t<\/div>\n\t\t\t\t\t<\/div>\n\t\t<\/div>\n\t\t\t\t<div class=\"elementor-column elementor-col-50 elementor-top-column elementor-element elementor-element-7e3e3b5\" data-id=\"7e3e3b5\" data-element_type=\"column\" data-e-type=\"column\">\n\t\t\t<div class=\"elementor-widget-wrap elementor-element-populated\">\n\t\t\t\t\t\t<div class=\"elementor-element elementor-element-bf29be7 elementor-widget elementor-widget-image\" data-id=\"bf29be7\" data-element_type=\"widget\" data-e-type=\"widget\" data-widget_type=\"image.default\">\n\t\t\t\t<div class=\"elementor-widget-container\">\n\t\t\t\t\t\t\t\t\t\t\t\t\t\t\t<img fetchpriority=\"high\" decoding=\"async\" width=\"768\" height=\"768\" src=\"https:\/\/www.fire-testing.com\/wp-content\/uploads\/2019\/06\/39-Radiant-Panel-Flame-Spread-Apparatus_PIXEL-768x768.jpg\" class=\"attachment-medium_large size-medium_large wp-image-4207\" alt=\"Strahlungsplatten-Flammenausbreitungspr\u00fcfger\u00e4t\" srcset=\"https:\/\/www.fire-testing.com\/wp-content\/uploads\/2019\/06\/39-Radiant-Panel-Flame-Spread-Apparatus_PIXEL-768x768.jpg 768w, https:\/\/www.fire-testing.com\/wp-content\/uploads\/2019\/06\/39-Radiant-Panel-Flame-Spread-Apparatus_PIXEL-150x150.jpg 150w, https:\/\/www.fire-testing.com\/wp-content\/uploads\/2019\/06\/39-Radiant-Panel-Flame-Spread-Apparatus_PIXEL-300x300.jpg 300w, https:\/\/www.fire-testing.com\/wp-content\/uploads\/2019\/06\/39-Radiant-Panel-Flame-Spread-Apparatus_PIXEL.jpg 800w\" sizes=\"(max-width: 768px) 100vw, 768px\" \/>\t\t\t\t\t\t\t\t\t\t\t\t\t\t\t<\/div>\n\t\t\t\t<\/div>\n\t\t\t\t<div class=\"elementor-element elementor-element-14bc08b elementor-widget elementor-widget-heading\" data-id=\"14bc08b\" data-element_type=\"widget\" data-e-type=\"widget\" data-widget_type=\"heading.default\">\n\t\t\t\t<div class=\"elementor-widget-container\">\n\t\t\t\t\t<p class=\"elementor-heading-title elementor-size-default\">Strahlungsplatten-Flammenausbreitungspr\u00fcfger\u00e4t<\/p>\t\t\t\t<\/div>\n\t\t\t\t<\/div>\n\t\t\t\t\t<\/div>\n\t\t<\/div>\n\t\t\t\t\t<\/div>\n\t\t<\/section>\n\t\t\t\t<section data-particle_enable=\"false\" data-particle-mobile-disabled=\"false\" class=\"elementor-section elementor-top-section elementor-element elementor-element-446599a elementor-section-boxed elementor-section-height-default elementor-section-height-default\" data-id=\"446599a\" data-element_type=\"section\" data-e-type=\"section\">\n\t\t\t\t\t\t<div class=\"elementor-container elementor-column-gap-default\">\n\t\t\t\t\t<div class=\"elementor-column elementor-col-100 elementor-top-column elementor-element elementor-element-e58ecad\" data-id=\"e58ecad\" data-element_type=\"column\" data-e-type=\"column\">\n\t\t\t<div class=\"elementor-widget-wrap elementor-element-populated\">\n\t\t\t\t\t\t<div class=\"dce-visibility-event elementor-element elementor-element-1584713 elementor-widget elementor-widget-button\" data-id=\"1584713\" data-element_type=\"widget\" data-e-type=\"widget\" data-settings=\"{&quot;enabled_visibility&quot;:&quot;yes&quot;,&quot;dce_visibility_selected&quot;:&quot;yes&quot;}\" data-widget_type=\"button.default\">\n\t\t\t\t<div class=\"elementor-widget-container\">\n\t\t\t\t\t\t\t\t\t<div class=\"elementor-button-wrapper\">\n\t\t\t\t\t<a class=\"elementor-button elementor-button-link elementor-size-sm\" href=\"https:\/\/fire-testing.com\/de\/login\/\">\n\t\t\t\t\t\t<span class=\"elementor-button-content-wrapper\">\n\t\t\t\t\t\t\t\t\t<span class=\"elementor-button-text\">ANMELDEN\/REGISTRIEREN ZUM HERUNTERLADEN DIESER BROSCH\u00dcRE<\/span>\n\t\t\t\t\t<\/span>\n\t\t\t\t\t<\/a>\n\t\t\t\t<\/div>\n\t\t\t\t\t\t\t\t<\/div>\n\t\t\t\t<\/div>\n\t\t\t\t<div class=\"dce-visibility-event elementor-element elementor-element-d819870 elementor-widget elementor-widget-button\" data-id=\"d819870\" data-element_type=\"widget\" data-e-type=\"widget\" data-settings=\"{&quot;enabled_visibility&quot;:&quot;yes&quot;,&quot;dce_visibility_selected&quot;:&quot;yes&quot;}\" data-widget_type=\"button.default\">\n\t\t\t\t<div class=\"elementor-widget-container\">\n\t\t\t\t\t\t\t\t\t<div class=\"elementor-button-wrapper\">\n\t\t\t\t\t<a class=\"elementor-button elementor-button-link elementor-size-sm\" href=\"https:\/\/fire-testing.com\/de\/request-a-brochure\/\">\n\t\t\t\t\t\t<span class=\"elementor-button-content-wrapper\">\n\t\t\t\t\t\t\t\t\t<span class=\"elementor-button-text\">REQUEST TECHNICAL SPECIFICATION<\/span>\n\t\t\t\t\t<\/span>\n\t\t\t\t\t<\/a>\n\t\t\t\t<\/div>\n\t\t\t\t\t\t\t\t<\/div>\n\t\t\t\t<\/div>\n\t\t<!-- dce invisible element 5748efe -->\t\t\t<\/div>\n\t\t<\/div>\n\t\t\t\t\t<\/div>\n\t\t<\/section>\n\t\t\t\t<\/div>","protected":false},"excerpt":{"rendered":"<p>Radiant Panel Flame Spread Apparatus ASTM E162; ASTM D3675 The Radiant Panel Flame Spread Apparatus measures the surface flammability of building products (ASTM E162) and cellular plastics (ASTM D3675) by using a gas-fired radiant heat panel. The test result is an index that is determined from the flame spread and heat evolution factors. This index [&hellip;]<\/p>\n","protected":false},"author":142,"featured_media":0,"parent":0,"menu_order":0,"comment_status":"closed","ping_status":"closed","template":"","meta":{"_acf_changed":false,"footnotes":""},"class_list":["post-715","page","type-page","status-publish","hentry"],"acf":[],"_links":{"self":[{"href":"https:\/\/fire-testing.com\/de\/wp-json\/wp\/v2\/pages\/715","targetHints":{"allow":["GET"]}}],"collection":[{"href":"https:\/\/fire-testing.com\/de\/wp-json\/wp\/v2\/pages"}],"about":[{"href":"https:\/\/fire-testing.com\/de\/wp-json\/wp\/v2\/types\/page"}],"author":[{"embeddable":true,"href":"https:\/\/fire-testing.com\/de\/wp-json\/wp\/v2\/users\/142"}],"replies":[{"embeddable":true,"href":"https:\/\/fire-testing.com\/de\/wp-json\/wp\/v2\/comments?post=715"}],"version-history":[{"count":0,"href":"https:\/\/fire-testing.com\/de\/wp-json\/wp\/v2\/pages\/715\/revisions"}],"wp:attachment":[{"href":"https:\/\/fire-testing.com\/de\/wp-json\/wp\/v2\/media?parent=715"}],"curies":[{"name":"wp","href":"https:\/\/api.w.org\/{rel}","templated":true}]}}