{"id":726,"date":"2019-02-08T11:16:13","date_gmt":"2019-02-08T11:16:13","guid":{"rendered":"https:\/\/www.fire-testing.com\/?page_id=726"},"modified":"2022-08-08T09:40:18","modified_gmt":"2022-08-08T09:40:18","slug":"combustion-toxicity-test","status":"publish","type":"page","link":"https:\/\/fire-testing.com\/de\/combustion-toxicity-test\/","title":{"rendered":"Apparat zur Pr\u00fcfung der Verbrennungstoxizit\u00e4t"},"content":{"rendered":"<div data-elementor-type=\"wp-page\" data-elementor-id=\"726\" class=\"elementor elementor-726\" data-elementor-post-type=\"page\">\n\t\t\t\t\t\t<section data-particle_enable=\"false\" data-particle-mobile-disabled=\"false\" class=\"elementor-section elementor-top-section elementor-element elementor-element-881b0dc elementor-section-boxed elementor-section-height-default elementor-section-height-default\" data-id=\"881b0dc\" data-element_type=\"section\" data-e-type=\"section\">\n\t\t\t\t\t\t<div class=\"elementor-container elementor-column-gap-default\">\n\t\t\t\t\t<div class=\"elementor-column elementor-col-50 elementor-top-column elementor-element elementor-element-35db797\" data-id=\"35db797\" data-element_type=\"column\" data-e-type=\"column\">\n\t\t\t<div class=\"elementor-widget-wrap elementor-element-populated\">\n\t\t\t\t\t\t<div class=\"elementor-element elementor-element-9449e02 elementor-widget elementor-widget-heading\" data-id=\"9449e02\" data-element_type=\"widget\" data-e-type=\"widget\" data-widget_type=\"heading.default\">\n\t\t\t\t<div class=\"elementor-widget-container\">\n\t\t\t\t\t<h1 class=\"elementor-heading-title elementor-size-default\">Apparat zur Pr\u00fcfung der Verbrennungstoxizit\u00e4t<\/h1>\t\t\t\t<\/div>\n\t\t\t\t<\/div>\n\t\t\t\t<div class=\"elementor-element elementor-element-d2f71d1 elementor-widget elementor-widget-heading\" data-id=\"d2f71d1\" data-element_type=\"widget\" data-e-type=\"widget\" data-widget_type=\"heading.default\">\n\t\t\t\t<div class=\"elementor-widget-container\">\n\t\t\t\t\t<h2 class=\"elementor-heading-title elementor-size-default\">ASTM E1678; NFPA 269<\/h2>\t\t\t\t<\/div>\n\t\t\t\t<\/div>\n\t\t\t\t<div class=\"elementor-element elementor-element-6504e7f3 elementor-widget elementor-widget-text-editor\" data-id=\"6504e7f3\" data-element_type=\"widget\" data-e-type=\"widget\" data-widget_type=\"text-editor.default\">\n\t\t\t\t<div class=\"elementor-widget-container\">\n\t\t\t\t\t\t\t\t\t<p>Der Test nach ASTM E1678 verwendet Strahlungsw\u00e4rme mit Funkenz\u00fcndung zur Verbrennung einer Materialprobe und hilft bei der Charakterisierung des Produkts durch Messung der Entz\u00fcndbarkeit (Zeit), der Rate der Rauchentwicklung (Massenverlust) und der Toxizit\u00e4t (Gasanalyse). Dies sind wesentliche Parameter bei der Bewertung der potenziellen Brandgef\u00e4hrlichkeit von Produkten. Zuk\u00fcnftige M\u00f6glichkeit der Aufr\u00fcstung mit zus\u00e4tzlichen Instrumenten zur \u00dcberwachung der Korrosivit\u00e4t.<\/p>\n<p>Der Gesamtapparat besteht aus einer Verbrennungszelle und einer Pr\u00fcfkammer, die durch einen geschlossenen Durchgang (Schornstein) miteinander verbunden sind.\nAu\u00dferhalb der Verbrennungszelle, die die Probenplattform enth\u00e4lt, befinden sich W\u00e4rmestrahlungslampen und eine W\u00e4gezelle. Die Testkammer ist f\u00fcr kolorimetrische Gasreaktionsr\u00f6hrchen in einer Seite der Kammer vorbereitet. Die Gasanalyseinstrumente befinden sich au\u00dferhalb des Ger\u00e4ts, wobei Gasproben aus der Pr\u00fcfkammer entnommen werden. Die Verbrennungszelle, die Pr\u00fcfkammer und der Schornstein sind so zusammengebaut, dass sie zur Reinigung auseinandergenommen werden k\u00f6nnen.<\/p>\n<p>Das Ger\u00e4t ist nicht f\u00fcr Tierversuche ausgelegt.<\/p>\n<p><b>Hauptmerkmale:<\/b><\/p>\n<ul>\n<li>Die Probenausrichtung ist horizontal<\/li>\n<li>Geeignet zum Testen von Musterbaugruppen<\/li>\n<li>Polycarbonat-Kammer von 200 Litern<\/li>\n<li>W\u00e4rmefluss-Messger\u00e4t<\/li>\n<li>Bestrahlungsst\u00e4rke 10-50 kW\/m\u00b2<\/li>\n<li>Funkenz\u00fcndung<\/li>\n<li>W\u00e4gezelle mit einer Probenkapazit\u00e4t von 500g<\/li>\n<li>15 Anschl\u00fcsse f\u00fcr den Ausgang zu Gasanalysatoren<\/li>\n<\/ul>\n<p class=\"translation-block\">Test nach NFPA 269:\nDer Brandtestapparat f\u00fcr Rauchtoxizit\u00e4t nach NFPA 269 dient zur Beurteilung der toxischen Potenz von Verbrennungsprodukten aus verschiedenen Materialien oder Produkten, die als ebene Proben pr\u00e4sentiert werden. Der Apparat besteht aus einer Verbrennungszelle und einer Expositionskammer, die durch einen geschlossenen Durchgang (Schornstein) miteinander verbunden sind.<\/p>\n<p>Au\u00dferhalb der Verbrennungszelle, die die Probenplattform enth\u00e4lt, befinden sich 4 W\u00e4rmestrahlungslampen und eine W\u00e4gezelle. Die Expositionskammer besitzt sechs r\u00f6hrenf\u00f6rmige Geh\u00e4use, die f\u00fcr die Exposition von Targets vorgesehen sind. Optionale Gasanalyse-Instrumente zur Bestimmung der Rauchtoxizit\u00e4t k\u00f6nnen separat erworben werden. Die Verbrennungszelle, die Expositionskammer und der Schornstein sind so zusammengebaut, dass sie zur Reinigung getrennt werden k\u00f6nnen.\u00a0<\/p>\n<p><b>Hauptmerkmale:<\/b><\/p>\n<ul>\n<li>Expositionskammer<\/li>\n<li>Verbrennungszelle<\/li>\n<li>Schornstein<\/li>\n<li>Rauchklappe<\/li>\n<li>Heizstrahler<\/li>\n<li>Funken-Z\u00fcnder<\/li>\n<li>Probenhalter und W\u00e4gezelle<\/li>\n<\/ul>\t\t\t\t\t\t\t\t<\/div>\n\t\t\t\t<\/div>\n\t\t\t\t\t<\/div>\n\t\t<\/div>\n\t\t\t\t<div class=\"elementor-column elementor-col-50 elementor-top-column elementor-element elementor-element-09888c0\" data-id=\"09888c0\" data-element_type=\"column\" data-e-type=\"column\">\n\t\t\t<div class=\"elementor-widget-wrap elementor-element-populated\">\n\t\t\t\t\t\t<div class=\"elementor-element elementor-element-2d65ece elementor-widget elementor-widget-image\" data-id=\"2d65ece\" data-element_type=\"widget\" data-e-type=\"widget\" data-widget_type=\"image.default\">\n\t\t\t\t<div class=\"elementor-widget-container\">\n\t\t\t\t\t\t\t\t\t\t\t\t\t\t\t<img fetchpriority=\"high\" decoding=\"async\" width=\"768\" height=\"768\" src=\"https:\/\/www.fire-testing.com\/wp-content\/uploads\/2019\/04\/40-Combustion-Toxicity-Test-Apparatus-ASTM-E-1678-768x768.jpg\" class=\"attachment-medium_large size-medium_large wp-image-1645\" alt=\"Combustion Toxicity Test Apparatus ASTM E1678, NFPA 269\" srcset=\"https:\/\/www.fire-testing.com\/wp-content\/uploads\/2019\/04\/40-Combustion-Toxicity-Test-Apparatus-ASTM-E-1678-768x768.jpg 768w, https:\/\/www.fire-testing.com\/wp-content\/uploads\/2019\/04\/40-Combustion-Toxicity-Test-Apparatus-ASTM-E-1678-300x300.jpg 300w, https:\/\/www.fire-testing.com\/wp-content\/uploads\/2019\/04\/40-Combustion-Toxicity-Test-Apparatus-ASTM-E-1678-100x100.jpg 100w, https:\/\/www.fire-testing.com\/wp-content\/uploads\/2019\/04\/40-Combustion-Toxicity-Test-Apparatus-ASTM-E-1678-600x600.jpg 600w, https:\/\/www.fire-testing.com\/wp-content\/uploads\/2019\/04\/40-Combustion-Toxicity-Test-Apparatus-ASTM-E-1678-150x150.jpg 150w, https:\/\/www.fire-testing.com\/wp-content\/uploads\/2019\/04\/40-Combustion-Toxicity-Test-Apparatus-ASTM-E-1678.jpg 800w\" sizes=\"(max-width: 768px) 100vw, 768px\" \/>\t\t\t\t\t\t\t\t\t\t\t\t\t\t\t<\/div>\n\t\t\t\t<\/div>\n\t\t\t\t<div class=\"elementor-element elementor-element-1fa44b9 elementor-widget elementor-widget-heading\" data-id=\"1fa44b9\" data-element_type=\"widget\" data-e-type=\"widget\" data-widget_type=\"heading.default\">\n\t\t\t\t<div class=\"elementor-widget-container\">\n\t\t\t\t\t<p class=\"elementor-heading-title elementor-size-default\">Apparat zur Pr\u00fcfung der Verbrennungstoxizit\u00e4t<\/p>\t\t\t\t<\/div>\n\t\t\t\t<\/div>\n\t\t\t\t\t<\/div>\n\t\t<\/div>\n\t\t\t\t\t<\/div>\n\t\t<\/section>\n\t\t\t\t<section data-particle_enable=\"false\" data-particle-mobile-disabled=\"false\" class=\"elementor-section elementor-top-section elementor-element elementor-element-9e56dd3 elementor-section-boxed elementor-section-height-default elementor-section-height-default\" data-id=\"9e56dd3\" data-element_type=\"section\" data-e-type=\"section\">\n\t\t\t\t\t\t<div class=\"elementor-container elementor-column-gap-default\">\n\t\t\t\t\t<div class=\"elementor-column elementor-col-100 elementor-top-column elementor-element elementor-element-713d8da\" data-id=\"713d8da\" data-element_type=\"column\" data-e-type=\"column\">\n\t\t\t<div class=\"elementor-widget-wrap elementor-element-populated\">\n\t\t\t\t\t\t<div class=\"dce-visibility-event elementor-element elementor-element-39dd758 elementor-widget elementor-widget-button\" data-id=\"39dd758\" data-element_type=\"widget\" data-e-type=\"widget\" data-settings=\"{&quot;enabled_visibility&quot;:&quot;yes&quot;,&quot;dce_visibility_selected&quot;:&quot;yes&quot;}\" data-widget_type=\"button.default\">\n\t\t\t\t<div class=\"elementor-widget-container\">\n\t\t\t\t\t\t\t\t\t<div class=\"elementor-button-wrapper\">\n\t\t\t\t\t<a class=\"elementor-button elementor-button-link elementor-size-sm\" href=\"https:\/\/fire-testing.com\/de\/login\/\">\n\t\t\t\t\t\t<span class=\"elementor-button-content-wrapper\">\n\t\t\t\t\t\t\t\t\t<span class=\"elementor-button-text\">ANMELDEN\/REGISTRIEREN ZUM HERUNTERLADEN DIESER BROSCH\u00dcRE<\/span>\n\t\t\t\t\t<\/span>\n\t\t\t\t\t<\/a>\n\t\t\t\t<\/div>\n\t\t\t\t\t\t\t\t<\/div>\n\t\t\t\t<\/div>\n\t\t\t\t<div class=\"dce-visibility-event elementor-element elementor-element-5669f83 elementor-widget elementor-widget-button\" data-id=\"5669f83\" data-element_type=\"widget\" data-e-type=\"widget\" data-settings=\"{&quot;enabled_visibility&quot;:&quot;yes&quot;,&quot;dce_visibility_selected&quot;:&quot;yes&quot;}\" data-widget_type=\"button.default\">\n\t\t\t\t<div class=\"elementor-widget-container\">\n\t\t\t\t\t\t\t\t\t<div class=\"elementor-button-wrapper\">\n\t\t\t\t\t<a class=\"elementor-button elementor-button-link elementor-size-sm\" href=\"https:\/\/fire-testing.com\/de\/request-a-brochure\/\">\n\t\t\t\t\t\t<span class=\"elementor-button-content-wrapper\">\n\t\t\t\t\t\t\t\t\t<span class=\"elementor-button-text\">REQUEST TECHNICAL SPECIFICATION<\/span>\n\t\t\t\t\t<\/span>\n\t\t\t\t\t<\/a>\n\t\t\t\t<\/div>\n\t\t\t\t\t\t\t\t<\/div>\n\t\t\t\t<\/div>\n\t\t<!-- dce invisible element 624e6b3 -->\t\t\t<\/div>\n\t\t<\/div>\n\t\t\t\t\t<\/div>\n\t\t<\/section>\n\t\t\t\t<\/div>","protected":false},"excerpt":{"rendered":"<p>Combustion Toxicity Test Apparatus ASTM E1678; NFPA 269 The ASTM E1678 test uses radiant heat with spark ignition to combust a sample of material and helps to characterise the product by measuring ease of ignition (time), rate of smoke generation (mass loss) and toxicity (gas analysis). These are essential parameters in the evaluation of the [&hellip;]<\/p>\n","protected":false},"author":142,"featured_media":0,"parent":0,"menu_order":0,"comment_status":"closed","ping_status":"closed","template":"","meta":{"_acf_changed":false,"footnotes":""},"class_list":["post-726","page","type-page","status-publish","hentry"],"acf":[],"_links":{"self":[{"href":"https:\/\/fire-testing.com\/de\/wp-json\/wp\/v2\/pages\/726","targetHints":{"allow":["GET"]}}],"collection":[{"href":"https:\/\/fire-testing.com\/de\/wp-json\/wp\/v2\/pages"}],"about":[{"href":"https:\/\/fire-testing.com\/de\/wp-json\/wp\/v2\/types\/page"}],"author":[{"embeddable":true,"href":"https:\/\/fire-testing.com\/de\/wp-json\/wp\/v2\/users\/142"}],"replies":[{"embeddable":true,"href":"https:\/\/fire-testing.com\/de\/wp-json\/wp\/v2\/comments?post=726"}],"version-history":[{"count":0,"href":"https:\/\/fire-testing.com\/de\/wp-json\/wp\/v2\/pages\/726\/revisions"}],"wp:attachment":[{"href":"https:\/\/fire-testing.com\/de\/wp-json\/wp\/v2\/media?parent=726"}],"curies":[{"name":"wp","href":"https:\/\/api.w.org\/{rel}","templated":true}]}}