{"id":7416,"date":"2022-05-03T14:39:47","date_gmt":"2022-05-03T14:39:47","guid":{"rendered":"https:\/\/www.fire-testing.com\/?page_id=7416"},"modified":"2024-04-10T16:26:07","modified_gmt":"2024-04-10T15:26:07","slug":"room-corner-test","status":"publish","type":"page","link":"https:\/\/fire-testing.com\/de\/room-corner-test\/","title":{"rendered":"Room Corner Test"},"content":{"rendered":"<div data-elementor-type=\"wp-page\" data-elementor-id=\"7416\" class=\"elementor elementor-7416\" data-elementor-post-type=\"page\">\n\t\t\t\t\t\t<section data-particle_enable=\"false\" data-particle-mobile-disabled=\"false\" class=\"elementor-section elementor-top-section elementor-element elementor-element-4021bc96 elementor-section-boxed elementor-section-height-default elementor-section-height-default\" data-id=\"4021bc96\" data-element_type=\"section\" data-e-type=\"section\">\n\t\t\t\t\t\t<div class=\"elementor-container elementor-column-gap-default\">\n\t\t\t\t\t<div class=\"elementor-column elementor-col-50 elementor-top-column elementor-element elementor-element-52fc5fa9\" data-id=\"52fc5fa9\" data-element_type=\"column\" data-e-type=\"column\">\n\t\t\t<div class=\"elementor-widget-wrap elementor-element-populated\">\n\t\t\t\t\t\t<div class=\"elementor-element elementor-element-89b4b70 elementor-widget elementor-widget-heading\" data-id=\"89b4b70\" data-element_type=\"widget\" data-e-type=\"widget\" data-widget_type=\"heading.default\">\n\t\t\t\t<div class=\"elementor-widget-container\">\n\t\t\t\t\t<h1 class=\"elementor-heading-title elementor-size-default\">Room Corner Test<\/h1>\t\t\t\t<\/div>\n\t\t\t\t<\/div>\n\t\t\t\t<div class=\"elementor-element elementor-element-d9270bf elementor-widget elementor-widget-heading\" data-id=\"d9270bf\" data-element_type=\"widget\" data-e-type=\"widget\" data-widget_type=\"heading.default\">\n\t\t\t\t<div class=\"elementor-widget-container\">\n\t\t\t\t\t<h2 class=\"elementor-heading-title elementor-size-default\">ISO 9705; EN 14390; ASTM D5424; ASTM D5537; ASTM E603; ASTM E1537; ASTM E1590; ASTM E1822; NFPA 265; UL 1685; NT FIRE 25; NT FIRE 32<\/h2>\t\t\t\t<\/div>\n\t\t\t\t<\/div>\n\t\t\t\t<div class=\"elementor-element elementor-element-724d1769 elementor-widget elementor-widget-text-editor\" data-id=\"724d1769\" data-element_type=\"widget\" data-e-type=\"widget\" data-widget_type=\"text-editor.default\">\n\t\t\t\t<div class=\"elementor-widget-container\">\n\t\t\t\t\t\t\t\t\t<p class=\"translation-block\"><span class=\"s1\"><span style=\"color: #f05e23\"><strong>FTT<\/strong><\/span><\/span>\n baut und liefert den Room Corner Test komplett mit der entsprechenden Messausr\u00fcstung und liefert diese auf Kundenwunsch auch f\u00fcr die Erweiterung von vorhandenen Einrichtungen oder baut auf Wunsch eigene Messger\u00e4te.<\/p>\n<p>In the latter cases <span style=\"color: #ee5e27;\"><strong>FTT<\/strong><\/span> supply a Gas Analysis Instrumentation Console and a Duct Section. The console contains all the necessary instrumentation to measure heat release rates and other associated parameters. This includes an analyser developed specifically for <span style=\"color: #ee5e27;\"><strong>FTT<\/strong><\/span> Calorimeters, incorporating an enhanced&nbsp;<span style=\"font-weight: bolder; color: rgb(238, 94, 39);\">FTT <\/span>Calorimeter Analyser featuring a high stability temperature controlled paramagnetic oxygen sensor (and optional CO<sub>2<\/sub>\/CO) with flow control and by-pass for fast response. The specification of this instrumentation is the same for both large and small scale calorimeters and can therefore also be conveniently used with the <span style=\"color: #ee5e27;\"><strong>FTT<\/strong><\/span> Dual Cone Calorimeter. When used with the Cone Calorimeter the console is elegantly located with the Cone Calorimeter unit.<\/p>\n<p>Der L\u00fcftungskanaleinsatz enth\u00e4lt Pr\u00fcfspitzen f\u00fcr Gasproben und Luftgeschwindigkeitsmessung, sowie die Rauchmessausr\u00fcstung (wei\u00dfes Licht oder Laser). Die meisten dynamischen Branduntersuchungsger\u00e4te k\u00f6nnen mit dieser Ausr\u00fcstung f\u00fcr die Messung der W\u00e4rmeabgabe und Rauchentwicklung ausgestattet werden.<\/p>\n<p>Ein Windows-basiertes Softwarepaket erm\u00f6glicht die automatische Datenerfassung und Auswertung von dem mit der Gasanalyse-Instrumentenkonsole gelieferten fortschrittlichen Datenlogger. Die Software (LSHRCalc) berechnet automatisch den W\u00e4rmeabgabekoeffizienten und damit in Beziehung stehende Parameter und erstellt einen detaillierten Bericht \u00fcber das\/die untersuchte(n) Produkt(e).<\/p>\n<p class=\"translation-block\">Neben weiteren Optionen bietet <span class=\"s1\"><span style=\"color: #f05e23\"><strong>FTT<\/strong><\/span><\/span>\n ebenfalls gem\u00e4\u00df ISO 9705 Anhang A1 und A2 gebaute Brenner komplett mit Gasstrecke an. Der Gasfluss wird von einem Massenfluss-Controller mit Digitalanzeige gesteuert. Die Gassteuerung umfasst eine automatische Z\u00fcndeinheit mit verschiedenen Sicherheitseinrichtungen.<\/p>\n<p><strong>Software:<\/strong><\/p>\n<p><span>Ger\u00e4t wird ohne Aufpreis mit Software geliefert. Kostenlose Software-Updates.<\/span><\/p>\t\t\t\t\t\t\t\t<\/div>\n\t\t\t\t<\/div>\n\t\t\t\t<div class=\"elementor-element elementor-element-1c412bf elementor-widget elementor-widget-heading\" data-id=\"1c412bf\" data-element_type=\"widget\" data-e-type=\"widget\" data-widget_type=\"heading.default\">\n\t\t\t\t<div class=\"elementor-widget-container\">\n\t\t\t\t\t<h2 class=\"elementor-heading-title elementor-size-default\">Related Products<\/h2>\t\t\t\t<\/div>\n\t\t\t\t<\/div>\n\t\t\t\t<section data-particle_enable=\"false\" data-particle-mobile-disabled=\"false\" class=\"elementor-section elementor-inner-section elementor-element elementor-element-45ea1e2 elementor-section-boxed elementor-section-height-default elementor-section-height-default\" data-id=\"45ea1e2\" data-element_type=\"section\" data-e-type=\"section\">\n\t\t\t\t\t\t<div class=\"elementor-container elementor-column-gap-default\">\n\t\t\t\t\t<div class=\"elementor-column elementor-col-33 elementor-inner-column elementor-element elementor-element-4608186\" data-id=\"4608186\" data-element_type=\"column\" data-e-type=\"column\">\n\t\t\t<div class=\"elementor-widget-wrap elementor-element-populated\">\n\t\t\t\t\t\t<div class=\"elementor-element elementor-element-1549f14 elementor-widget elementor-widget-image\" data-id=\"1549f14\" data-element_type=\"widget\" data-e-type=\"widget\" data-widget_type=\"image.default\">\n\t\t\t\t<div class=\"elementor-widget-container\">\n\t\t\t\t\t\t\t\t\t\t\t\t\t\t\t\t<a href=\"https:\/\/fire-testing.com\/de\/furniture-calorimeter\/\">\n\t\t\t\t\t\t\t<img decoding=\"async\" width=\"170\" height=\"170\" src=\"https:\/\/www.fire-testing.com\/wp-content\/uploads\/2020\/10\/22_Furniture_Calirometer.jpg\" class=\"attachment-medium size-medium wp-image-6552\" alt=\"\" srcset=\"https:\/\/www.fire-testing.com\/wp-content\/uploads\/2020\/10\/22_Furniture_Calirometer.jpg 170w, https:\/\/www.fire-testing.com\/wp-content\/uploads\/2020\/10\/22_Furniture_Calirometer-150x150.jpg 150w, https:\/\/www.fire-testing.com\/wp-content\/uploads\/2020\/10\/22_Furniture_Calirometer-12x12.jpg 12w\" sizes=\"(max-width: 170px) 100vw, 170px\">\t\t\t\t\t\t\t\t<\/a>\n\t\t\t\t\t\t\t\t\t\t\t\t\t\t\t<\/div>\n\t\t\t\t<\/div>\n\t\t\t\t<div class=\"elementor-element elementor-element-e1d302e elementor-widget elementor-widget-text-editor\" data-id=\"e1d302e\" data-element_type=\"widget\" data-e-type=\"widget\" data-widget_type=\"text-editor.default\">\n\t\t\t\t<div class=\"elementor-widget-container\">\n\t\t\t\t\t\t\t\t\t<p><a href=\"https:\/\/fire-testing.com\/de\/furniture-calorimeter\/\"><span style=\"color: #000000;\">M\u00f6belkalorimeter<\/span><\/a><\/p>\t\t\t\t\t\t\t\t<\/div>\n\t\t\t\t<\/div>\n\t\t\t\t\t<\/div>\n\t\t<\/div>\n\t\t\t\t<div class=\"elementor-column elementor-col-33 elementor-inner-column elementor-element elementor-element-6f45841\" data-id=\"6f45841\" data-element_type=\"column\" data-e-type=\"column\">\n\t\t\t<div class=\"elementor-widget-wrap\">\n\t\t\t\t\t\t\t<\/div>\n\t\t<\/div>\n\t\t\t\t<div class=\"elementor-column elementor-col-33 elementor-inner-column elementor-element elementor-element-1ee47af\" data-id=\"1ee47af\" data-element_type=\"column\" data-e-type=\"column\">\n\t\t\t<div class=\"elementor-widget-wrap\">\n\t\t\t\t\t\t\t<\/div>\n\t\t<\/div>\n\t\t\t\t\t<\/div>\n\t\t<\/section>\n\t\t\t\t\t<\/div>\n\t\t<\/div>\n\t\t\t\t<div class=\"elementor-column elementor-col-50 elementor-top-column elementor-element elementor-element-c6a6ae0\" data-id=\"c6a6ae0\" data-element_type=\"column\" data-e-type=\"column\">\n\t\t\t<div class=\"elementor-widget-wrap elementor-element-populated\">\n\t\t\t\t\t\t<div class=\"elementor-element elementor-element-d0993c0 elementor-widget elementor-widget-image\" data-id=\"d0993c0\" data-element_type=\"widget\" data-e-type=\"widget\" data-widget_type=\"image.default\">\n\t\t\t\t<div class=\"elementor-widget-container\">\n\t\t\t\t\t\t\t\t\t\t\t\t\t\t\t<img fetchpriority=\"high\" decoding=\"async\" width=\"800\" height=\"800\" src=\"https:\/\/www.fire-testing.com\/wp-content\/uploads\/2019\/02\/Furniture-Calorimeter.jpg\" class=\"attachment-full size-full wp-image-596\" alt=\"Gro\u00dfkalium Sauerstoffverbrauch Kalorimetrie\" srcset=\"https:\/\/www.fire-testing.com\/wp-content\/uploads\/2019\/02\/Furniture-Calorimeter.jpg 800w, https:\/\/www.fire-testing.com\/wp-content\/uploads\/2019\/02\/Furniture-Calorimeter-300x300.jpg 300w, https:\/\/www.fire-testing.com\/wp-content\/uploads\/2019\/02\/Furniture-Calorimeter-100x100.jpg 100w, https:\/\/www.fire-testing.com\/wp-content\/uploads\/2019\/02\/Furniture-Calorimeter-600x600.jpg 600w, https:\/\/www.fire-testing.com\/wp-content\/uploads\/2019\/02\/Furniture-Calorimeter-150x150.jpg 150w, https:\/\/www.fire-testing.com\/wp-content\/uploads\/2019\/02\/Furniture-Calorimeter-768x768.jpg 768w\" sizes=\"(max-width: 800px) 100vw, 800px\" \/>\t\t\t\t\t\t\t\t\t\t\t\t\t\t\t<\/div>\n\t\t\t\t<\/div>\n\t\t\t\t<div class=\"elementor-element elementor-element-ad151ba elementor-widget elementor-widget-heading\" data-id=\"ad151ba\" data-element_type=\"widget\" data-e-type=\"widget\" data-widget_type=\"heading.default\">\n\t\t\t\t<div class=\"elementor-widget-container\">\n\t\t\t\t\t<p class=\"elementor-heading-title elementor-size-default\">Gro\u00dfkalium Sauerstoffverbrauch Kalorimetrie<\/p>\t\t\t\t<\/div>\n\t\t\t\t<\/div>\n\t\t\t\t<div class=\"elementor-element elementor-element-f3f5297 elementor-widget elementor-widget-image\" data-id=\"f3f5297\" data-element_type=\"widget\" data-e-type=\"widget\" data-widget_type=\"image.default\">\n\t\t\t\t<div class=\"elementor-widget-container\">\n\t\t\t\t\t\t\t\t\t\t\t\t\t\t\t<img decoding=\"async\" width=\"1037\" height=\"778\" src=\"https:\/\/www.fire-testing.com\/wp-content\/uploads\/2019\/02\/22-ISO-9705-onsite.jpg\" class=\"attachment-full size-full wp-image-1254\" alt=\"large scale oxygen consumption calorimetry room corner test\" srcset=\"https:\/\/www.fire-testing.com\/wp-content\/uploads\/2019\/02\/22-ISO-9705-onsite.jpg 1037w, https:\/\/www.fire-testing.com\/wp-content\/uploads\/2019\/02\/22-ISO-9705-onsite-600x450.jpg 600w, https:\/\/www.fire-testing.com\/wp-content\/uploads\/2019\/02\/22-ISO-9705-onsite-300x225.jpg 300w, https:\/\/www.fire-testing.com\/wp-content\/uploads\/2019\/02\/22-ISO-9705-onsite-768x576.jpg 768w, https:\/\/www.fire-testing.com\/wp-content\/uploads\/2019\/02\/22-ISO-9705-onsite-1024x768.jpg 1024w\" sizes=\"(max-width: 1037px) 100vw, 1037px\" \/>\t\t\t\t\t\t\t\t\t\t\t\t\t\t\t<\/div>\n\t\t\t\t<\/div>\n\t\t\t\t<div class=\"elementor-element elementor-element-e05fd16 elementor-widget elementor-widget-heading\" data-id=\"e05fd16\" data-element_type=\"widget\" data-e-type=\"widget\" data-widget_type=\"heading.default\">\n\t\t\t\t<div class=\"elementor-widget-container\">\n\t\t\t\t\t<p class=\"elementor-heading-title elementor-size-default\">ISO 9705 vor Ort<\/p>\t\t\t\t<\/div>\n\t\t\t\t<\/div>\n\t\t\t\t<div class=\"elementor-element elementor-element-728fb6d elementor-widget elementor-widget-image\" data-id=\"728fb6d\" data-element_type=\"widget\" data-e-type=\"widget\" data-widget_type=\"image.default\">\n\t\t\t\t<div class=\"elementor-widget-container\">\n\t\t\t\t\t\t\t\t\t\t\t\t\t\t\t<img loading=\"lazy\" decoding=\"async\" width=\"800\" height=\"800\" src=\"https:\/\/www.fire-testing.com\/wp-content\/uploads\/2019\/02\/22-FIPEC-Heat-Release_recoloured.jpg\" class=\"attachment-full size-full wp-image-1217\" alt=\"FIPEC Duct insert\" srcset=\"https:\/\/www.fire-testing.com\/wp-content\/uploads\/2019\/02\/22-FIPEC-Heat-Release_recoloured.jpg 800w, https:\/\/www.fire-testing.com\/wp-content\/uploads\/2019\/02\/22-FIPEC-Heat-Release_recoloured-300x300.jpg 300w, https:\/\/www.fire-testing.com\/wp-content\/uploads\/2019\/02\/22-FIPEC-Heat-Release_recoloured-100x100.jpg 100w, https:\/\/www.fire-testing.com\/wp-content\/uploads\/2019\/02\/22-FIPEC-Heat-Release_recoloured-600x600.jpg 600w, https:\/\/www.fire-testing.com\/wp-content\/uploads\/2019\/02\/22-FIPEC-Heat-Release_recoloured-150x150.jpg 150w, https:\/\/www.fire-testing.com\/wp-content\/uploads\/2019\/02\/22-FIPEC-Heat-Release_recoloured-768x768.jpg 768w\" sizes=\"(max-width: 800px) 100vw, 800px\" \/>\t\t\t\t\t\t\t\t\t\t\t\t\t\t\t<\/div>\n\t\t\t\t<\/div>\n\t\t\t\t<div class=\"elementor-element elementor-element-d575b65 elementor-widget elementor-widget-heading\" data-id=\"d575b65\" data-element_type=\"widget\" data-e-type=\"widget\" data-widget_type=\"heading.default\">\n\t\t\t\t<div class=\"elementor-widget-container\">\n\t\t\t\t\t<p class=\"elementor-heading-title elementor-size-default\">Duct insert<\/p>\t\t\t\t<\/div>\n\t\t\t\t<\/div>\n\t\t\t\t\t<\/div>\n\t\t<\/div>\n\t\t\t\t\t<\/div>\n\t\t<\/section>\n\t\t\t\t<section data-particle_enable=\"false\" data-particle-mobile-disabled=\"false\" class=\"elementor-section elementor-top-section elementor-element elementor-element-99f5d6b elementor-section-boxed elementor-section-height-default elementor-section-height-default\" data-id=\"99f5d6b\" data-element_type=\"section\" data-e-type=\"section\">\n\t\t\t\t\t\t<div class=\"elementor-container elementor-column-gap-default\">\n\t\t\t\t\t<div class=\"elementor-column elementor-col-100 elementor-top-column elementor-element elementor-element-f688290\" data-id=\"f688290\" data-element_type=\"column\" data-e-type=\"column\">\n\t\t\t<div class=\"elementor-widget-wrap elementor-element-populated\">\n\t\t\t\t\t\t<div class=\"dce-visibility-event elementor-element elementor-element-bff3730 elementor-widget elementor-widget-button\" data-id=\"bff3730\" data-element_type=\"widget\" data-e-type=\"widget\" data-settings=\"{&quot;enabled_visibility&quot;:&quot;yes&quot;,&quot;dce_visibility_selected&quot;:&quot;yes&quot;}\" data-widget_type=\"button.default\">\n\t\t\t\t<div class=\"elementor-widget-container\">\n\t\t\t\t\t\t\t\t\t<div class=\"elementor-button-wrapper\">\n\t\t\t\t\t<a class=\"elementor-button elementor-button-link elementor-size-sm\" href=\"https:\/\/fire-testing.com\/de\/login\/\">\n\t\t\t\t\t\t<span class=\"elementor-button-content-wrapper\">\n\t\t\t\t\t\t\t\t\t<span class=\"elementor-button-text\">ANMELDEN\/REGISTRIEREN ZUM HERUNTERLADEN DIESER BROSCH\u00dcRE<\/span>\n\t\t\t\t\t<\/span>\n\t\t\t\t\t<\/a>\n\t\t\t\t<\/div>\n\t\t\t\t\t\t\t\t<\/div>\n\t\t\t\t<\/div>\n\t\t\t\t<div class=\"dce-visibility-event elementor-element elementor-element-c246fbe elementor-widget elementor-widget-button\" data-id=\"c246fbe\" data-element_type=\"widget\" data-e-type=\"widget\" data-settings=\"{&quot;enabled_visibility&quot;:&quot;yes&quot;,&quot;dce_visibility_selected&quot;:&quot;yes&quot;}\" data-widget_type=\"button.default\">\n\t\t\t\t<div class=\"elementor-widget-container\">\n\t\t\t\t\t\t\t\t\t<div class=\"elementor-button-wrapper\">\n\t\t\t\t\t<a class=\"elementor-button elementor-button-link elementor-size-sm\" href=\"https:\/\/fire-testing.com\/de\/request-a-brochure\/\">\n\t\t\t\t\t\t<span class=\"elementor-button-content-wrapper\">\n\t\t\t\t\t\t\t\t\t<span class=\"elementor-button-text\">REQUEST TECHNICAL SPECIFICATION<\/span>\n\t\t\t\t\t<\/span>\n\t\t\t\t\t<\/a>\n\t\t\t\t<\/div>\n\t\t\t\t\t\t\t\t<\/div>\n\t\t\t\t<\/div>\n\t\t<!-- dce invisible element 7f5d519 -->\t\t\t<\/div>\n\t\t<\/div>\n\t\t\t\t\t<\/div>\n\t\t<\/section>\n\t\t\t\t<\/div>","protected":false},"excerpt":{"rendered":"<p>Room Corner Test ISO 9705; EN 14390; ASTM D5424; ASTM D5537; ASTM E603; ASTM E1537; ASTM E1590; ASTM E1822; NFPA 265; UL 1685; NT FIRE 25; NT FIRE 32 FTT build and supply the Room Corner Test complete with the appropriate instrumentation package or supply instrumentation to clients wishing to upgrade existing facilities or with [&hellip;]<\/p>\n","protected":false},"author":142,"featured_media":0,"parent":0,"menu_order":0,"comment_status":"closed","ping_status":"closed","template":"","meta":{"_acf_changed":false,"footnotes":""},"class_list":["post-7416","page","type-page","status-publish","hentry"],"acf":[],"_links":{"self":[{"href":"https:\/\/fire-testing.com\/de\/wp-json\/wp\/v2\/pages\/7416","targetHints":{"allow":["GET"]}}],"collection":[{"href":"https:\/\/fire-testing.com\/de\/wp-json\/wp\/v2\/pages"}],"about":[{"href":"https:\/\/fire-testing.com\/de\/wp-json\/wp\/v2\/types\/page"}],"author":[{"embeddable":true,"href":"https:\/\/fire-testing.com\/de\/wp-json\/wp\/v2\/users\/142"}],"replies":[{"embeddable":true,"href":"https:\/\/fire-testing.com\/de\/wp-json\/wp\/v2\/comments?post=7416"}],"version-history":[{"count":0,"href":"https:\/\/fire-testing.com\/de\/wp-json\/wp\/v2\/pages\/7416\/revisions"}],"wp:attachment":[{"href":"https:\/\/fire-testing.com\/de\/wp-json\/wp\/v2\/media?parent=7416"}],"curies":[{"name":"wp","href":"https:\/\/api.w.org\/{rel}","templated":true}]}}