{"id":10127,"date":"2024-03-28T12:37:14","date_gmt":"2024-03-28T12:37:14","guid":{"rendered":"https:\/\/www.fire-testing.com\/?post_type=product&#038;p=10127"},"modified":"2024-04-04T15:34:55","modified_gmt":"2024-04-04T14:34:55","slug":"a-new-product-yay","status":"publish","type":"product","link":"https:\/\/fire-testing.com\/de\/catalogue\/a-new-product-yay\/","title":{"rendered":"A new product.  Yay!"},"content":{"rendered":"<div data-elementor-type=\"product-post\" data-elementor-id=\"10127\" class=\"elementor elementor-10127\" data-elementor-post-type=\"product\">\n\t\t\t\t<div data-particle_enable=\"false\" data-particle-mobile-disabled=\"false\" class=\"elementor-element elementor-element-4469b04 e-ecs-flex e-flex e-con-boxed e-con e-parent\" data-id=\"4469b04\" data-element_type=\"container\" data-e-type=\"container\" data-settings=\"{&quot;ecs_container_type&quot;:&quot;flex&quot;}\">\n\t\t\t\t\t<div class=\"e-con-inner\">\n\t\t<div data-particle_enable=\"false\" data-particle-mobile-disabled=\"false\" class=\"elementor-element elementor-element-5b752b8 e-con-full e-ecs-flex e-flex e-con e-child\" data-id=\"5b752b8\" data-element_type=\"container\" data-e-type=\"container\" data-settings=\"{&quot;ecs_container_type&quot;:&quot;flex&quot;}\">\n\t\t\t\t<div class=\"elementor-element elementor-element-0e3c1d7 elementor-widget elementor-widget-text-editor\" data-id=\"0e3c1d7\" data-element_type=\"widget\" data-e-type=\"widget\" data-widget_type=\"text-editor.default\">\n\t\t\t\t<div class=\"elementor-widget-container\">\n\t\t\t\t\t\t\t\t\t<p class=\"translation-block\"><strong>Einzigartige Merkmale des <span style=\"color: #f05e23\"><em><strong><span style=\"font-family: Times\">i<\/span><\/strong><\/em><\/span><\/strong>Cone<em><span style=\"color: #f05e23\"> mini<\/span><\/em><strong><span class=\"s1\"> und <span style=\"color: #f05e23\"><em><strong><span style=\"font-family: Times\">i<\/span><\/strong><\/em><\/span><\/span><\/strong><span class=\"s1\">Cone<\/span><em><span class=\"s1\"><span style=\"color: #f05e23\"> classic<\/span><\/span><\/em><strong><span class=\"s1\"><span class=\"s1\"><\/span><\/span> von <span class=\"s1\"><span style=\"color: #f05e23\">FTT<\/span><\/span>:<\/strong><\/p><ul><li>Ferngesteuerte Positionssteuerung der Konusbaugruppe, so dass der Abstand zwischen Heizelement und Probenoberfl\u00e4che vor und w\u00e4hrend der Pr\u00fcfung eingestellt werden kann, um die Pr\u00fcfung von intumeszierenden oder sich thermisch verformenden Proben zu erleichtern<\/li><li>Programmierbare W\u00e4rmestromexposition. Es k\u00f6nnen bis zu 10 aufeinanderfolgende W\u00e4rmestromrampen oder Haltephasen programmiert werden<\/li><li>Motorisierter Hitzeschild zum Schutz der Probe vor W\u00e4rmeeinwirkung vor dem Test<\/li><li>Motorisierte Positionierung und Steuerung des Funkenz\u00fcnders zum Z\u00fcnden der Verbrennungsgase der Probe<\/li><li class=\"translation-block\">Automatische\/halbautomatische\/manuelle Kalibrierung durch ConeCalc-Software. \n<\/br>\nW\u00e4gezellenaufl\u00f6sung von 0,01 g und Lastkapazit\u00e4t bis zu 8,2 kg (Sartorius-Zelle)\n<\/br>\nW\u00e4gezelle ist auf einem unabh\u00e4ngigen Tisch montiert, um Vibrationen des Abluftventilators zu vermeiden<\/li><li>W\u00e4gezellenaufl\u00f6sung von 0,01 g und Lastkapazit\u00e4t bis zu 8,2 kg (Sartorius-Zelle)<\/li><li class=\"translation-block\">Online-Unterst\u00fctzung und Fernsteuerung von Instrumenten von <span class=\"s1\"><span style=\"color: #f05e23\"><strong>FTT<\/strong><\/span><\/span> f\u00fcr internetverbundene Systeme<\/li><li>Optionales gr\u00f6\u00dferes Kegelbrandmodell f\u00fcr die Pr\u00fcfung von Proben mit sehr niedrigen W\u00e4rmefreisetzungsraten. 150 mm \u00d7 150 mm gro\u00dfe Proben werden \u00fcber die gesamte Oberfl\u00e4che gleichm\u00e4\u00dfigem W\u00e4rmefluss ausgesetzt.<\/li><li>Optionales voll integriertes FTIR-Gasanalysesystem mit beheiztem Probenentnahmemodul, beheizten Leitungen\/Sonden und SPS-Steuerung<\/li><\/ul>\t\t\t\t\t\t\t\t<\/div>\n\t\t\t\t<\/div>\n\t\t\t\t<\/div>\n\t\t<div data-particle_enable=\"false\" data-particle-mobile-disabled=\"false\" class=\"elementor-element elementor-element-ec57965 e-con-full e-ecs-flex e-flex e-con e-child\" data-id=\"ec57965\" data-element_type=\"container\" data-e-type=\"container\" data-settings=\"{&quot;ecs_container_type&quot;:&quot;flex&quot;}\">\n\t\t\t\t<div class=\"elementor-element elementor-element-1b8b2ab elementor-widget elementor-widget-image\" data-id=\"1b8b2ab\" data-element_type=\"widget\" data-e-type=\"widget\" data-widget_type=\"image.default\">\n\t\t\t\t<div class=\"elementor-widget-container\">\n\t\t\t\t\t\t\t\t\t\t\t\t\t\t\t<img fetchpriority=\"high\" decoding=\"async\" width=\"800\" height=\"684\" src=\"https:\/\/www.fire-testing.com\/wp-content\/uploads\/2024\/01\/EN13823-Single-Burning-Item-1024x875.jpeg\" class=\"attachment-large size-large wp-image-9884\" alt=\"\" srcset=\"https:\/\/www.fire-testing.com\/wp-content\/uploads\/2024\/01\/EN13823-Single-Burning-Item-1024x875.jpeg 1024w, https:\/\/www.fire-testing.com\/wp-content\/uploads\/2024\/01\/EN13823-Single-Burning-Item-300x256.jpeg 300w, https:\/\/www.fire-testing.com\/wp-content\/uploads\/2024\/01\/EN13823-Single-Burning-Item-768x657.jpeg 768w, https:\/\/www.fire-testing.com\/wp-content\/uploads\/2024\/01\/EN13823-Single-Burning-Item-1536x1313.jpeg 1536w, https:\/\/www.fire-testing.com\/wp-content\/uploads\/2024\/01\/EN13823-Single-Burning-Item-2048x1751.jpeg 2048w, https:\/\/www.fire-testing.com\/wp-content\/uploads\/2024\/01\/EN13823-Single-Burning-Item-14x12.jpeg 14w, https:\/\/www.fire-testing.com\/wp-content\/uploads\/2024\/01\/EN13823-Single-Burning-Item-600x513.jpeg 600w\" sizes=\"(max-width: 800px) 100vw, 800px\">\t\t\t\t\t\t\t\t\t\t\t\t\t\t\t<\/div>\n\t\t\t\t<\/div>\n\t\t\t\t<\/div>\n\t\t\t\t\t<\/div>\n\t\t\t\t<\/div>\n\t\t\t\t<\/div>","protected":false},"excerpt":{"rendered":"<p class=\"elementor-heading-title elementor-size-default\">FAR 25.853 (a\u00ad1), FAA Fire Test Handbook \u2013 Kapitel 5; ASTM E906 Standardpr\u00fcfverfahren f\u00fcr W\u00e4rme und sichtbare Rauchfreisetzungsraten f\u00fcr Materialien und Produkte.<\/p>\n<p>A shorter description area here!<\/p>","protected":false},"featured_media":7861,"template":"","meta":{"_acf_changed":false},"product_brand":[],"product_cat":[29],"product_tag":[],"class_list":{"0":"post-10127","1":"product","2":"type-product","3":"status-publish","4":"has-post-thumbnail","6":"product_cat-product-brochure","8":"first","9":"instock","10":"virtual","11":"product-type-simple"},"acf":[],"_links":{"self":[{"href":"https:\/\/fire-testing.com\/de\/wp-json\/wp\/v2\/product\/10127","targetHints":{"allow":["GET"]}}],"collection":[{"href":"https:\/\/fire-testing.com\/de\/wp-json\/wp\/v2\/product"}],"about":[{"href":"https:\/\/fire-testing.com\/de\/wp-json\/wp\/v2\/types\/product"}],"version-history":[{"count":0,"href":"https:\/\/fire-testing.com\/de\/wp-json\/wp\/v2\/product\/10127\/revisions"}],"wp:featuredmedia":[{"embeddable":true,"href":"https:\/\/fire-testing.com\/de\/wp-json\/wp\/v2\/media\/7861"}],"wp:attachment":[{"href":"https:\/\/fire-testing.com\/de\/wp-json\/wp\/v2\/media?parent=10127"}],"wp:term":[{"taxonomy":"product_brand","embeddable":true,"href":"https:\/\/fire-testing.com\/de\/wp-json\/wp\/v2\/product_brand?post=10127"},{"taxonomy":"product_cat","embeddable":true,"href":"https:\/\/fire-testing.com\/de\/wp-json\/wp\/v2\/product_cat?post=10127"},{"taxonomy":"product_tag","embeddable":true,"href":"https:\/\/fire-testing.com\/de\/wp-json\/wp\/v2\/product_tag?post=10127"}],"curies":[{"name":"wp","href":"https:\/\/api.w.org\/{rel}","templated":true}]}}