{"id":1072,"date":"2019-02-15T14:24:00","date_gmt":"2019-02-15T14:24:00","guid":{"rendered":"https:\/\/www.fire-testing.com\/?page_id=1072"},"modified":"2022-08-08T08:35:00","modified_gmt":"2022-08-08T08:35:00","slug":"single-flame-source-test-ignitability-apparatus","status":"publish","type":"page","link":"https:\/\/fire-testing.com\/es\/single-flame-source-test-ignitability-apparatus\/","title":{"rendered":"Prueba de fuente de llama \u00fanica (aparato de inflamabilidad)"},"content":{"rendered":"<div data-elementor-type=\"wp-page\" data-elementor-id=\"1072\" class=\"elementor elementor-1072\" data-elementor-post-type=\"page\">\n\t\t\t\t\t\t<section data-particle_enable=\"false\" data-particle-mobile-disabled=\"false\" class=\"elementor-section elementor-top-section elementor-element elementor-element-a9f8ddc elementor-section-boxed elementor-section-height-default elementor-section-height-default\" data-id=\"a9f8ddc\" data-element_type=\"section\" data-e-type=\"section\">\n\t\t\t\t\t\t<div class=\"elementor-container elementor-column-gap-default\">\n\t\t\t\t\t<div class=\"elementor-column elementor-col-50 elementor-top-column elementor-element elementor-element-c4aa612\" data-id=\"c4aa612\" data-element_type=\"column\" data-e-type=\"column\">\n\t\t\t<div class=\"elementor-widget-wrap elementor-element-populated\">\n\t\t\t\t\t\t<div class=\"elementor-element elementor-element-bd188ed elementor-widget elementor-widget-heading\" data-id=\"bd188ed\" data-element_type=\"widget\" data-e-type=\"widget\" data-widget_type=\"heading.default\">\n\t\t\t\t<div class=\"elementor-widget-container\">\n\t\t\t\t\t<h1 class=\"elementor-heading-title elementor-size-default\">Prueba de fuente de llama \u00fanica (aparato de inflamabilidad)<\/h1>\t\t\t\t<\/div>\n\t\t\t\t<\/div>\n\t\t\t\t<div class=\"elementor-element elementor-element-6d681bf elementor-widget elementor-widget-heading\" data-id=\"6d681bf\" data-element_type=\"widget\" data-e-type=\"widget\" data-widget_type=\"heading.default\">\n\t\t\t\t<div class=\"elementor-widget-container\">\n\t\t\t\t\t<h2 class=\"elementor-heading-title elementor-size-default\">EN ISO 11925-2<\/h2>\t\t\t\t<\/div>\n\t\t\t\t<\/div>\n\t\t\t\t<div class=\"elementor-element elementor-element-2ca5c040 elementor-widget elementor-widget-text-editor\" data-id=\"2ca5c040\" data-element_type=\"widget\" data-e-type=\"widget\" data-widget_type=\"text-editor.default\">\n\t\t\t\t<div class=\"elementor-widget-container\">\n\t\t\t\t\t\t\t\t\t<p class=\"translation-block\">La directiva de productos de la construcci\u00f3n de clasificaci\u00f3n europea permite establecer varias clases de rendimiento (A a F) de productos para paredes y techos, y cubrimientos de pisos. Las clasificaciones superiores se obtienen a partir de buenos rendimientos en el aparato de SBI, en el caso de productos para recubrimiento de paredes y techos, o en la prueba de panel radiante de piso, en el caso de productos para pisos. <span class=\"s1\"><span style=\"color: #f05e23\"><strong>FTT<\/strong><\/span><\/span> fabrica ambos aparatos.<\/p>\n<p>&#8220;The Single Flame Source Test&#8221; is built in accordance with \u201cISO 11925-2: Reaction to fire tests for building products \u2013 Part 2: Ignitability when subjected to direct impingement of flame\u201d. The apparatus is based on the German Kleinbrenner method for determining ignitability of building products in the vertical orientation by direct small flame impingement under zero impressed irradiance.<\/p>\n<p class=\"translation-block\">El aparato de inflamabilidad de <span class=\"s1\"><span style=\"color: #f05e23\"><strong>FTT<\/strong><\/span><\/span> se suministra con un sistema completo y f\u00e1cil de usar que incorpora prestaciones de seguridad.<\/p>\n<p>La c\u00e1mara de combusti\u00f3n est\u00e1 hecha de acero inoxidable resistente a la corrosi\u00f3n para maximizar la vida \u00fatil. El frente es grande y tiene puertas laterales para facilitar el acceso. Estas puertas tienen visores de vidrio endurecido para observar la muestra completa durante las pruebas.<\/p>\n<p class=\"translation-block\"><strong>Las caracter\u00edsticas principales del aparato de inflamabilidad de <span class=\"s1\"><span style=\"color: #f05e23\"><strong>FTT<\/strong><\/span><\/span> son:<\/strong><\/p>\n<ul>\n<li>Una unidad de quemadores con muchas opciones de ajuste, montado sobre rieles gu\u00eda, que permiten inclinar la peque\u00f1a llama premezclada a un \u00e1ngulo de 45\u00b0 con relaci\u00f3n a la muestra y acercarla en un movimiento fluido.<\/li>\n<li>Soporte de muestras con capacidad para contener muestras de hasta 60 mm de espesor, inclusive.<\/li>\n<li>Un marco de sost\u00e9n para las muestras totalmente ajustable que facilita el movimiento lateral del soporte de muestras de modo que la llama se pueda aplicar en el centro de la muestra o en puntos espaciados lateralmente.<\/li>\n<li>Un anem\u00f3metro\/term\u00f3metro digital y un cron\u00f3metro para medir en forma simple y precisa el flujo, la temperatura y el tiempo.<\/li>\n<\/ul>\t\t\t\t\t\t\t\t<\/div>\n\t\t\t\t<\/div>\n\t\t\t\t\t<\/div>\n\t\t<\/div>\n\t\t\t\t<div class=\"elementor-column elementor-col-50 elementor-top-column elementor-element elementor-element-efae8dd\" data-id=\"efae8dd\" data-element_type=\"column\" data-e-type=\"column\">\n\t\t\t<div class=\"elementor-widget-wrap elementor-element-populated\">\n\t\t\t\t\t\t<div class=\"elementor-element elementor-element-bc09e36 elementor-widget elementor-widget-image\" data-id=\"bc09e36\" data-element_type=\"widget\" data-e-type=\"widget\" data-widget_type=\"image.default\">\n\t\t\t\t<div class=\"elementor-widget-container\">\n\t\t\t\t\t\t\t\t\t\t\t\t\t\t\t<img fetchpriority=\"high\" decoding=\"async\" width=\"768\" height=\"768\" src=\"https:\/\/www.fire-testing.com\/wp-content\/uploads\/2019\/06\/04-Single-Flame-Source-Test_PIXEL-768x768.jpg\" class=\"attachment-medium_large size-medium_large wp-image-4246\" alt=\"Prueba de fuente de fuego de una sola llama\" srcset=\"https:\/\/www.fire-testing.com\/wp-content\/uploads\/2019\/06\/04-Single-Flame-Source-Test_PIXEL-768x768.jpg 768w, https:\/\/www.fire-testing.com\/wp-content\/uploads\/2019\/06\/04-Single-Flame-Source-Test_PIXEL-150x150.jpg 150w, https:\/\/www.fire-testing.com\/wp-content\/uploads\/2019\/06\/04-Single-Flame-Source-Test_PIXEL-300x300.jpg 300w, https:\/\/www.fire-testing.com\/wp-content\/uploads\/2019\/06\/04-Single-Flame-Source-Test_PIXEL.jpg 800w\" sizes=\"(max-width: 768px) 100vw, 768px\" \/>\t\t\t\t\t\t\t\t\t\t\t\t\t\t\t<\/div>\n\t\t\t\t<\/div>\n\t\t\t\t<div class=\"elementor-element elementor-element-3afa3b8 elementor-widget elementor-widget-heading\" data-id=\"3afa3b8\" data-element_type=\"widget\" data-e-type=\"widget\" data-widget_type=\"heading.default\">\n\t\t\t\t<div class=\"elementor-widget-container\">\n\t\t\t\t\t<p class=\"elementor-heading-title elementor-size-default\">Prueba de fuente de fuego de una sola llama<\/p>\t\t\t\t<\/div>\n\t\t\t\t<\/div>\n\t\t\t\t\t<\/div>\n\t\t<\/div>\n\t\t\t\t\t<\/div>\n\t\t<\/section>\n\t\t\t\t<section data-particle_enable=\"false\" data-particle-mobile-disabled=\"false\" class=\"elementor-section elementor-top-section elementor-element elementor-element-bb93970 elementor-section-boxed elementor-section-height-default elementor-section-height-default\" data-id=\"bb93970\" data-element_type=\"section\" data-e-type=\"section\">\n\t\t\t\t\t\t<div class=\"elementor-container elementor-column-gap-default\">\n\t\t\t\t\t<div class=\"elementor-column elementor-col-100 elementor-top-column elementor-element elementor-element-db7e380\" data-id=\"db7e380\" data-element_type=\"column\" data-e-type=\"column\">\n\t\t\t<div class=\"elementor-widget-wrap elementor-element-populated\">\n\t\t\t\t\t\t<div class=\"dce-visibility-event elementor-element elementor-element-d826bce elementor-widget elementor-widget-button\" data-id=\"d826bce\" data-element_type=\"widget\" data-e-type=\"widget\" data-settings=\"{&quot;enabled_visibility&quot;:&quot;yes&quot;,&quot;dce_visibility_selected&quot;:&quot;yes&quot;}\" data-widget_type=\"button.default\">\n\t\t\t\t<div class=\"elementor-widget-container\">\n\t\t\t\t\t\t\t\t\t<div class=\"elementor-button-wrapper\">\n\t\t\t\t\t<a class=\"elementor-button elementor-button-link elementor-size-sm\" href=\"https:\/\/fire-testing.com\/es\/login\/\">\n\t\t\t\t\t\t<span class=\"elementor-button-content-wrapper\">\n\t\t\t\t\t\t\t\t\t<span class=\"elementor-button-text\">INICIE SESI\u00d3N\/REG\u00cdSTRESE PARA DESCARGAR ESTE FOLLETO<\/span>\n\t\t\t\t\t<\/span>\n\t\t\t\t\t<\/a>\n\t\t\t\t<\/div>\n\t\t\t\t\t\t\t\t<\/div>\n\t\t\t\t<\/div>\n\t\t\t\t<div class=\"dce-visibility-event elementor-element elementor-element-feb9cb0 elementor-widget elementor-widget-button\" data-id=\"feb9cb0\" data-element_type=\"widget\" data-e-type=\"widget\" data-settings=\"{&quot;enabled_visibility&quot;:&quot;yes&quot;,&quot;dce_visibility_selected&quot;:&quot;yes&quot;}\" data-widget_type=\"button.default\">\n\t\t\t\t<div class=\"elementor-widget-container\">\n\t\t\t\t\t\t\t\t\t<div class=\"elementor-button-wrapper\">\n\t\t\t\t\t<a class=\"elementor-button elementor-button-link elementor-size-sm\" href=\"https:\/\/fire-testing.com\/es\/request-a-brochure\/\">\n\t\t\t\t\t\t<span class=\"elementor-button-content-wrapper\">\n\t\t\t\t\t\t\t\t\t<span class=\"elementor-button-text\">REQUEST TECHNICAL SPECIFICATION<\/span>\n\t\t\t\t\t<\/span>\n\t\t\t\t\t<\/a>\n\t\t\t\t<\/div>\n\t\t\t\t\t\t\t\t<\/div>\n\t\t\t\t<\/div>\n\t\t<!-- dce invisible element 14c3440 -->\t\t\t<\/div>\n\t\t<\/div>\n\t\t\t\t\t<\/div>\n\t\t<\/section>\n\t\t\t\t<\/div>","protected":false},"excerpt":{"rendered":"<p>Single-Flame Source Test (Ignitability Apparatus) EN ISO 11925-2 The Euro classification construction products directive enables various performance classes (A to F) to be established for wall and roofing products and floor-coverings. Higher classifications are achieved from good performances in the SBI apparatus, for roofing and wall lining products, or in Flooring Radiant Panel test for [&hellip;]<\/p>\n","protected":false},"author":142,"featured_media":0,"parent":0,"menu_order":0,"comment_status":"closed","ping_status":"closed","template":"","meta":{"_acf_changed":false,"footnotes":""},"class_list":["post-1072","page","type-page","status-publish","hentry"],"acf":[],"_links":{"self":[{"href":"https:\/\/fire-testing.com\/es\/wp-json\/wp\/v2\/pages\/1072","targetHints":{"allow":["GET"]}}],"collection":[{"href":"https:\/\/fire-testing.com\/es\/wp-json\/wp\/v2\/pages"}],"about":[{"href":"https:\/\/fire-testing.com\/es\/wp-json\/wp\/v2\/types\/page"}],"author":[{"embeddable":true,"href":"https:\/\/fire-testing.com\/es\/wp-json\/wp\/v2\/users\/142"}],"replies":[{"embeddable":true,"href":"https:\/\/fire-testing.com\/es\/wp-json\/wp\/v2\/comments?post=1072"}],"version-history":[{"count":0,"href":"https:\/\/fire-testing.com\/es\/wp-json\/wp\/v2\/pages\/1072\/revisions"}],"wp:attachment":[{"href":"https:\/\/fire-testing.com\/es\/wp-json\/wp\/v2\/media?parent=1072"}],"curies":[{"name":"wp","href":"https:\/\/api.w.org\/{rel}","templated":true}]}}