{"id":1077,"date":"2019-02-15T14:30:20","date_gmt":"2019-02-15T14:30:20","guid":{"rendered":"https:\/\/www.fire-testing.com\/?page_id=1077"},"modified":"2022-08-08T08:31:59","modified_gmt":"2022-08-08T08:31:59","slug":"oxygen-bomb-calorimeter","status":"publish","type":"page","link":"https:\/\/fire-testing.com\/es\/oxygen-bomb-calorimeter\/","title":{"rendered":"Bomba Calorim\u00e9trica"},"content":{"rendered":"<div data-elementor-type=\"wp-page\" data-elementor-id=\"1077\" class=\"elementor elementor-1077\" data-elementor-post-type=\"page\">\n\t\t\t\t\t\t<section data-particle_enable=\"false\" data-particle-mobile-disabled=\"false\" class=\"elementor-section elementor-top-section elementor-element elementor-element-8c54e24 elementor-section-boxed elementor-section-height-default elementor-section-height-default\" data-id=\"8c54e24\" data-element_type=\"section\" data-e-type=\"section\">\n\t\t\t\t\t\t<div class=\"elementor-container elementor-column-gap-default\">\n\t\t\t\t\t<div class=\"elementor-column elementor-col-50 elementor-top-column elementor-element elementor-element-dedf5ef\" data-id=\"dedf5ef\" data-element_type=\"column\" data-e-type=\"column\">\n\t\t\t<div class=\"elementor-widget-wrap elementor-element-populated\">\n\t\t\t\t\t\t<div class=\"elementor-element elementor-element-6cf27ed elementor-widget elementor-widget-heading\" data-id=\"6cf27ed\" data-element_type=\"widget\" data-e-type=\"widget\" data-widget_type=\"heading.default\">\n\t\t\t\t<div class=\"elementor-widget-container\">\n\t\t\t\t\t<h1 class=\"elementor-heading-title elementor-size-default\">Bomba Calorim\u00e9trica<\/h1>\t\t\t\t<\/div>\n\t\t\t\t<\/div>\n\t\t\t\t<div class=\"elementor-element elementor-element-162767e elementor-widget elementor-widget-heading\" data-id=\"162767e\" data-element_type=\"widget\" data-e-type=\"widget\" data-widget_type=\"heading.default\">\n\t\t\t\t<div class=\"elementor-widget-container\">\n\t\t\t\t\t<h2 class=\"elementor-heading-title elementor-size-default\">EN ISO 1716<\/h2>\t\t\t\t<\/div>\n\t\t\t\t<\/div>\n\t\t\t\t<div class=\"elementor-element elementor-element-45bfbc1e elementor-widget elementor-widget-text-editor\" data-id=\"45bfbc1e\" data-element_type=\"widget\" data-e-type=\"widget\" data-widget_type=\"text-editor.default\">\n\t\t\t\t<div class=\"elementor-widget-container\">\n\t\t\t\t\t\t\t\t\t<p class=\"translation-block\">El calor\u00edmetro de bomba EN ISO 1716 es un calor\u00edmetro de bomba de ox\u00edgeno regulado por temperatura isoperib\u00f3lica de alta resoluci\u00f3n asequible con computadora de control integrada.<\/p>\n<p>El calor\u00edmetro de bomba es el dispositivo m\u00e1s com\u00fan para medir el calor de la combusti\u00f3n o el poder calor\u00edfico de materiales. Con este aparato, las muestras para prueba de una masa especificada se queman en condiciones estandarizadas. El calor de la combusti\u00f3n que se determina en estas condiciones se calcula sobre la base del aumento de temperatura observado, teniendo en cuenta la p\u00e9rdida de calor. El proceso de combusti\u00f3n se inicia dentro de una atm\u00f3sfera de ox\u00edgeno en un recipiente de volumen constante, que est\u00e1 construido para soportar presiones elevadas. Se lo sumerge en un ba\u00f1o de agua agitada y el dispositivo completo es el recipiente del calor\u00edmetro. El recipiente del calor\u00edmetro tambi\u00e9n se sumerge en un ba\u00f1o de agua externo. Se monitorea tanto la temperatura del agua en el recipiente del calor\u00edmetro como la del ba\u00f1o exterior.<\/p>\n<p>El calor\u00edmetro de la bomba de ox\u00edgeno se puede utilizar para medir el calor generado por varias aplicaciones y se lo ha dise\u00f1ado para que satisfaga las normas internacionales actuales ASTM, ISO, EN, BS y DIN. Se puede medir el poder calor\u00edfico de los siguientes grupos de materiales: -<\/p>\n<ul>\n<li>Materiales de construcci\u00f3n (por ejemplo, <a href=\"https:\/\/www.iso.org\/standard\/70177.html\" target=\"_blank\" rel=\"noopener\">EN ISO 1716<\/a>)<\/li>\n<li>Carb\u00f3n, coque (por ejemplo, <a href=\"https:\/\/www.astm.org\/Standards\/D5865.htm\" target=\"_blank\" rel=\"noopener\">ASTM D5865<\/a>)<\/li>\n<li>Combustible (gasolina, queroseno, gas\u00f3leo, combustible di\u00e9sel N.\u00ba 1-D y 2-D, y combustibles para turbinas de gas N.\u00ba 0-GT, 1-GT y 2-GT), (por ejemplo, ASTM D240-92)\nCombustibles de hidrocarburos (por ejemplo, <a href=\"https:\/\/www.astm.org\/DATABASE.CART\/HISTORICAL\/D240-92R97E2.htm\" target=\"_blank\" rel=\"noopener\">ASTM D240-92<\/a>)<\/li>\n<li>Combustibles de hidrocarburos (por ejemplo, ASTM D 4809-90)<\/li>\n<li>Alimentos, suplementos, cultivos<\/li>\n<li>Desechos y desperdicios<\/li>\n<li>Materiales combustibles, etc.<\/li>\n<\/ul>\n<p class=\"translation-block\">Un calor\u00edmetro de bomba isoperib\u00f3lico es un calor\u00edmetro en el cual la temperatura de la camisa se mantiene constante mientras que la temperatura del recipiente del calor\u00edmetro (la bomba y el cubo) aumenta a medida que se libera calor por la combusti\u00f3n de la muestra. Las temperaturas de la camisa y del cubo se miden en forma continua, lo cual permite hacer la correcci\u00f3n de p\u00e9rdida de calor despu\u00e9s de la prueba.<\/p>\n<p>Una computadora de control, un teclado y una pantalla LCD integrados permiten la automatizaci\u00f3n de instrumentos, la adquisici\u00f3n de datos y el an\u00e1lisis a trav\u00e9s de un software manejado por men\u00fa f\u00e1cil de usar.<\/p>\n<p><strong>Control autom\u00e1tico de temperatura del ba\u00f1o exterior<br \/><\/strong>El ordenador de control integrado establece autom\u00e1ticamente la temperatura del ba\u00f1o exterior. Para medir la temperatura, se utilizan dos term\u00f3metros de resistencia de platino (PRT, por sus siglas en ingl\u00e9s) de alta precisi\u00f3n y resoluci\u00f3n. Se suministran de manera est\u00e1ndar un controlador termost\u00e1tico externo, un ba\u00f1o, un circulador y un enfriador, junto con una pipeta para controlar la temperatura de llenado del recipiente del calor\u00edmetro. Esto evita que se produzcan errores humanos, con lo cual se incrementa la repetibilidad y se reduce de manera considerable el tiempo de preparaci\u00f3n entre pruebas.<\/p>\n<p><strong>Sistema de llenado de ox\u00edgeno<br \/><\/strong>Para simplificar el manejo de los instrumentos, el calor\u00edmetro de bomba est\u00e1 equipado con un sistema de llenado semiautom\u00e1tico. El usuario s\u00f3lo debe conectar el acoplamiento a presi\u00f3n y pulsar la tecla para llenar la bomba con ox\u00edgeno. La bomba se llena luego a la presi\u00f3n deseada y se apaga autom\u00e1ticamente. Si dicha presi\u00f3n no se alcanza, se muestra un mensaje de error.<\/p>\n<p><strong>Encendido autom\u00e1tico<br \/><\/strong>El ordenador integrado controla la temperatura del ba\u00f1o exterior y muestra una indicaci\u00f3n cuando la temperatura del recipiente del calor\u00edmetro se ha estabilizado. En este punto, la bomba se enciende autom\u00e1ticamente.<\/p>\n<p><strong>Calibraci\u00f3n<br \/><\/strong>El calor\u00edmetro de bomba se calibra mediante la combusti\u00f3n de \u00e1cido benzoico para determinar una constante denominada \"equivalente en agua\". El instrumento puede registrar el equivalente en agua de varias combinaciones de bomba y cubo. Para cada combinaci\u00f3n de bomba y cubo, se realizan cinco calibraciones. El software calcula el promedio de estas cinco calibraciones y utiliza este valor como el equivalente en agua cuando somete a prueba una muestra.<\/p>\n<p><strong>Gu\u00eda para pedir el producto<br \/><\/strong>El calor\u00edmetro de bomba consiste en: -<\/p>\n<ul>\n<li>Calor\u00edmetro de bomba con control por ordenador integrado, interfaz f\u00e1cil de usar, pantalla de gr\u00e1ficos LCD, PRT de alta precisi\u00f3n y resoluci\u00f3n, 2 interfaces RS232 y puerto paralelo para impresora.Bomba de ox\u00edgeno y cubo (recipiente del calor\u00edmetro)<\/li>\n<li>Bomba de ox\u00edgeno y cubo (recipiente del calor\u00edmetro)<\/li>\n<li>Ba\u00f1o controlado termost\u00e1ticamente, circulador, enfriador, pipeta (2 l)<\/li>\n<li>Dispositivo de preparaci\u00f3n de muestras para EN ISO 1716, cable de encendido y algod\u00f3n, papel de cigarrillos<\/li>\n<li>Accesorios para la instalaci\u00f3n<\/li>\n<\/ul>\n<p><strong>Accesorios opcionales: -<\/strong><\/p>\n<ul>\n<li>Bomba de ox\u00edgeno de repuesto<\/li>\n<li>Bomba de ox\u00edgeno resistente a la corrosi\u00f3n (resistente a la corrosi\u00f3n producida por gases hal\u00f3genos)<\/li>\n<li>Impresora<\/li>\n<li>Cubo<\/li>\n<li>\u00c1cido benzoico, 100 g<\/li>\n<li>Crisol de n\u00edquel-cromo<\/li>\n<li>Cable de encendido de n\u00edquel-cromo de 25 m de longitud<\/li>\n<li>Balanza de precisi\u00f3n<\/li>\n<\/ul>\n<p class=\"translation-block\"><strong>Dimensiones (largo x ancho x profundidad)<\/strong><\/p>\n<ul>\n<li>Calor\u00edmetro de bomba: 400 \u00d7 400 \u00d7 400 mm<\/li>\n<\/ul>\t\t\t\t\t\t\t\t<\/div>\n\t\t\t\t<\/div>\n\t\t\t\t\t<\/div>\n\t\t<\/div>\n\t\t\t\t<div class=\"elementor-column elementor-col-50 elementor-top-column elementor-element elementor-element-fd4c4d8\" data-id=\"fd4c4d8\" data-element_type=\"column\" data-e-type=\"column\">\n\t\t\t<div class=\"elementor-widget-wrap elementor-element-populated\">\n\t\t\t\t\t\t<div class=\"elementor-element elementor-element-c7793e6 elementor-widget elementor-widget-image\" data-id=\"c7793e6\" data-element_type=\"widget\" data-e-type=\"widget\" data-widget_type=\"image.default\">\n\t\t\t\t<div class=\"elementor-widget-container\">\n\t\t\t\t\t\t\t\t\t\t\t\t\t\t\t<img fetchpriority=\"high\" decoding=\"async\" width=\"768\" height=\"768\" src=\"https:\/\/fire-testing-com-fcqy.stagingplatform.co.uk\/wp-content\/uploads\/2019\/06\/05-Bomb-Calorimeter_PIXEL-768x768.jpg\" class=\"attachment-medium_large size-medium_large wp-image-4243\" alt=\"Bomba Calorim\u00e9trica\" srcset=\"https:\/\/fire-testing-com-fcqy.stagingplatform.co.uk\/wp-content\/uploads\/2019\/06\/05-Bomb-Calorimeter_PIXEL-768x768.jpg 768w, https:\/\/fire-testing-com-fcqy.stagingplatform.co.uk\/wp-content\/uploads\/2019\/06\/05-Bomb-Calorimeter_PIXEL-150x150.jpg 150w, https:\/\/fire-testing-com-fcqy.stagingplatform.co.uk\/wp-content\/uploads\/2019\/06\/05-Bomb-Calorimeter_PIXEL-300x300.jpg 300w, https:\/\/fire-testing-com-fcqy.stagingplatform.co.uk\/wp-content\/uploads\/2019\/06\/05-Bomb-Calorimeter_PIXEL.jpg 800w\" sizes=\"(max-width: 768px) 100vw, 768px\" \/>\t\t\t\t\t\t\t\t\t\t\t\t\t\t\t<\/div>\n\t\t\t\t<\/div>\n\t\t\t\t<div class=\"elementor-element elementor-element-8e21fb0 elementor-widget elementor-widget-heading\" data-id=\"8e21fb0\" data-element_type=\"widget\" data-e-type=\"widget\" data-widget_type=\"heading.default\">\n\t\t\t\t<div class=\"elementor-widget-container\">\n\t\t\t\t\t<p class=\"elementor-heading-title elementor-size-default\">Bomba Calorim\u00e9trica<\/p>\t\t\t\t<\/div>\n\t\t\t\t<\/div>\n\t\t\t\t\t<\/div>\n\t\t<\/div>\n\t\t\t\t\t<\/div>\n\t\t<\/section>\n\t\t\t\t<section data-particle_enable=\"false\" data-particle-mobile-disabled=\"false\" class=\"elementor-section elementor-top-section elementor-element elementor-element-db65547 elementor-section-boxed elementor-section-height-default elementor-section-height-default\" data-id=\"db65547\" data-element_type=\"section\" data-e-type=\"section\">\n\t\t\t\t\t\t<div class=\"elementor-container elementor-column-gap-default\">\n\t\t\t\t\t<div class=\"elementor-column elementor-col-100 elementor-top-column elementor-element elementor-element-0f71602\" data-id=\"0f71602\" data-element_type=\"column\" data-e-type=\"column\">\n\t\t\t<div class=\"elementor-widget-wrap elementor-element-populated\">\n\t\t\t\t\t\t<div class=\"dce-visibility-event elementor-element elementor-element-f8ef199 elementor-widget elementor-widget-button\" data-id=\"f8ef199\" data-element_type=\"widget\" data-e-type=\"widget\" data-settings=\"{&quot;enabled_visibility&quot;:&quot;yes&quot;,&quot;dce_visibility_selected&quot;:&quot;yes&quot;}\" data-widget_type=\"button.default\">\n\t\t\t\t<div class=\"elementor-widget-container\">\n\t\t\t\t\t\t\t\t\t<div class=\"elementor-button-wrapper\">\n\t\t\t\t\t<a class=\"elementor-button elementor-button-link elementor-size-sm\" href=\"https:\/\/fire-testing.com\/es\/login\/\">\n\t\t\t\t\t\t<span class=\"elementor-button-content-wrapper\">\n\t\t\t\t\t\t\t\t\t<span class=\"elementor-button-text\">INICIE SESI\u00d3N\/REG\u00cdSTRESE PARA DESCARGAR ESTE FOLLETO<\/span>\n\t\t\t\t\t<\/span>\n\t\t\t\t\t<\/a>\n\t\t\t\t<\/div>\n\t\t\t\t\t\t\t\t<\/div>\n\t\t\t\t<\/div>\n\t\t\t\t<div class=\"dce-visibility-event elementor-element elementor-element-0612589 elementor-widget elementor-widget-button\" data-id=\"0612589\" data-element_type=\"widget\" data-e-type=\"widget\" data-settings=\"{&quot;enabled_visibility&quot;:&quot;yes&quot;,&quot;dce_visibility_selected&quot;:&quot;yes&quot;}\" data-widget_type=\"button.default\">\n\t\t\t\t<div class=\"elementor-widget-container\">\n\t\t\t\t\t\t\t\t\t<div class=\"elementor-button-wrapper\">\n\t\t\t\t\t<a class=\"elementor-button elementor-button-link elementor-size-sm\" href=\"https:\/\/fire-testing.com\/es\/request-a-brochure\/\">\n\t\t\t\t\t\t<span class=\"elementor-button-content-wrapper\">\n\t\t\t\t\t\t\t\t\t<span class=\"elementor-button-text\">REQUEST TECHNICAL SPECIFICATION<\/span>\n\t\t\t\t\t<\/span>\n\t\t\t\t\t<\/a>\n\t\t\t\t<\/div>\n\t\t\t\t\t\t\t\t<\/div>\n\t\t\t\t<\/div>\n\t\t<!-- dce invisible element 38e0cf6 -->\t\t\t<\/div>\n\t\t<\/div>\n\t\t\t\t\t<\/div>\n\t\t<\/section>\n\t\t\t\t<\/div>","protected":false},"excerpt":{"rendered":"<p>Bomb Calorimeter EN ISO 1716 The EN ISO 1716 Bomb Calorimeter is an affordable high resolution isoperibolic temperature regulated oxygen bomb calorimeter with embedded control computer. The bomb calorimeter is the most common device for measuring the heat of combustion or calorific value of a material. With this apparatus a test specimen of specified mass [&hellip;]<\/p>\n","protected":false},"author":142,"featured_media":0,"parent":0,"menu_order":0,"comment_status":"closed","ping_status":"closed","template":"","meta":{"_acf_changed":false,"footnotes":""},"class_list":["post-1077","page","type-page","status-publish","hentry"],"acf":[],"_links":{"self":[{"href":"https:\/\/fire-testing.com\/es\/wp-json\/wp\/v2\/pages\/1077","targetHints":{"allow":["GET"]}}],"collection":[{"href":"https:\/\/fire-testing.com\/es\/wp-json\/wp\/v2\/pages"}],"about":[{"href":"https:\/\/fire-testing.com\/es\/wp-json\/wp\/v2\/types\/page"}],"author":[{"embeddable":true,"href":"https:\/\/fire-testing.com\/es\/wp-json\/wp\/v2\/users\/142"}],"replies":[{"embeddable":true,"href":"https:\/\/fire-testing.com\/es\/wp-json\/wp\/v2\/comments?post=1077"}],"version-history":[{"count":0,"href":"https:\/\/fire-testing.com\/es\/wp-json\/wp\/v2\/pages\/1077\/revisions"}],"wp:attachment":[{"href":"https:\/\/fire-testing.com\/es\/wp-json\/wp\/v2\/media?parent=1077"}],"curies":[{"name":"wp","href":"https:\/\/api.w.org\/{rel}","templated":true}]}}