{"id":1221,"date":"2019-02-16T15:24:51","date_gmt":"2019-02-16T15:24:51","guid":{"rendered":"https:\/\/www.fire-testing.com\/?page_id=1221"},"modified":"2022-11-08T12:11:39","modified_gmt":"2022-11-08T12:11:39","slug":"fire-propagation-apparatus","status":"publish","type":"page","link":"https:\/\/fire-testing.com\/es\/fire-propagation-apparatus\/","title":{"rendered":"Aparato de propagaci\u00f3n de fuego"},"content":{"rendered":"<div data-elementor-type=\"wp-page\" data-elementor-id=\"1221\" class=\"elementor elementor-1221\" data-elementor-post-type=\"page\">\n\t\t\t\t\t\t<section data-particle_enable=\"false\" data-particle-mobile-disabled=\"false\" class=\"elementor-section elementor-top-section elementor-element elementor-element-1730724 elementor-section-boxed elementor-section-height-default elementor-section-height-default\" data-id=\"1730724\" data-element_type=\"section\" data-e-type=\"section\">\n\t\t\t\t\t\t<div class=\"elementor-container elementor-column-gap-default\">\n\t\t\t\t\t<div class=\"elementor-column elementor-col-50 elementor-top-column elementor-element elementor-element-35ca2ca\" data-id=\"35ca2ca\" data-element_type=\"column\" data-e-type=\"column\">\n\t\t\t<div class=\"elementor-widget-wrap elementor-element-populated\">\n\t\t\t\t\t\t<div class=\"elementor-element elementor-element-6ab680f elementor-widget elementor-widget-heading\" data-id=\"6ab680f\" data-element_type=\"widget\" data-e-type=\"widget\" data-widget_type=\"heading.default\">\n\t\t\t\t<div class=\"elementor-widget-container\">\n\t\t\t\t\t<h1 class=\"elementor-heading-title elementor-size-default\">Aparato de propagaci\u00f3n de fuego<\/h1>\t\t\t\t<\/div>\n\t\t\t\t<\/div>\n\t\t\t\t<div class=\"elementor-element elementor-element-08d52a2 elementor-widget elementor-widget-heading\" data-id=\"08d52a2\" data-element_type=\"widget\" data-e-type=\"widget\" data-widget_type=\"heading.default\">\n\t\t\t\t<div class=\"elementor-widget-container\">\n\t\t\t\t\t<h2 class=\"elementor-heading-title elementor-size-default\">FM 4910; ASTM E2058<\/h2>\t\t\t\t<\/div>\n\t\t\t\t<\/div>\n\t\t\t\t<div class=\"elementor-element elementor-element-1a45d778 elementor-widget elementor-widget-text-editor\" data-id=\"1a45d778\" data-element_type=\"widget\" data-e-type=\"widget\" data-widget_type=\"text-editor.default\">\n\t\t\t\t<div class=\"elementor-widget-container\">\n\t\t\t\t\t\t\t\t\t<p class=\"translation-block\"><span class=\"s1\"><span style=\"color: #f05e23\"><strong>FTT<\/strong><\/span><\/span> fabrica el \"Aparato de propagaci\u00f3n de fuego\" (Fire Propagation Apparatus, FPA) FM Global, un calor\u00edmetro de liberaci\u00f3n de calor (conocido habitualmente como el aparato de Tewarson), y ha trabajado en estrecha colaboraci\u00f3n con FM Global para desarrollarlo. Este es el instrumento desarrollado en 1980 que ahora es muy utilizado por FM Global para una gran variedad de normas de la industria de seguros, incluidas las aplicaciones de sala limpia y de cables. ASTM ha estandarizado el m\u00e9todo como ASTM E 2058.<\/p>\n<p class=\"translation-block\"><strong>El FPA de <span class=\"s1\"><span style=\"color: #f05e23\"><strong>FTT<\/strong><\/span><\/span> se puede usar para determinar:<\/strong><\/p>\n<ul>\n<li>el flujo de calor cr\u00edtico;<\/li>\n<li>el par\u00e1metro de respuesta t\u00e9rmica (TRP);<\/li>\n<li>el calor de combusti\u00f3n efectivo<\/li>\n<li>las tasas de liberaci\u00f3n de calor qu\u00edmico y convectivo;<\/li>\n<li>el \u00edndice de propagaci\u00f3n de fuego (FPI).<\/li>\n<\/ul>\n<p><strong>Tambi\u00e9n se le pueden incorporar instrumentos para medir:<\/strong><\/p>\n<ul>\n<li>El \u00edndice de corrosi\u00f3n promedio<\/li>\n<li>La producci\u00f3n de humo<\/li>\n<\/ul>\n<p><strong>Las caracter\u00edsticas del instrumento incluyen:<\/strong><\/p>\n<ul>\n<li>Calentadores infrarrojos<\/li>\n<li>Medici\u00f3n de p\u00e9rdida de masa<\/li>\n<li>C\u00e1mara de distribuci\u00f3n de aire y tuber\u00edas de suministro de aire<\/li>\n<li>Tubo piloto de encendimiento<\/li>\n<li>Sistema de escape<\/li>\n<li>Muestreador de gases<\/li>\n<li>An\u00e1lisis de ox\u00edgeno, di\u00f3xido de carbono y mon\u00f3xido de carbono<\/li>\n<li>Medidor del flujo de calor<\/li>\n<li>Marco del instrumento<\/li>\n<\/ul>\n<p><strong>Software basado en Windows:<\/strong><\/p>\n<p>Un paquete de software basado en Windows permite la adquisici\u00f3n, an\u00e1lisis y almacenamiento de datos a trav\u00e9s de un registrador de datos de 22 bits.<\/p>\n<p>Todos los par\u00e1metros son mostrados. El registrador de datos vers\u00e1til se puede utilizar en otras aplicaciones y se suministra con un software que permite descargar los datos almacenados en el registrador a un ordenador para su posterior an\u00e1lisis.\u00a0<\/p>\n<p><strong>Software:<\/strong><\/p>\n<p>Instrument Supplied with Software at no extra charge. Software updates provided free of charge.<\/p>\t\t\t\t\t\t\t\t<\/div>\n\t\t\t\t<\/div>\n\t\t\t\t\t<\/div>\n\t\t<\/div>\n\t\t\t\t<div class=\"elementor-column elementor-col-50 elementor-top-column elementor-element elementor-element-c2ca853\" data-id=\"c2ca853\" data-element_type=\"column\" data-e-type=\"column\">\n\t\t\t<div class=\"elementor-widget-wrap elementor-element-populated\">\n\t\t\t\t\t\t<div class=\"elementor-element elementor-element-48a6772 elementor-widget elementor-widget-image\" data-id=\"48a6772\" data-element_type=\"widget\" data-e-type=\"widget\" data-widget_type=\"image.default\">\n\t\t\t\t<div class=\"elementor-widget-container\">\n\t\t\t\t\t\t\t\t\t\t\t\t\t\t\t<img fetchpriority=\"high\" decoding=\"async\" width=\"768\" height=\"768\" src=\"https:\/\/www.fire-testing.com\/wp-content\/uploads\/2019\/06\/48-Fire-Propagation-Apparatus_PIXEL-768x768.jpg\" class=\"attachment-medium_large size-medium_large wp-image-4179\" alt=\"Aparato de propagaci\u00f3n de fuego\" srcset=\"https:\/\/www.fire-testing.com\/wp-content\/uploads\/2019\/06\/48-Fire-Propagation-Apparatus_PIXEL-768x768.jpg 768w, https:\/\/www.fire-testing.com\/wp-content\/uploads\/2019\/06\/48-Fire-Propagation-Apparatus_PIXEL-150x150.jpg 150w, https:\/\/www.fire-testing.com\/wp-content\/uploads\/2019\/06\/48-Fire-Propagation-Apparatus_PIXEL-300x300.jpg 300w, https:\/\/www.fire-testing.com\/wp-content\/uploads\/2019\/06\/48-Fire-Propagation-Apparatus_PIXEL.jpg 800w\" sizes=\"(max-width: 768px) 100vw, 768px\" \/>\t\t\t\t\t\t\t\t\t\t\t\t\t\t\t<\/div>\n\t\t\t\t<\/div>\n\t\t\t\t<div class=\"elementor-element elementor-element-629671f elementor-widget elementor-widget-heading\" data-id=\"629671f\" data-element_type=\"widget\" data-e-type=\"widget\" data-widget_type=\"heading.default\">\n\t\t\t\t<div class=\"elementor-widget-container\">\n\t\t\t\t\t<p class=\"elementor-heading-title elementor-size-default\">Aparato de propagaci\u00f3n de fuego<\/p>\t\t\t\t<\/div>\n\t\t\t\t<\/div>\n\t\t\t\t\t<\/div>\n\t\t<\/div>\n\t\t\t\t\t<\/div>\n\t\t<\/section>\n\t\t\t\t<section data-particle_enable=\"false\" data-particle-mobile-disabled=\"false\" class=\"elementor-section elementor-top-section elementor-element elementor-element-c58281a elementor-section-boxed elementor-section-height-default elementor-section-height-default\" data-id=\"c58281a\" data-element_type=\"section\" data-e-type=\"section\">\n\t\t\t\t\t\t<div class=\"elementor-container elementor-column-gap-default\">\n\t\t\t\t\t<div class=\"elementor-column elementor-col-100 elementor-top-column elementor-element elementor-element-e60014b\" data-id=\"e60014b\" data-element_type=\"column\" data-e-type=\"column\">\n\t\t\t<div class=\"elementor-widget-wrap elementor-element-populated\">\n\t\t\t\t\t\t<div class=\"dce-visibility-event elementor-element elementor-element-0dde64e elementor-widget elementor-widget-button\" data-id=\"0dde64e\" data-element_type=\"widget\" data-e-type=\"widget\" data-settings=\"{&quot;enabled_visibility&quot;:&quot;yes&quot;,&quot;dce_visibility_selected&quot;:&quot;yes&quot;}\" data-widget_type=\"button.default\">\n\t\t\t\t<div class=\"elementor-widget-container\">\n\t\t\t\t\t\t\t\t\t<div class=\"elementor-button-wrapper\">\n\t\t\t\t\t<a class=\"elementor-button elementor-button-link elementor-size-sm\" href=\"https:\/\/fire-testing.com\/es\/login\/\">\n\t\t\t\t\t\t<span class=\"elementor-button-content-wrapper\">\n\t\t\t\t\t\t\t\t\t<span class=\"elementor-button-text\">INICIE SESI\u00d3N\/REG\u00cdSTRESE PARA DESCARGAR ESTE FOLLETO<\/span>\n\t\t\t\t\t<\/span>\n\t\t\t\t\t<\/a>\n\t\t\t\t<\/div>\n\t\t\t\t\t\t\t\t<\/div>\n\t\t\t\t<\/div>\n\t\t\t\t<div class=\"dce-visibility-event elementor-element elementor-element-d2105fb elementor-widget elementor-widget-button\" data-id=\"d2105fb\" data-element_type=\"widget\" data-e-type=\"widget\" data-settings=\"{&quot;enabled_visibility&quot;:&quot;yes&quot;,&quot;dce_visibility_selected&quot;:&quot;yes&quot;}\" data-widget_type=\"button.default\">\n\t\t\t\t<div class=\"elementor-widget-container\">\n\t\t\t\t\t\t\t\t\t<div class=\"elementor-button-wrapper\">\n\t\t\t\t\t<a class=\"elementor-button elementor-button-link elementor-size-sm\" href=\"https:\/\/fire-testing.com\/es\/request-a-brochure\/\">\n\t\t\t\t\t\t<span class=\"elementor-button-content-wrapper\">\n\t\t\t\t\t\t\t\t\t<span class=\"elementor-button-text\">REQUEST TECHNICAL SPECIFICATION<\/span>\n\t\t\t\t\t<\/span>\n\t\t\t\t\t<\/a>\n\t\t\t\t<\/div>\n\t\t\t\t\t\t\t\t<\/div>\n\t\t\t\t<\/div>\n\t\t<!-- dce invisible element 6f2d084 -->\t\t\t<\/div>\n\t\t<\/div>\n\t\t\t\t\t<\/div>\n\t\t<\/section>\n\t\t\t\t<\/div>","protected":false},"excerpt":{"rendered":"<p>Fire Propagation Apparatus FM 4910; ASTM E2058 FTT manufactures the FM Global Fire Propagation Apparatus (FPA), a heat release calorimeter (commonly known as the Tewarson Apparatus) and have been working closely with FM Global to develop the apparatus. This is the instrument developed in the 1980s and now used extensively by FM Global for a [&hellip;]<\/p>\n","protected":false},"author":142,"featured_media":0,"parent":0,"menu_order":0,"comment_status":"closed","ping_status":"closed","template":"","meta":{"_acf_changed":false,"footnotes":""},"class_list":["post-1221","page","type-page","status-publish","hentry"],"acf":[],"_links":{"self":[{"href":"https:\/\/fire-testing.com\/es\/wp-json\/wp\/v2\/pages\/1221","targetHints":{"allow":["GET"]}}],"collection":[{"href":"https:\/\/fire-testing.com\/es\/wp-json\/wp\/v2\/pages"}],"about":[{"href":"https:\/\/fire-testing.com\/es\/wp-json\/wp\/v2\/types\/page"}],"author":[{"embeddable":true,"href":"https:\/\/fire-testing.com\/es\/wp-json\/wp\/v2\/users\/142"}],"replies":[{"embeddable":true,"href":"https:\/\/fire-testing.com\/es\/wp-json\/wp\/v2\/comments?post=1221"}],"version-history":[{"count":0,"href":"https:\/\/fire-testing.com\/es\/wp-json\/wp\/v2\/pages\/1221\/revisions"}],"wp:attachment":[{"href":"https:\/\/fire-testing.com\/es\/wp-json\/wp\/v2\/media?parent=1221"}],"curies":[{"name":"wp","href":"https:\/\/api.w.org\/{rel}","templated":true}]}}