{"id":1321,"date":"2019-02-17T14:03:44","date_gmt":"2019-02-17T14:03:44","guid":{"rendered":"https:\/\/www.fire-testing.com\/?page_id=1321"},"modified":"2022-08-08T09:31:25","modified_gmt":"2022-08-08T09:31:25","slug":"corrosion-test-apparatus","status":"publish","type":"page","link":"https:\/\/fire-testing.com\/es\/corrosion-test-apparatus\/","title":{"rendered":"Aparato para las partes 1 y 2 de la prueba de corrosi\u00f3n"},"content":{"rendered":"<div data-elementor-type=\"wp-page\" data-elementor-id=\"1321\" class=\"elementor elementor-1321\" data-elementor-post-type=\"page\">\n\t\t\t\t\t\t<section data-particle_enable=\"false\" data-particle-mobile-disabled=\"false\" class=\"elementor-section elementor-top-section elementor-element elementor-element-a7092e0 elementor-section-boxed elementor-section-height-default elementor-section-height-default\" data-id=\"a7092e0\" data-element_type=\"section\" data-e-type=\"section\">\n\t\t\t\t\t\t<div class=\"elementor-container elementor-column-gap-default\">\n\t\t\t\t\t<div class=\"elementor-column elementor-col-50 elementor-top-column elementor-element elementor-element-b66e3d0\" data-id=\"b66e3d0\" data-element_type=\"column\" data-e-type=\"column\">\n\t\t\t<div class=\"elementor-widget-wrap elementor-element-populated\">\n\t\t\t\t\t\t<div class=\"elementor-element elementor-element-147ef43 elementor-widget elementor-widget-heading\" data-id=\"147ef43\" data-element_type=\"widget\" data-e-type=\"widget\" data-widget_type=\"heading.default\">\n\t\t\t\t<div class=\"elementor-widget-container\">\n\t\t\t\t\t<h1 class=\"elementor-heading-title elementor-size-default\">Aparato para las partes 1 y 2 de la prueba de corrosi\u00f3n<\/h1>\t\t\t\t<\/div>\n\t\t\t\t<\/div>\n\t\t\t\t<div class=\"elementor-element elementor-element-e3ea8e4 elementor-widget elementor-widget-heading\" data-id=\"e3ea8e4\" data-element_type=\"widget\" data-e-type=\"widget\" data-widget_type=\"heading.default\">\n\t\t\t\t<div class=\"elementor-widget-container\">\n\t\t\t\t\t<h2 class=\"elementor-heading-title elementor-size-default\">IEC 60754 Part 1 &amp; 2<\/h2>\t\t\t\t<\/div>\n\t\t\t\t<\/div>\n\t\t\t\t<div class=\"elementor-element elementor-element-2f8305a7 elementor-widget elementor-widget-text-editor\" data-id=\"2f8305a7\" data-element_type=\"widget\" data-e-type=\"widget\" data-widget_type=\"text-editor.default\">\n\t\t\t\t<div class=\"elementor-widget-container\">\n\t\t\t\t\t\t\t\t\t<p><b>Prueba sobre gases formados durante la combusti\u00f3n de cables el\u00e9ctricos<\/b><\/p>\n<p class=\"translation-block\">Las partes 1 y 2 de la prueba IEC 60754 de la Comisi\u00f3n Electrot\u00e9cnica Internacional se realiza con la finalidad de determinar el grado de acidez de gases formados durante la combusti\u00f3n de materiales tomados de cables el\u00e9ctricos; para ello, se mide el pH y la conductividad.<\/p>\n<p>Los usuarios de cables han expresado inquietud por la cantidad de gas \u00e1cido que se forma cuando se queman aislantes, fundas y otros materiales, ya que este \u00e1cido puede provocar da\u00f1os graves a los equipos el\u00e9ctricos y electr\u00f3nicos que no fueron afectados directamente por el fuego. Por consiguiente, se ha considerado necesario desarrollar un m\u00e9todo homologado (mediante ensayos interlaboratorio exhaustivos) para determinar la cantidad de gases \u00e1cidos formados por componentes de cables en combusti\u00f3n, de modo que se puedan acordar l\u00edmites para las especificaciones de cables. Dado que la prueba no se lleva a cabo sobre un cable de prueba completo, para una evaluaci\u00f3n de riesgos se deben tomar en consideraci\u00f3n los vol\u00famenes de material reales de los componentes del cable.<\/p>\n<p><b>Caracter\u00edsticas:<\/b><\/p>\n<ul>\n<li>Horno de tubo, base de soporte y termopares<\/li>\n<li>Unidad de carga de muestra y tubo de cuarzo<\/li>\n<li>Unidad de control con regulador digital de temperatura para horno de tubo, dispositivo opcional de control de sobretemperatura e indicador de temperatura de muestra<\/li>\n<li>2 cilindros colectores de gas<\/li>\n<li>Celda de gas de 1 litro<\/li>\n<li>Instrumentos de medici\u00f3n de pH y conductividad con visor digital y electrodos\nAgitador<\/li>\n<li>Agitador<\/li>\n<li>Medidor de flujo de aire y todas las conexiones y los tubos necesarios<\/li>\n<li>10 bandejas de cer\u00e1mica para muestras<\/li>\n<\/ul>\t\t\t\t\t\t\t\t<\/div>\n\t\t\t\t<\/div>\n\t\t\t\t\t<\/div>\n\t\t<\/div>\n\t\t\t\t<div class=\"elementor-column elementor-col-50 elementor-top-column elementor-element elementor-element-fad27b9\" data-id=\"fad27b9\" data-element_type=\"column\" data-e-type=\"column\">\n\t\t\t<div class=\"elementor-widget-wrap elementor-element-populated\">\n\t\t\t\t\t\t<div class=\"elementor-element elementor-element-6e4d37e elementor-widget elementor-widget-image\" data-id=\"6e4d37e\" data-element_type=\"widget\" data-e-type=\"widget\" data-widget_type=\"image.default\">\n\t\t\t\t<div class=\"elementor-widget-container\">\n\t\t\t\t\t\t\t\t\t\t\t\t\t\t\t<img fetchpriority=\"high\" decoding=\"async\" width=\"768\" height=\"450\" src=\"https:\/\/www.fire-testing.com\/wp-content\/uploads\/2019\/04\/11B-NF-X70-100-1-60754-Part-1-2-768x450.jpg\" class=\"attachment-medium_large size-medium_large wp-image-1648\" alt=\"test on gases evolved during combustion of electric cables IEC 60754 Part 1 and 2\" srcset=\"https:\/\/www.fire-testing.com\/wp-content\/uploads\/2019\/04\/11B-NF-X70-100-1-60754-Part-1-2-768x450.jpg 768w, https:\/\/www.fire-testing.com\/wp-content\/uploads\/2019\/04\/11B-NF-X70-100-1-60754-Part-1-2-600x352.jpg 600w, https:\/\/www.fire-testing.com\/wp-content\/uploads\/2019\/04\/11B-NF-X70-100-1-60754-Part-1-2-300x176.jpg 300w, https:\/\/www.fire-testing.com\/wp-content\/uploads\/2019\/04\/11B-NF-X70-100-1-60754-Part-1-2-1024x601.jpg 1024w, https:\/\/www.fire-testing.com\/wp-content\/uploads\/2019\/04\/11B-NF-X70-100-1-60754-Part-1-2.jpg 1364w\" sizes=\"(max-width: 768px) 100vw, 768px\" \/>\t\t\t\t\t\t\t\t\t\t\t\t\t\t\t<\/div>\n\t\t\t\t<\/div>\n\t\t\t\t<div class=\"elementor-element elementor-element-acd941e elementor-widget elementor-widget-heading\" data-id=\"acd941e\" data-element_type=\"widget\" data-e-type=\"widget\" data-widget_type=\"heading.default\">\n\t\t\t\t<div class=\"elementor-widget-container\">\n\t\t\t\t\t<p class=\"elementor-heading-title elementor-size-default\">Aparato para las partes 1 y 2 de la prueba de corrosi\u00f3n<\/p>\t\t\t\t<\/div>\n\t\t\t\t<\/div>\n\t\t\t\t\t<\/div>\n\t\t<\/div>\n\t\t\t\t\t<\/div>\n\t\t<\/section>\n\t\t\t\t<section data-particle_enable=\"false\" data-particle-mobile-disabled=\"false\" class=\"elementor-section elementor-top-section elementor-element elementor-element-6d19d9a elementor-section-boxed elementor-section-height-default elementor-section-height-default\" data-id=\"6d19d9a\" data-element_type=\"section\" data-e-type=\"section\">\n\t\t\t\t\t\t<div class=\"elementor-container elementor-column-gap-default\">\n\t\t\t\t\t<div class=\"elementor-column elementor-col-100 elementor-top-column elementor-element elementor-element-2c4a98d\" data-id=\"2c4a98d\" data-element_type=\"column\" data-e-type=\"column\">\n\t\t\t<div class=\"elementor-widget-wrap elementor-element-populated\">\n\t\t\t\t\t\t<div class=\"dce-visibility-event elementor-element elementor-element-92e166c elementor-widget elementor-widget-button\" data-id=\"92e166c\" data-element_type=\"widget\" data-e-type=\"widget\" data-settings=\"{&quot;enabled_visibility&quot;:&quot;yes&quot;,&quot;dce_visibility_selected&quot;:&quot;yes&quot;}\" data-widget_type=\"button.default\">\n\t\t\t\t<div class=\"elementor-widget-container\">\n\t\t\t\t\t\t\t\t\t<div class=\"elementor-button-wrapper\">\n\t\t\t\t\t<a class=\"elementor-button elementor-button-link elementor-size-sm\" href=\"https:\/\/fire-testing.com\/es\/login\/\">\n\t\t\t\t\t\t<span class=\"elementor-button-content-wrapper\">\n\t\t\t\t\t\t\t\t\t<span class=\"elementor-button-text\">INICIE SESI\u00d3N\/REG\u00cdSTRESE PARA DESCARGAR ESTE FOLLETO<\/span>\n\t\t\t\t\t<\/span>\n\t\t\t\t\t<\/a>\n\t\t\t\t<\/div>\n\t\t\t\t\t\t\t\t<\/div>\n\t\t\t\t<\/div>\n\t\t\t\t<div class=\"dce-visibility-event elementor-element elementor-element-147ae74 elementor-widget elementor-widget-button\" data-id=\"147ae74\" data-element_type=\"widget\" data-e-type=\"widget\" data-settings=\"{&quot;enabled_visibility&quot;:&quot;yes&quot;,&quot;dce_visibility_selected&quot;:&quot;yes&quot;}\" data-widget_type=\"button.default\">\n\t\t\t\t<div class=\"elementor-widget-container\">\n\t\t\t\t\t\t\t\t\t<div class=\"elementor-button-wrapper\">\n\t\t\t\t\t<a class=\"elementor-button elementor-button-link elementor-size-sm\" href=\"https:\/\/fire-testing.com\/es\/request-a-brochure\/\">\n\t\t\t\t\t\t<span class=\"elementor-button-content-wrapper\">\n\t\t\t\t\t\t\t\t\t<span class=\"elementor-button-text\">REQUEST TECHNICAL SPECIFICATION<\/span>\n\t\t\t\t\t<\/span>\n\t\t\t\t\t<\/a>\n\t\t\t\t<\/div>\n\t\t\t\t\t\t\t\t<\/div>\n\t\t\t\t<\/div>\n\t\t<!-- dce invisible element 3a93e7b -->\t\t\t<\/div>\n\t\t<\/div>\n\t\t\t\t\t<\/div>\n\t\t<\/section>\n\t\t\t\t<\/div>","protected":false},"excerpt":{"rendered":"<p>Corrosion Test Apparatus IEC 60754 Part 1 &#038; 2 Test on gases evolved during combustion of electric cables The International Electrotechnical Commission IEC 60754 Part 1 and Part 2 test is performed to determine the degree of acidity of gases evolved during the combustion of materials taken from electric cables by measuring the pH and [&hellip;]<\/p>\n","protected":false},"author":142,"featured_media":0,"parent":0,"menu_order":0,"comment_status":"closed","ping_status":"closed","template":"","meta":{"_acf_changed":false,"footnotes":""},"class_list":["post-1321","page","type-page","status-publish","hentry"],"acf":[],"_links":{"self":[{"href":"https:\/\/fire-testing.com\/es\/wp-json\/wp\/v2\/pages\/1321","targetHints":{"allow":["GET"]}}],"collection":[{"href":"https:\/\/fire-testing.com\/es\/wp-json\/wp\/v2\/pages"}],"about":[{"href":"https:\/\/fire-testing.com\/es\/wp-json\/wp\/v2\/types\/page"}],"author":[{"embeddable":true,"href":"https:\/\/fire-testing.com\/es\/wp-json\/wp\/v2\/users\/142"}],"replies":[{"embeddable":true,"href":"https:\/\/fire-testing.com\/es\/wp-json\/wp\/v2\/comments?post=1321"}],"version-history":[{"count":0,"href":"https:\/\/fire-testing.com\/es\/wp-json\/wp\/v2\/pages\/1321\/revisions"}],"wp:attachment":[{"href":"https:\/\/fire-testing.com\/es\/wp-json\/wp\/v2\/media?parent=1321"}],"curies":[{"name":"wp","href":"https:\/\/api.w.org\/{rel}","templated":true}]}}