{"id":1333,"date":"2019-02-17T17:01:49","date_gmt":"2019-02-17T17:01:49","guid":{"rendered":"https:\/\/www.fire-testing.com\/?page_id=1333"},"modified":"2022-08-08T09:17:01","modified_gmt":"2022-08-08T09:17:01","slug":"ignitability-apparatus","status":"publish","type":"page","link":"https:\/\/fire-testing.com\/es\/ignitability-apparatus\/","title":{"rendered":"Aparato para inflamabilidad"},"content":{"rendered":"<div data-elementor-type=\"wp-page\" data-elementor-id=\"1333\" class=\"elementor elementor-1333\" data-elementor-post-type=\"page\">\n\t\t\t\t\t\t<section data-particle_enable=\"false\" data-particle-mobile-disabled=\"false\" class=\"elementor-section elementor-top-section elementor-element elementor-element-74aa460 elementor-section-boxed elementor-section-height-default elementor-section-height-default\" data-id=\"74aa460\" data-element_type=\"section\" data-e-type=\"section\">\n\t\t\t\t\t\t<div class=\"elementor-container elementor-column-gap-default\">\n\t\t\t\t\t<div class=\"elementor-column elementor-col-50 elementor-top-column elementor-element elementor-element-c64b17e\" data-id=\"c64b17e\" data-element_type=\"column\" data-e-type=\"column\">\n\t\t\t<div class=\"elementor-widget-wrap elementor-element-populated\">\n\t\t\t\t\t\t<div class=\"elementor-element elementor-element-50c73a8 elementor-widget elementor-widget-heading\" data-id=\"50c73a8\" data-element_type=\"widget\" data-e-type=\"widget\" data-widget_type=\"heading.default\">\n\t\t\t\t<div class=\"elementor-widget-container\">\n\t\t\t\t\t<h1 class=\"elementor-heading-title elementor-size-default\">Aparato para inflamabilidad<\/h1>\t\t\t\t<\/div>\n\t\t\t\t<\/div>\n\t\t\t\t<div class=\"elementor-element elementor-element-75d6fd7 elementor-widget elementor-widget-heading\" data-id=\"75d6fd7\" data-element_type=\"widget\" data-e-type=\"widget\" data-widget_type=\"heading.default\">\n\t\t\t\t<div class=\"elementor-widget-container\">\n\t\t\t\t\t<h2 class=\"elementor-heading-title elementor-size-default\">ISO 5657<\/h2>\t\t\t\t<\/div>\n\t\t\t\t<\/div>\n\t\t\t\t<div class=\"elementor-element elementor-element-580ba073 elementor-widget elementor-widget-text-editor\" data-id=\"580ba073\" data-element_type=\"widget\" data-e-type=\"widget\" data-widget_type=\"text-editor.default\">\n\t\t\t\t<div class=\"elementor-widget-container\">\n\t\t\t\t\t\t\t\t\t<p>La inflamabilidad, definida como la capacidad de un material para inflamarse empleando una fuente de calor radiante, es una de las primeras propiedades que se manifiestan, y contribuyen en gran medida a la evaluaci\u00f3n de cualquier peligro por incendio.<\/p>\n<p class=\"translation-block\">El aparato para las pruebas de inflamabilidad est\u00e1 fabricado de conformidad con las normas ISO 5657 y BS 476 Parte 13. El aparato ha sido fundamentalmente dise\u00f1ado para ensayar materiales de construcci\u00f3n y compuestos, pero puede emplearse para realizar ensayos con cualquier muestra de tama\u00f1o 165mm \u00d7 165mm con un grosor m\u00e1ximo de 70mm. El aparato para inflamabilidad mide las caracter\u00edsticas de ignici\u00f3n de los materiales de construcci\u00f3n o cualquier superficie expuesta de un material o muestra esencialmente planos, colocados con una orientaci\u00f3n horizontal.<\/p>\n<p><strong>FTT\u00a0Ignitability Apparatus:<br \/><\/strong>El aparato de ensayo consiste en un bastidor de soporte que sujeta la muestra de ensayo horizontalmente entre una placa de prensado de tal manera que una zona definida de la superficie superior de la muestra se expone a la radiaci\u00f3n.<\/p>\n<p>Esta radiaci\u00f3n es emitida por un cono radiador colocado por encima y sujeto por el bastidor de soporte de la muestra. Se usa un mecanismo automatizado de aplicaci\u00f3n de llama piloto para hacer pasar una llama de prueba a trav\u00e9s del cono radiador hasta una posici\u00f3n por encima del centro de la superficie de la muestra. Se usa una bandeja para colocar e introducir la muestra de forma precisa en la placa de prensado del armaz\u00f3n de sujeci\u00f3n de la muestra, y se usa una placa de apantallamiento para proteger la superficie de la muestra durante su introducci\u00f3n en el aparato.<\/p>\n<p><strong>Caracter\u00edsticas principales:<\/strong><\/p>\n<p><strong>Test apparatus &#8211;<\/strong><\/p>\n<ul>\n<li>Bastidor para el mecanismo de soporte de la muestra c\u00f3nica<\/li>\n<li>Niveles de radiaci\u00f3n entre 10\u00ad50kW\/m\u00b2 usando un horno de radiaci\u00f3n c\u00f3nico.<\/li>\n<li>Contrapeso para la placa de prensado<\/li>\n<li>Contrapeso para la placa de prensado<\/li>\n<li>L\u00ednea de gas piloto con supresor de flashback y suministro para la reignici\u00f3n<\/li>\n<li>Mecanismo de aplicaci\u00f3n de la llama piloto y montaje del accionamiento del motor para llevar la llama piloto a la posici\u00f3n correcta por encima del plano de la muestra, cada 4 segundos.<\/li>\n<li>Fuente de ignici\u00f3n secundaria<\/li>\n<\/ul>\n<p><strong>Control Unit &#8211; <\/strong><\/p>\n<ul>\n<li>Controlador de temperatura en 3 fases<\/li>\n<li>Indicador de temperatura y alarma por exceso de temperatura<\/li>\n<li>Control de velocidad piloto<\/li>\n<li>Temporizador<\/li>\n<li>El aparato tambi\u00e9n se suministra con un medidor de flujo con fines de calibraci\u00f3n<\/li>\n<\/ul>\n<p><strong>Requisitos de alimentaci\u00f3n:<\/strong><\/p>\n<p>Tensi\u00f3n: 240V- 50\/60 Hz -15A<br \/>Gas: Propano y aire para la llama piloto.<br \/>Agua de llama piloto: Para enfriar el caudal\u00edmetro<\/p>\t\t\t\t\t\t\t\t<\/div>\n\t\t\t\t<\/div>\n\t\t\t\t\t<\/div>\n\t\t<\/div>\n\t\t\t\t<div class=\"elementor-column elementor-col-50 elementor-top-column elementor-element elementor-element-a326270\" data-id=\"a326270\" data-element_type=\"column\" data-e-type=\"column\">\n\t\t\t<div class=\"elementor-widget-wrap elementor-element-populated\">\n\t\t\t\t\t\t<div class=\"elementor-element elementor-element-5580aaa elementor-widget elementor-widget-image\" data-id=\"5580aaa\" data-element_type=\"widget\" data-e-type=\"widget\" data-widget_type=\"image.default\">\n\t\t\t\t<div class=\"elementor-widget-container\">\n\t\t\t\t\t\t\t\t\t\t\t\t\t\t\t<img fetchpriority=\"high\" decoding=\"async\" width=\"768\" height=\"600\" src=\"https:\/\/fire-testing-com-fcqy.stagingplatform.co.uk\/wp-content\/uploads\/2019\/04\/79B-Ignitability-Apparatus-ISO-5657-768x600.jpg\" class=\"attachment-medium_large size-medium_large wp-image-1650\" alt=\"ignitability apparatus ISO 5657 ignitability of building products using a radiant heat source\" srcset=\"https:\/\/fire-testing-com-fcqy.stagingplatform.co.uk\/wp-content\/uploads\/2019\/04\/79B-Ignitability-Apparatus-ISO-5657-768x600.jpg 768w, https:\/\/fire-testing-com-fcqy.stagingplatform.co.uk\/wp-content\/uploads\/2019\/04\/79B-Ignitability-Apparatus-ISO-5657-600x469.jpg 600w, https:\/\/fire-testing-com-fcqy.stagingplatform.co.uk\/wp-content\/uploads\/2019\/04\/79B-Ignitability-Apparatus-ISO-5657-300x234.jpg 300w, https:\/\/fire-testing-com-fcqy.stagingplatform.co.uk\/wp-content\/uploads\/2019\/04\/79B-Ignitability-Apparatus-ISO-5657.jpg 800w\" sizes=\"(max-width: 768px) 100vw, 768px\" \/>\t\t\t\t\t\t\t\t\t\t\t\t\t\t\t<\/div>\n\t\t\t\t<\/div>\n\t\t\t\t<div class=\"elementor-element elementor-element-309e6ba elementor-widget elementor-widget-heading\" data-id=\"309e6ba\" data-element_type=\"widget\" data-e-type=\"widget\" data-widget_type=\"heading.default\">\n\t\t\t\t<div class=\"elementor-widget-container\">\n\t\t\t\t\t<p class=\"elementor-heading-title elementor-size-default\">Aparato para inflamabilidad<\/p>\t\t\t\t<\/div>\n\t\t\t\t<\/div>\n\t\t\t\t<div class=\"elementor-element elementor-element-1801c00 elementor-widget elementor-widget-image\" data-id=\"1801c00\" data-element_type=\"widget\" data-e-type=\"widget\" data-widget_type=\"image.default\">\n\t\t\t\t<div class=\"elementor-widget-container\">\n\t\t\t\t\t\t\t\t\t\t\t\t\t\t\t<img decoding=\"async\" width=\"768\" height=\"998\" src=\"https:\/\/fire-testing-com-fcqy.stagingplatform.co.uk\/wp-content\/uploads\/2019\/02\/79-precision-plate-768x998.jpg\" class=\"attachment-medium_large size-medium_large wp-image-1445\" alt=\"FTT\" srcset=\"https:\/\/fire-testing-com-fcqy.stagingplatform.co.uk\/wp-content\/uploads\/2019\/02\/79-precision-plate-768x998.jpg 768w, https:\/\/fire-testing-com-fcqy.stagingplatform.co.uk\/wp-content\/uploads\/2019\/02\/79-precision-plate-600x780.jpg 600w, https:\/\/fire-testing-com-fcqy.stagingplatform.co.uk\/wp-content\/uploads\/2019\/02\/79-precision-plate-231x300.jpg 231w, https:\/\/fire-testing-com-fcqy.stagingplatform.co.uk\/wp-content\/uploads\/2019\/02\/79-precision-plate-788x1024.jpg 788w, https:\/\/fire-testing-com-fcqy.stagingplatform.co.uk\/wp-content\/uploads\/2019\/02\/79-precision-plate.jpg 1390w\" sizes=\"(max-width: 768px) 100vw, 768px\" \/>\t\t\t\t\t\t\t\t\t\t\t\t\t\t\t<\/div>\n\t\t\t\t<\/div>\n\t\t\t\t<div class=\"elementor-element elementor-element-e7bb0a4 elementor-widget elementor-widget-heading\" data-id=\"e7bb0a4\" data-element_type=\"widget\" data-e-type=\"widget\" data-widget_type=\"heading.default\">\n\t\t\t\t<div class=\"elementor-widget-container\">\n\t\t\t\t\t<p class=\"elementor-heading-title elementor-size-default\">Bandeja de inserci\u00f3n y colocaci\u00f3n de muestras<\/p>\t\t\t\t<\/div>\n\t\t\t\t<\/div>\n\t\t\t\t\t<\/div>\n\t\t<\/div>\n\t\t\t\t\t<\/div>\n\t\t<\/section>\n\t\t\t\t<section data-particle_enable=\"false\" data-particle-mobile-disabled=\"false\" class=\"elementor-section elementor-top-section elementor-element elementor-element-120388f elementor-section-boxed elementor-section-height-default elementor-section-height-default\" data-id=\"120388f\" data-element_type=\"section\" data-e-type=\"section\">\n\t\t\t\t\t\t<div class=\"elementor-container elementor-column-gap-default\">\n\t\t\t\t\t<div class=\"elementor-column elementor-col-100 elementor-top-column elementor-element elementor-element-873b028\" data-id=\"873b028\" data-element_type=\"column\" data-e-type=\"column\">\n\t\t\t<div class=\"elementor-widget-wrap elementor-element-populated\">\n\t\t\t\t\t\t<div class=\"dce-visibility-event elementor-element elementor-element-f735017 elementor-widget elementor-widget-button\" data-id=\"f735017\" data-element_type=\"widget\" data-e-type=\"widget\" data-settings=\"{&quot;enabled_visibility&quot;:&quot;yes&quot;,&quot;dce_visibility_selected&quot;:&quot;yes&quot;}\" data-widget_type=\"button.default\">\n\t\t\t\t<div class=\"elementor-widget-container\">\n\t\t\t\t\t\t\t\t\t<div class=\"elementor-button-wrapper\">\n\t\t\t\t\t<a class=\"elementor-button elementor-button-link elementor-size-sm\" href=\"https:\/\/fire-testing.com\/es\/login\/\">\n\t\t\t\t\t\t<span class=\"elementor-button-content-wrapper\">\n\t\t\t\t\t\t\t\t\t<span class=\"elementor-button-text\">INICIE SESI\u00d3N\/REG\u00cdSTRESE PARA DESCARGAR ESTE FOLLETO<\/span>\n\t\t\t\t\t<\/span>\n\t\t\t\t\t<\/a>\n\t\t\t\t<\/div>\n\t\t\t\t\t\t\t\t<\/div>\n\t\t\t\t<\/div>\n\t\t\t\t<div class=\"dce-visibility-event elementor-element elementor-element-180fa33 elementor-widget elementor-widget-button\" data-id=\"180fa33\" data-element_type=\"widget\" data-e-type=\"widget\" data-settings=\"{&quot;enabled_visibility&quot;:&quot;yes&quot;,&quot;dce_visibility_selected&quot;:&quot;yes&quot;}\" data-widget_type=\"button.default\">\n\t\t\t\t<div class=\"elementor-widget-container\">\n\t\t\t\t\t\t\t\t\t<div class=\"elementor-button-wrapper\">\n\t\t\t\t\t<a class=\"elementor-button elementor-button-link elementor-size-sm\" href=\"https:\/\/fire-testing.com\/es\/request-a-brochure\/\">\n\t\t\t\t\t\t<span class=\"elementor-button-content-wrapper\">\n\t\t\t\t\t\t\t\t\t<span class=\"elementor-button-text\">REQUEST TECHNICAL SPECIFICATION<\/span>\n\t\t\t\t\t<\/span>\n\t\t\t\t\t<\/a>\n\t\t\t\t<\/div>\n\t\t\t\t\t\t\t\t<\/div>\n\t\t\t\t<\/div>\n\t\t<!-- dce invisible element de25f3d -->\t\t\t<\/div>\n\t\t<\/div>\n\t\t\t\t\t<\/div>\n\t\t<\/section>\n\t\t\t\t<\/div>","protected":false},"excerpt":{"rendered":"<p>Ignitability Apparatus ISO 5657 Ignitability, defined as the capability of a material being ignited using a radiant heat source, is one of the first properties to be manifest and should contribute largely to any assessment of fire hazard. The Ignitability Test Apparatus is manufactured to conform to ISO 5657 and BS 476 Part 13. The [&hellip;]<\/p>\n","protected":false},"author":142,"featured_media":0,"parent":0,"menu_order":0,"comment_status":"closed","ping_status":"closed","template":"","meta":{"_acf_changed":false,"footnotes":""},"class_list":["post-1333","page","type-page","status-publish","hentry"],"acf":[],"_links":{"self":[{"href":"https:\/\/fire-testing.com\/es\/wp-json\/wp\/v2\/pages\/1333","targetHints":{"allow":["GET"]}}],"collection":[{"href":"https:\/\/fire-testing.com\/es\/wp-json\/wp\/v2\/pages"}],"about":[{"href":"https:\/\/fire-testing.com\/es\/wp-json\/wp\/v2\/types\/page"}],"author":[{"embeddable":true,"href":"https:\/\/fire-testing.com\/es\/wp-json\/wp\/v2\/users\/142"}],"replies":[{"embeddable":true,"href":"https:\/\/fire-testing.com\/es\/wp-json\/wp\/v2\/comments?post=1333"}],"version-history":[{"count":0,"href":"https:\/\/fire-testing.com\/es\/wp-json\/wp\/v2\/pages\/1333\/revisions"}],"wp:attachment":[{"href":"https:\/\/fire-testing.com\/es\/wp-json\/wp\/v2\/media?parent=1333"}],"curies":[{"name":"wp","href":"https:\/\/api.w.org\/{rel}","templated":true}]}}