{"id":1351,"date":"2019-02-18T10:07:40","date_gmt":"2019-02-18T10:07:40","guid":{"rendered":"https:\/\/www.fire-testing.com\/?page_id=1351"},"modified":"2022-08-08T08:28:43","modified_gmt":"2022-08-08T08:28:43","slug":"large-scale-mattress-fire-test","status":"publish","type":"page","link":"https:\/\/fire-testing.com\/es\/large-scale-mattress-fire-test\/","title":{"rendered":"Prueba del colch\u00f3n a gran escala"},"content":{"rendered":"<div data-elementor-type=\"wp-page\" data-elementor-id=\"1351\" class=\"elementor elementor-1351\" data-elementor-post-type=\"page\">\n\t\t\t\t\t\t<section data-particle_enable=\"false\" data-particle-mobile-disabled=\"false\" class=\"elementor-section elementor-top-section elementor-element elementor-element-620b6c9 elementor-section-boxed elementor-section-height-default elementor-section-height-default\" data-id=\"620b6c9\" data-element_type=\"section\" data-e-type=\"section\">\n\t\t\t\t\t\t<div class=\"elementor-container elementor-column-gap-default\">\n\t\t\t\t\t<div class=\"elementor-column elementor-col-50 elementor-top-column elementor-element elementor-element-16ae632\" data-id=\"16ae632\" data-element_type=\"column\" data-e-type=\"column\">\n\t\t\t<div class=\"elementor-widget-wrap elementor-element-populated\">\n\t\t\t\t\t\t<div class=\"elementor-element elementor-element-f6f485b elementor-widget elementor-widget-heading\" data-id=\"f6f485b\" data-element_type=\"widget\" data-e-type=\"widget\" data-widget_type=\"heading.default\">\n\t\t\t\t<div class=\"elementor-widget-container\">\n\t\t\t\t\t<h1 class=\"elementor-heading-title elementor-size-default\">Prueba del colch\u00f3n a gran escala<\/h1>\t\t\t\t<\/div>\n\t\t\t\t<\/div>\n\t\t\t\t<div class=\"elementor-element elementor-element-2cd555e elementor-widget elementor-widget-heading\" data-id=\"2cd555e\" data-element_type=\"widget\" data-e-type=\"widget\" data-widget_type=\"heading.default\">\n\t\t\t\t<div class=\"elementor-widget-container\">\n\t\t\t\t\t<h2 class=\"elementor-heading-title elementor-size-default\">CA TB 603; 16 CFR Part 1633<\/h2>\t\t\t\t<\/div>\n\t\t\t\t<\/div>\n\t\t\t\t<div class=\"elementor-element elementor-element-4d4b92f7 elementor-widget elementor-widget-text-editor\" data-id=\"4d4b92f7\" data-element_type=\"widget\" data-e-type=\"widget\" data-widget_type=\"text-editor.default\">\n\t\t\t\t<div class=\"elementor-widget-container\">\n\t\t\t\t\t\t\t\t\t<p class=\"translation-block\">Recientemente, el California Bureau of Home Furnishings y el  Consumer Product Safety Commission determinaron que todos los colchones para viviendas que se vendan en los EE.UU. deben superar una prueba de liberaci\u00f3n de calor a gran escala basada en el quemador dual aqu\u00ed mostrado. <span class=\"s1\"><span style=\"color: #f05e23\"><strong>FTT<\/strong><\/span><\/span> puede ofrecerle toda la instrumentaci\u00f3n a aquellos clientes que deseen mejorar sus instalaciones para la realizaci\u00f3n de pruebas antiincendios o construir su propio equipo de pruebas. En este \u00faltimo caso, <span class=\"s1\"><span style=\"color: #f05e23\"><strong>FTT<\/strong><\/span><\/span> proporciona una gran variedad de m\u00f3dulos, incluyendo una consola de instrumentos para an\u00e1lisis de gases, un tramo de conducto, un quemador, una c\u00e9lula de carga y software para la adquisici\u00f3n de datos.<\/p>\n<p class=\"translation-block\">La consola incluye la instrumentaci\u00f3n necesaria para medir tasas de liberaci\u00f3n de calor y otros par\u00e1metros relacionados. Las especificaciones de esta instrumentaci\u00f3n son las mismas tanto para calor\u00edmetros a peque\u00f1a como a gran escala, y pueden por tanto desconectarse a conveniencia y utilizarse con el cono calorim\u00e9trico <span class=\"s1\"><span style=\"color: #f05e23\"><strong>FTT<\/strong><\/span><\/span>. El tramo de conducto contiene muestras para la toma de muestra de gases y para la medida de la velocidad del aire, adem\u00e1s de equipo para la medici\u00f3n de humo (luz blanca o l\u00e1ser).<\/p>\t\t\t\t\t\t\t\t<\/div>\n\t\t\t\t<\/div>\n\t\t\t\t\t<\/div>\n\t\t<\/div>\n\t\t\t\t<div class=\"elementor-column elementor-col-50 elementor-top-column elementor-element elementor-element-00a5b81\" data-id=\"00a5b81\" data-element_type=\"column\" data-e-type=\"column\">\n\t\t\t<div class=\"elementor-widget-wrap elementor-element-populated\">\n\t\t\t\t\t\t<div class=\"elementor-element elementor-element-0292fb0 elementor-widget elementor-widget-image\" data-id=\"0292fb0\" data-element_type=\"widget\" data-e-type=\"widget\" data-widget_type=\"image.default\">\n\t\t\t\t<div class=\"elementor-widget-container\">\n\t\t\t\t\t\t\t\t\t\t\t\t\t\t\t<img fetchpriority=\"high\" decoding=\"async\" width=\"768\" height=\"768\" src=\"https:\/\/www.fire-testing.com\/wp-content\/uploads\/2019\/06\/51-Large-Scale-Mattress-Fire-Test_PIXEL-768x768.jpg\" class=\"attachment-medium_large size-medium_large wp-image-4227\" alt=\"Prueba del colch\u00f3n a gran escala\" srcset=\"https:\/\/www.fire-testing.com\/wp-content\/uploads\/2019\/06\/51-Large-Scale-Mattress-Fire-Test_PIXEL-768x768.jpg 768w, https:\/\/www.fire-testing.com\/wp-content\/uploads\/2019\/06\/51-Large-Scale-Mattress-Fire-Test_PIXEL-150x150.jpg 150w, https:\/\/www.fire-testing.com\/wp-content\/uploads\/2019\/06\/51-Large-Scale-Mattress-Fire-Test_PIXEL-300x300.jpg 300w, https:\/\/www.fire-testing.com\/wp-content\/uploads\/2019\/06\/51-Large-Scale-Mattress-Fire-Test_PIXEL.jpg 800w\" sizes=\"(max-width: 768px) 100vw, 768px\" \/>\t\t\t\t\t\t\t\t\t\t\t\t\t\t\t<\/div>\n\t\t\t\t<\/div>\n\t\t\t\t<div class=\"elementor-element elementor-element-0f39597 elementor-widget elementor-widget-heading\" data-id=\"0f39597\" data-element_type=\"widget\" data-e-type=\"widget\" data-widget_type=\"heading.default\">\n\t\t\t\t<div class=\"elementor-widget-container\">\n\t\t\t\t\t<p class=\"elementor-heading-title elementor-size-default\">Prueba del colch\u00f3n a gran escala<\/p>\t\t\t\t<\/div>\n\t\t\t\t<\/div>\n\t\t\t\t\t<\/div>\n\t\t<\/div>\n\t\t\t\t\t<\/div>\n\t\t<\/section>\n\t\t\t\t<section data-particle_enable=\"false\" data-particle-mobile-disabled=\"false\" class=\"elementor-section elementor-top-section elementor-element elementor-element-c76422a elementor-section-boxed elementor-section-height-default elementor-section-height-default\" data-id=\"c76422a\" data-element_type=\"section\" data-e-type=\"section\">\n\t\t\t\t\t\t<div class=\"elementor-container elementor-column-gap-default\">\n\t\t\t\t\t<div class=\"elementor-column elementor-col-100 elementor-top-column elementor-element elementor-element-2fa77cd\" data-id=\"2fa77cd\" data-element_type=\"column\" data-e-type=\"column\">\n\t\t\t<div class=\"elementor-widget-wrap elementor-element-populated\">\n\t\t\t\t\t\t<div class=\"dce-visibility-event elementor-element elementor-element-dc98e23 elementor-widget elementor-widget-button\" data-id=\"dc98e23\" data-element_type=\"widget\" data-e-type=\"widget\" data-settings=\"{&quot;enabled_visibility&quot;:&quot;yes&quot;,&quot;dce_visibility_selected&quot;:&quot;yes&quot;}\" data-widget_type=\"button.default\">\n\t\t\t\t<div class=\"elementor-widget-container\">\n\t\t\t\t\t\t\t\t\t<div class=\"elementor-button-wrapper\">\n\t\t\t\t\t<a class=\"elementor-button elementor-button-link elementor-size-sm\" href=\"https:\/\/fire-testing.com\/es\/login\/\">\n\t\t\t\t\t\t<span class=\"elementor-button-content-wrapper\">\n\t\t\t\t\t\t\t\t\t<span class=\"elementor-button-text\">INICIE SESI\u00d3N\/REG\u00cdSTRESE PARA DESCARGAR ESTE FOLLETO<\/span>\n\t\t\t\t\t<\/span>\n\t\t\t\t\t<\/a>\n\t\t\t\t<\/div>\n\t\t\t\t\t\t\t\t<\/div>\n\t\t\t\t<\/div>\n\t\t\t\t<div class=\"dce-visibility-event elementor-element elementor-element-d8d605b elementor-widget elementor-widget-button\" data-id=\"d8d605b\" data-element_type=\"widget\" data-e-type=\"widget\" data-settings=\"{&quot;enabled_visibility&quot;:&quot;yes&quot;,&quot;dce_visibility_selected&quot;:&quot;yes&quot;}\" data-widget_type=\"button.default\">\n\t\t\t\t<div class=\"elementor-widget-container\">\n\t\t\t\t\t\t\t\t\t<div class=\"elementor-button-wrapper\">\n\t\t\t\t\t<a class=\"elementor-button elementor-button-link elementor-size-sm\" href=\"https:\/\/fire-testing.com\/es\/request-a-brochure\/\">\n\t\t\t\t\t\t<span class=\"elementor-button-content-wrapper\">\n\t\t\t\t\t\t\t\t\t<span class=\"elementor-button-text\">REQUEST TECHNICAL SPECIFICATION<\/span>\n\t\t\t\t\t<\/span>\n\t\t\t\t\t<\/a>\n\t\t\t\t<\/div>\n\t\t\t\t\t\t\t\t<\/div>\n\t\t\t\t<\/div>\n\t\t<!-- dce invisible element 1a75023 -->\t\t\t<\/div>\n\t\t<\/div>\n\t\t\t\t\t<\/div>\n\t\t<\/section>\n\t\t\t\t<\/div>","protected":false},"excerpt":{"rendered":"<p>Large Scale Mattress Fire Test CA TB 603; 16 CFR Part 1633 Recently the California Bureau of Home Furnishings and the Consumer Product Safety Commission determined that all residential mattresses to be sold in the US must meet a large scale heat release test based on the dual burner shown here. FTT can offer the [&hellip;]<\/p>\n","protected":false},"author":142,"featured_media":0,"parent":0,"menu_order":0,"comment_status":"closed","ping_status":"closed","template":"","meta":{"_acf_changed":false,"footnotes":""},"class_list":["post-1351","page","type-page","status-publish","hentry"],"acf":[],"_links":{"self":[{"href":"https:\/\/fire-testing.com\/es\/wp-json\/wp\/v2\/pages\/1351","targetHints":{"allow":["GET"]}}],"collection":[{"href":"https:\/\/fire-testing.com\/es\/wp-json\/wp\/v2\/pages"}],"about":[{"href":"https:\/\/fire-testing.com\/es\/wp-json\/wp\/v2\/types\/page"}],"author":[{"embeddable":true,"href":"https:\/\/fire-testing.com\/es\/wp-json\/wp\/v2\/users\/142"}],"replies":[{"embeddable":true,"href":"https:\/\/fire-testing.com\/es\/wp-json\/wp\/v2\/comments?post=1351"}],"version-history":[{"count":0,"href":"https:\/\/fire-testing.com\/es\/wp-json\/wp\/v2\/pages\/1351\/revisions"}],"wp:attachment":[{"href":"https:\/\/fire-testing.com\/es\/wp-json\/wp\/v2\/media?parent=1351"}],"curies":[{"name":"wp","href":"https:\/\/api.w.org\/{rel}","templated":true}]}}