{"id":1380,"date":"2019-02-18T10:56:26","date_gmt":"2019-02-18T10:56:26","guid":{"rendered":"https:\/\/www.fire-testing.com\/?page_id=1380"},"modified":"2022-08-08T08:44:51","modified_gmt":"2022-08-08T08:44:51","slug":"temperature-oxygen-index-apparatus","status":"publish","type":"page","link":"https:\/\/fire-testing.com\/es\/temperature-oxygen-index-apparatus\/","title":{"rendered":"Aparato para \u00edndice de temperatura de ox\u00edgeno"},"content":{"rendered":"<div data-elementor-type=\"wp-page\" data-elementor-id=\"1380\" class=\"elementor elementor-1380\" data-elementor-post-type=\"page\">\n\t\t\t\t\t\t<section data-particle_enable=\"false\" data-particle-mobile-disabled=\"false\" class=\"elementor-section elementor-top-section elementor-element elementor-element-659fe4e elementor-section-boxed elementor-section-height-default elementor-section-height-default\" data-id=\"659fe4e\" data-element_type=\"section\" data-e-type=\"section\">\n\t\t\t\t\t\t<div class=\"elementor-container elementor-column-gap-default\">\n\t\t\t\t\t<div class=\"elementor-column elementor-col-50 elementor-top-column elementor-element elementor-element-feed878\" data-id=\"feed878\" data-element_type=\"column\" data-e-type=\"column\">\n\t\t\t<div class=\"elementor-widget-wrap elementor-element-populated\">\n\t\t\t\t\t\t<div class=\"elementor-element elementor-element-2535f5a elementor-widget elementor-widget-heading\" data-id=\"2535f5a\" data-element_type=\"widget\" data-e-type=\"widget\" data-widget_type=\"heading.default\">\n\t\t\t\t<div class=\"elementor-widget-container\">\n\t\t\t\t\t<h1 class=\"elementor-heading-title elementor-size-default\">Aparato para \u00edndice de temperatura de ox\u00edgeno<\/h1>\t\t\t\t<\/div>\n\t\t\t\t<\/div>\n\t\t\t\t<div class=\"elementor-element elementor-element-e0e45fe elementor-widget elementor-widget-heading\" data-id=\"e0e45fe\" data-element_type=\"widget\" data-e-type=\"widget\" data-widget_type=\"heading.default\">\n\t\t\t\t<div class=\"elementor-widget-container\">\n\t\t\t\t\t<h2 class=\"elementor-heading-title elementor-size-default\">ISO 4589-3; NES 715<\/h2>\t\t\t\t<\/div>\n\t\t\t\t<\/div>\n\t\t\t\t<div class=\"elementor-element elementor-element-276a6908 elementor-widget elementor-widget-text-editor\" data-id=\"276a6908\" data-element_type=\"widget\" data-e-type=\"widget\" data-widget_type=\"text-editor.default\">\n\t\t\t\t<div class=\"elementor-widget-container\">\n\t\t\t\t\t\t\t\t\t<p class=\"translation-block\">El analizador de \u00edndice de ox\u00edgeno (OI) y el aparato para \u00edndice de temperatura de ox\u00edgeno (TOI), que reemplazan al FTA y el HFTA de Stanton Redcroft, ofrecen muchas mejoras.<\/p>\n<p>La \u00faltima tecnolog\u00eda de analizadores de ox\u00edgeno para una mayor precisi\u00f3n, gran confiabilidad y larga vida \u00fatil.<\/p>\n<p><strong>Determinaci\u00f3n de la inflamabilidad mediante el \u00edndice de ox\u00edgeno<br \/><\/strong>La prueba de \u00edndice de ox\u00edgeno es probablemente el control de calidad de materiales combustibles m\u00e1s econ\u00f3mico y preciso. Su facilidad de uso sumada a sus elevados niveles de precisi\u00f3n han hecho de esta t\u00e9cnica una herramienta fundamental de caracterizaci\u00f3n y control de calidad para las industrias del pl\u00e1stico y de los cables el\u00e9ctricos, y ha sido especificada por varios grupos de las fuerzas armadas y del transporte. La t\u00e9cnica mide el porcentaje m\u00ednimo de ox\u00edgeno requerido en la atm\u00f3sfera de prueba para que la combusti\u00f3n sea marginalmente posible.<\/p>\n<p class=\"translation-block\">El m\u00f3dulo de \u00edndice de temperatura de ox\u00edgeno (TOI) se debe utilizar con el aparato para \u00edndice de ox\u00edgeno de <span class=\"s1\"><span style=\"color: #f05e23\"><strong>FTT<\/strong><\/span><\/span> o con cualquier dise\u00f1o tradicional para determinar el \u00edndice de ox\u00edgeno a temperaturas de hasta 125 \u00b0C. Los estudios realizados muestran que la elevada temperatura a la cual los materiales entran en combusti\u00f3n en el aire es un mejor indicador para determinar la combustibilidad que el \u00edndice de ox\u00edgeno convencional. Los valores del \u00edndice de ox\u00edgeno descienden cuando las temperaturas del gas se incrementan. El aparato de <span class=\"s1\"><span style=\"color: #f05e23\"><strong>FTT<\/strong><\/span><\/span> permite determinar el \u00edndice de temperatura de ox\u00edgeno conforme a la parte 3 de ISO 4589 o a la Norma de Ingenier\u00eda Naval del Reino Unido NES 715. Para establecer temperaturas de prueba elevadas, se deben ajustar los niveles de temperatura de gas precalentado y configurar las temperaturas de las paredes de vidrio t\u00e9rmico del horno. Las temperaturas de ambas secciones calentadas se muestran continuamente en la unidad de control del \u00edndice de temperatura. Cuando se llevan a cabo experimentos con diferentes niveles de ox\u00edgeno, la conservaci\u00f3n del gas se logra con el uso de aire de una bomba activa silenciosa integral entre pruebas. Los suministros de nitr\u00f3geno y ox\u00edgeno en cilindros s\u00f3lo se cambian al sistema para pruebas.<\/p>\n<p class=\"translation-block\">La unidad de <span class=\"s1\"><span style=\"color: #f05e23\"><strong>FTT<\/strong><\/span><\/span> es compacta para que su uso sea eficiente en armarios de emanaciones est\u00e1ndares (o bajo campanas de ventilaci\u00f3n simples que tambi\u00e9n podemos suministrar a pedido). La unidad de \u00edndice de ox\u00edgeno proporciona una indicaci\u00f3n digital continua de las concentraciones de ox\u00edgeno en la atm\u00f3sfera de prueba para que sea f\u00e1cil configurar r\u00e1pido la concentraci\u00f3n. Los porcentajes de ox\u00edgeno estabilizado se indican en el visor digital y no es necesario realizar otros ajustes de flujo. Esto es una mejora considerable con respecto a los sistemas que utilizan medidores anal\u00f3gicos o que requieren igualaci\u00f3n de flujo y el uso de gr\u00e1ficos o tablas para calcular los niveles de ox\u00edgeno. Debido a ello, el grado de automaticidad de la unidad es el m\u00e1ximo posible.<\/p>\n<p><strong>Caracter\u00edsticas:<\/strong><\/p>\n<ul>\n<li>Temperatura de prueba de hasta 400 \u00b0C.<\/li>\n<li>La temperatura de la muestra aparece en un visor digital.<\/li>\n<li>La temperatura de columna y la de precalentamiento aparecen en un visor digital.<\/li>\n<li>Columna de prueba transparente calentada por sistema radiante.<\/li>\n<li>Precalentador de gas de alto nivel de eficiencia.<\/li>\n<li>Bomba de aire para conservar el suministro de ox\u00edgeno y nitr\u00f3geno durante los per\u00edodos de espera.<\/li>\n<\/ul>\n<p><strong>Especificaci\u00f3n<\/strong><\/p>\n<ul>\n<li>Visor digital de concentraci\u00f3n de ox\u00edgeno: +\/- 0,1%<\/li>\n<li>Dimensiones (en mm): 350 (ancho) x 370 (profundo) x 280 (alto)<\/li>\n<li>Tama\u00f1o de la columna (en mm): 160 (di\u00e1m. m\u00e1x.) \u00d7 75 (di\u00e1m. interno) \u00d7 570 (alto)<\/li>\n<li>Peso (en kg): 17<\/li>\n<li>Tensi\u00f3n: 230 V; 50 Hz; 10,25 A o 110 V; 60 Hz; 20,5 A<\/li>\n<li>Manual de funcionamiento: incluido<\/li>\n<li>Otros requisitos de servicio: O<sub>2<\/sub>\/N<sub>2<\/sub>,Propano requiere <a href=\"https:\/\/fire-testing.com\/es\/oxygen-index\/\">Analizador de \u00edndice de ox\u00edgeno<\/a><\/li>\n<\/ul>\t\t\t\t\t\t\t\t<\/div>\n\t\t\t\t<\/div>\n\t\t\t\t\t<\/div>\n\t\t<\/div>\n\t\t\t\t<div class=\"elementor-column elementor-col-50 elementor-top-column elementor-element elementor-element-cc526d0\" data-id=\"cc526d0\" data-element_type=\"column\" data-e-type=\"column\">\n\t\t\t<div class=\"elementor-widget-wrap elementor-element-populated\">\n\t\t\t\t\t\t<div class=\"elementor-element elementor-element-93d7974 elementor-widget elementor-widget-image\" data-id=\"93d7974\" data-element_type=\"widget\" data-e-type=\"widget\" data-widget_type=\"image.default\">\n\t\t\t\t<div class=\"elementor-widget-container\">\n\t\t\t\t\t\t\t\t\t\t\t\t\t\t\t<img fetchpriority=\"high\" decoding=\"async\" width=\"768\" height=\"768\" src=\"https:\/\/www.fire-testing.com\/wp-content\/uploads\/2019\/06\/76-Temperature-Oxygen_PIXEL-768x768.jpg\" class=\"attachment-medium_large size-medium_large wp-image-4252\" alt=\"Aparato para \u00edndice de temperatura de ox\u00edgeno\" srcset=\"https:\/\/www.fire-testing.com\/wp-content\/uploads\/2019\/06\/76-Temperature-Oxygen_PIXEL-768x768.jpg 768w, https:\/\/www.fire-testing.com\/wp-content\/uploads\/2019\/06\/76-Temperature-Oxygen_PIXEL-150x150.jpg 150w, https:\/\/www.fire-testing.com\/wp-content\/uploads\/2019\/06\/76-Temperature-Oxygen_PIXEL-300x300.jpg 300w, https:\/\/www.fire-testing.com\/wp-content\/uploads\/2019\/06\/76-Temperature-Oxygen_PIXEL.jpg 800w\" sizes=\"(max-width: 768px) 100vw, 768px\" \/>\t\t\t\t\t\t\t\t\t\t\t\t\t\t\t<\/div>\n\t\t\t\t<\/div>\n\t\t\t\t<div class=\"elementor-element elementor-element-4e7ad5e elementor-widget elementor-widget-heading\" data-id=\"4e7ad5e\" data-element_type=\"widget\" data-e-type=\"widget\" data-widget_type=\"heading.default\">\n\t\t\t\t<div class=\"elementor-widget-container\">\n\t\t\t\t\t<p class=\"elementor-heading-title elementor-size-default\">Aparato para \u00edndice de temperatura de ox\u00edgeno<\/p>\t\t\t\t<\/div>\n\t\t\t\t<\/div>\n\t\t\t\t\t<\/div>\n\t\t<\/div>\n\t\t\t\t\t<\/div>\n\t\t<\/section>\n\t\t\t\t<section data-particle_enable=\"false\" data-particle-mobile-disabled=\"false\" class=\"elementor-section elementor-top-section elementor-element elementor-element-c443260 elementor-section-boxed elementor-section-height-default elementor-section-height-default\" data-id=\"c443260\" data-element_type=\"section\" data-e-type=\"section\">\n\t\t\t\t\t\t<div class=\"elementor-container elementor-column-gap-default\">\n\t\t\t\t\t<div class=\"elementor-column elementor-col-100 elementor-top-column elementor-element elementor-element-5e1e57b\" data-id=\"5e1e57b\" data-element_type=\"column\" data-e-type=\"column\">\n\t\t\t<div class=\"elementor-widget-wrap elementor-element-populated\">\n\t\t\t\t\t\t<div class=\"dce-visibility-event elementor-element elementor-element-9410f57 elementor-widget elementor-widget-button\" data-id=\"9410f57\" data-element_type=\"widget\" data-e-type=\"widget\" data-settings=\"{&quot;enabled_visibility&quot;:&quot;yes&quot;,&quot;dce_visibility_selected&quot;:&quot;yes&quot;}\" data-widget_type=\"button.default\">\n\t\t\t\t<div class=\"elementor-widget-container\">\n\t\t\t\t\t\t\t\t\t<div class=\"elementor-button-wrapper\">\n\t\t\t\t\t<a class=\"elementor-button elementor-button-link elementor-size-sm\" href=\"https:\/\/fire-testing.com\/es\/login\/\">\n\t\t\t\t\t\t<span class=\"elementor-button-content-wrapper\">\n\t\t\t\t\t\t\t\t\t<span class=\"elementor-button-text\">INICIE SESI\u00d3N\/REG\u00cdSTRESE PARA DESCARGAR ESTE FOLLETO<\/span>\n\t\t\t\t\t<\/span>\n\t\t\t\t\t<\/a>\n\t\t\t\t<\/div>\n\t\t\t\t\t\t\t\t<\/div>\n\t\t\t\t<\/div>\n\t\t\t\t<div class=\"dce-visibility-event elementor-element elementor-element-9857d2f elementor-widget elementor-widget-button\" data-id=\"9857d2f\" data-element_type=\"widget\" data-e-type=\"widget\" data-settings=\"{&quot;enabled_visibility&quot;:&quot;yes&quot;,&quot;dce_visibility_selected&quot;:&quot;yes&quot;}\" data-widget_type=\"button.default\">\n\t\t\t\t<div class=\"elementor-widget-container\">\n\t\t\t\t\t\t\t\t\t<div class=\"elementor-button-wrapper\">\n\t\t\t\t\t<a class=\"elementor-button elementor-button-link elementor-size-sm\" href=\"https:\/\/fire-testing.com\/es\/request-a-brochure\/\">\n\t\t\t\t\t\t<span class=\"elementor-button-content-wrapper\">\n\t\t\t\t\t\t\t\t\t<span class=\"elementor-button-text\">REQUEST TECHNICAL SPECIFICATION<\/span>\n\t\t\t\t\t<\/span>\n\t\t\t\t\t<\/a>\n\t\t\t\t<\/div>\n\t\t\t\t\t\t\t\t<\/div>\n\t\t\t\t<\/div>\n\t\t<!-- dce invisible element 39c9a5e -->\t\t\t<\/div>\n\t\t<\/div>\n\t\t\t\t\t<\/div>\n\t\t<\/section>\n\t\t\t\t<\/div>","protected":false},"excerpt":{"rendered":"<p>Temperature Oxygen Index Apparatus ISO 4589-3; NES 715 The FTT Oxygen Index (OI) and Temperature Oxygen Index (TOI), which replace the Stanton Redcroft FTA and HFTA, offer many improvements. The latest oxygen analyser technology for high accuracy, reliability and long operating life. Determination of Flammability by Oxygen IndexOxygen Index is, perhaps, the most economical and [&hellip;]<\/p>\n","protected":false},"author":142,"featured_media":0,"parent":0,"menu_order":0,"comment_status":"closed","ping_status":"closed","template":"","meta":{"_acf_changed":false,"footnotes":""},"class_list":["post-1380","page","type-page","status-publish","hentry"],"acf":[],"_links":{"self":[{"href":"https:\/\/fire-testing.com\/es\/wp-json\/wp\/v2\/pages\/1380","targetHints":{"allow":["GET"]}}],"collection":[{"href":"https:\/\/fire-testing.com\/es\/wp-json\/wp\/v2\/pages"}],"about":[{"href":"https:\/\/fire-testing.com\/es\/wp-json\/wp\/v2\/types\/page"}],"author":[{"embeddable":true,"href":"https:\/\/fire-testing.com\/es\/wp-json\/wp\/v2\/users\/142"}],"replies":[{"embeddable":true,"href":"https:\/\/fire-testing.com\/es\/wp-json\/wp\/v2\/comments?post=1380"}],"version-history":[{"count":0,"href":"https:\/\/fire-testing.com\/es\/wp-json\/wp\/v2\/pages\/1380\/revisions"}],"wp:attachment":[{"href":"https:\/\/fire-testing.com\/es\/wp-json\/wp\/v2\/media?parent=1380"}],"curies":[{"name":"wp","href":"https:\/\/api.w.org\/{rel}","templated":true}]}}