{"id":20,"date":"2018-02-12T14:47:11","date_gmt":"2018-02-12T14:47:11","guid":{"rendered":"https:\/\/websitedemos.net\/coach02\/?page_id=20"},"modified":"2026-01-08T17:20:12","modified_gmt":"2026-01-08T17:20:12","slug":"about-fire-testing-technology","status":"publish","type":"page","link":"https:\/\/fire-testing.com\/es\/about-fire-testing-technology\/","title":{"rendered":"About"},"content":{"rendered":"<div data-elementor-type=\"wp-post\" data-elementor-id=\"20\" class=\"elementor elementor-20\" data-elementor-post-type=\"page\">\n\t\t\t\t\t\t<section data-particle_enable=\"false\" data-particle-mobile-disabled=\"false\" class=\"elementor-section elementor-top-section elementor-element elementor-element-23e8e59 elementor-section-boxed elementor-section-height-default elementor-section-height-default\" data-id=\"23e8e59\" data-element_type=\"section\" data-e-type=\"section\">\n\t\t\t\t\t\t<div class=\"elementor-container elementor-column-gap-default\">\n\t\t\t\t\t<div class=\"elementor-column elementor-col-100 elementor-top-column elementor-element elementor-element-223c9a7\" data-id=\"223c9a7\" data-element_type=\"column\" data-e-type=\"column\">\n\t\t\t<div class=\"elementor-widget-wrap elementor-element-populated\">\n\t\t\t\t\t\t<div class=\"elementor-element elementor-element-aa5171f elementor-widget elementor-widget-heading\" data-id=\"aa5171f\" data-element_type=\"widget\" data-e-type=\"widget\" data-widget_type=\"heading.default\">\n\t\t\t\t<div class=\"elementor-widget-container\">\n\t\t\t\t\t<h1 class=\"elementor-heading-title elementor-size-default\">Acerca de <span class=\"s1\"><span style=\"color: #f05e23\"><strong>FTT<\/strong><\/span><\/span><\/h1>\t\t\t\t<\/div>\n\t\t\t\t<\/div>\n\t\t\t\t\t<\/div>\n\t\t<\/div>\n\t\t\t\t\t<\/div>\n\t\t<\/section>\n\t\t\t\t<section data-particle_enable=\"false\" data-particle-mobile-disabled=\"false\" class=\"elementor-section elementor-top-section elementor-element elementor-element-7fd9058 elementor-section-boxed elementor-section-height-default elementor-section-height-default\" data-id=\"7fd9058\" data-element_type=\"section\" data-e-type=\"section\">\n\t\t\t\t\t\t<div class=\"elementor-container elementor-column-gap-default\">\n\t\t\t\t\t<div class=\"elementor-column elementor-col-100 elementor-top-column elementor-element elementor-element-6862439\" data-id=\"6862439\" data-element_type=\"column\" data-e-type=\"column\">\n\t\t\t<div class=\"elementor-widget-wrap elementor-element-populated\">\n\t\t\t\t\t\t<div class=\"elementor-element elementor-element-7560471 elementor-widget elementor-widget-heading\" data-id=\"7560471\" data-element_type=\"widget\" data-e-type=\"widget\" data-widget_type=\"heading.default\">\n\t\t\t\t<div class=\"elementor-widget-container\">\n\t\t\t\t\t<h2 class=\"elementor-heading-title elementor-size-default\">Visi\u00f3n y misi\u00f3n<\/h2>\t\t\t\t<\/div>\n\t\t\t\t<\/div>\n\t\t\t\t<div class=\"elementor-element elementor-element-5df8b9d elementor-widget elementor-widget-heading\" data-id=\"5df8b9d\" data-element_type=\"widget\" data-e-type=\"widget\" data-widget_type=\"heading.default\">\n\t\t\t\t<div class=\"elementor-widget-container\">\n\t\t\t\t\t<h3 class=\"elementor-heading-title elementor-size-default\">Visi\u00f3n<\/h3>\t\t\t\t<\/div>\n\t\t\t\t<\/div>\n\t\t\t\t<div class=\"elementor-element elementor-element-df519b4 elementor-widget elementor-widget-text-editor\" data-id=\"df519b4\" data-element_type=\"widget\" data-e-type=\"widget\" data-widget_type=\"text-editor.default\">\n\t\t\t\t<div class=\"elementor-widget-container\">\n\t\t\t\t\t\t\t\t\t<p>Fire Testing Technology&#8217;s vision is to be the global leader in fire testing instrumentation.<\/p>\t\t\t\t\t\t\t\t<\/div>\n\t\t\t\t<\/div>\n\t\t\t\t<div class=\"elementor-element elementor-element-0f53fa0 elementor-widget elementor-widget-heading\" data-id=\"0f53fa0\" data-element_type=\"widget\" data-e-type=\"widget\" data-widget_type=\"heading.default\">\n\t\t\t\t<div class=\"elementor-widget-container\">\n\t\t\t\t\t<h3 class=\"elementor-heading-title elementor-size-default\">Misi\u00f3n<\/h3>\t\t\t\t<\/div>\n\t\t\t\t<\/div>\n\t\t\t\t<div class=\"elementor-element elementor-element-76e1ebd elementor-widget elementor-widget-text-editor\" data-id=\"76e1ebd\" data-element_type=\"widget\" data-e-type=\"widget\" data-widget_type=\"text-editor.default\">\n\t\t\t\t<div class=\"elementor-widget-container\">\n\t\t\t\t\t\t\t\t\t<p>Fire Testing Technology&#8217;s mission is to prevent loss of life and damage to property caused by fire.\u00a0<\/p>\t\t\t\t\t\t\t\t<\/div>\n\t\t\t\t<\/div>\n\t\t\t\t<div class=\"elementor-element elementor-element-ccef2fc elementor-widget elementor-widget-heading\" data-id=\"ccef2fc\" data-element_type=\"widget\" data-e-type=\"widget\" data-widget_type=\"heading.default\">\n\t\t\t\t<div class=\"elementor-widget-container\">\n\t\t\t\t\t<h2 class=\"elementor-heading-title elementor-size-default\">Valores<\/h2>\t\t\t\t<\/div>\n\t\t\t\t<\/div>\n\t\t\t\t<div class=\"elementor-element elementor-element-2aef8cf elementor-widget elementor-widget-text-editor\" data-id=\"2aef8cf\" data-element_type=\"widget\" data-e-type=\"widget\" data-widget_type=\"text-editor.default\">\n\t\t\t\t<div class=\"elementor-widget-container\">\n\t\t\t\t\t\t\t\t\t<p>At Fire Testing Technology, our values guide every decision we make, every product we build and every partnership we form.<\/p>\t\t\t\t\t\t\t\t<\/div>\n\t\t\t\t<\/div>\n\t\t\t\t<div class=\"elementor-element elementor-element-60a9d69 elementor-widget elementor-widget-heading\" data-id=\"60a9d69\" data-element_type=\"widget\" data-e-type=\"widget\" data-widget_type=\"heading.default\">\n\t\t\t\t<div class=\"elementor-widget-container\">\n\t\t\t\t\t<h3 class=\"elementor-heading-title elementor-size-default\">Innovation<\/h3>\t\t\t\t<\/div>\n\t\t\t\t<\/div>\n\t\t\t\t<div class=\"elementor-element elementor-element-b29b061 elementor-widget elementor-widget-text-editor\" data-id=\"b29b061\" data-element_type=\"widget\" data-e-type=\"widget\" data-widget_type=\"text-editor.default\">\n\t\t\t\t<div class=\"elementor-widget-container\">\n\t\t\t\t\t\t\t\t\t<p>We develop cutting edge fire testing instruments that enhance safety, precision and efficiency.<\/p>\t\t\t\t\t\t\t\t<\/div>\n\t\t\t\t<\/div>\n\t\t\t\t<div class=\"elementor-element elementor-element-0178367 elementor-widget elementor-widget-heading\" data-id=\"0178367\" data-element_type=\"widget\" data-e-type=\"widget\" data-widget_type=\"heading.default\">\n\t\t\t\t<div class=\"elementor-widget-container\">\n\t\t\t\t\t<h3 class=\"elementor-heading-title elementor-size-default\">Collaboration<\/h3>\t\t\t\t<\/div>\n\t\t\t\t<\/div>\n\t\t\t\t<div class=\"elementor-element elementor-element-56cf8ad elementor-widget elementor-widget-text-editor\" data-id=\"56cf8ad\" data-element_type=\"widget\" data-e-type=\"widget\" data-widget_type=\"text-editor.default\">\n\t\t\t\t<div class=\"elementor-widget-container\">\n\t\t\t\t\t\t\t\t\t<p>We work closely with our customers and teams to deliver reliable, high-performance solutions.<\/p>\t\t\t\t\t\t\t\t<\/div>\n\t\t\t\t<\/div>\n\t\t\t\t<div class=\"elementor-element elementor-element-5de4dfb elementor-widget elementor-widget-heading\" data-id=\"5de4dfb\" data-element_type=\"widget\" data-e-type=\"widget\" data-widget_type=\"heading.default\">\n\t\t\t\t<div class=\"elementor-widget-container\">\n\t\t\t\t\t<h3 class=\"elementor-heading-title elementor-size-default\">Responsibility<\/h3>\t\t\t\t<\/div>\n\t\t\t\t<\/div>\n\t\t\t\t<div class=\"elementor-element elementor-element-bc0df0d elementor-widget elementor-widget-text-editor\" data-id=\"bc0df0d\" data-element_type=\"widget\" data-e-type=\"widget\" data-widget_type=\"text-editor.default\">\n\t\t\t\t<div class=\"elementor-widget-container\">\n\t\t\t\t\t\t\t\t\t<p>We ensure our products meet the highest safety, ethical and regulatory standards.<\/p>\t\t\t\t\t\t\t\t<\/div>\n\t\t\t\t<\/div>\n\t\t\t\t<div class=\"elementor-element elementor-element-4849d21 elementor-widget elementor-widget-heading\" data-id=\"4849d21\" data-element_type=\"widget\" data-e-type=\"widget\" data-widget_type=\"heading.default\">\n\t\t\t\t<div class=\"elementor-widget-container\">\n\t\t\t\t\t<h3 class=\"elementor-heading-title elementor-size-default\">Quality<\/h3>\t\t\t\t<\/div>\n\t\t\t\t<\/div>\n\t\t\t\t<div class=\"elementor-element elementor-element-9181bef elementor-widget elementor-widget-text-editor\" data-id=\"9181bef\" data-element_type=\"widget\" data-e-type=\"widget\" data-widget_type=\"text-editor.default\">\n\t\t\t\t<div class=\"elementor-widget-container\">\n\t\t\t\t\t\t\t\t\t<p>We deliver excellence through precision engineering and the highest manufacturing standards.<\/p>\t\t\t\t\t\t\t\t<\/div>\n\t\t\t\t<\/div>\n\t\t\t\t<div class=\"elementor-element elementor-element-e194b05 elementor-widget elementor-widget-heading\" data-id=\"e194b05\" data-element_type=\"widget\" data-e-type=\"widget\" data-widget_type=\"heading.default\">\n\t\t\t\t<div class=\"elementor-widget-container\">\n\t\t\t\t\t<h3 class=\"elementor-heading-title elementor-size-default\">Diversity<\/h3>\t\t\t\t<\/div>\n\t\t\t\t<\/div>\n\t\t\t\t<div class=\"elementor-element elementor-element-72d86e1 elementor-widget elementor-widget-text-editor\" data-id=\"72d86e1\" data-element_type=\"widget\" data-e-type=\"widget\" data-widget_type=\"text-editor.default\">\n\t\t\t\t<div class=\"elementor-widget-container\">\n\t\t\t\t\t\t\t\t\t<p>We value diverse perspectives and skills, fostering an inclusive culture that drives innovation.<\/p>\t\t\t\t\t\t\t\t<\/div>\n\t\t\t\t<\/div>\n\t\t\t\t<div class=\"elementor-element elementor-element-0a007ec elementor-widget elementor-widget-eael-content-timeline\" data-id=\"0a007ec\" data-element_type=\"widget\" data-e-type=\"widget\" data-widget_type=\"eael-content-timeline.default\">\n\t\t\t\t<div class=\"elementor-widget-container\">\n\t\t\t\t\t\t\t<div id=\"eael-content-timeline-0a007ec\" class=\"content-timeline-layout-center date-position- horizontal-timeline-wrapper\" data-slide_to_scroll=\"{&quot;desktop&quot;:1,&quot;mobile&quot;:1,&quot;tablet&quot;:1}\">\n\t\t\t<div class=\"eael-content-timeline-container\">\n\t\t\t\t<div class=\"eael-content-timeline-container\">\n\t\t\t\t\t\t\t\t\t\t\t\t\t\t\t\t\t\t\t\t\t\t\t<div class=\"eael-content-timeline-block\">\n    <div class=\"eael-content-timeline-line\">\n        <div class=\"eael-content-timeline-inner\"><\/div>\n    <\/div>\n    <div class=\"eael-content-timeline-img eael-picture\"><\/div><div class=\"eael-content-timeline-content\"><span class=\"eael-date\"><\/span><h2 class=\"eael-timeline-title\">1989<\/h2><div class=\"eael-timeline-excerpt\"><p><span class=\"ftt-600\">FTT<\/span> fue fundada por el ingeniero de instrumentaci\u00f3n Stephen Upton y el cient\u00edfico experto en incendios Stephen Grayson.<\/p><\/div><\/div><\/div>\t\t\t\t\t\t\t\t\t\t\t\t\t\t\t\t\t\t<div class=\"eael-content-timeline-block\">\n    <div class=\"eael-content-timeline-line\">\n        <div class=\"eael-content-timeline-inner\"><\/div>\n    <\/div>\n    <div class=\"eael-content-timeline-img eael-picture\"><\/div><div class=\"eael-content-timeline-content\"><span class=\"eael-date\"><\/span><h2 class=\"eael-timeline-title\">1993<\/h2><div class=\"eael-timeline-excerpt\"><p><span class=\"ftt-600\">FTT<\/span> present\u00f3 su cono calorim\u00e9trico de primera generaci\u00f3n. Este cono calorim\u00e9trico era una opci\u00f3n asequible comparado con lo que actualmente se ofrec\u00eda en la industria. Esta incorporaci\u00f3n abri\u00f3 el mercado, permitiendo el acceso de un amplio grupo de investigaciones a esta tecnolog\u00eda.<\/p><\/div><\/div><\/div>\t\t\t\t\t\t\t\t\t\t\t\t\t\t\t\t\t\t<div class=\"eael-content-timeline-block\">\n    <div class=\"eael-content-timeline-line\">\n        <div class=\"eael-content-timeline-inner\"><\/div>\n    <\/div>\n    <div class=\"eael-content-timeline-img eael-picture\"><\/div><div class=\"eael-content-timeline-content\"><span class=\"eael-date\"><\/span><h2 class=\"eael-timeline-title\">1998<\/h2><div class=\"eael-timeline-excerpt\"><p class=\"translation-block\"><span class=\"s1\"><span style=\"color: #f05e23;\"><strong>FTT <\/strong><\/span><\/span><span class=\"s1\">acquired the fire instrumentation side of the business under the trade name Stanton Redcroft. By 1998 <span style=\"color: #f05e23;\"><strong>FTT<\/strong><\/span> were seen as the global supplier of Calorimeters, NBS Smoke Chambers and Oxygen Indexes and were producing more than 40 different fire test instruments.<\/span><\/p><p class=\"translation-block\">Los productos de <span class=\"s1\"><span style=\"color: #f05e23\"><strong>FTT<\/strong><\/span><\/span> ofrec\u00edan una gama completa de equipos necesarios para realizar los ensayos antiincendios necesarios para cumplir con la normativa del Reglamento Europeo sobre Materiales de Construcci\u00f3n.<\/p><\/div><\/div><\/div>\t\t\t\t\t\t\t\t\t\t\t\t\t\t\t\t\t\t<div class=\"eael-content-timeline-block\">\n    <div class=\"eael-content-timeline-line\">\n        <div class=\"eael-content-timeline-inner\"><\/div>\n    <\/div>\n    <div class=\"eael-content-timeline-img eael-picture\"><\/div><div class=\"eael-content-timeline-content\"><span class=\"eael-date\"><\/span><h2 class=\"eael-timeline-title\">2005<\/h2><div class=\"eael-timeline-excerpt\"><p><a href=\"https:\/\/www.judges.uk.com\/\" target=\"_blank\" rel=\"noopener\"><strong><span class=\"ftt-600\">Judges Scientific plc<\/span><\/strong><\/a>que figura en el Alternative Investment Market de la Bolsa de Londres (\u201cAIM\u201d), lidera un grupo dedicado al crecimiento del sector de los instrumentos cient\u00edficos a trav\u00e9s de una estrategia de \u201cbuy and build\u201d (\u00abcomprar y fabricar\u00bb) y del crecimiento org\u00e1nico.\nCreado a finales de 2002 con la mente puesta en un modelo de negocio diferente, la compa\u00f1\u00eda hizo su primera incursi\u00f3n en el mundo de los instrumentos cient\u00edficos en mayo de 2005 con la adquisici\u00f3n de la empresa Fire Testing Technology. Los directores identificaron los instrumentos cient\u00edficos como un sector en el que el Reino Unido podr\u00eda presumir justificadamente de ser un centro mundial de excelencia. Con un n\u00famero mayor de compa\u00f1\u00edas privadas creadas por cient\u00edficos e ingenieros emprendedores, el equipo gestor de Judges detect\u00f3 que el sector estaba maduro para lograr la consolidaci\u00f3n. Desde la adquisici\u00f3n de <span class=\"ftt-600\">FTT<\/span> acquisition, a further 14 businesses have been brought into the Judges family of companies in furtherance of its strategic aims.<\/p><\/div><\/div><\/div>\t\t\t\t\t\t\t\t\t\t\t\t\t\t\t\t\t\t<div class=\"eael-content-timeline-block\">\n    <div class=\"eael-content-timeline-line\">\n        <div class=\"eael-content-timeline-inner\"><\/div>\n    <\/div>\n    <div class=\"eael-content-timeline-img eael-picture\"><\/div><div class=\"eael-content-timeline-content\"><span class=\"eael-date\"><\/span><h2 class=\"eael-timeline-title\">2011<\/h2><div class=\"eael-timeline-excerpt\"><p><span class=\"ftt-600\">FTT<\/span> obtuvo el certificado ISO del British Standards Institute (BSI) y certificaciones de sus sistemas de gesti\u00f3n de la calidad (ISO 9001) y sus sistemas de gesti\u00f3n medioambiental (ISO 14001).<\/p><\/div><\/div><\/div>\t\t\t\t\t\t\t\t\t\t\t\t\t\t\t\t\t\t<div class=\"eael-content-timeline-block\">\n    <div class=\"eael-content-timeline-line\">\n        <div class=\"eael-content-timeline-inner\"><\/div>\n    <\/div>\n    <div class=\"eael-content-timeline-img eael-picture\"><\/div><div class=\"eael-content-timeline-content\"><span class=\"eael-date\"><\/span><h2 class=\"eael-timeline-title\">2013<\/h2><div class=\"eael-timeline-excerpt\"><p class=\"translation-block\"><span style=\"color: #f05e23\"><strong>FTT<\/strong><\/span>, con su compromiso continuo de ofrecer equipos tecnol\u00f3gicamente avanzados, incorpor\u00f3 el <span style=\"color: #f05e23\"><em><strong><span style=\"font-family: Times\">i<\/span><\/strong><\/em><\/span>Cone<em><span style=\"color: #f05e23\"> plus<\/span><\/em><span class=\"s1\"> a la gama de instrumentos de su cat\u00e1logo de productos.<\/p><\/div><\/div><\/div>\t\t\t\t\t\t\t\t\t\t\t\t\t\t\t\t\t\t<div class=\"eael-content-timeline-block\">\n    <div class=\"eael-content-timeline-line\">\n        <div class=\"eael-content-timeline-inner\"><\/div>\n    <\/div>\n    <div class=\"eael-content-timeline-img eael-picture\"><\/div><div class=\"eael-content-timeline-content\"><span class=\"eael-date\"><\/span><h2 class=\"eael-timeline-title\">2016<\/h2><div class=\"eael-timeline-excerpt\"><p class=\"translation-block\"><span class=\"s1\"><span style=\"color: #f05e23\"><strong>FTT<\/strong><\/span>  incorpor\u00f3 el <span class=\"s1\"><span style=\"color: #f05e23\"><em><strong><span style=\"font-family: Times\">i<\/span><\/strong><\/em><\/span>Cone<em><span style=\"color: #f05e23\"> mini<\/span><\/em><span class=\"s1\"> y el <span class=\"s1\"><span style=\"color: #f05e23\"><em><strong><span style=\"font-family: Times\">i<\/span><\/strong><\/em><\/span>Cone<em><span style=\"color: #f05e23\"> classic<\/span><\/em><span class=\"s1\"> a su cat\u00e1logo de productos.<\/p><\/div><\/div><\/div>\t\t\t\t\t\t\t\t\t\t\t\t\t\t\t\t\t\t<div class=\"eael-content-timeline-block\">\n    <div class=\"eael-content-timeline-line\">\n        <div class=\"eael-content-timeline-inner\"><\/div>\n    <\/div>\n    <div class=\"eael-content-timeline-img eael-picture\"><\/div><div class=\"eael-content-timeline-content\"><span class=\"eael-date\"><\/span><h2 class=\"eael-timeline-title\">2019<\/h2><div class=\"eael-timeline-excerpt\"><span class=\"ftt-600\">FTT<\/span> launch new branding and the next generation <em class=\"ftt-600\">i<\/em>Cone<sup class=\"ftt\">2+<\/sup>, as part of our commitment to deliver on technology and improved customer experience.<\/div><\/div><\/div>\t\t\t\t<\/div>\n\t\t\t<\/div>\n\t\t<\/div>\n\t\t\t\t\t<\/div>\n\t\t\t\t<\/div>\n\t\t\t\t\t<\/div>\n\t\t<\/div>\n\t\t\t\t\t<\/div>\n\t\t<\/section>\n\t\t\t\t<\/div>","protected":false},"excerpt":{"rendered":"<p>About Fire Testing Technology Vision and Mission Vision Fire Testing Technology&#8217;s vision is to be the global leader in fire testing instrumentation. Mission Fire Testing Technology&#8217;s mission is to prevent loss of life and damage to property caused by fire.\u00a0 Values At Fire Testing Technology, our values guide every decision we make, every product we [&hellip;]<\/p>\n","protected":false},"author":142,"featured_media":0,"parent":0,"menu_order":0,"comment_status":"closed","ping_status":"closed","template":"","meta":{"_acf_changed":false,"footnotes":""},"class_list":["post-20","page","type-page","status-publish","hentry"],"acf":[],"_links":{"self":[{"href":"https:\/\/fire-testing.com\/es\/wp-json\/wp\/v2\/pages\/20","targetHints":{"allow":["GET"]}}],"collection":[{"href":"https:\/\/fire-testing.com\/es\/wp-json\/wp\/v2\/pages"}],"about":[{"href":"https:\/\/fire-testing.com\/es\/wp-json\/wp\/v2\/types\/page"}],"author":[{"embeddable":true,"href":"https:\/\/fire-testing.com\/es\/wp-json\/wp\/v2\/users\/142"}],"replies":[{"embeddable":true,"href":"https:\/\/fire-testing.com\/es\/wp-json\/wp\/v2\/comments?post=20"}],"version-history":[{"count":0,"href":"https:\/\/fire-testing.com\/es\/wp-json\/wp\/v2\/pages\/20\/revisions"}],"wp:attachment":[{"href":"https:\/\/fire-testing.com\/es\/wp-json\/wp\/v2\/media?parent=20"}],"curies":[{"name":"wp","href":"https:\/\/api.w.org\/{rel}","templated":true}]}}