{"id":410,"date":"2019-01-31T15:09:37","date_gmt":"2019-01-31T15:09:37","guid":{"rendered":"https:\/\/www.fire-testing.com\/?page_id=410"},"modified":"2025-05-07T09:22:24","modified_gmt":"2025-05-07T08:22:24","slug":"single-burning-item-sbi","status":"publish","type":"page","link":"https:\/\/fire-testing.com\/es\/single-burning-item-sbi\/","title":{"rendered":"Elemento \u00fanico en combusti\u00f3n"},"content":{"rendered":"<div data-elementor-type=\"wp-page\" data-elementor-id=\"410\" class=\"elementor elementor-410\" data-elementor-post-type=\"page\">\n\t\t\t\t\t\t<section data-particle_enable=\"false\" data-particle-mobile-disabled=\"false\" class=\"elementor-section elementor-top-section elementor-element elementor-element-6cff648 elementor-section-boxed elementor-section-height-default elementor-section-height-default\" data-id=\"6cff648\" data-element_type=\"section\" data-e-type=\"section\">\n\t\t\t\t\t\t<div class=\"elementor-container elementor-column-gap-default\">\n\t\t\t\t\t<div class=\"elementor-column elementor-col-50 elementor-top-column elementor-element elementor-element-f405d51\" data-id=\"f405d51\" data-element_type=\"column\" data-e-type=\"column\">\n\t\t\t<div class=\"elementor-widget-wrap elementor-element-populated\">\n\t\t\t\t\t\t<div class=\"elementor-element elementor-element-49af758 elementor-widget elementor-widget-heading\" data-id=\"49af758\" data-element_type=\"widget\" data-e-type=\"widget\" data-widget_type=\"heading.default\">\n\t\t\t\t<div class=\"elementor-widget-container\">\n\t\t\t\t\t<h1 class=\"elementor-heading-title elementor-size-default\">Elemento \u00fanico en combusti\u00f3n<\/h1>\t\t\t\t<\/div>\n\t\t\t\t<\/div>\n\t\t\t\t<div class=\"elementor-element elementor-element-e3d8c7f elementor-widget elementor-widget-heading\" data-id=\"e3d8c7f\" data-element_type=\"widget\" data-e-type=\"widget\" data-widget_type=\"heading.default\">\n\t\t\t\t<div class=\"elementor-widget-container\">\n\t\t\t\t\t<p class=\"elementor-heading-title elementor-size-default\">EN 13823<\/p>\t\t\t\t<\/div>\n\t\t\t\t<\/div>\n\t\t\t\t<div class=\"elementor-element elementor-element-346f8276 elementor-widget elementor-widget-text-editor\" data-id=\"346f8276\" data-element_type=\"widget\" data-e-type=\"widget\" data-widget_type=\"text-editor.default\">\n\t\t\t\t<div class=\"elementor-widget-container\">\n\t\t\t\t\t\t\t\t\t<p class=\"translation-block\">La mayor\u00eda de los productos para la construcci\u00f3n que se venden en Europa pronto necesitar\u00e1n ser sometidos a prueba y clasificarse con un nuevo m\u00e9todo de prueba denominado \u201cElemento \u00fanico en combusti\u00f3n\u201d (Single Burning Item, SBI) EN 13823. La directiva para productos de la construcci\u00f3n de la Comisi\u00f3n europea exigir\u00e1 que todos los estados miembros de la UE utilicen este m\u00e9todo para clasificar la mayor\u00eda de los productos de construcci\u00f3n, en lugar de los m\u00e9todos reglamentarios tradicionales que se utilizaban en cada pa\u00eds.<\/p>\n<p>La Comisi\u00f3n defini\u00f3 recientemente los criterios para evaluar productos de construcci\u00f3n en clases que van desde la A hasta la F. Estas clases se especifican en la tabla de m\u00e1s abajo. Aunque se requieran otros m\u00e9todos de prueba, el SBI es necesario para clasificar todos los productos que no sean para pisos en las clases A2, B, C y D, que son las clases a las que corresponden la mayor\u00eda de los productos, con excepci\u00f3n de los que son principalmente inorg\u00e1nicos clasificados como no combustibles.<\/p>\n<p><strong>Qu\u00e9 es la prueba SBI?<br \/><\/strong>La prueba del elemento \u00fanico en combusti\u00f3n (SBI) determina la reacci\u00f3n al comportamiento del fuego de los productos de construcci\u00f3n (excluidos los pisos) cuando se los expone al ataque t\u00e9rmico de un \u00fanico elemento en combusti\u00f3n (un quemador en caja de arena alimentado a propano). La muestra se monta en un carro situado en un marco debajo del sistema de escape. La reacci\u00f3n de la muestra al quemador se monitorea con instrumentos y de forma visual. La liberaci\u00f3n de calor y humo se mide con instrumentos y las caracter\u00edsticas f\u00edsicas se eval\u00faan mediante observaci\u00f3n.<\/p>\n<p><strong>Software:<\/strong><\/p>\n<p>Instrument Supplied with Software at no extra charge. Software updates provided free of charge.<\/p>\t\t\t\t\t\t\t\t<\/div>\n\t\t\t\t<\/div>\n\t\t\t\t\t<\/div>\n\t\t<\/div>\n\t\t\t\t<div class=\"elementor-column elementor-col-50 elementor-top-column elementor-element elementor-element-f0db7e6\" data-id=\"f0db7e6\" data-element_type=\"column\" data-e-type=\"column\">\n\t\t\t<div class=\"elementor-widget-wrap elementor-element-populated\">\n\t\t\t\t\t\t<div class=\"elementor-element elementor-element-c743c47 elementor-widget elementor-widget-image\" data-id=\"c743c47\" data-element_type=\"widget\" data-e-type=\"widget\" data-widget_type=\"image.default\">\n\t\t\t\t<div class=\"elementor-widget-container\">\n\t\t\t\t\t\t\t\t\t\t\t\t\t\t\t<img fetchpriority=\"high\" decoding=\"async\" width=\"800\" height=\"800\" src=\"https:\/\/www.fire-testing.com\/wp-content\/uploads\/2019\/06\/01-Single-Burning-Item_PIXEL.jpg\" class=\"attachment-full size-full wp-image-4172\" alt=\"Elemento \u00fanico en combusti\u00f3n\" srcset=\"https:\/\/www.fire-testing.com\/wp-content\/uploads\/2019\/06\/01-Single-Burning-Item_PIXEL.jpg 800w, https:\/\/www.fire-testing.com\/wp-content\/uploads\/2019\/06\/01-Single-Burning-Item_PIXEL-150x150.jpg 150w, https:\/\/www.fire-testing.com\/wp-content\/uploads\/2019\/06\/01-Single-Burning-Item_PIXEL-300x300.jpg 300w, https:\/\/www.fire-testing.com\/wp-content\/uploads\/2019\/06\/01-Single-Burning-Item_PIXEL-768x768.jpg 768w\" sizes=\"(max-width: 800px) 100vw, 800px\" \/>\t\t\t\t\t\t\t\t\t\t\t\t\t\t\t<\/div>\n\t\t\t\t<\/div>\n\t\t\t\t<div class=\"elementor-element elementor-element-52420cb elementor-widget elementor-widget-heading\" data-id=\"52420cb\" data-element_type=\"widget\" data-e-type=\"widget\" data-widget_type=\"heading.default\">\n\t\t\t\t<div class=\"elementor-widget-container\">\n\t\t\t\t\t<p class=\"elementor-heading-title elementor-size-default\">Elemento \u00fanico en combusti\u00f3n<\/p>\t\t\t\t<\/div>\n\t\t\t\t<\/div>\n\t\t\t\t<div class=\"elementor-element elementor-element-f1be72b elementor-widget elementor-widget-image\" data-id=\"f1be72b\" data-element_type=\"widget\" data-e-type=\"widget\" data-widget_type=\"image.default\">\n\t\t\t\t<div class=\"elementor-widget-container\">\n\t\t\t\t\t\t\t\t\t\t\t\t\t\t\t<img decoding=\"async\" width=\"686\" height=\"767\" src=\"https:\/\/www.fire-testing.com\/wp-content\/uploads\/2019\/02\/01-single-burning-trolley.jpg\" class=\"attachment-full size-full wp-image-1399\" alt=\"ftt single burning trolley\" srcset=\"https:\/\/www.fire-testing.com\/wp-content\/uploads\/2019\/02\/01-single-burning-trolley.jpg 686w, https:\/\/www.fire-testing.com\/wp-content\/uploads\/2019\/02\/01-single-burning-trolley-600x671.jpg 600w, https:\/\/www.fire-testing.com\/wp-content\/uploads\/2019\/02\/01-single-burning-trolley-268x300.jpg 268w\" sizes=\"(max-width: 686px) 100vw, 686px\" \/>\t\t\t\t\t\t\t\t\t\t\t\t\t\t\t<\/div>\n\t\t\t\t<\/div>\n\t\t\t\t<div class=\"elementor-element elementor-element-e6922cc elementor-widget elementor-widget-heading\" data-id=\"e6922cc\" data-element_type=\"widget\" data-e-type=\"widget\" data-widget_type=\"heading.default\">\n\t\t\t\t<div class=\"elementor-widget-container\">\n\t\t\t\t\t<p class=\"elementor-heading-title elementor-size-default\">Los art\u00edculos se montan en un carro extra\u00edble<\/p>\t\t\t\t<\/div>\n\t\t\t\t<\/div>\n\t\t\t\t\t<\/div>\n\t\t<\/div>\n\t\t\t\t\t<\/div>\n\t\t<\/section>\n\t\t\t\t<section data-particle_enable=\"false\" data-particle-mobile-disabled=\"false\" class=\"elementor-section elementor-top-section elementor-element elementor-element-4381b30e elementor-section-boxed elementor-section-height-default elementor-section-height-default\" data-id=\"4381b30e\" data-element_type=\"section\" data-e-type=\"section\">\n\t\t\t\t\t\t<div class=\"elementor-container elementor-column-gap-default\">\n\t\t\t\t\t<div class=\"elementor-column elementor-col-100 elementor-top-column elementor-element elementor-element-650b1c6\" data-id=\"650b1c6\" data-element_type=\"column\" data-e-type=\"column\">\n\t\t\t<div class=\"elementor-widget-wrap elementor-element-populated\">\n\t\t\t\t\t\t<div class=\"elementor-element elementor-element-bc38205 elementor-widget elementor-widget-text-editor\" data-id=\"bc38205\" data-element_type=\"widget\" data-e-type=\"widget\" data-widget_type=\"text-editor.default\">\n\t\t\t\t<div class=\"elementor-widget-container\">\n\t\t\t\t\t\t\t\t\t<p><strong>\u00bfC\u00f3mo se utiliza el SBI para clasificar los productos de combusti\u00f3n?<\/strong><\/p><table><thead><tr><th colspan=\"\" rowspan=\"\"><label> <label> Clase <\/label> <\/label><\/th><th colspan=\"\" rowspan=\"\"><label> <label> Criterios de cumplimiento <\/label> <\/label><\/th><th colspan=\"\" rowspan=\"\"><label> <label> Otra clasificaci\u00f3n <\/label> <\/label><\/th><th colspan=\"\" rowspan=\"\"><label> <label> Otro(s) m\u00e9todo(s) de prueba <\/label> <\/label><\/th><\/tr><\/thead><tbody><tr><td colspan=\"\" rowspan=\"\">A2<\/td><td colspan=\"\" rowspan=\"\">FIGRA \u2264 120W\/s;<br \/>and LFS &lt; edge of specimen;<br \/>y THR<sub>600s<\/sub> \u2264 7.5MJ<\/td><td colspan=\"\" rowspan=\"\">Producci\u00f3n de humo<br \/>Gotas\/part\u00edculas incandescentes<\/td><td colspan=\"\" rowspan=\"\">EN ISO 1182 or EN ISO 1716<\/td><\/tr><tr><td colspan=\"\" rowspan=\"\">B<\/td><td colspan=\"\" rowspan=\"\">FIGRA \u2264 120W\/s;<br \/>and LFS &lt; edge of specimen;<br \/>y THR<sub>600s<\/sub> \u2264 7.5MJ<\/td><td colspan=\"\" rowspan=\"\">Producci\u00f3n de humo<br \/>Gotas\/part\u00edculas incandescentes<\/td><td colspan=\"\" rowspan=\"\">EN ISO 11925-2<\/td><\/tr><tr><td colspan=\"\" rowspan=\"\">C<\/td><td colspan=\"\" rowspan=\"\">FIGRA \u2264 250W\/s;<br \/>and LFS &lt; edge of specimen;<br \/>y THR<sub>600s<\/sub> \u2264 15MJ<\/td><td colspan=\"\" rowspan=\"\">Producci\u00f3n de humo<br \/>Gotas\/part\u00edculas incandescentes<\/td><td colspan=\"\" rowspan=\"\">EN ISO 11925-2<\/td><\/tr><tr><td colspan=\"\" rowspan=\"\">D<\/td><td colspan=\"\" rowspan=\"\">FIGRA &lt; 750W\/s<\/td><td colspan=\"\" rowspan=\"\">\u00a0<\/td><td colspan=\"\" rowspan=\"\">EN ISO 11925-2<\/td><\/tr><\/tbody><\/table>\t\t\t\t\t\t\t\t<\/div>\n\t\t\t\t<\/div>\n\t\t\t\t\t<\/div>\n\t\t<\/div>\n\t\t\t\t\t<\/div>\n\t\t<\/section>\n\t\t\t\t<section data-particle_enable=\"false\" data-particle-mobile-disabled=\"false\" class=\"elementor-section elementor-top-section elementor-element elementor-element-b438abb elementor-section-boxed elementor-section-height-default elementor-section-height-default\" data-id=\"b438abb\" data-element_type=\"section\" data-e-type=\"section\">\n\t\t\t\t\t\t<div class=\"elementor-container elementor-column-gap-default\">\n\t\t\t\t\t<div class=\"elementor-column elementor-col-100 elementor-top-column elementor-element elementor-element-9a66431\" data-id=\"9a66431\" data-element_type=\"column\" data-e-type=\"column\">\n\t\t\t<div class=\"elementor-widget-wrap elementor-element-populated\">\n\t\t\t\t\t\t<div class=\"dce-visibility-event elementor-element elementor-element-5e7bf50 elementor-widget elementor-widget-button\" data-id=\"5e7bf50\" data-element_type=\"widget\" data-e-type=\"widget\" data-settings=\"{&quot;enabled_visibility&quot;:&quot;yes&quot;,&quot;dce_visibility_selected&quot;:&quot;yes&quot;}\" data-widget_type=\"button.default\">\n\t\t\t\t<div class=\"elementor-widget-container\">\n\t\t\t\t\t\t\t\t\t<div class=\"elementor-button-wrapper\">\n\t\t\t\t\t<a class=\"elementor-button elementor-button-link elementor-size-sm\" href=\"https:\/\/fire-testing.com\/es\/login\/\">\n\t\t\t\t\t\t<span class=\"elementor-button-content-wrapper\">\n\t\t\t\t\t\t\t\t\t<span class=\"elementor-button-text\">INICIE SESI\u00d3N\/REG\u00cdSTRESE PARA DESCARGAR ESTE FOLLETO<\/span>\n\t\t\t\t\t<\/span>\n\t\t\t\t\t<\/a>\n\t\t\t\t<\/div>\n\t\t\t\t\t\t\t\t<\/div>\n\t\t\t\t<\/div>\n\t\t\t\t<div class=\"dce-visibility-event elementor-element elementor-element-776f531 elementor-widget elementor-widget-button\" data-id=\"776f531\" data-element_type=\"widget\" data-e-type=\"widget\" data-settings=\"{&quot;enabled_visibility&quot;:&quot;yes&quot;,&quot;dce_visibility_selected&quot;:&quot;yes&quot;}\" data-widget_type=\"button.default\">\n\t\t\t\t<div class=\"elementor-widget-container\">\n\t\t\t\t\t\t\t\t\t<div class=\"elementor-button-wrapper\">\n\t\t\t\t\t<a class=\"elementor-button elementor-button-link elementor-size-sm\" href=\"https:\/\/fire-testing.com\/es\/request-a-brochure\/\">\n\t\t\t\t\t\t<span class=\"elementor-button-content-wrapper\">\n\t\t\t\t\t\t\t\t\t<span class=\"elementor-button-text\">REQUEST TECHNICAL SPECIFICATION<\/span>\n\t\t\t\t\t<\/span>\n\t\t\t\t\t<\/a>\n\t\t\t\t<\/div>\n\t\t\t\t\t\t\t\t<\/div>\n\t\t\t\t<\/div>\n\t\t<!-- dce invisible element a5d5247 -->\t\t\t<\/div>\n\t\t<\/div>\n\t\t\t\t\t<\/div>\n\t\t<\/section>\n\t\t\t\t<\/div>","protected":false},"excerpt":{"rendered":"<p>Single Burning Item (SBI) EN 13823 Why is the SBI so important?Most construction products sold in Europe will shortly need to be tested and classified using a new test method called the Single Burning Item (the SBI) EN 13823. The construction products directive of the European commission will require that all European Member states eventually [&hellip;]<\/p>\n","protected":false},"author":142,"featured_media":0,"parent":0,"menu_order":0,"comment_status":"closed","ping_status":"closed","template":"","meta":{"_acf_changed":false,"footnotes":""},"class_list":["post-410","page","type-page","status-publish","hentry"],"acf":[],"_links":{"self":[{"href":"https:\/\/fire-testing.com\/es\/wp-json\/wp\/v2\/pages\/410","targetHints":{"allow":["GET"]}}],"collection":[{"href":"https:\/\/fire-testing.com\/es\/wp-json\/wp\/v2\/pages"}],"about":[{"href":"https:\/\/fire-testing.com\/es\/wp-json\/wp\/v2\/types\/page"}],"author":[{"embeddable":true,"href":"https:\/\/fire-testing.com\/es\/wp-json\/wp\/v2\/users\/142"}],"replies":[{"embeddable":true,"href":"https:\/\/fire-testing.com\/es\/wp-json\/wp\/v2\/comments?post=410"}],"version-history":[{"count":0,"href":"https:\/\/fire-testing.com\/es\/wp-json\/wp\/v2\/pages\/410\/revisions"}],"wp:attachment":[{"href":"https:\/\/fire-testing.com\/es\/wp-json\/wp\/v2\/media?parent=410"}],"curies":[{"name":"wp","href":"https:\/\/api.w.org\/{rel}","templated":true}]}}