{"id":6479,"date":"2020-10-12T09:30:00","date_gmt":"2020-10-12T09:30:00","guid":{"rendered":"https:\/\/www.fire-testing.com\/?page_id=6479"},"modified":"2020-10-12T09:32:52","modified_gmt":"2020-10-12T09:32:52","slug":"icone-mini-and-icone-classic-calorimeters-2","status":"publish","type":"page","link":"https:\/\/fire-testing.com\/es\/icone-mini-and-icone-classic-calorimeters-2\/","title":{"rendered":"iCone Mini and iCone Classic Calorimeters"},"content":{"rendered":"<h5 class=\"translation-block\"><span class=\"s1\"> Calor\u00edmetros<\/span><\/span> <span style=\"color: #f05e23\"><em><strong><span style=\"font-family: Times\">i<\/span><\/strong><\/em><\/span>Cone<span style=\"color: #f05e23\">\u202f<em>mini<\/em><\/span><span class=\"s1\"> y <span style=\"color: #f05e23\"><em><strong><span style=\"font-family: Times\">i<\/span><\/strong><\/em><\/span>Cone<span style=\"color: #f05e23\">\u202f<em>classic<\/em><\/span><\/h5><h2>ISO 5660; ASTM E1354; ASTM E1474; ASTM E1740; ASTM F1550; ASTM D6113; CAN ULC 135; BS 476 Part 15<\/h2>\t\t\t\n\t\t\t\t<p class=\"translation-block\">El cono calorim\u00e9trico  (ISO 5660; ASTM E1354) es el instrumento a escala de pruebas m\u00e1s importante en el campo de los ensayos antiincendio.<\/p>\n<p class=\"translation-block\">Los calor\u00edmetros <span style=\"color: #f05e23\"><em><strong><span style=\"font-family: times\">i<\/span><\/strong><\/em><\/span>Cone<span class=\"s1\"> de <span class=\"s1\"><span style=\"color: #f05e23\"><strong>FTT<\/strong><\/span><\/span> han sido fabricados para cumplir con todas las normas vigentes <span class=\"s1\">(incluso; ISO 5660, ASTM E1354, ASTM E1474, ASTM E1740, ASTM F1550, ASTM D6113, CAN ULC 135 and BS 476 Part 15)<\/span><\/span><\/p>\n<p class=\"translation-block\">El calor\u00edmetro <span style=\"color: #f05e23\"><em><strong><span style=\"font-family: times\">i<\/span><\/strong><\/em><\/span>Cone<span class=\"s1\"> fue el primero dentro de la nueva gama interactiva de calor\u00edmetros <span class=\"s1\"><span style=\"color: #f05e23\"><strong>FTT<\/strong><\/span><\/span>, llamada serie-i. Cuenta con la tecnolog\u00eda m\u00e1s avanzada en control y automatizaci\u00f3n, convirtiendo estos conos calorim\u00e9tricos en los m\u00e1s avanzados, fiables y f\u00e1ciles de utilizar e intuitivos del mundo. El <span style=\"color: #f05e23\"><em><strong><span style=\"font-family: times\">i<\/span><\/strong><\/em><\/span>Cone<span class=\"s1\"> se lanz\u00f3 en 2013. La serie <span style=\"color: #f05e23\"><em><strong><span style=\"font-family: times\">i<\/span><\/strong><\/em><\/span>Cone<span class=\"s1\"> se acaba de completar con dos modelos semiautom\u00e1ticos: el <span style=\"color: #f05e23\"><em><span style=\"font-family: times\">i<\/span><\/em><\/span>Cone<em><span style=\"color: #f05e23\"> mini<\/span><\/em><span class=\"s1\">, que cuenta con un una rejilla independiente para el an\u00e1lisis de gases, y el <\/span><strong><span class=\"s1\"><span style=\"color: #f05e23\"><em><span style=\"font-family: times\">i<\/span><\/em><\/span><\/span><\/strong><span class=\"s1\">Cone<\/span><em><span class=\"s1\"><span style=\"color: #f05e23\"> classic<\/span><\/span><\/em> , que dispone de una consola de an\u00e1lisis de gases fija montada sobre el bastidor principal del instrumento. Sustituyen respectivamente a los modelos Dual Cone y Standard Cone de <strong><span class=\"s1\"><span style=\"color: #f05e23\"><strong>FTT<\/strong><\/span><\/span><\/strong>. El <strong><span style=\"color: #f05e23\"><em><strong><span style=\"font-family: times\">i<\/span><\/strong><\/em><\/span><\/strong>Cone<span class=\"s1\"> ha sufrido otras modificaciones en su modelo antiincendios y su pantalla de protectora de cristal. Esta versi\u00f3n mejorada recibe ahora el nombre de <\/span><\/span><\/span><\/span><span class=\"s1\">the <span style=\"color: #f05e23\"><em><strong><span style=\"font-family: times\">i<\/span><\/strong><\/em><\/span>Cone<em><span style=\"color: #f05e23\">\u00b2\u207a<\/span><\/em><\/span><span class=\"s1\"> , tambi\u00e9n debido a que es el modelo m\u00e1s avanzado de toda la gama. La serie <span style=\"color: #f05e23\"><em><strong><span style=\"font-family: times\">i<\/span><\/strong><\/em><\/span>Cone<span class=\"s1\"> lleva la calorimetr\u00eda a un nuevo nivel de automatizaci\u00f3n, y hace que sea asequible a diferentes niveles de presupuestos.<\/span><\/span><\/p>\n<p class=\"translation-block\"><span lang=\"ES\" style=\"color: #231f20\"><strong>Un sistema completo con<\/strong> <span style=\"color: #f05e23\"><em><span style=\"font-family: times\">i<\/span><\/em><\/span><strong>Cone<\/strong><em><span style=\"color: #f05e23\"> mini<\/span><\/em><strong><span class=\"s1\">  y <span style=\"color: #f05e23\"><em><span style=\"font-family: times\">i<\/span><\/em><\/span><\/span><span class=\"s1\">Cone<\/span><\/strong><em><span class=\"s1\"><span style=\"color: #f05e23\"> classic<\/span><\/span><\/em><strong>  consta de:<\/strong><\/span><\/p>\n<ul>\n<li>Controlador de temperatura<\/li>\n<li>Protector t\u00e9rmico motorizado<\/li>\n<li>Encendido por chispa<\/li>\n<li>Soportes para la muestra<\/li>\n<li>Distanciadores para la muestra<\/li>\n<li>Pantalla protectora de cristal resistente al calor<\/li>\n<li>C\u00e9lula de carga<\/li>\n<li>Muestreador de gases<\/li>\n<li>An\u00e1lisis del gas de combusti\u00f3n<\/li>\n<li>Medici\u00f3n del oscurecimiento del humo<\/li>\n<li>Sistema de escape<\/li>\n<li>Medidor del flujo de calor<\/li>\n<li>Quemador de calibraci\u00f3n<\/li>\n<li>Adquisici\u00f3n de datos<\/li>\n<li>Software ConeCalc - disponible en varios idiomas, incluyendo ingl\u00e9s, franc\u00e9s, alem\u00e1n, espa\u00f1ol y japon\u00e9s. El interface de usuario es un sistema basado en Windows con acciones del pulsador de uso f\u00e1cil e intuitivo y campos para la entrada de datos est\u00e1ndar Windows, selectores desplegables, casillas de marcado e interruptores capaces de:<br>\u25e6 Controlar los instrumentos y mostrar su estado<br>\u25e6 Calibrar el instrumental para el an\u00e1lisis y almacenamiento de los resultados de calibraci\u00f3n<br>\u25e6 Calibrar el factor C con el uso de un controlador de flujo m\u00e1sico<br>\u25e6 Calibrar el factor C mediante una rutina de incendios en piscinas (etanol)<br>\u25e6 Recopilar datos generados durante un ensayo<br>\u25e6 Calcular los par\u00e1metros requeridos<br>\u25e6 Presentar los resultados de acuerdo con las normas ISO 5660\u00ad1 y ASTM E1354<br>\u25e6 Exportar los datos calculados a archivos en formato CSV (variable separada por comas) para un transferencia m\u00e1s r\u00e1pida a hojas de c\u00e1lculo.<\/li>\n<\/ul>\n<p class=\"translation-block\"><strong>Caracter\u00edsticas exclusivas del<\/strong> <span style=\"color: #f05e23\"><em><span style=\"font-family: times\">i<\/span><\/em><\/span><strong>Cone<\/strong><em><span style=\"color: #f05e23\"> mini<\/span><\/em><strong><span class=\"s1\">  y el <span style=\"color: #f05e23\"><em><span style=\"font-family: times\">i<\/span><\/em><\/span><\/span><span class=\"s1\">Cone<\/span><\/strong><em><span class=\"s1\"><span style=\"color: #f05e23\"> classic<\/span><\/span><\/em><strong>  de <span class=\"s1\"><span style=\"color: #f05e23\"><strong>FTT<\/strong><\/span><\/span>:<\/strong><\/p>\n<ul>\n<li>Control de colocaci\u00f3n remota del conjunto del cono, de modo que la separaci\u00f3n en las superficies del calentador y la muestra se puede ajustar antes y durante el ensayo, para facilitar una repetici\u00f3n del ensayo en muestras entumecidas o que puede sufrir distorsi\u00f3n t\u00e9rmica.<\/li>\n<li>Exposici\u00f3n al calor programable. Se pueden programar hasta 10 rampas consecutivas de flujo de calor o de calor constante.<\/li>\n<li>Protector t\u00e9rmico motorizado para proteger la muestra de la exposici\u00f3n al calor antes del ensayo<\/li>\n<li>Colocaci\u00f3n motorizada y control de encendedor por chispa para inflamar los gases de combusti\u00f3n procedentes de la muestra<\/li>\n<li class=\"translation-block\">Calibraci\u00f3n autom\u00e1tica\/semiautom\u00e1tica\/manual mediante el software ConeCalc<br>Resoluci\u00f3n de las c\u00e9lulas de carga de 0,01 g y capacidad de carga de hasta 8,2 kg (c\u00e9lula Sartorius)<br>C\u00e9lula de carga montada sobre una mesa independiente para evitar vibraciones del ventilador de escape<\/li>\n<li>Sistema de alarma para la protecci\u00f3n de modelos antiincendios<\/li>\n<li class=\"translation-block\">Soporte on-line y control remoto de instrumentos desde <span class=\"s1\"><span style=\"color: #f05e23\"><strong>FTT<\/strong><\/span><\/span> para sistemas conectados a internet<\/li>\n<li>Modelo antiincendios Cone de mayor tama\u00f1o opcional para ensayos con muestras con tasa de liberaci\u00f3n de calor muy reducida. Las muestras de 150mm \u00d7 150mm est\u00e1n expuestas a un flujo de calor uniforme por toda la superficie<\/li>\n<li>Sistema de an\u00e1lisis de gas FTIR completamente integrado opcional suministrado con un m\u00f3dulo de muestreo calefactado, l\u00edneas\/muestras calefactadas y controlador PLC<\/li>\n<\/ul>\n<p><strong>Opciones:<\/strong><\/p>\n<ul>\n<li>Di\u00f3xido de carbono y mon\u00f3xido de carbono - Analizadores de gases NDIR disponibles opcionalmente.<\/li>\n<li>Cloruro de hidr\u00f3geno \u2013 l\u00edneas de alimentaci\u00f3n calefactadas y analizador de gases<\/li>\n<li>Accesorio para atm\u00f3sfera controlada \u2013 para an\u00e1lisis de muestras con poco ox\u00edgeno<\/li>\n<li>Sistema de ensayo de toxicidad FTIR<\/li>\n<\/ul>\n\t\t\t\t\t\t\t\t\t<a href=\"https:\/\/www.fire-testing.com\/wp-content\/uploads\/2019\/06\/18-iCone-Mini_rebrand_PIXEL.jpg\" target=\"_self\" itemprop=\"url\" rel=\"noopener noreferrer\">\n\t\t\t\t\t\t\t\t\t\t<img decoding=\"async\" src=\"https:\/\/www.fire-testing.com\/wp-content\/uploads\/bb-plugin\/cache\/18-iCone-Mini_rebrand_PIXEL-portrait.jpg\" alt=\"iCone mini Calorimeter\" itemprop=\"image\">\n\t\t\t\t\t\t\t\t\t\t\t\t\t\t\t<\/a>\n\t\t\t\t\t\t\t\t\t\t\t\t\t\t\t\t\t\t\t\t\t\t\t<a href=\"https:\/\/www.fire-testing.com\/wp-content\/uploads\/2019\/06\/18-iCone-Mini_rebrand_PIXEL.jpg\" target=\"_self\" itemprop=\"url\" rel=\"noopener noreferrer\">\n\t\t\t\t\t\t\t\t\t\t<em><strong>i<\/strong><\/em>Cone\u202f<em>mini<\/em>\n\t\t\t\t\t\t\t\t\t\t\t<\/a>\n\t\t\t\t\t\t\t\t\t<a href=\"https:\/\/www.fire-testing.com\/wp-content\/uploads\/2019\/06\/18-iCone-Classic_rebrand_PIXEL.jpg\" target=\"_self\" itemprop=\"url\" rel=\"noopener noreferrer\">\n\t\t\t\t\t\t\t\t\t\t<img decoding=\"async\" src=\"https:\/\/www.fire-testing.com\/wp-content\/uploads\/bb-plugin\/cache\/18-iCone-Classic_rebrand_PIXEL-portrait.jpg\" alt=\"iCone classic Calorimeter\" itemprop=\"image\">\n\t\t\t\t\t\t\t\t\t\t\t\t\t\t\t<\/a>\n\t\t\t\t\t\t\t\t\t\t\t\t\t\t\t\t\t\t\t\t\t\t\t<a href=\"https:\/\/www.fire-testing.com\/wp-content\/uploads\/2019\/06\/18-iCone-Classic_rebrand_PIXEL.jpg\" target=\"_self\" itemprop=\"url\" rel=\"noopener noreferrer\">\n\t\t\t\t\t\t\t\t\t\t<em><strong>i<\/strong><\/em>Cone\u202f<em>classic<\/em>\n\t\t\t\t\t\t\t\t\t\t\t<\/a>\n\t\t\t<a href=\"https:\/\/fire-testing.com\/es\/login\/?redirect_to=https%3A%2F%2Fwww.fire-testing.com%2Faccount%2F\" target=\"_self\" role=\"button\" rel=\"noopener noreferrer\">\n\t\t\t\t\t\t\tINICIE SESI\u00d3N\/REG\u00cdSTRESE PARA DESCARGAR ESTE FOLLETO\n\t\t\t\t\t<\/a>\n\t\t\t<a href=\"https:\/\/fire-testing.com\/es\/request-a-brochure\/\" target=\"_self\" role=\"button\" rel=\"noopener noreferrer\">\n\t\t\t\t\t\t\tSolicita un folleto\n\t\t\t\t\t<\/a>","protected":false},"excerpt":{"rendered":"","protected":false},"author":142,"featured_media":0,"parent":0,"menu_order":0,"comment_status":"closed","ping_status":"closed","template":"","meta":{"_acf_changed":false,"footnotes":""},"class_list":["post-6479","page","type-page","status-publish","hentry"],"acf":[],"_links":{"self":[{"href":"https:\/\/fire-testing.com\/es\/wp-json\/wp\/v2\/pages\/6479","targetHints":{"allow":["GET"]}}],"collection":[{"href":"https:\/\/fire-testing.com\/es\/wp-json\/wp\/v2\/pages"}],"about":[{"href":"https:\/\/fire-testing.com\/es\/wp-json\/wp\/v2\/types\/page"}],"author":[{"embeddable":true,"href":"https:\/\/fire-testing.com\/es\/wp-json\/wp\/v2\/users\/142"}],"replies":[{"embeddable":true,"href":"https:\/\/fire-testing.com\/es\/wp-json\/wp\/v2\/comments?post=6479"}],"version-history":[{"count":0,"href":"https:\/\/fire-testing.com\/es\/wp-json\/wp\/v2\/pages\/6479\/revisions"}],"wp:attachment":[{"href":"https:\/\/fire-testing.com\/es\/wp-json\/wp\/v2\/media?parent=6479"}],"curies":[{"name":"wp","href":"https:\/\/api.w.org\/{rel}","templated":true}]}}