{"id":726,"date":"2019-02-08T11:16:13","date_gmt":"2019-02-08T11:16:13","guid":{"rendered":"https:\/\/www.fire-testing.com\/?page_id=726"},"modified":"2022-08-08T09:40:18","modified_gmt":"2022-08-08T09:40:18","slug":"combustion-toxicity-test","status":"publish","type":"page","link":"https:\/\/fire-testing.com\/es\/combustion-toxicity-test\/","title":{"rendered":"Aparato de ensayo para la toxicidad de la combusti\u00f3n"},"content":{"rendered":"<div data-elementor-type=\"wp-page\" data-elementor-id=\"726\" class=\"elementor elementor-726\" data-elementor-post-type=\"page\">\n\t\t\t\t\t\t<section data-particle_enable=\"false\" data-particle-mobile-disabled=\"false\" class=\"elementor-section elementor-top-section elementor-element elementor-element-881b0dc elementor-section-boxed elementor-section-height-default elementor-section-height-default\" data-id=\"881b0dc\" data-element_type=\"section\" data-e-type=\"section\">\n\t\t\t\t\t\t<div class=\"elementor-container elementor-column-gap-default\">\n\t\t\t\t\t<div class=\"elementor-column elementor-col-50 elementor-top-column elementor-element elementor-element-35db797\" data-id=\"35db797\" data-element_type=\"column\" data-e-type=\"column\">\n\t\t\t<div class=\"elementor-widget-wrap elementor-element-populated\">\n\t\t\t\t\t\t<div class=\"elementor-element elementor-element-9449e02 elementor-widget elementor-widget-heading\" data-id=\"9449e02\" data-element_type=\"widget\" data-e-type=\"widget\" data-widget_type=\"heading.default\">\n\t\t\t\t<div class=\"elementor-widget-container\">\n\t\t\t\t\t<h1 class=\"elementor-heading-title elementor-size-default\">Aparato de ensayo para la toxicidad de la combusti\u00f3n<\/h1>\t\t\t\t<\/div>\n\t\t\t\t<\/div>\n\t\t\t\t<div class=\"elementor-element elementor-element-d2f71d1 elementor-widget elementor-widget-heading\" data-id=\"d2f71d1\" data-element_type=\"widget\" data-e-type=\"widget\" data-widget_type=\"heading.default\">\n\t\t\t\t<div class=\"elementor-widget-container\">\n\t\t\t\t\t<h2 class=\"elementor-heading-title elementor-size-default\">ASTM E1678; NFPA 269<\/h2>\t\t\t\t<\/div>\n\t\t\t\t<\/div>\n\t\t\t\t<div class=\"elementor-element elementor-element-6504e7f3 elementor-widget elementor-widget-text-editor\" data-id=\"6504e7f3\" data-element_type=\"widget\" data-e-type=\"widget\" data-widget_type=\"text-editor.default\">\n\t\t\t\t<div class=\"elementor-widget-container\">\n\t\t\t\t\t\t\t\t\t<p>El ensayo ASTM E1678 utiliza calor radiante con ignici\u00f3n por chispa para quemar una muestra de material, y ayuda a caracterizar el producto midiendo su facilidad de ignici\u00f3n (tiempo), tasa de generaci\u00f3n de humo (p\u00e9rdida de masa) y toxicidad (an\u00e1lisis de gases). Estos par\u00e1metros son esenciales en la evaluaci\u00f3n del peligro potencial de los productos ante un incendio. Existe la posibilidad de ampliarlos posteriormente con instrumentaci\u00f3n adicional para monitorizar la corrosividad.<\/p>\n<p>El aparato completo consta de una c\u00e9lula de combusti\u00f3n y de una c\u00e1mara de ensayo, comunicadas a trav\u00e9s de un paso cerrado (chimenea).\nEn la parte exterior de la c\u00e9lula de combusti\u00f3n, que contiene la plataforma para la muestra, est\u00e1n las l\u00e1mparas de calor radiante y una c\u00e9lula de carga. La c\u00e1mara de ensayo est\u00e1 provista de tubos de reacci\u00f3n con un gas colorim\u00e9trico en uno de los laterales de la c\u00e1mara. La instrumentaci\u00f3n para el an\u00e1lisis de los gases est\u00e1 situada en el exterior del aparato: las muestras de gas se extraen de la c\u00e1mara de ensayo. La c\u00e9lula de combusti\u00f3n, la c\u00e1mara de ensayo y la chimenea est\u00e1n montadas de tal manera que se pueden separar para su limpieza.<\/p>\n<p>La unidad no ha sido dise\u00f1ada para realizar ensayos con animales.<\/p>\n<p><b>Caracter\u00edsticas principales:<\/b><\/p>\n<ul>\n<li>La orientaci\u00f3n de la muestra es horizontal<\/li>\n<li>Adecuado para ensayos con conjuntos de muestras<\/li>\n<li>C\u00e1mara de policarbonato de 200 litros<\/li>\n<li>Medidor del flujo de calor<\/li>\n<li>Niveles de irradiaci\u00f3n 10\u00ad50kW\/m\u00b2<\/li>\n<li>Encendido por chispa<\/li>\n<li>C\u00e9lula de carga con capacidad para muestras de 500g<\/li>\n<li>15 puertos de salida a analizadores de gas<\/li>\n<\/ul>\n<p class=\"translation-block\">Ensayo NFPA 269:\nEl aparato de ensayo de toxicidad del humo de incendios NFPA 269 est\u00e1 dise\u00f1ado para evaluar el potencial t\u00f3xico de los productos de combusti\u00f3n de diferentes materiales o productos, presentados en forma de muestras planas. El aparato completo consta de una c\u00e9lula de combusti\u00f3n y de una c\u00e1mara de exposici\u00f3n, comunicadas a trav\u00e9s de un paso cerrado (chimenea).<\/p>\n<p>En la parte exterior de la c\u00e9lula de combusti\u00f3n, que contiene la plataforma para la muestra, hay colocadas 4 l\u00e1mparas de calor radiante y una c\u00e9lula de carga. La c\u00e1mara de exposici\u00f3n tiene seis cubiertas tubulares, destinadas a la colocaci\u00f3n de los blancos. Se puede adquirir por separado instrumentaci\u00f3n opcional para el an\u00e1lisis de gases, para determinar la toxicidad del humo. La c\u00e9lula de combusti\u00f3n, la c\u00e1mara de exposici\u00f3n y la chimenea est\u00e1n montadas de tal manera que se pueden separar para su limpieza (despu\u00e9s de un ensayo).\u00a0<\/p>\n<p><b>Caracter\u00edsticas principales:<\/b><\/p>\n<ul>\n<li>C\u00e1mara de exposici\u00f3n<\/li>\n<li>C\u00e9lula de combusti\u00f3n<\/li>\n<li>Chimenea<\/li>\n<li>Obturador de humo<\/li>\n<li>Calentadores radiantes<\/li>\n<li>Encendedor de chispa<\/li>\n<li>Soporte de muestras y c\u00e9lula de carga<\/li>\n<\/ul>\t\t\t\t\t\t\t\t<\/div>\n\t\t\t\t<\/div>\n\t\t\t\t\t<\/div>\n\t\t<\/div>\n\t\t\t\t<div class=\"elementor-column elementor-col-50 elementor-top-column elementor-element elementor-element-09888c0\" data-id=\"09888c0\" data-element_type=\"column\" data-e-type=\"column\">\n\t\t\t<div class=\"elementor-widget-wrap elementor-element-populated\">\n\t\t\t\t\t\t<div class=\"elementor-element elementor-element-2d65ece elementor-widget elementor-widget-image\" data-id=\"2d65ece\" data-element_type=\"widget\" data-e-type=\"widget\" data-widget_type=\"image.default\">\n\t\t\t\t<div class=\"elementor-widget-container\">\n\t\t\t\t\t\t\t\t\t\t\t\t\t\t\t<img fetchpriority=\"high\" decoding=\"async\" width=\"768\" height=\"768\" src=\"https:\/\/www.fire-testing.com\/wp-content\/uploads\/2019\/04\/40-Combustion-Toxicity-Test-Apparatus-ASTM-E-1678-768x768.jpg\" class=\"attachment-medium_large size-medium_large wp-image-1645\" alt=\"Combustion Toxicity Test Apparatus ASTM E1678, NFPA 269\" srcset=\"https:\/\/www.fire-testing.com\/wp-content\/uploads\/2019\/04\/40-Combustion-Toxicity-Test-Apparatus-ASTM-E-1678-768x768.jpg 768w, https:\/\/www.fire-testing.com\/wp-content\/uploads\/2019\/04\/40-Combustion-Toxicity-Test-Apparatus-ASTM-E-1678-300x300.jpg 300w, https:\/\/www.fire-testing.com\/wp-content\/uploads\/2019\/04\/40-Combustion-Toxicity-Test-Apparatus-ASTM-E-1678-100x100.jpg 100w, https:\/\/www.fire-testing.com\/wp-content\/uploads\/2019\/04\/40-Combustion-Toxicity-Test-Apparatus-ASTM-E-1678-600x600.jpg 600w, https:\/\/www.fire-testing.com\/wp-content\/uploads\/2019\/04\/40-Combustion-Toxicity-Test-Apparatus-ASTM-E-1678-150x150.jpg 150w, https:\/\/www.fire-testing.com\/wp-content\/uploads\/2019\/04\/40-Combustion-Toxicity-Test-Apparatus-ASTM-E-1678.jpg 800w\" sizes=\"(max-width: 768px) 100vw, 768px\" \/>\t\t\t\t\t\t\t\t\t\t\t\t\t\t\t<\/div>\n\t\t\t\t<\/div>\n\t\t\t\t<div class=\"elementor-element elementor-element-1fa44b9 elementor-widget elementor-widget-heading\" data-id=\"1fa44b9\" data-element_type=\"widget\" data-e-type=\"widget\" data-widget_type=\"heading.default\">\n\t\t\t\t<div class=\"elementor-widget-container\">\n\t\t\t\t\t<p class=\"elementor-heading-title elementor-size-default\">Aparato de ensayo para la toxicidad de la combusti\u00f3n<\/p>\t\t\t\t<\/div>\n\t\t\t\t<\/div>\n\t\t\t\t\t<\/div>\n\t\t<\/div>\n\t\t\t\t\t<\/div>\n\t\t<\/section>\n\t\t\t\t<section data-particle_enable=\"false\" data-particle-mobile-disabled=\"false\" class=\"elementor-section elementor-top-section elementor-element elementor-element-9e56dd3 elementor-section-boxed elementor-section-height-default elementor-section-height-default\" data-id=\"9e56dd3\" data-element_type=\"section\" data-e-type=\"section\">\n\t\t\t\t\t\t<div class=\"elementor-container elementor-column-gap-default\">\n\t\t\t\t\t<div class=\"elementor-column elementor-col-100 elementor-top-column elementor-element elementor-element-713d8da\" data-id=\"713d8da\" data-element_type=\"column\" data-e-type=\"column\">\n\t\t\t<div class=\"elementor-widget-wrap elementor-element-populated\">\n\t\t\t\t\t\t<div class=\"dce-visibility-event elementor-element elementor-element-39dd758 elementor-widget elementor-widget-button\" data-id=\"39dd758\" data-element_type=\"widget\" data-e-type=\"widget\" data-settings=\"{&quot;enabled_visibility&quot;:&quot;yes&quot;,&quot;dce_visibility_selected&quot;:&quot;yes&quot;}\" data-widget_type=\"button.default\">\n\t\t\t\t<div class=\"elementor-widget-container\">\n\t\t\t\t\t\t\t\t\t<div class=\"elementor-button-wrapper\">\n\t\t\t\t\t<a class=\"elementor-button elementor-button-link elementor-size-sm\" href=\"https:\/\/fire-testing.com\/es\/login\/\">\n\t\t\t\t\t\t<span class=\"elementor-button-content-wrapper\">\n\t\t\t\t\t\t\t\t\t<span class=\"elementor-button-text\">INICIE SESI\u00d3N\/REG\u00cdSTRESE PARA DESCARGAR ESTE FOLLETO<\/span>\n\t\t\t\t\t<\/span>\n\t\t\t\t\t<\/a>\n\t\t\t\t<\/div>\n\t\t\t\t\t\t\t\t<\/div>\n\t\t\t\t<\/div>\n\t\t\t\t<div class=\"dce-visibility-event elementor-element elementor-element-5669f83 elementor-widget elementor-widget-button\" data-id=\"5669f83\" data-element_type=\"widget\" data-e-type=\"widget\" data-settings=\"{&quot;enabled_visibility&quot;:&quot;yes&quot;,&quot;dce_visibility_selected&quot;:&quot;yes&quot;}\" data-widget_type=\"button.default\">\n\t\t\t\t<div class=\"elementor-widget-container\">\n\t\t\t\t\t\t\t\t\t<div class=\"elementor-button-wrapper\">\n\t\t\t\t\t<a class=\"elementor-button elementor-button-link elementor-size-sm\" href=\"https:\/\/fire-testing.com\/es\/request-a-brochure\/\">\n\t\t\t\t\t\t<span class=\"elementor-button-content-wrapper\">\n\t\t\t\t\t\t\t\t\t<span class=\"elementor-button-text\">REQUEST TECHNICAL SPECIFICATION<\/span>\n\t\t\t\t\t<\/span>\n\t\t\t\t\t<\/a>\n\t\t\t\t<\/div>\n\t\t\t\t\t\t\t\t<\/div>\n\t\t\t\t<\/div>\n\t\t<!-- dce invisible element 624e6b3 -->\t\t\t<\/div>\n\t\t<\/div>\n\t\t\t\t\t<\/div>\n\t\t<\/section>\n\t\t\t\t<\/div>","protected":false},"excerpt":{"rendered":"<p>Combustion Toxicity Test Apparatus ASTM E1678; NFPA 269 The ASTM E1678 test uses radiant heat with spark ignition to combust a sample of material and helps to characterise the product by measuring ease of ignition (time), rate of smoke generation (mass loss) and toxicity (gas analysis). These are essential parameters in the evaluation of the [&hellip;]<\/p>\n","protected":false},"author":142,"featured_media":0,"parent":0,"menu_order":0,"comment_status":"closed","ping_status":"closed","template":"","meta":{"_acf_changed":false,"footnotes":""},"class_list":["post-726","page","type-page","status-publish","hentry"],"acf":[],"_links":{"self":[{"href":"https:\/\/fire-testing.com\/es\/wp-json\/wp\/v2\/pages\/726","targetHints":{"allow":["GET"]}}],"collection":[{"href":"https:\/\/fire-testing.com\/es\/wp-json\/wp\/v2\/pages"}],"about":[{"href":"https:\/\/fire-testing.com\/es\/wp-json\/wp\/v2\/types\/page"}],"author":[{"embeddable":true,"href":"https:\/\/fire-testing.com\/es\/wp-json\/wp\/v2\/users\/142"}],"replies":[{"embeddable":true,"href":"https:\/\/fire-testing.com\/es\/wp-json\/wp\/v2\/comments?post=726"}],"version-history":[{"count":0,"href":"https:\/\/fire-testing.com\/es\/wp-json\/wp\/v2\/pages\/726\/revisions"}],"wp:attachment":[{"href":"https:\/\/fire-testing.com\/es\/wp-json\/wp\/v2\/media?parent=726"}],"curies":[{"name":"wp","href":"https:\/\/api.w.org\/{rel}","templated":true}]}}