{"id":7438,"date":"2022-05-03T15:12:49","date_gmt":"2022-05-03T15:12:49","guid":{"rendered":"https:\/\/www.fire-testing.com\/?page_id=7438"},"modified":"2022-08-04T11:28:04","modified_gmt":"2022-08-04T11:28:04","slug":"furniture-calorimeter","status":"publish","type":"page","link":"https:\/\/fire-testing.com\/es\/furniture-calorimeter\/","title":{"rendered":"Calor\u00edmetro de mobiliario"},"content":{"rendered":"<div data-elementor-type=\"wp-page\" data-elementor-id=\"7438\" class=\"elementor elementor-7438\" data-elementor-post-type=\"page\">\n\t\t\t\t\t\t<section data-particle_enable=\"false\" data-particle-mobile-disabled=\"false\" class=\"elementor-section elementor-top-section elementor-element elementor-element-5b87c59 elementor-section-boxed elementor-section-height-default elementor-section-height-default\" data-id=\"5b87c59\" data-element_type=\"section\" data-e-type=\"section\">\n\t\t\t\t\t\t<div class=\"elementor-container elementor-column-gap-default\">\n\t\t\t\t\t<div class=\"elementor-column elementor-col-50 elementor-top-column elementor-element elementor-element-e513fa8\" data-id=\"e513fa8\" data-element_type=\"column\" data-e-type=\"column\">\n\t\t\t<div class=\"elementor-widget-wrap elementor-element-populated\">\n\t\t\t\t\t\t<div class=\"elementor-element elementor-element-d10f1df elementor-widget elementor-widget-heading\" data-id=\"d10f1df\" data-element_type=\"widget\" data-e-type=\"widget\" data-widget_type=\"heading.default\">\n\t\t\t\t<div class=\"elementor-widget-container\">\n\t\t\t\t\t<h1 class=\"elementor-heading-title elementor-size-default\">Furniture &amp; Open Calorimeters<\/h1>\t\t\t\t<\/div>\n\t\t\t\t<\/div>\n\t\t\t\t<div class=\"elementor-element elementor-element-a79dd8d elementor-widget elementor-widget-heading\" data-id=\"a79dd8d\" data-element_type=\"widget\" data-e-type=\"widget\" data-widget_type=\"heading.default\">\n\t\t\t\t<div class=\"elementor-widget-container\">\n\t\t\t\t\t<h2 class=\"elementor-heading-title elementor-size-default\">ISO 9705; ASTM D5424; ASTM D5537; ASTM E603; ASTM E1537; ASTM E1590; ASTM E1822; NFPA 265; UL 1685; UL 9540a; NT FIRE 25; NT FIRE 32; EN 16989<\/h2>\t\t\t\t<\/div>\n\t\t\t\t<\/div>\n\t\t\t\t<div class=\"elementor-element elementor-element-b043ac4 elementor-widget elementor-widget-heading\" data-id=\"b043ac4\" data-element_type=\"widget\" data-e-type=\"widget\" data-widget_type=\"heading.default\">\n\t\t\t\t<div class=\"elementor-widget-container\">\n\t\t\t\t\t<h3 class=\"elementor-heading-title elementor-size-default\">Calorimetr\u00eda de agotamiento de ox\u00edgeno a gran escala<\/h3>\t\t\t\t<\/div>\n\t\t\t\t<\/div>\n\t\t\t\t<div class=\"elementor-element elementor-element-cd2c228 elementor-widget elementor-widget-text-editor\" data-id=\"cd2c228\" data-element_type=\"widget\" data-e-type=\"widget\" data-widget_type=\"text-editor.default\">\n\t\t\t\t<div class=\"elementor-widget-container\">\n\t\t\t\t\t\t\t\t\t<p class=\"p1\"><span class=\"s1\"><span style=\"color: #ee5e27;\"><strong>FTT<\/strong><\/span> Construya y suministre la \"Prueba de rinc\u00f3n de habitaci\u00f3n\" completa con el paquete de instrumentos apropiado o suministra instrumentos a los clientes que desean modernizar sus instalaciones o construir su propio aparato.<\/span><\/p>\n<p class=\"p1 translation-block\">Para el \u00faltimo caso, <span class=\"s1\"><span style=\"color: #f05e23\"><strong>FTT<\/strong><\/span><\/span> suministra una consola de instrumentos para an\u00e1lisis de gas y un tramo de conducto. La consola contiene todos los instrumentos necesarios para medir las tasas de liberaci\u00f3n de calor y otros par\u00e1metros relacionados. Entre estos instrumentos se incluye un analizador desarrollado espec\u00edficamente para calor\u00edmetros de <span class=\"s1\"><span style=\"color: #f05e23\"><strong>FTT<\/strong><\/span><\/span>, que incorpora un Servomex 4100 mejorado que cuenta con un sensor de ox\u00edgeno (y opcional de CO<sub>2<\/sub>\/CO) paramagn\u00e9tico con temperatura controlada y de gran estabilidad. Este sensor cuenta con control de flujo y derivaci\u00f3n para responder con rapidez. La especificaci\u00f3n de estos instrumentos es la misma para los calor\u00edmetros de escala grande y peque\u00f1a y, por lo tanto, tambi\u00e9n se los puede utilizar c\u00f3modamente con el calor\u00edmetro de cono doble de <span class=\"s1\"><span style=\"color: #f05e23\"><strong>FTT<\/strong><\/span><\/span>. Cuando se la utiliza con el calor\u00edmetro de cono, la consola se sit\u00faa con elegancia junto a la unidad de calor\u00edmetro de cono.<\/p>\n<p class=\"p1\"><span class=\"s1\">El tramo de conducto insertable contiene sondas para tomar muestras de gas y medir la velocidad del aire. Tambi\u00e9n cuenta con equipos de medici\u00f3n de humo (luz blanca o l\u00e1ser). A la mayor\u00eda de los aparatos din\u00e1micos de pruebas de reacci\u00f3n al fuego se les puede agregar este equipo para medir el calor liberado y el humo generado a partir de productos quemados en ellos.<\/span><\/p>\n<p class=\"p1\"><span class=\"s1\">Un paquete de software basado en ventanas permite recopilar y manipular datos de manera autom\u00e1tica desde el sofisticado registrador de datos suministrado con la consola de instrumentos para an\u00e1lisis de gas. El software (LSHRCalc) calcula autom\u00e1ticamente\nla tasa de liberaci\u00f3n de calor y los par\u00e1metros relacionados; luego genera un informe detallado de los productos sometidos a prueba.<\/span><\/p>\n<p class=\"p1 translation-block\"><span class=\"s1\"><span style=\"color: #f05e23\"><strong>FTT<\/strong><\/span><\/span> tambi\u00e9n ofrece, entre otras opciones, quemadores construidos conforme a los Anexos A1 y A2 de ISO 9705, completos con sistema de interconexi\u00f3n de gas. Un controlador de flujo de masa con visor digital controla el flujo de gas. Entre los controladores de gas, se incluye una unidad de encendido autom\u00e1tico que incorpora varias prestaciones de seguridad.\n\n\nCalor\u00edmetros abiertos hasta 40MW:\nLos principios de prueba de los calor\u00edmetros a gran escala se pueden aplicar a los \u201cmegacalor\u00edmetros\u201d para medir incendios de hasta 10, 20 o incluso 40 MW, aumentando el tama\u00f1o de la campana, el di\u00e1metro del escape y el caudal de escape. El conjunto de pruebas del sistema de almacenamiento de energ\u00eda en bater\u00eda UL 9540a: 2019 requiere que se realicen pruebas de velocidad de liberaci\u00f3n de calor a diferentes escalas grandes con sistemas de hasta 20MW. <span style=\"color: #f05e23\"><strong>FTT<\/strong><\/span> puede proporcionar todas estas escalas de pruebas.<\/p>\t\t\t\t\t\t\t\t<\/div>\n\t\t\t\t<\/div>\n\t\t\t\t<div class=\"elementor-element elementor-element-e731b9c elementor-widget elementor-widget-heading\" data-id=\"e731b9c\" data-element_type=\"widget\" data-e-type=\"widget\" data-widget_type=\"heading.default\">\n\t\t\t\t<div class=\"elementor-widget-container\">\n\t\t\t\t\t<h3 class=\"elementor-heading-title elementor-size-default\">Calor\u00edmetros de gran escala hasta 40MW<\/h3>\t\t\t\t<\/div>\n\t\t\t\t<\/div>\n\t\t\t\t<div class=\"elementor-element elementor-element-6896e7f elementor-widget elementor-widget-text-editor\" data-id=\"6896e7f\" data-element_type=\"widget\" data-e-type=\"widget\" data-widget_type=\"text-editor.default\">\n\t\t\t\t<div class=\"elementor-widget-container\">\n\t\t\t\t\t\t\t\t\t<p class=\"translation-block\">Los principios de prueba de los calor\u00edmetros a gran escala se pueden aplicar a los \"megacalor\u00edmetros\" para medir incendios de hasta 10, 20 o incluso 40 MW, aumentando el tama\u00f1o de la campana, el di\u00e1metro del escape y el caudal de escape. El conjunto de pruebas del sistema de almacenamiento de energ\u00eda en bater\u00eda UL 9540a: 2019 requiere que se realicen pruebas de velocidad de liberaci\u00f3n de calor a diferentes escalas grandes con sistemas de hasta 20MW. <span style=\"color: #f05e23\"><strong>FTT<\/strong><\/span> puede proporcionar todas estas escalas de pruebas.<\/p>\t\t\t\t\t\t\t\t<\/div>\n\t\t\t\t<\/div>\n\t\t\t\t<div class=\"elementor-element elementor-element-c49fb28 elementor-widget elementor-widget-heading\" data-id=\"c49fb28\" data-element_type=\"widget\" data-e-type=\"widget\" data-widget_type=\"heading.default\">\n\t\t\t\t<div class=\"elementor-widget-container\">\n\t\t\t\t\t<h4 class=\"elementor-heading-title elementor-size-default\">Software:<\/h4>\t\t\t\t<\/div>\n\t\t\t\t<\/div>\n\t\t\t\t<div class=\"elementor-element elementor-element-f7dd751 elementor-widget elementor-widget-text-editor\" data-id=\"f7dd751\" data-element_type=\"widget\" data-e-type=\"widget\" data-widget_type=\"text-editor.default\">\n\t\t\t\t<div class=\"elementor-widget-container\">\n\t\t\t\t\t\t\t\t\t<p><span class=\"\">Instrumentos suministrados con software sin cargo adicional. Actualizaciones de software gratuitas.<\/span><\/p>\n<p><span class=\"s1\">\u00a0<\/span><\/p>\t\t\t\t\t\t\t\t<\/div>\n\t\t\t\t<\/div>\n\t\t\t\t<div class=\"elementor-element elementor-element-801f5b4 elementor-widget elementor-widget-heading\" data-id=\"801f5b4\" data-element_type=\"widget\" data-e-type=\"widget\" data-widget_type=\"heading.default\">\n\t\t\t\t<div class=\"elementor-widget-container\">\n\t\t\t\t\t<h2 class=\"elementor-heading-title elementor-size-default\">Related Products<\/h2>\t\t\t\t<\/div>\n\t\t\t\t<\/div>\n\t\t\t\t<section data-particle_enable=\"false\" data-particle-mobile-disabled=\"false\" class=\"elementor-section elementor-inner-section elementor-element elementor-element-3d2f3a8 elementor-section-boxed elementor-section-height-default elementor-section-height-default\" data-id=\"3d2f3a8\" data-element_type=\"section\" data-e-type=\"section\">\n\t\t\t\t\t\t<div class=\"elementor-container elementor-column-gap-default\">\n\t\t\t\t\t<div class=\"elementor-column elementor-col-33 elementor-inner-column elementor-element elementor-element-ac135d3\" data-id=\"ac135d3\" data-element_type=\"column\" data-e-type=\"column\">\n\t\t\t<div class=\"elementor-widget-wrap elementor-element-populated\">\n\t\t\t\t\t\t<div class=\"elementor-element elementor-element-e46481b elementor-widget elementor-widget-image\" data-id=\"e46481b\" data-element_type=\"widget\" data-e-type=\"widget\" data-widget_type=\"image.default\">\n\t\t\t\t<div class=\"elementor-widget-container\">\n\t\t\t\t\t\t\t\t\t\t\t\t\t\t\t\t<a href=\"https:\/\/fire-testing.com\/es\/room-corner-test\/\">\n\t\t\t\t\t\t\t<img decoding=\"async\" width=\"170\" height=\"170\" src=\"https:\/\/www.fire-testing.com\/wp-content\/uploads\/2020\/10\/22-room-corner-test_link_PIXEL_LINK.jpg\" class=\"attachment-medium size-medium wp-image-6509\" alt=\"\" srcset=\"https:\/\/www.fire-testing.com\/wp-content\/uploads\/2020\/10\/22-room-corner-test_link_PIXEL_LINK.jpg 170w, https:\/\/www.fire-testing.com\/wp-content\/uploads\/2020\/10\/22-room-corner-test_link_PIXEL_LINK-150x150.jpg 150w, https:\/\/www.fire-testing.com\/wp-content\/uploads\/2020\/10\/22-room-corner-test_link_PIXEL_LINK-12x12.jpg 12w\" sizes=\"(max-width: 170px) 100vw, 170px\">\t\t\t\t\t\t\t\t<\/a>\n\t\t\t\t\t\t\t\t\t\t\t\t\t\t\t<\/div>\n\t\t\t\t<\/div>\n\t\t\t\t<div class=\"elementor-element elementor-element-da88809 elementor-widget elementor-widget-text-editor\" data-id=\"da88809\" data-element_type=\"widget\" data-e-type=\"widget\" data-widget_type=\"text-editor.default\">\n\t\t\t\t<div class=\"elementor-widget-container\">\n\t\t\t\t\t\t\t\t\t<p><a href=\"https:\/\/fire-testing.com\/es\/room-corner-test\/\"><span style=\"color: #000000;\">Prueba de rinc\u00f3n de habitaci\u00f3n<\/span><\/a><\/p>\t\t\t\t\t\t\t\t<\/div>\n\t\t\t\t<\/div>\n\t\t\t\t\t<\/div>\n\t\t<\/div>\n\t\t\t\t<div class=\"elementor-column elementor-col-33 elementor-inner-column elementor-element elementor-element-5e3c973\" data-id=\"5e3c973\" data-element_type=\"column\" data-e-type=\"column\">\n\t\t\t<div class=\"elementor-widget-wrap\">\n\t\t\t\t\t\t\t<\/div>\n\t\t<\/div>\n\t\t\t\t<div class=\"elementor-column elementor-col-33 elementor-inner-column elementor-element elementor-element-0a7af2a\" data-id=\"0a7af2a\" data-element_type=\"column\" data-e-type=\"column\">\n\t\t\t<div class=\"elementor-widget-wrap\">\n\t\t\t\t\t\t\t<\/div>\n\t\t<\/div>\n\t\t\t\t\t<\/div>\n\t\t<\/section>\n\t\t\t\t\t<\/div>\n\t\t<\/div>\n\t\t\t\t<div class=\"elementor-column elementor-col-50 elementor-top-column elementor-element elementor-element-3cf7f36\" data-id=\"3cf7f36\" data-element_type=\"column\" data-e-type=\"column\">\n\t\t\t<div class=\"elementor-widget-wrap elementor-element-populated\">\n\t\t\t\t\t\t<div class=\"elementor-element elementor-element-b675c2e elementor-widget elementor-widget-image\" data-id=\"b675c2e\" data-element_type=\"widget\" data-e-type=\"widget\" data-widget_type=\"image.default\">\n\t\t\t\t<div class=\"elementor-widget-container\">\n\t\t\t\t\t\t\t\t\t\t\t\t\t\t\t<img fetchpriority=\"high\" decoding=\"async\" width=\"800\" height=\"800\" src=\"https:\/\/www.fire-testing.com\/wp-content\/uploads\/2019\/06\/22-furniture-calirometer_PIXEL.jpg\" class=\"attachment-full size-full wp-image-4271\" alt=\"Instrumento de an\u00e1lisis de gas\" srcset=\"https:\/\/www.fire-testing.com\/wp-content\/uploads\/2019\/06\/22-furniture-calirometer_PIXEL.jpg 800w, https:\/\/www.fire-testing.com\/wp-content\/uploads\/2019\/06\/22-furniture-calirometer_PIXEL-150x150.jpg 150w, https:\/\/www.fire-testing.com\/wp-content\/uploads\/2019\/06\/22-furniture-calirometer_PIXEL-300x300.jpg 300w, https:\/\/www.fire-testing.com\/wp-content\/uploads\/2019\/06\/22-furniture-calirometer_PIXEL-768x768.jpg 768w\" sizes=\"(max-width: 800px) 100vw, 800px\" \/>\t\t\t\t\t\t\t\t\t\t\t\t\t\t\t<\/div>\n\t\t\t\t<\/div>\n\t\t\t\t<div class=\"elementor-element elementor-element-25d39a8 elementor-widget elementor-widget-text-editor\" data-id=\"25d39a8\" data-element_type=\"widget\" data-e-type=\"widget\" data-widget_type=\"text-editor.default\">\n\t\t\t\t<div class=\"elementor-widget-container\">\n\t\t\t\t\t\t\t\t\t<p><a href=\"https:\/\/www.fire-testing.com\/wp-content\/uploads\/2019\/06\/22-furniture-calirometer_PIXEL.jpg\" target=\"_self\" rel=\"noopener\"><span style=\"color: #000000;\"> Instrumento de an\u00e1lisis de gas<\/span> <\/a><\/p>\t\t\t\t\t\t\t\t<\/div>\n\t\t\t\t<\/div>\n\t\t\t\t<div class=\"elementor-element elementor-element-ce90bf4 elementor-widget elementor-widget-image\" data-id=\"ce90bf4\" data-element_type=\"widget\" data-e-type=\"widget\" data-widget_type=\"image.default\">\n\t\t\t\t<div class=\"elementor-widget-container\">\n\t\t\t\t\t\t\t\t\t\t\t\t\t\t\t<img decoding=\"async\" width=\"800\" height=\"800\" src=\"https:\/\/www.fire-testing.com\/wp-content\/uploads\/2019\/02\/22-FIPEC-Heat-Release_recoloured.jpg\" class=\"attachment-full size-full wp-image-1217\" alt=\"FIPEC Duct insert\" srcset=\"https:\/\/www.fire-testing.com\/wp-content\/uploads\/2019\/02\/22-FIPEC-Heat-Release_recoloured.jpg 800w, https:\/\/www.fire-testing.com\/wp-content\/uploads\/2019\/02\/22-FIPEC-Heat-Release_recoloured-300x300.jpg 300w, https:\/\/www.fire-testing.com\/wp-content\/uploads\/2019\/02\/22-FIPEC-Heat-Release_recoloured-100x100.jpg 100w, https:\/\/www.fire-testing.com\/wp-content\/uploads\/2019\/02\/22-FIPEC-Heat-Release_recoloured-600x600.jpg 600w, https:\/\/www.fire-testing.com\/wp-content\/uploads\/2019\/02\/22-FIPEC-Heat-Release_recoloured-150x150.jpg 150w, https:\/\/www.fire-testing.com\/wp-content\/uploads\/2019\/02\/22-FIPEC-Heat-Release_recoloured-768x768.jpg 768w\" sizes=\"(max-width: 800px) 100vw, 800px\" \/>\t\t\t\t\t\t\t\t\t\t\t\t\t\t\t<\/div>\n\t\t\t\t<\/div>\n\t\t\t\t<div class=\"elementor-element elementor-element-7315518 elementor-widget elementor-widget-text-editor\" data-id=\"7315518\" data-element_type=\"widget\" data-e-type=\"widget\" data-widget_type=\"text-editor.default\">\n\t\t\t\t<div class=\"elementor-widget-container\">\n\t\t\t\t\t\t\t\t\t<p><a href=\"https:\/\/www.fire-testing.com\/wp-content\/uploads\/2019\/02\/22-FIPEC-Heat-Release_recoloured.jpg\" target=\"_self\" rel=\"noopener\"><span style=\"color: #000000;\"> Duct insert<\/span> <\/a><\/p>\t\t\t\t\t\t\t\t<\/div>\n\t\t\t\t<\/div>\n\t\t\t\t<div class=\"elementor-element elementor-element-09de579 elementor-widget elementor-widget-image\" data-id=\"09de579\" data-element_type=\"widget\" data-e-type=\"widget\" data-widget_type=\"image.default\">\n\t\t\t\t<div class=\"elementor-widget-container\">\n\t\t\t\t\t\t\t\t\t\t\t\t\t\t\t<img loading=\"lazy\" decoding=\"async\" width=\"720\" height=\"576\" src=\"https:\/\/www.fire-testing.com\/wp-content\/uploads\/2019\/04\/89-DIN-50055-White-Light-System-With-Controller.jpg\" class=\"attachment-full size-full wp-image-1606\" alt=\"FTT smoke measurement system\" srcset=\"https:\/\/www.fire-testing.com\/wp-content\/uploads\/2019\/04\/89-DIN-50055-White-Light-System-With-Controller.jpg 720w, https:\/\/www.fire-testing.com\/wp-content\/uploads\/2019\/04\/89-DIN-50055-White-Light-System-With-Controller-600x480.jpg 600w, https:\/\/www.fire-testing.com\/wp-content\/uploads\/2019\/04\/89-DIN-50055-White-Light-System-With-Controller-300x240.jpg 300w\" sizes=\"(max-width: 720px) 100vw, 720px\" \/>\t\t\t\t\t\t\t\t\t\t\t\t\t\t\t<\/div>\n\t\t\t\t<\/div>\n\t\t\t\t<div class=\"elementor-element elementor-element-a7f69c6 elementor-widget elementor-widget-text-editor\" data-id=\"a7f69c6\" data-element_type=\"widget\" data-e-type=\"widget\" data-widget_type=\"text-editor.default\">\n\t\t\t\t<div class=\"elementor-widget-container\">\n\t\t\t\t\t\t\t\t\t<p><a href=\"https:\/\/www.fire-testing.com\/wp-content\/uploads\/2019\/04\/89-DIN-50055-White-Light-System-With-Controller.jpg\" target=\"_self\" rel=\"noopener\"><span style=\"color: #000000;\">DIN 50055<\/span><br \/><span style=\"color: #000000;\">Sistema fotom\u00e9trico de luz blanca<\/span> <\/a><\/p>\t\t\t\t\t\t\t\t<\/div>\n\t\t\t\t<\/div>\n\t\t\t\t\t<\/div>\n\t\t<\/div>\n\t\t\t\t\t<\/div>\n\t\t<\/section>\n\t\t\t\t<section data-particle_enable=\"false\" data-particle-mobile-disabled=\"false\" class=\"elementor-section elementor-top-section elementor-element elementor-element-a410e60 elementor-section-boxed elementor-section-height-default elementor-section-height-default\" data-id=\"a410e60\" data-element_type=\"section\" data-e-type=\"section\">\n\t\t\t\t\t\t<div class=\"elementor-container elementor-column-gap-default\">\n\t\t\t\t\t<div class=\"elementor-column elementor-col-100 elementor-top-column elementor-element elementor-element-bd5e2df\" data-id=\"bd5e2df\" data-element_type=\"column\" data-e-type=\"column\">\n\t\t\t<div class=\"elementor-widget-wrap elementor-element-populated\">\n\t\t\t\t\t\t<div class=\"dce-visibility-event elementor-element elementor-element-2191259 elementor-widget elementor-widget-button\" data-id=\"2191259\" data-element_type=\"widget\" data-e-type=\"widget\" data-settings=\"{&quot;enabled_visibility&quot;:&quot;yes&quot;,&quot;dce_visibility_selected&quot;:&quot;yes&quot;}\" data-widget_type=\"button.default\">\n\t\t\t\t<div class=\"elementor-widget-container\">\n\t\t\t\t\t\t\t\t\t<div class=\"elementor-button-wrapper\">\n\t\t\t\t\t<a class=\"elementor-button elementor-button-link elementor-size-sm\" href=\"https:\/\/fire-testing.com\/es\/login\/\">\n\t\t\t\t\t\t<span class=\"elementor-button-content-wrapper\">\n\t\t\t\t\t\t\t\t\t<span class=\"elementor-button-text\">INICIE SESI\u00d3N\/REG\u00cdSTRESE PARA DESCARGAR ESTE FOLLETO<\/span>\n\t\t\t\t\t<\/span>\n\t\t\t\t\t<\/a>\n\t\t\t\t<\/div>\n\t\t\t\t\t\t\t\t<\/div>\n\t\t\t\t<\/div>\n\t\t\t\t<div class=\"dce-visibility-event elementor-element elementor-element-63e9145 elementor-widget elementor-widget-button\" data-id=\"63e9145\" data-element_type=\"widget\" data-e-type=\"widget\" data-settings=\"{&quot;enabled_visibility&quot;:&quot;yes&quot;,&quot;dce_visibility_selected&quot;:&quot;yes&quot;}\" data-widget_type=\"button.default\">\n\t\t\t\t<div class=\"elementor-widget-container\">\n\t\t\t\t\t\t\t\t\t<div class=\"elementor-button-wrapper\">\n\t\t\t\t\t<a class=\"elementor-button elementor-button-link elementor-size-sm\" href=\"https:\/\/fire-testing.com\/es\/request-a-brochure\/\">\n\t\t\t\t\t\t<span class=\"elementor-button-content-wrapper\">\n\t\t\t\t\t\t\t\t\t<span class=\"elementor-button-text\">REQUEST TECHNICAL SPECIFICATION<\/span>\n\t\t\t\t\t<\/span>\n\t\t\t\t\t<\/a>\n\t\t\t\t<\/div>\n\t\t\t\t\t\t\t\t<\/div>\n\t\t\t\t<\/div>\n\t\t<!-- dce invisible element 315ef0a -->\t\t\t<\/div>\n\t\t<\/div>\n\t\t\t\t\t<\/div>\n\t\t<\/section>\n\t\t\t\t<\/div>","protected":false},"excerpt":{"rendered":"<p>Furniture &#038; Open Calorimeters ISO 9705; ASTM D5424; ASTM D5537; ASTM E603; ASTM E1537; ASTM E1590; ASTM E1822; NFPA 265; UL 1685; UL 9540a; NT FIRE 25; NT FIRE 32; EN 16989 Large Scale Oxygen Consumption Calorimetry FTT build and supply the Furniture Calorimeter complete with the appropriate instrumentation package or supply instrumentation to clients [&hellip;]<\/p>\n","protected":false},"author":142,"featured_media":0,"parent":0,"menu_order":0,"comment_status":"closed","ping_status":"closed","template":"","meta":{"_acf_changed":false,"footnotes":""},"class_list":["post-7438","page","type-page","status-publish","hentry"],"acf":[],"_links":{"self":[{"href":"https:\/\/fire-testing.com\/es\/wp-json\/wp\/v2\/pages\/7438","targetHints":{"allow":["GET"]}}],"collection":[{"href":"https:\/\/fire-testing.com\/es\/wp-json\/wp\/v2\/pages"}],"about":[{"href":"https:\/\/fire-testing.com\/es\/wp-json\/wp\/v2\/types\/page"}],"author":[{"embeddable":true,"href":"https:\/\/fire-testing.com\/es\/wp-json\/wp\/v2\/users\/142"}],"replies":[{"embeddable":true,"href":"https:\/\/fire-testing.com\/es\/wp-json\/wp\/v2\/comments?post=7438"}],"version-history":[{"count":0,"href":"https:\/\/fire-testing.com\/es\/wp-json\/wp\/v2\/pages\/7438\/revisions"}],"wp:attachment":[{"href":"https:\/\/fire-testing.com\/es\/wp-json\/wp\/v2\/media?parent=7438"}],"curies":[{"name":"wp","href":"https:\/\/api.w.org\/{rel}","templated":true}]}}