{"id":756,"date":"2019-02-08T13:37:28","date_gmt":"2019-02-08T13:37:28","guid":{"rendered":"https:\/\/www.fire-testing.com\/?page_id=756"},"modified":"2022-08-08T09:44:45","modified_gmt":"2022-08-08T09:44:45","slug":"circuit-integrity-under-fire-conditions-apparatus","status":"publish","type":"page","link":"https:\/\/fire-testing.com\/es\/circuit-integrity-under-fire-conditions-apparatus\/","title":{"rendered":"Aparato para la integridad de los circuitos bajo condiciones de fuego"},"content":{"rendered":"<div data-elementor-type=\"wp-page\" data-elementor-id=\"756\" class=\"elementor elementor-756\" data-elementor-post-type=\"page\">\n\t\t\t\t\t\t<section data-particle_enable=\"false\" data-particle-mobile-disabled=\"false\" class=\"elementor-section elementor-top-section elementor-element elementor-element-9233b7c elementor-section-boxed elementor-section-height-default elementor-section-height-default\" data-id=\"9233b7c\" data-element_type=\"section\" data-e-type=\"section\">\n\t\t\t\t\t\t<div class=\"elementor-container elementor-column-gap-default\">\n\t\t\t\t\t<div class=\"elementor-column elementor-col-50 elementor-top-column elementor-element elementor-element-1efc603\" data-id=\"1efc603\" data-element_type=\"column\" data-e-type=\"column\">\n\t\t\t<div class=\"elementor-widget-wrap elementor-element-populated\">\n\t\t\t\t\t\t<div class=\"elementor-element elementor-element-a590641 elementor-widget elementor-widget-heading\" data-id=\"a590641\" data-element_type=\"widget\" data-e-type=\"widget\" data-widget_type=\"heading.default\">\n\t\t\t\t<div class=\"elementor-widget-container\">\n\t\t\t\t\t<h1 class=\"elementor-heading-title elementor-size-default\">Aparato para la integridad de los circuitos bajo condiciones de fuego<\/h1>\t\t\t\t<\/div>\n\t\t\t\t<\/div>\n\t\t\t\t<div class=\"elementor-element elementor-element-a3c1b01 elementor-widget elementor-widget-heading\" data-id=\"a3c1b01\" data-element_type=\"widget\" data-e-type=\"widget\" data-widget_type=\"heading.default\">\n\t\t\t\t<div class=\"elementor-widget-container\">\n\t\t\t\t\t<h2 class=\"elementor-heading-title elementor-size-default\">BS 6387<\/h2>\t\t\t\t<\/div>\n\t\t\t\t<\/div>\n\t\t\t\t<div class=\"elementor-element elementor-element-4a5d6e69 elementor-widget elementor-widget-text-editor\" data-id=\"4a5d6e69\" data-element_type=\"widget\" data-e-type=\"widget\" data-widget_type=\"text-editor.default\">\n\t\t\t\t<div class=\"elementor-widget-container\">\n\t\t\t\t\t\t\t\t\t<p class=\"translation-block\"><span class=\"s1\"><span style=\"color: #f05e23\"><strong>FTT<\/strong><\/span><\/span> fabrica el aparato para ensayos BS 6387 necesario para comprobar la integridad de los circuitos el\u00e9ctricos en caso de incendio.<\/p>\n<p>El aparato se suministra con la capacidad de evaluar:<\/p>\n<ul>\n<li>Resistencia exclusivamente al fuego (IEC 60331\u00ad11 \/ BS 6387 protocolo C)<\/li>\n<li>Resistencia al fuego con agua (BS 6387 protocolo W)<\/li>\n<li>Resistencia al fuego con choque mec\u00e1nico (BS 6387 protocolo Z)<\/li>\n<\/ul>\n<p><strong>1. Prueba de resistencia exclusivamente al fuego (como se prescribe en BS 6387 Protocol C; IEC60331-11)<\/strong><strong><br \/><\/strong>El cable en cuesti\u00f3n est\u00e1 montado horizontalmente dentro de una c\u00e1mara, construido de Zintec, con hasta 5 anillos de fijaci\u00f3n. A continuaci\u00f3n se expone a un quemador de gas de tubo de 610mm. Se comprueba la continuidad el\u00e9ctrica mediante una exposici\u00f3n de 3 horas al quemador de gas fijado  a una temperatura determinada.<\/p>\n<p><strong>2. Resistencia al fuego con agua (BS 6387 Protocol W)<\/strong><strong><br \/><\/strong>El cable se sujeta mediante un soporte de metal, y el conjunto se aloja en un bastidor de ensayo conectado el\u00e9ctricamente a tierra que se sujeta en un gran canal de acero estanco de acero inoxidable. El bastidor tambi\u00e9n est\u00e1 equipado con un quemador de gas, un aspersor de agua y una toma para la corriente de alimentaci\u00f3n y para comprobar la continuidad de los cables. Una secci\u00f3n de 500mm del cable en cuesti\u00f3n se expone a las llamas a 650 \u00baC durante un periodo de 15 minutos. A continuaci\u00f3n se enciende la pulverizaci\u00f3n de agua en cumplimiento de la norma BS 6387 (protocolo W), el cable deber\u00e1 mantener la integridad el\u00e9ctrica mientras el agua y las llamas inciden en el cable durante otros 15 minutos m\u00e1s.<\/p>\n<p><strong>3. Resistencia al fuego con choque mec\u00e1nico (BS 6387 Protocol Z; IEC60331-11; BS EN 50200)<\/strong><strong><br \/><\/strong>El cable est\u00e1 montado sobre un tablero vertical hecho de material no combustible (900mm \u00d7 300mm \u00d7 9mm). Este tablero vertical est\u00e1 montado sobre casquillos de goma capaces de resistir el golpe que produce la ca\u00edda de una barra desde el borde superior del tablero cada 30 segundos. El cable alimentado deber\u00e1 mantener la continuidad el\u00e9ctrica durante una exposici\u00f3n a las llamas de 15 minutos desde un quemador y el impacto de la ca\u00edda de la barra.<\/p>\t\t\t\t\t\t\t\t<\/div>\n\t\t\t\t<\/div>\n\t\t\t\t\t<\/div>\n\t\t<\/div>\n\t\t\t\t<div class=\"elementor-column elementor-col-50 elementor-top-column elementor-element elementor-element-632ae99\" data-id=\"632ae99\" data-element_type=\"column\" data-e-type=\"column\">\n\t\t\t<div class=\"elementor-widget-wrap elementor-element-populated\">\n\t\t\t\t\t\t<div class=\"elementor-element elementor-element-6d15156 elementor-widget elementor-widget-image\" data-id=\"6d15156\" data-element_type=\"widget\" data-e-type=\"widget\" data-widget_type=\"image.default\">\n\t\t\t\t<div class=\"elementor-widget-container\">\n\t\t\t\t\t\t\t\t\t\t\t\t\t\t\t<img fetchpriority=\"high\" decoding=\"async\" width=\"768\" height=\"353\" src=\"https:\/\/www.fire-testing.com\/wp-content\/uploads\/2019\/06\/12B-Fire-Resisting-Characteristics-of-Electrical-Cables-Apparatus-IEC-60331_PIXEL_LANDSCAPE-768x353.jpg\" class=\"attachment-medium_large size-medium_large wp-image-4300\" alt=\"Aparato para la integridad de los circuitos bajo condiciones de fuego\" srcset=\"https:\/\/www.fire-testing.com\/wp-content\/uploads\/2019\/06\/12B-Fire-Resisting-Characteristics-of-Electrical-Cables-Apparatus-IEC-60331_PIXEL_LANDSCAPE-768x353.jpg 768w, https:\/\/www.fire-testing.com\/wp-content\/uploads\/2019\/06\/12B-Fire-Resisting-Characteristics-of-Electrical-Cables-Apparatus-IEC-60331_PIXEL_LANDSCAPE-300x138.jpg 300w, https:\/\/www.fire-testing.com\/wp-content\/uploads\/2019\/06\/12B-Fire-Resisting-Characteristics-of-Electrical-Cables-Apparatus-IEC-60331_PIXEL_LANDSCAPE-1024x471.jpg 1024w, https:\/\/www.fire-testing.com\/wp-content\/uploads\/2019\/06\/12B-Fire-Resisting-Characteristics-of-Electrical-Cables-Apparatus-IEC-60331_PIXEL_LANDSCAPE.jpg 1364w\" sizes=\"(max-width: 768px) 100vw, 768px\" \/>\t\t\t\t\t\t\t\t\t\t\t\t\t\t\t<\/div>\n\t\t\t\t<\/div>\n\t\t\t\t<div class=\"elementor-element elementor-element-b5b7f0d elementor-widget elementor-widget-heading\" data-id=\"b5b7f0d\" data-element_type=\"widget\" data-e-type=\"widget\" data-widget_type=\"heading.default\">\n\t\t\t\t<div class=\"elementor-widget-container\">\n\t\t\t\t\t<p class=\"elementor-heading-title elementor-size-default\">Aparato para la integridad de los circuitos bajo condiciones de fuego<\/p>\t\t\t\t<\/div>\n\t\t\t\t<\/div>\n\t\t\t\t<div class=\"elementor-element elementor-element-0097a59 elementor-widget elementor-widget-image\" data-id=\"0097a59\" data-element_type=\"widget\" data-e-type=\"widget\" data-widget_type=\"image.default\">\n\t\t\t\t<div class=\"elementor-widget-container\">\n\t\t\t\t\t\t\t\t\t\t\t\t\t\t\t<img decoding=\"async\" width=\"444\" height=\"274\" src=\"https:\/\/www.fire-testing.com\/wp-content\/uploads\/2019\/02\/83-Ring-Clamps-for-Resistance-to-Fire-Alone-Testing-Clause-D2-with-IEC-60331-11-Burner.jpg\" class=\"attachment-medium_large size-medium_large wp-image-764\" alt=\"BS 6387 protocol C\" srcset=\"https:\/\/www.fire-testing.com\/wp-content\/uploads\/2019\/02\/83-Ring-Clamps-for-Resistance-to-Fire-Alone-Testing-Clause-D2-with-IEC-60331-11-Burner.jpg 444w, https:\/\/www.fire-testing.com\/wp-content\/uploads\/2019\/02\/83-Ring-Clamps-for-Resistance-to-Fire-Alone-Testing-Clause-D2-with-IEC-60331-11-Burner-300x185.jpg 300w\" sizes=\"(max-width: 444px) 100vw, 444px\" \/>\t\t\t\t\t\t\t\t\t\t\t\t\t\t\t<\/div>\n\t\t\t\t<\/div>\n\t\t\t\t<div class=\"elementor-element elementor-element-2409cec elementor-widget elementor-widget-heading\" data-id=\"2409cec\" data-element_type=\"widget\" data-e-type=\"widget\" data-widget_type=\"heading.default\">\n\t\t\t\t<div class=\"elementor-widget-container\">\n\t\t\t\t\t<p class=\"elementor-heading-title elementor-size-default\">Anillos de fijaci\u00f3n para el ensayo exclusivo de la resistencia al fuego (protocolo C) con un quemador conforme a la norma IEC 60331-11<\/p>\t\t\t\t<\/div>\n\t\t\t\t<\/div>\n\t\t\t\t<div class=\"elementor-element elementor-element-695fe28 elementor-widget elementor-widget-image\" data-id=\"695fe28\" data-element_type=\"widget\" data-e-type=\"widget\" data-widget_type=\"image.default\">\n\t\t\t\t<div class=\"elementor-widget-container\">\n\t\t\t\t\t\t\t\t\t\t\t\t\t\t\t<img decoding=\"async\" width=\"768\" height=\"741\" src=\"https:\/\/www.fire-testing.com\/wp-content\/uploads\/2019\/02\/83-resistance-to-fire-with-water_clause-D3-768x741.jpg\" class=\"attachment-medium_large size-medium_large wp-image-762\" alt=\"Resistance to fire with water BS 6387 Protocol W\" srcset=\"https:\/\/www.fire-testing.com\/wp-content\/uploads\/2019\/02\/83-resistance-to-fire-with-water_clause-D3-768x741.jpg 768w, https:\/\/www.fire-testing.com\/wp-content\/uploads\/2019\/02\/83-resistance-to-fire-with-water_clause-D3-600x579.jpg 600w, https:\/\/www.fire-testing.com\/wp-content\/uploads\/2019\/02\/83-resistance-to-fire-with-water_clause-D3-300x289.jpg 300w, https:\/\/www.fire-testing.com\/wp-content\/uploads\/2019\/02\/83-resistance-to-fire-with-water_clause-D3.jpg 911w\" sizes=\"(max-width: 768px) 100vw, 768px\" \/>\t\t\t\t\t\t\t\t\t\t\t\t\t\t\t<\/div>\n\t\t\t\t<\/div>\n\t\t\t\t<div class=\"elementor-element elementor-element-0a70087 elementor-widget elementor-widget-heading\" data-id=\"0a70087\" data-element_type=\"widget\" data-e-type=\"widget\" data-widget_type=\"heading.default\">\n\t\t\t\t<div class=\"elementor-widget-container\">\n\t\t\t\t\t<p class=\"elementor-heading-title elementor-size-default\">Resistencia al fuego con agua (BS 6387<\/p>\t\t\t\t<\/div>\n\t\t\t\t<\/div>\n\t\t\t\t\t<\/div>\n\t\t<\/div>\n\t\t\t\t\t<\/div>\n\t\t<\/section>\n\t\t\t\t<section data-particle_enable=\"false\" data-particle-mobile-disabled=\"false\" class=\"elementor-section elementor-top-section elementor-element elementor-element-7e801b4 elementor-section-boxed elementor-section-height-default elementor-section-height-default\" data-id=\"7e801b4\" data-element_type=\"section\" data-e-type=\"section\">\n\t\t\t\t\t\t<div class=\"elementor-container elementor-column-gap-default\">\n\t\t\t\t\t<div class=\"elementor-column elementor-col-100 elementor-top-column elementor-element elementor-element-00546a1\" data-id=\"00546a1\" data-element_type=\"column\" data-e-type=\"column\">\n\t\t\t<div class=\"elementor-widget-wrap elementor-element-populated\">\n\t\t\t\t\t\t<div class=\"dce-visibility-event elementor-element elementor-element-d48b031 elementor-widget elementor-widget-button\" data-id=\"d48b031\" data-element_type=\"widget\" data-e-type=\"widget\" data-settings=\"{&quot;enabled_visibility&quot;:&quot;yes&quot;,&quot;dce_visibility_selected&quot;:&quot;yes&quot;}\" data-widget_type=\"button.default\">\n\t\t\t\t<div class=\"elementor-widget-container\">\n\t\t\t\t\t\t\t\t\t<div class=\"elementor-button-wrapper\">\n\t\t\t\t\t<a class=\"elementor-button elementor-button-link elementor-size-sm\" href=\"https:\/\/fire-testing.com\/es\/login\/\">\n\t\t\t\t\t\t<span class=\"elementor-button-content-wrapper\">\n\t\t\t\t\t\t\t\t\t<span class=\"elementor-button-text\">INICIE SESI\u00d3N\/REG\u00cdSTRESE PARA DESCARGAR ESTE FOLLETO<\/span>\n\t\t\t\t\t<\/span>\n\t\t\t\t\t<\/a>\n\t\t\t\t<\/div>\n\t\t\t\t\t\t\t\t<\/div>\n\t\t\t\t<\/div>\n\t\t\t\t<div class=\"dce-visibility-event elementor-element elementor-element-07f3123 elementor-widget elementor-widget-button\" data-id=\"07f3123\" data-element_type=\"widget\" data-e-type=\"widget\" data-settings=\"{&quot;enabled_visibility&quot;:&quot;yes&quot;,&quot;dce_visibility_selected&quot;:&quot;yes&quot;}\" data-widget_type=\"button.default\">\n\t\t\t\t<div class=\"elementor-widget-container\">\n\t\t\t\t\t\t\t\t\t<div class=\"elementor-button-wrapper\">\n\t\t\t\t\t<a class=\"elementor-button elementor-button-link elementor-size-sm\" href=\"https:\/\/fire-testing.com\/es\/request-a-brochure\/\">\n\t\t\t\t\t\t<span class=\"elementor-button-content-wrapper\">\n\t\t\t\t\t\t\t\t\t<span class=\"elementor-button-text\">REQUEST TECHNICAL SPECIFICATION<\/span>\n\t\t\t\t\t<\/span>\n\t\t\t\t\t<\/a>\n\t\t\t\t<\/div>\n\t\t\t\t\t\t\t\t<\/div>\n\t\t\t\t<\/div>\n\t\t<!-- dce invisible element 7a8b1a6 -->\t\t\t<\/div>\n\t\t<\/div>\n\t\t\t\t\t<\/div>\n\t\t<\/section>\n\t\t\t\t<\/div>","protected":false},"excerpt":{"rendered":"<p>Circuit Integrity Under Fire Conditions Apparatus BS 6387 FTT produce the BS 6387 test apparatus required for testing cable circuit integrity under fire conditions. The apparatus is supplied with ability to assess: Resistance to Fire Alone (IEC 60331-11 \/ BS 6387 Protocol C) Resistance to Fire with Water (BS 6387 Protocol W) Resistance to Fire [&hellip;]<\/p>\n","protected":false},"author":142,"featured_media":0,"parent":0,"menu_order":0,"comment_status":"closed","ping_status":"closed","template":"","meta":{"_acf_changed":false,"footnotes":""},"class_list":["post-756","page","type-page","status-publish","hentry"],"acf":[],"_links":{"self":[{"href":"https:\/\/fire-testing.com\/es\/wp-json\/wp\/v2\/pages\/756","targetHints":{"allow":["GET"]}}],"collection":[{"href":"https:\/\/fire-testing.com\/es\/wp-json\/wp\/v2\/pages"}],"about":[{"href":"https:\/\/fire-testing.com\/es\/wp-json\/wp\/v2\/types\/page"}],"author":[{"embeddable":true,"href":"https:\/\/fire-testing.com\/es\/wp-json\/wp\/v2\/users\/142"}],"replies":[{"embeddable":true,"href":"https:\/\/fire-testing.com\/es\/wp-json\/wp\/v2\/comments?post=756"}],"version-history":[{"count":0,"href":"https:\/\/fire-testing.com\/es\/wp-json\/wp\/v2\/pages\/756\/revisions"}],"wp:attachment":[{"href":"https:\/\/fire-testing.com\/es\/wp-json\/wp\/v2\/media?parent=756"}],"curies":[{"name":"wp","href":"https:\/\/api.w.org\/{rel}","templated":true}]}}