{"id":779,"date":"2019-02-08T15:04:50","date_gmt":"2019-02-08T15:04:50","guid":{"rendered":"https:\/\/www.fire-testing.com\/?page_id=779"},"modified":"2022-11-08T09:20:39","modified_gmt":"2022-11-08T09:20:39","slug":"icone-mini-and-icone-classic-calorimeters","status":"publish","type":"page","link":"https:\/\/fire-testing.com\/es\/icone-mini-and-icone-classic-calorimeters\/","title":{"rendered":"iCone Mini and iCone Classic Calorimeters"},"content":{"rendered":"<div data-elementor-type=\"wp-page\" data-elementor-id=\"779\" class=\"elementor elementor-779\" data-elementor-post-type=\"page\">\n\t\t\t\t\t\t<section data-particle_enable=\"false\" data-particle-mobile-disabled=\"false\" class=\"elementor-section elementor-top-section elementor-element elementor-element-eedbfe5 elementor-section-boxed elementor-section-height-default elementor-section-height-default\" data-id=\"eedbfe5\" data-element_type=\"section\" data-e-type=\"section\">\n\t\t\t\t\t\t<div class=\"elementor-container elementor-column-gap-default\">\n\t\t\t\t\t<div class=\"elementor-column elementor-col-50 elementor-top-column elementor-element elementor-element-115ae6c\" data-id=\"115ae6c\" data-element_type=\"column\" data-e-type=\"column\">\n\t\t\t<div class=\"elementor-widget-wrap elementor-element-populated\">\n\t\t\t\t\t\t<div class=\"elementor-element elementor-element-f76e1fa elementor-widget elementor-widget-heading\" data-id=\"f76e1fa\" data-element_type=\"widget\" data-e-type=\"widget\" data-widget_type=\"heading.default\">\n\t\t\t\t<div class=\"elementor-widget-container\">\n\t\t\t\t\t<h1 class=\"elementor-heading-title elementor-size-default\"><em class=\"ftt-600 time-font\">i<\/em>Cone <em class=\"ftt\">mini<\/em> and <em class=\"ftt-600 time-font\">i<\/em>Cone <em class=\"ftt\">classic<\/em> El calor\u00edmetro<\/h1>\t\t\t\t<\/div>\n\t\t\t\t<\/div>\n\t\t\t\t<div class=\"elementor-element elementor-element-937069e elementor-widget elementor-widget-heading\" data-id=\"937069e\" data-element_type=\"widget\" data-e-type=\"widget\" data-widget_type=\"heading.default\">\n\t\t\t\t<div class=\"elementor-widget-container\">\n\t\t\t\t\t<p class=\"elementor-heading-title elementor-size-default\">ISO 5660; ASTM E1354; ASTM E1474; ASTM E1740; ASTM F1550; ASTM D6113; CAN ULC 135; BS 476 Part 15<\/p>\t\t\t\t<\/div>\n\t\t\t\t<\/div>\n\t\t\t\t<div class=\"elementor-element elementor-element-6a0e1558 elementor-widget elementor-widget-text-editor\" data-id=\"6a0e1558\" data-element_type=\"widget\" data-e-type=\"widget\" data-widget_type=\"text-editor.default\">\n\t\t\t\t<div class=\"elementor-widget-container\">\n\t\t\t\t\t\t\t\t\t<p>Cone Calorimetry (<a href=\"https:\/\/www.iso.org\/standard\/57957.html\" target=\"_blank\" rel=\"noopener\">ISO 5660<\/a>; <a href=\"https:\/\/www.astm.org\/Standards\/E1354.htm\" target=\"_blank\" rel=\"noopener\">ASTM E1354<\/a>) is the most significant bench scale instrumentation in the field of fire testing.<\/p><p class=\"translation-block\">Los calor\u00edmetros <span style=\"color: #f05e23\"><em><strong><span style=\"font-family: times\">i<\/span><\/strong><\/em><\/span>Cone<span class=\"s1\"> de <span class=\"s1\"><span style=\"color: #f05e23\"><strong>FTT<\/strong><\/span><\/span> han sido fabricados para cumplir con todas las normas vigentes <span class=\"s1\">(incluso; ISO 5660, ASTM E1354, ASTM E1474, ASTM E1740, ASTM F1550, ASTM D6113, CAN ULC 135 and BS 476 Part 15)<\/span><\/span><\/p><p>The <em><strong class=\"ftt time-font\">i<\/strong><\/em>Cone Calorimeter was the first in <strong class=\"ftt-600\">FTT<\/strong>\u2019s new interactive range of calorimeters, called the <strong><em class=\"ftt time-font\">i<\/em><\/strong>-series. It features the latest technology in control and automation making it the most advanced, reliable and user\u00ad friendly Cone Calorimeter in the world. The <em><strong class=\"ftt time-font\">i<\/strong><\/em>Cone was launched in 2013.\u00a0<\/p><p>The <em><strong class=\"ftt time-font\">i<\/strong><\/em>Cone series is now completed by two semi\u00ad-automatic models \u2013 the <em><strong class=\"ftt time-font\">i<\/strong><\/em>Cone<em class=\"ftt\"> mini<\/em> which features a separate gas analysis rack and the <em><strong class=\"ftt time-font\">i<\/strong><\/em>Cone<em class=\"ftt\"> classic<\/em> which has a fixed gas analysis console mounted on the instrument main frame. These have replaced the <strong class=\"ftt-600\">FTT<\/strong> Dual Cone and Standard Cone respectively.\u00a0<\/p><p>The <em><strong class=\"ftt time-font\">i<\/strong><\/em>Cone has undergone further modification on its fire model and glass protective screen. This upgrade version is now named as the <em><strong class=\"ftt time-font\">i<\/strong><\/em>Cone<em>\u00b2\u207a<\/em>\u00a0, also for being the most advanced model in the range. The <em><strong class=\"ftt time-font\">i<\/strong><\/em>Cone series brings calorimetry to a new level of automation and make it available at different budget levels.<\/p><p>All <span class=\"ftt-600\">FTT<\/span> calorimeters use a Peltier cooling device and drying agent to ensure that all moisture is removed from the sample gas stream to prevent drift in the Oxygen base-line concentration.\u00a0<\/p><p>Tests have shown that just using a Peltier cooling device leads to base line oxygen drift beyond the limits of the standard and resulting in incorrect Heat Release measurement.<\/p><p><strong>A full system on the <em>i<\/em><\/strong>Cone<em class=\"ftt\"> mini<\/em><strong>\u00a0 and <em>i<\/em><\/strong>Cone<em class=\"ftt\"> classic<\/em><strong>\u00a0consists of:<\/strong><\/p><ul><li>Controlador de temperatura<\/li><li>Protector t\u00e9rmico motorizado<\/li><li>Encendido por chispa<\/li><li>Soportes para la muestra<\/li><li>Distanciadores para la muestra<\/li><li>Pantalla protectora de cristal resistente al calor<\/li><li>C\u00e9lula de carga<\/li><li>Muestreador de gases<\/li><li>An\u00e1lisis del gas de combusti\u00f3n<\/li><li>Medici\u00f3n del oscurecimiento del humo<\/li><li>Sistema de escape<\/li><li>Medidor del flujo de calor<\/li><li>Quemador de calibraci\u00f3n<\/li><li>Adquisici\u00f3n de datos<\/li><li>Software ConeCalc - disponible en varios idiomas, incluyendo ingl\u00e9s, franc\u00e9s, alem\u00e1n, espa\u00f1ol y japon\u00e9s. El interface de usuario es un sistema basado en Windows con acciones del pulsador de uso f\u00e1cil e intuitivo y campos para la entrada de datos est\u00e1ndar Windows, selectores desplegables, casillas de marcado e interruptores capaces de:<br \/>\u25e6 Controlar los instrumentos y mostrar su estado<br \/>\u25e6 Calibrar el instrumental para el an\u00e1lisis y almacenamiento de los resultados de calibraci\u00f3n<br \/>\u25e6 Calibrar el factor C con el uso de un controlador de flujo m\u00e1sico<br \/>\u25e6 Calibrar el factor C mediante una rutina de incendios en piscinas (etanol)<br \/>\u25e6 Recopilar datos generados durante un ensayo<br \/>\u25e6 Calcular los par\u00e1metros requeridos<br \/>\u25e6 Presentar los resultados de acuerdo con las normas ISO 5660\u00ad1 y ASTM E1354<br \/>\u25e6 Exportar los datos calculados a archivos en formato CSV (variable separada por comas) para un transferencia m\u00e1s r\u00e1pida a hojas de c\u00e1lculo.<\/li><\/ul><p class=\"translation-block\"><strong>Caracter\u00edsticas exclusivas del<\/strong> <span style=\"color: #f05e23\"><em><span style=\"font-family: times\">i<\/span><\/em><\/span><strong>Cone<\/strong><em><span style=\"color: #f05e23\"> mini<\/span><\/em><strong><span class=\"s1\">  y el <span style=\"color: #f05e23\"><em><span style=\"font-family: times\">i<\/span><\/em><\/span><\/span><span class=\"s1\">Cone<\/span><\/strong><em><span class=\"s1\"><span style=\"color: #f05e23\"> classic<\/span><\/span><\/em><strong>  de <span class=\"s1\"><span style=\"color: #f05e23\"><strong>FTT<\/strong><\/span><\/span>:<\/strong><\/p><ul><li>Control de colocaci\u00f3n remota del conjunto del cono, de modo que la separaci\u00f3n en las superficies del calentador y la muestra se puede ajustar antes y durante el ensayo, para facilitar una repetici\u00f3n del ensayo en muestras entumecidas o que puede sufrir distorsi\u00f3n t\u00e9rmica.<\/li><li>Exposici\u00f3n al calor programable. Se pueden programar hasta 10 rampas consecutivas de flujo de calor o de calor constante.<\/li><li>Protector t\u00e9rmico motorizado para proteger la muestra de la exposici\u00f3n al calor antes del ensayo<\/li><li>Colocaci\u00f3n motorizada y control de encendedor por chispa para inflamar los gases de combusti\u00f3n procedentes de la muestra<\/li><li class=\"translation-block\">Calibraci\u00f3n autom\u00e1tica\/semiautom\u00e1tica\/manual mediante el software ConeCalc<br>Resoluci\u00f3n de las c\u00e9lulas de carga de 0,01 g y capacidad de carga de hasta 8,2 kg (c\u00e9lula Sartorius)<br>C\u00e9lula de carga montada sobre una mesa independiente para evitar vibraciones del ventilador de escape<\/li><li>Sistema de alarma para la protecci\u00f3n de modelos antiincendios<\/li><li class=\"translation-block\">Soporte on-line y control remoto de instrumentos desde <span class=\"s1\"><span style=\"color: #f05e23\"><strong>FTT<\/strong><\/span><\/span> para sistemas conectados a internet<\/li><li>Modelo antiincendios Cone de mayor tama\u00f1o opcional para ensayos con muestras con tasa de liberaci\u00f3n de calor muy reducida. Las muestras de 150mm \u00d7 150mm est\u00e1n expuestas a un flujo de calor uniforme por toda la superficie<\/li><li>Sistema de an\u00e1lisis de gas FTIR completamente integrado opcional suministrado con un m\u00f3dulo de muestreo calefactado, l\u00edneas\/muestras calefactadas y controlador PLC<\/li><\/ul><p><strong>Opciones:<\/strong><\/p><ul><li>Di\u00f3xido de carbono y mon\u00f3xido de carbono - Analizadores de gases NDIR disponibles opcionalmente.<\/li><li>Cloruro de hidr\u00f3geno \u2013 l\u00edneas de alimentaci\u00f3n calefactadas y analizador de gases<\/li><li>Accesorio para atm\u00f3sfera controlada \u2013 para an\u00e1lisis de muestras con poco ox\u00edgeno<\/li><li>Sistema de ensayo de toxicidad FTIR<\/li><\/ul><p><strong>Software:<\/strong><\/p><p>Calorimetry instrument supplied with software at no extra charge. Software updates provided free of charge.<\/p><p>\u00a0<\/p>\t\t\t\t\t\t\t\t<\/div>\n\t\t\t\t<\/div>\n\t\t\t\t\t<\/div>\n\t\t<\/div>\n\t\t\t\t<div class=\"elementor-column elementor-col-50 elementor-top-column elementor-element elementor-element-1c7bb73\" data-id=\"1c7bb73\" data-element_type=\"column\" data-e-type=\"column\">\n\t\t\t<div class=\"elementor-widget-wrap elementor-element-populated\">\n\t\t\t\t\t\t<div class=\"elementor-element elementor-element-132a0f7 elementor-widget elementor-widget-image\" data-id=\"132a0f7\" data-element_type=\"widget\" data-e-type=\"widget\" data-widget_type=\"image.default\">\n\t\t\t\t<div class=\"elementor-widget-container\">\n\t\t\t\t\t\t\t\t\t\t\t\t\t\t\t<img fetchpriority=\"high\" decoding=\"async\" width=\"560\" height=\"800\" src=\"https:\/\/www.fire-testing.com\/wp-content\/uploads\/2020\/10\/18-iCone-Mini_rebrand_PIXEL-portrait.jpg\" class=\"attachment-full size-full wp-image-6484\" alt=\"\" srcset=\"https:\/\/www.fire-testing.com\/wp-content\/uploads\/2020\/10\/18-iCone-Mini_rebrand_PIXEL-portrait.jpg 560w, https:\/\/www.fire-testing.com\/wp-content\/uploads\/2020\/10\/18-iCone-Mini_rebrand_PIXEL-portrait-210x300.jpg 210w, https:\/\/www.fire-testing.com\/wp-content\/uploads\/2020\/10\/18-iCone-Mini_rebrand_PIXEL-portrait-8x12.jpg 8w\" sizes=\"(max-width: 560px) 100vw, 560px\">\t\t\t\t\t\t\t\t\t\t\t\t\t\t\t<\/div>\n\t\t\t\t<\/div>\n\t\t\t\t<div class=\"elementor-element elementor-element-91396f7 elementor-widget elementor-widget-heading\" data-id=\"91396f7\" data-element_type=\"widget\" data-e-type=\"widget\" data-widget_type=\"heading.default\">\n\t\t\t\t<div class=\"elementor-widget-container\">\n\t\t\t\t\t<p class=\"elementor-heading-title elementor-size-default\"><span style=\"color: #f05e23\"><em><strong><span style=\"font-family: Times\">i<\/span><\/strong><\/em><\/span>Cone <em style=\"color: #f05e23\">mini<\/em><\/p>\t\t\t\t<\/div>\n\t\t\t\t<\/div>\n\t\t\t\t<div class=\"elementor-element elementor-element-bebba20 elementor-widget elementor-widget-image\" data-id=\"bebba20\" data-element_type=\"widget\" data-e-type=\"widget\" data-widget_type=\"image.default\">\n\t\t\t\t<div class=\"elementor-widget-container\">\n\t\t\t\t\t\t\t\t\t\t\t\t\t\t\t<img decoding=\"async\" width=\"560\" height=\"800\" src=\"https:\/\/www.fire-testing.com\/wp-content\/uploads\/2020\/10\/18-iCone-Classic_rebrand_PIXEL-portrait.jpg\" class=\"attachment-full size-full wp-image-6485\" alt=\"\" srcset=\"https:\/\/www.fire-testing.com\/wp-content\/uploads\/2020\/10\/18-iCone-Classic_rebrand_PIXEL-portrait.jpg 560w, https:\/\/www.fire-testing.com\/wp-content\/uploads\/2020\/10\/18-iCone-Classic_rebrand_PIXEL-portrait-210x300.jpg 210w, https:\/\/www.fire-testing.com\/wp-content\/uploads\/2020\/10\/18-iCone-Classic_rebrand_PIXEL-portrait-8x12.jpg 8w\" sizes=\"(max-width: 560px) 100vw, 560px\">\t\t\t\t\t\t\t\t\t\t\t\t\t\t\t<\/div>\n\t\t\t\t<\/div>\n\t\t\t\t<div class=\"elementor-element elementor-element-ebe425f elementor-widget elementor-widget-heading\" data-id=\"ebe425f\" data-element_type=\"widget\" data-e-type=\"widget\" data-widget_type=\"heading.default\">\n\t\t\t\t<div class=\"elementor-widget-container\">\n\t\t\t\t\t<p class=\"elementor-heading-title elementor-size-default\"><span style=\"color: #f05e23\"><em><strong><span style=\"font-family: Times\">i<\/span><\/strong><\/em><\/span>Cone <em style=\"color: #f05e23\">classic<\/em><\/p>\t\t\t\t<\/div>\n\t\t\t\t<\/div>\n\t\t\t\t\t<\/div>\n\t\t<\/div>\n\t\t\t\t\t<\/div>\n\t\t<\/section>\n\t\t\t\t<section data-particle_enable=\"false\" data-particle-mobile-disabled=\"false\" class=\"elementor-section elementor-top-section elementor-element elementor-element-633a031 elementor-section-boxed elementor-section-height-default elementor-section-height-default\" data-id=\"633a031\" data-element_type=\"section\" data-e-type=\"section\">\n\t\t\t\t\t\t<div class=\"elementor-container elementor-column-gap-default\">\n\t\t\t\t\t<div class=\"elementor-column elementor-col-100 elementor-top-column elementor-element elementor-element-6e52402\" data-id=\"6e52402\" data-element_type=\"column\" data-e-type=\"column\">\n\t\t\t<div class=\"elementor-widget-wrap elementor-element-populated\">\n\t\t\t\t\t\t<div class=\"dce-visibility-event elementor-element elementor-element-ec88dd2 elementor-widget elementor-widget-button\" data-id=\"ec88dd2\" data-element_type=\"widget\" data-e-type=\"widget\" data-settings=\"{&quot;enabled_visibility&quot;:&quot;yes&quot;,&quot;dce_visibility_selected&quot;:&quot;yes&quot;}\" data-widget_type=\"button.default\">\n\t\t\t\t<div class=\"elementor-widget-container\">\n\t\t\t\t\t\t\t\t\t<div class=\"elementor-button-wrapper\">\n\t\t\t\t\t<a class=\"elementor-button elementor-button-link elementor-size-sm\" href=\"https:\/\/fire-testing.com\/es\/login\/\">\n\t\t\t\t\t\t<span class=\"elementor-button-content-wrapper\">\n\t\t\t\t\t\t\t\t\t<span class=\"elementor-button-text\">INICIE SESI\u00d3N\/REG\u00cdSTRESE PARA DESCARGAR ESTE FOLLETO<\/span>\n\t\t\t\t\t<\/span>\n\t\t\t\t\t<\/a>\n\t\t\t\t<\/div>\n\t\t\t\t\t\t\t\t<\/div>\n\t\t\t\t<\/div>\n\t\t\t\t<div class=\"dce-visibility-event elementor-element elementor-element-da352b7 elementor-widget elementor-widget-button\" data-id=\"da352b7\" data-element_type=\"widget\" data-e-type=\"widget\" data-settings=\"{&quot;enabled_visibility&quot;:&quot;yes&quot;,&quot;dce_visibility_selected&quot;:&quot;yes&quot;}\" data-widget_type=\"button.default\">\n\t\t\t\t<div class=\"elementor-widget-container\">\n\t\t\t\t\t\t\t\t\t<div class=\"elementor-button-wrapper\">\n\t\t\t\t\t<a class=\"elementor-button elementor-button-link elementor-size-sm\" href=\"https:\/\/fire-testing.com\/es\/request-a-brochure\/\">\n\t\t\t\t\t\t<span class=\"elementor-button-content-wrapper\">\n\t\t\t\t\t\t\t\t\t<span class=\"elementor-button-text\">REQUEST TECHNICAL SPECIFICATION<\/span>\n\t\t\t\t\t<\/span>\n\t\t\t\t\t<\/a>\n\t\t\t\t<\/div>\n\t\t\t\t\t\t\t\t<\/div>\n\t\t\t\t<\/div>\n\t\t<!-- dce invisible element 5d67bc3 -->\t\t\t<\/div>\n\t\t<\/div>\n\t\t\t\t\t<\/div>\n\t\t<\/section>\n\t\t\t\t<\/div>","protected":false},"excerpt":{"rendered":"<p>iCone mini and iCone classic Calorimeter ISO 5660; ASTM E1354; ASTM E1474; ASTM E1740; ASTM F1550; ASTM D6113; CAN ULC 135; BS 476 Part 15 Cone Calorimetry (ISO 5660; ASTM E1354) is the most significant bench scale instrumentation in the field of fire testing. The FTT iCone Calorimeters have been produced to meet all existing [&hellip;]<\/p>\n","protected":false},"author":142,"featured_media":0,"parent":0,"menu_order":0,"comment_status":"closed","ping_status":"closed","template":"","meta":{"_acf_changed":false,"footnotes":""},"class_list":["post-779","page","type-page","status-publish","hentry"],"acf":[],"_links":{"self":[{"href":"https:\/\/fire-testing.com\/es\/wp-json\/wp\/v2\/pages\/779","targetHints":{"allow":["GET"]}}],"collection":[{"href":"https:\/\/fire-testing.com\/es\/wp-json\/wp\/v2\/pages"}],"about":[{"href":"https:\/\/fire-testing.com\/es\/wp-json\/wp\/v2\/types\/page"}],"author":[{"embeddable":true,"href":"https:\/\/fire-testing.com\/es\/wp-json\/wp\/v2\/users\/142"}],"replies":[{"embeddable":true,"href":"https:\/\/fire-testing.com\/es\/wp-json\/wp\/v2\/comments?post=779"}],"version-history":[{"count":0,"href":"https:\/\/fire-testing.com\/es\/wp-json\/wp\/v2\/pages\/779\/revisions"}],"wp:attachment":[{"href":"https:\/\/fire-testing.com\/es\/wp-json\/wp\/v2\/media?parent=779"}],"curies":[{"name":"wp","href":"https:\/\/api.w.org\/{rel}","templated":true}]}}